{"id":2326,"date":"2019-04-20T13:43:28","date_gmt":"2019-04-20T12:43:28","guid":{"rendered":"https:\/\/www.sarlbml.fr\/sarlbml\/?post_type=product&#038;p=2326"},"modified":"2019-04-20T13:47:47","modified_gmt":"2019-04-20T12:47:47","slug":"stiga-park-720-pw","status":"publish","type":"product","link":"https:\/\/www.sarlbml.fr\/sarlbml\/boutique\/stiga-park-720-pw\/","title":{"rendered":"STIGA Park 720 PW"},"content":{"rendered":"<p>La tondeuse autoport\u00e9e \u00e0 coupe frontale STIGA\u00a0Park\u00a0720\u00a0PW est \u00e9quip\u00e9e d&rsquo;un puissant moteur Briggs\u00a0&amp;\u00a0Stratton bicylindre d&rsquo;une puissance nette de 11,82\u00a0kW \u00e0 3\u00a0200\u00a0tr\/min, offrant un niveau r\u00e9duit de vibrations pour un plus grand confort d&rsquo;utilisation et d\u2019excellentes performances. Le syst\u00e8me de direction hydraulique articul\u00e9e 50:50 rend la tondeuse agile et facile \u00e0 conduire\u00a0; les commandes sont en outre \u00e0 port\u00e9e de main sur le panneau de commande lat\u00e9ral. L&rsquo;\u00e9clairage avant \u00e0 LED permet d&rsquo;utiliser la tondeuse tout au long de l\u2019ann\u00e9e m\u00eame par faible visibilit\u00e9\u00a0; toute une gamme d&rsquo;accessoires est en outre disponible. La tondeuse Park\u00a0720\u00a0PW peut \u00eatre associ\u00e9e \u00e0 un carter de 95\u00a0ou 125\u00a0cm dot\u00e9 du syst\u00e8me mulching Multiclip, qui permet de broyer l\u2019herbe et de la r\u00e9pandre sur le sol comme engrais naturel. Tous les carters peuvent \u00e9galement fonctionner en mode \u00e9jection arri\u00e8re de l&rsquo;herbe.<\/p>\n<p>Le si\u00e8ge de la tondeuse est \u00e9quip\u00e9 d&rsquo;un haut dossier pour assurer un confort de conduite optimal.<\/p>\n<p>Les phares permettent d&rsquo;utiliser la tondeuse en toutes circonstances, y compris dans de mauvaises conditions d&rsquo;\u00e9clairage.<\/p>\n","protected":false},"excerpt":{"rendered":"<p>Tondeuse autoport\u00e9e \u00e0 coupe frontale \u00e9quip\u00e9e d&rsquo;un moteur Briggs &amp; Stratton bicylindre pouvant \u00eatre utilis\u00e9e avec un carter de 95 ou 125\u00a0cm.<\/p>\n<p><em>&#8211; Moteur thermique Briggs &amp; Stratton Intek de 570 cm\u00b3 et technologie EasyStart<\/em><\/p>\n<p><em>&#8211; Transmission hydrostatique<\/em><\/p>\n<p><em>&#8211; R\u00e9glage \u00e9lectrique de la hauteur de coupe<\/em><\/p>\n<p><em>&#8211; Direction assist\u00e9e articul\u00e9e (50:50)<\/em><\/p>\n<p><em>&#8211; Syst\u00e8me RAC \u00e0 connexion rapide fourni<\/em><\/p>\n<p><em>&#8211; Peut \u00eatre utilis\u00e9e avec un carter dot\u00e9 de la technologie QuickFlip<\/em><\/p>\n<p>&nbsp;<\/p>\n<p><a href=\"https:\/\/www.ateliersterenn.com\/outillage\/outils-motorises\/tondeuses-et-autoportees\/tracteur-tondeuse-stiga-coupe-frontale-park-720-pw\" target=\"_blank\" rel=\"noopener noreferrer\">Commander via Atelier Sterenn<\/a><\/p>\n<p> <a class=\"continue-reading-link\" href=\"https:\/\/www.sarlbml.fr\/sarlbml\/boutique\/stiga-park-720-pw\/\"><span>Lire la suite<\/span><i class=\"crycon-right-dir\"><\/i><\/a> <\/p>\n","protected":false},"featured_media":2327,"comment_status":"closed","ping_status":"closed","template":"","meta":[],"product_brand":[],"product_cat":[238],"product_tag":[45,44],"class_list":{"0":"post-2326","1":"product","2":"type-product","3":"status-publish","4":"has-post-thumbnail","6":"product_cat-auto-portees-coupe-frontale","7":"product_tag-autoportee","8":"product_tag-tondeuse","10":"first","11":"instock","12":"taxable","13":"shipping-taxable","14":"product-type-simple"},"_links":{"self":[{"href":"https:\/\/www.sarlbml.fr\/sarlbml\/wp-json\/wp\/v2\/product\/2326","targetHints":{"allow":["GET"]}}],"collection":[{"href":"https:\/\/www.sarlbml.fr\/sarlbml\/wp-json\/wp\/v2\/product"}],"about":[{"href":"https:\/\/www.sarlbml.fr\/sarlbml\/wp-json\/wp\/v2\/types\/product"}],"replies":[{"embeddable":true,"href":"https:\/\/www.sarlbml.fr\/sarlbml\/wp-json\/wp\/v2\/comments?post=2326"}],"wp:featuredmedia":[{"embeddable":true,"href":"https:\/\/www.sarlbml.fr\/sarlbml\/wp-json\/wp\/v2\/media\/2327"}],"wp:attachment":[{"href":"https:\/\/www.sarlbml.fr\/sarlbml\/wp-json\/wp\/v2\/media?parent=2326"}],"wp:term":[{"taxonomy":"product_brand","embeddable":true,"href":"https:\/\/www.sarlbml.fr\/sarlbml\/wp-json\/wp\/v2\/product_brand?post=2326"},{"taxonomy":"product_cat","embeddable":true,"href":"https:\/\/www.sarlbml.fr\/sarlbml\/wp-json\/wp\/v2\/product_cat?post=2326"},{"taxonomy":"product_tag","embeddable":true,"href":"https:\/\/www.sarlbml.fr\/sarlbml\/wp-json\/wp\/v2\/product_tag?post=2326"}],"curies":[{"name":"wp","href":"https:\/\/api.w.org\/{rel}","templated":true}]}}