{"id":2325,"date":"2019-04-20T13:36:11","date_gmt":"2019-04-20T12:36:11","guid":{"rendered":"https:\/\/www.sarlbml.fr\/sarlbml\/?post_type=product&#038;p=2325"},"modified":"2019-04-20T13:48:17","modified_gmt":"2019-04-20T12:48:17","slug":"stiga-park-520-p","status":"publish","type":"product","link":"https:\/\/www.sarlbml.fr\/sarlbml\/boutique\/stiga-park-520-p\/","title":{"rendered":"STIGA Park 520 P"},"content":{"rendered":"<p>La tondeuse autoport\u00e9e \u00e0 coupe frontale STIGA\u00a0Park\u00a0520\u00a0P est \u00e9quip\u00e9e d&rsquo;un moteur thermique Briggs\u00a0&amp;\u00a0Stratton d&rsquo;une puissance nette de 10,72\u00a0kW \u00e0 3\u00a0200\u00a0tr\/min. Elle est facile \u00e0 man\u0153uvrer gr\u00e2ce au nouveau syst\u00e8me de transmission hydraulique et \u00e0 la direction assist\u00e9e articul\u00e9e 50:50. Les phares \u00e0 LED permettent d&rsquo;utiliser la tondeuse dans des conditions de faible luminosit\u00e9 ainsi qu\u2019en hiver. Cette machine est \u00e9quip\u00e9e d&rsquo;un si\u00e8ge confortable et d&rsquo;un tableau de bord lat\u00e9ral. La tondeuse autoport\u00e9e Park\u00a0520\u00a0P peut \u00eatre utilis\u00e9e avec un carter de 95\u00a0\u00e0 125\u00a0cm en utilisant le syst\u00e8me mulching Multiclip, qui permet de broyer l\u2019herbe coup\u00e9e et de la r\u00e9pandre sur le sol, ou le mode \u00e9jection arri\u00e8re de l\u2019herbe. Gr\u00e2ce aux accessoires STIGA, cette tondeuse est une machine v\u00e9ritablement polyvalente.<\/p>\n<p>Le volant r\u00e9glable et le si\u00e8ge rembourr\u00e9 offrent une conduite confortable.<\/p>\n<p>Les phares permettent d&rsquo;utiliser cette tondeuse en toutes circonstances, y compris dans de mauvaises conditions d&rsquo;\u00e9clairage.<\/p>\n<p>Toutes les commandes se trouvent sur un panneau lat\u00e9ral commode.<\/p>\n","protected":false},"excerpt":{"rendered":"<p>Tondeuse auto-port\u00e9e \u00e0 coupe frontale \u00e9quip\u00e9e d&rsquo;un moteur Briggs &amp; Stratton pouvant \u00eatre utilis\u00e9e avec un carter de 95 ou 125 cm.<\/p>\n<p><em>&#8211; Moteur thermique Briggs &amp; Stratton Intek de 500 cm\u00b3 et technologie EasyStart<\/em><\/p>\n<p><em>&#8211; Transmission hydrostatique<\/em><\/p>\n<p><em>&#8211; R\u00e9glage \u00e9lectrique de la hauteur de coupe<\/em><\/p>\n<p><em>&#8211; Direction assist\u00e9e articul\u00e9e (50:50)<\/em><\/p>\n<p><em>&#8211; Syst\u00e8me RAC \u00e0 connexion rapide fourni<\/em><\/p>\n<p><em>&#8211; Peut \u00eatre utilis\u00e9e avec un carter dot\u00e9 de la technologie QuickFlip<\/em><\/p>\n<p>&nbsp;<\/p>\n<p><a href=\"https:\/\/www.ateliersterenn.com\/outillage\/outils-motorises\/tondeuses-et-autoportees\/tracteur-tondeuse-stiga-coupe-frontale-park-520-p\" target=\"_blank\" rel=\"noopener noreferrer\">Commander via Atelier Sterenn<\/a><\/p>\n<p> <a class=\"continue-reading-link\" href=\"https:\/\/www.sarlbml.fr\/sarlbml\/boutique\/stiga-park-520-p\/\"><span>Lire la suite<\/span><i class=\"crycon-right-dir\"><\/i><\/a> <\/p>\n","protected":false},"featured_media":2332,"comment_status":"closed","ping_status":"closed","template":"","meta":[],"product_brand":[],"product_cat":[238],"product_tag":[45,44],"class_list":{"0":"post-2325","1":"product","2":"type-product","3":"status-publish","4":"has-post-thumbnail","6":"product_cat-auto-portees-coupe-frontale","7":"product_tag-autoportee","8":"product_tag-tondeuse","10":"first","11":"instock","12":"taxable","13":"shipping-taxable","14":"product-type-simple"},"_links":{"self":[{"href":"https:\/\/www.sarlbml.fr\/sarlbml\/wp-json\/wp\/v2\/product\/2325","targetHints":{"allow":["GET"]}}],"collection":[{"href":"https:\/\/www.sarlbml.fr\/sarlbml\/wp-json\/wp\/v2\/product"}],"about":[{"href":"https:\/\/www.sarlbml.fr\/sarlbml\/wp-json\/wp\/v2\/types\/product"}],"replies":[{"embeddable":true,"href":"https:\/\/www.sarlbml.fr\/sarlbml\/wp-json\/wp\/v2\/comments?post=2325"}],"wp:featuredmedia":[{"embeddable":true,"href":"https:\/\/www.sarlbml.fr\/sarlbml\/wp-json\/wp\/v2\/media\/2332"}],"wp:attachment":[{"href":"https:\/\/www.sarlbml.fr\/sarlbml\/wp-json\/wp\/v2\/media?parent=2325"}],"wp:term":[{"taxonomy":"product_brand","embeddable":true,"href":"https:\/\/www.sarlbml.fr\/sarlbml\/wp-json\/wp\/v2\/product_brand?post=2325"},{"taxonomy":"product_cat","embeddable":true,"href":"https:\/\/www.sarlbml.fr\/sarlbml\/wp-json\/wp\/v2\/product_cat?post=2325"},{"taxonomy":"product_tag","embeddable":true,"href":"https:\/\/www.sarlbml.fr\/sarlbml\/wp-json\/wp\/v2\/product_tag?post=2325"}],"curies":[{"name":"wp","href":"https:\/\/api.w.org\/{rel}","templated":true}]}}