{"id":2319,"date":"2019-04-20T13:28:18","date_gmt":"2019-04-20T12:28:18","guid":{"rendered":"https:\/\/www.sarlbml.fr\/sarlbml\/?post_type=product&#038;p=2319"},"modified":"2019-04-20T13:34:09","modified_gmt":"2019-04-20T12:34:09","slug":"stiga-park-320w","status":"publish","type":"product","link":"https:\/\/www.sarlbml.fr\/sarlbml\/boutique\/stiga-park-320w\/","title":{"rendered":"STIGA Park 320 W"},"content":{"rendered":"<p>La tondeuse auto-port\u00e9e \u00e0 coupe frontale STIGA Park 320 W est \u00e9quip\u00e9e d&rsquo;un moteur Briggs &amp; Stratton d&rsquo;une puissance nette de 11,9 kW \u00e0 3 200 tr\/min. La direction articul\u00e9e 50:50 permet aux roues arri\u00e8re de suivre exactement la m\u00eame trajectoire que les roues avant, tandis que la transmission hydrostatique \u00e0 p\u00e9dale permet d&rsquo;ajuster la vitesse en toute simplicit\u00e9. La tondeuse autoport\u00e9e STIGA Park 320 W est \u00e9quip\u00e9e d&rsquo;un r\u00e9glage \u00e9lectrique de la hauteur de coupe actionnable par simple pression d&rsquo;un bouton, sans avoir besoin d&rsquo;arr\u00eater la machine ou de descendre du si\u00e8ge. La roue directrice r\u00e9glable en hauteur et le si\u00e8ge ergonomique permettent une conduite confortable. La tondeuse auto-port\u00e9e Park 320 W peut \u00eatre associ\u00e9e \u00e0 un plateau de coupe de 95 ou de 105 cm pouvant fonctionner avec un syst\u00e8me mulching Multiclip pour une coupe optimale ou avec \u00e9jection arri\u00e8re de l&rsquo;herbe.<\/p>\n","protected":false},"excerpt":{"rendered":"<p>Tondeuse autoport\u00e9e \u00e0 coupe frontale \u00e9quip\u00e9e d&rsquo;un moteur thermique B&amp;S. Il est possible d&rsquo;associer cette machine \u00e0 un plateau de coupe de 95\u00a0ou de 105\u00a0cm.<\/p>\n<p><em>&#8211; Moteur thermique Briggs &amp; Stratton de 570 cm\u00b3<\/em><\/p>\n<p><em>&#8211; Transmission hydrostatique<\/em><\/p>\n<p><em>&#8211; R\u00e9glage \u00e9lectrique de la hauteur de coupe<\/em><\/p>\n<p><em>&#8211; Direction articul\u00e9e (50:50)<\/em><\/p>\n<p>&nbsp;<\/p>\n<p><a href=\"https:\/\/www.ateliersterenn.com\/outillage\/outils-motorises\/tondeuses-et-autoportees\/tracteur-tondeuse-stiga-coupe-frontale-park-320mw\" target=\"_blank\" rel=\"noopener noreferrer\">Commander via Atelier Sterenn<\/a><\/p>\n<p> <a class=\"continue-reading-link\" href=\"https:\/\/www.sarlbml.fr\/sarlbml\/boutique\/stiga-park-320w\/\"><span>Lire la suite<\/span><i class=\"crycon-right-dir\"><\/i><\/a> <\/p>\n","protected":false},"featured_media":2320,"comment_status":"closed","ping_status":"closed","template":"","meta":[],"product_brand":[],"product_cat":[238],"product_tag":[45,44],"class_list":{"0":"post-2319","1":"product","2":"type-product","3":"status-publish","4":"has-post-thumbnail","6":"product_cat-auto-portees-coupe-frontale","7":"product_tag-autoportee","8":"product_tag-tondeuse","10":"first","11":"instock","12":"taxable","13":"shipping-taxable","14":"product-type-simple"},"_links":{"self":[{"href":"https:\/\/www.sarlbml.fr\/sarlbml\/wp-json\/wp\/v2\/product\/2319","targetHints":{"allow":["GET"]}}],"collection":[{"href":"https:\/\/www.sarlbml.fr\/sarlbml\/wp-json\/wp\/v2\/product"}],"about":[{"href":"https:\/\/www.sarlbml.fr\/sarlbml\/wp-json\/wp\/v2\/types\/product"}],"replies":[{"embeddable":true,"href":"https:\/\/www.sarlbml.fr\/sarlbml\/wp-json\/wp\/v2\/comments?post=2319"}],"wp:featuredmedia":[{"embeddable":true,"href":"https:\/\/www.sarlbml.fr\/sarlbml\/wp-json\/wp\/v2\/media\/2320"}],"wp:attachment":[{"href":"https:\/\/www.sarlbml.fr\/sarlbml\/wp-json\/wp\/v2\/media?parent=2319"}],"wp:term":[{"taxonomy":"product_brand","embeddable":true,"href":"https:\/\/www.sarlbml.fr\/sarlbml\/wp-json\/wp\/v2\/product_brand?post=2319"},{"taxonomy":"product_cat","embeddable":true,"href":"https:\/\/www.sarlbml.fr\/sarlbml\/wp-json\/wp\/v2\/product_cat?post=2319"},{"taxonomy":"product_tag","embeddable":true,"href":"https:\/\/www.sarlbml.fr\/sarlbml\/wp-json\/wp\/v2\/product_tag?post=2319"}],"curies":[{"name":"wp","href":"https:\/\/api.w.org\/{rel}","templated":true}]}}