{"id":2238,"date":"2019-03-12T18:18:20","date_gmt":"2019-03-12T17:18:20","guid":{"rendered":"https:\/\/www.sarlbml.fr\/sarlbml\/?post_type=product&#038;p=2238"},"modified":"2019-03-22T18:13:09","modified_gmt":"2019-03-22T17:13:09","slug":"stiga-autoclip-m5","status":"publish","type":"product","link":"https:\/\/www.sarlbml.fr\/sarlbml\/boutique\/stiga-autoclip-m5\/","title":{"rendered":"STIGA Autoclip M5"},"content":{"rendered":"<p>Le robot tondeuse\u00a0STIGA\u00a0Autoclip\u00a0M5 pour pelouses de 500\u00a0m\u00b2 maximum fonctionne en continu dans deux zones distinctes sur des cycles pouvant atteindre 50\u00a0minutes, puis il revient \u00e0 sa base de recharge. La batterie lithium-ion de 2,5\u00a0Ah garantit un fonctionnement silencieux sans \u00e9missions. Le robot\u00a0Autoclip\u00a0M5 est simple \u00e0 configurer gr\u00e2ce \u00e0 son kit fourni et il est facile d&rsquo;utilisation, en mode manuel, ou en mode automatique avec les programmes pr\u00e9d\u00e9finis. Il peut \u00e9galement se programmer via Bluetooth \u00e0 l&rsquo;aide de l&rsquo;application Autoclip Remote. En cas d&rsquo;utilisation pour une tonte quotidienne, la lame en acier de 25\u00a0cm garantit un gazon dense et sain. Ce robot tondeuse est \u00e9galement \u00e9quip\u00e9 de capteurs de pluie et utilise un code de s\u00e9curit\u00e9.<\/p>\n<p>La lame en acier tranchante et puissante d&rsquo;un diam\u00e8tre de 25\u00a0cm assure une coupe nette pour une pelouse en parfait \u00e9tat. Elle n&rsquo;est form\u00e9e que d&rsquo;une seule pi\u00e8ce pour \u00e9viter que des petits morceaux de m\u00e9tal ne se cassent.<\/p>\n<p>Les commandes simplifi\u00e9es permettent de basculer entre les modes\u00a0: manuel ou automatique.<\/p>\n","protected":false},"excerpt":{"rendered":"<p>Robot tondeuse aliment\u00e9 par une batterie lithium-ion pour les pelouses d&rsquo;une surface allant jusqu&rsquo;\u00e0 500\u00a0m\u00b2. Facile \u00e0 configurer et \u00e0 utiliser.<\/p>\n<p><em>&#8211; Superficie de coupe jusqu&rsquo;\u00e0 500m\u00b2<\/em><\/p>\n<p><em>&#8211; Cycle de 50 minutes sur deux zones<\/em><\/p>\n<p><em>&#8211; Programme de coupe configurable et personnalisable depuis l&rsquo;application<\/em><\/p>\n<p><em>&#8211; Lame en acier inoxydable de 25 cm<\/em><\/p>\n<p><em>&#8211; Fonctionne en pente jusqu&rsquo;\u00e0 45%<\/em><\/p>\n<p><em>&#8211; Guide de d\u00e9marrage rapide et kit de configuration fournis<\/em><\/p>\n<p>&nbsp;<\/p>\n<p><a href=\"https:\/\/www.ateliersterenn.com\/outillage\/outils-motorises\/tondeuses-et-autoportees\/robot-de-tonte-stiga-autoclip-m5\" target=\"_blank\" rel=\"noopener noreferrer\">Commander via Atelier Sterenn<\/a><\/p>\n<p> <a class=\"continue-reading-link\" href=\"https:\/\/www.sarlbml.fr\/sarlbml\/boutique\/stiga-autoclip-m5\/\"><span>Lire la suite<\/span><i class=\"crycon-right-dir\"><\/i><\/a> <\/p>\n","protected":false},"featured_media":2226,"comment_status":"closed","ping_status":"closed","template":"","meta":[],"product_brand":[],"product_cat":[51],"product_tag":[45,52,44],"class_list":{"0":"post-2238","1":"product","2":"type-product","3":"status-publish","4":"has-post-thumbnail","6":"product_cat-tondeuses-robots-stiga","7":"product_tag-autoportee","8":"product_tag-robot","9":"product_tag-tondeuse","11":"first","12":"instock","13":"taxable","14":"shipping-taxable","15":"product-type-simple"},"_links":{"self":[{"href":"https:\/\/www.sarlbml.fr\/sarlbml\/wp-json\/wp\/v2\/product\/2238","targetHints":{"allow":["GET"]}}],"collection":[{"href":"https:\/\/www.sarlbml.fr\/sarlbml\/wp-json\/wp\/v2\/product"}],"about":[{"href":"https:\/\/www.sarlbml.fr\/sarlbml\/wp-json\/wp\/v2\/types\/product"}],"replies":[{"embeddable":true,"href":"https:\/\/www.sarlbml.fr\/sarlbml\/wp-json\/wp\/v2\/comments?post=2238"}],"wp:featuredmedia":[{"embeddable":true,"href":"https:\/\/www.sarlbml.fr\/sarlbml\/wp-json\/wp\/v2\/media\/2226"}],"wp:attachment":[{"href":"https:\/\/www.sarlbml.fr\/sarlbml\/wp-json\/wp\/v2\/media?parent=2238"}],"wp:term":[{"taxonomy":"product_brand","embeddable":true,"href":"https:\/\/www.sarlbml.fr\/sarlbml\/wp-json\/wp\/v2\/product_brand?post=2238"},{"taxonomy":"product_cat","embeddable":true,"href":"https:\/\/www.sarlbml.fr\/sarlbml\/wp-json\/wp\/v2\/product_cat?post=2238"},{"taxonomy":"product_tag","embeddable":true,"href":"https:\/\/www.sarlbml.fr\/sarlbml\/wp-json\/wp\/v2\/product_tag?post=2238"}],"curies":[{"name":"wp","href":"https:\/\/api.w.org\/{rel}","templated":true}]}}