{"id":2222,"date":"2019-03-12T18:02:51","date_gmt":"2019-03-12T17:02:51","guid":{"rendered":"https:\/\/www.sarlbml.fr\/sarlbml\/?post_type=product&#038;p=2222"},"modified":"2019-03-22T18:24:12","modified_gmt":"2019-03-22T17:24:12","slug":"stiga-autoclip-530-sg","status":"publish","type":"product","link":"https:\/\/www.sarlbml.fr\/sarlbml\/boutique\/stiga-autoclip-530-sg\/","title":{"rendered":"STIGA Autoclip 530 SG"},"content":{"rendered":"<p>Le robot tondeuse intelligent\u00a0STIGA\u00a0Autoclip\u00a0530\u00a0SG est con\u00e7u pour les grandes pelouses de 3\u00a0200\u00a0m\u00b2 maximum et peut g\u00e9rer huit zones de coupe diff\u00e9rentes. Sa batterie lithium-ion puissante de 7,5\u00a0Ah lui permet de fonctionner sur des cycles de coupe pouvant atteindre 3,5\u00a0heures, apr\u00e8s quoi il retourne seul \u00e0 sa base de recharge. Les moteurs \u00e0 induction garantissent une vie prolong\u00e9e, une consommation plus faible de la batterie et un fonctionnement plus silencieux. Ce robot de derni\u00e8re g\u00e9n\u00e9ration est dot\u00e9 du Smart Cut System, une fonction assist\u00e9e par GPS qui permet de d\u00e9limiter la pelouse en sous-parcelles, alors que la fonction d&rsquo;optimisation des zones de coupe permet d&rsquo;ignorer les zones \u00e0 ne pas tondre. Le module de connectivit\u00e9 permet de contr\u00f4ler le robot et d&rsquo;interagir avec lui \u00e0 distance \u00e0 tout moment \u00e0 l&rsquo;aide de l&rsquo;application pour smartphone d\u00e9di\u00e9e. Le robot\u00a0Autoclip\u00a0530\u00a0SG est \u00e9galement \u00e9quip\u00e9 d&rsquo;un r\u00e9cepteur Bluetooth.<\/p>\n<p>La lame en acier tranchante et robuste d&rsquo;un diam\u00e8tre de 29\u00a0cm assure une coupe nette pour une pelouse en parfait \u00e9tat. Elle n&rsquo;est form\u00e9e que d&rsquo;une seule pi\u00e8ce pour \u00e9viter que des petits morceaux de m\u00e9tal ne se cassent.<\/p>\n<p>L&rsquo;\u00e9cran intuitif de 4,3&Prime; permet de programmer le robot manuellement.<\/p>\n","protected":false},"excerpt":{"rendered":"<p>Robot tondeuse pour les pelouses de 3\u00a0200\u00a0m\u00b2 maximum avec GPS int\u00e9gr\u00e9, contr\u00f4lable via l&rsquo;\u00e9cran tactile ou l&rsquo;application intelligente.<\/p>\n<p><em>&#8211; Superficie de coupe jusqu&rsquo;\u00e0 3200m\u00b2<\/em><\/p>\n<p><em>&#8211; Cycle de 3,5 heures sur huit zones<\/em><\/p>\n<p><em>&#8211; Ecran tactile int\u00e9gr\u00e9 et programmable \u00e0 partir de l&rsquo;application<\/em><\/p>\n<p><em>&#8211; Contr\u00f4le \u00e0 distance via l&rsquo;application, connectivit\u00e9 GSM et GPS<\/em><\/p>\n<p><em>&#8211; Lame en acier inoxydable de 29 cm<\/em><\/p>\n<p><em>&#8211; Fonctionne en pente jusqu&rsquo;\u00e0 45%<\/em><\/p>\n<p>&nbsp;<\/p>\n<p><a href=\"https:\/\/www.ateliersterenn.com\/outillage\/outils-motorises\/tondeuses-et-autoportees\/robot-de-tonte-stiga-autoclip-530sg\" target=\"_blank\" rel=\"noopener noreferrer\">Commander via Atelier Sterenn<\/a><\/p>\n<p> <a class=\"continue-reading-link\" href=\"https:\/\/www.sarlbml.fr\/sarlbml\/boutique\/stiga-autoclip-530-sg\/\"><span>Lire la suite<\/span><i class=\"crycon-right-dir\"><\/i><\/a> <\/p>\n","protected":false},"featured_media":2210,"comment_status":"closed","ping_status":"closed","template":"","meta":[],"product_brand":[],"product_cat":[51],"product_tag":[45,52,44],"class_list":{"0":"post-2222","1":"product","2":"type-product","3":"status-publish","4":"has-post-thumbnail","6":"product_cat-tondeuses-robots-stiga","7":"product_tag-autoportee","8":"product_tag-robot","9":"product_tag-tondeuse","11":"first","12":"instock","13":"taxable","14":"shipping-taxable","15":"product-type-simple"},"_links":{"self":[{"href":"https:\/\/www.sarlbml.fr\/sarlbml\/wp-json\/wp\/v2\/product\/2222","targetHints":{"allow":["GET"]}}],"collection":[{"href":"https:\/\/www.sarlbml.fr\/sarlbml\/wp-json\/wp\/v2\/product"}],"about":[{"href":"https:\/\/www.sarlbml.fr\/sarlbml\/wp-json\/wp\/v2\/types\/product"}],"replies":[{"embeddable":true,"href":"https:\/\/www.sarlbml.fr\/sarlbml\/wp-json\/wp\/v2\/comments?post=2222"}],"wp:featuredmedia":[{"embeddable":true,"href":"https:\/\/www.sarlbml.fr\/sarlbml\/wp-json\/wp\/v2\/media\/2210"}],"wp:attachment":[{"href":"https:\/\/www.sarlbml.fr\/sarlbml\/wp-json\/wp\/v2\/media?parent=2222"}],"wp:term":[{"taxonomy":"product_brand","embeddable":true,"href":"https:\/\/www.sarlbml.fr\/sarlbml\/wp-json\/wp\/v2\/product_brand?post=2222"},{"taxonomy":"product_cat","embeddable":true,"href":"https:\/\/www.sarlbml.fr\/sarlbml\/wp-json\/wp\/v2\/product_cat?post=2222"},{"taxonomy":"product_tag","embeddable":true,"href":"https:\/\/www.sarlbml.fr\/sarlbml\/wp-json\/wp\/v2\/product_tag?post=2222"}],"curies":[{"name":"wp","href":"https:\/\/api.w.org\/{rel}","templated":true}]}}