{"id":2209,"date":"2019-03-12T17:51:52","date_gmt":"2019-03-12T16:51:52","guid":{"rendered":"https:\/\/www.sarlbml.fr\/sarlbml\/?post_type=product&#038;p=2209"},"modified":"2019-03-22T18:30:05","modified_gmt":"2019-03-22T17:30:05","slug":"stiga-autoclip-230-s","status":"publish","type":"product","link":"https:\/\/www.sarlbml.fr\/sarlbml\/boutique\/stiga-autoclip-230-s\/","title":{"rendered":"STIGA Autoclip 230 S"},"content":{"rendered":"<p>Le robot tondeuse\u00a0STIGA\u00a0Autoclip\u00a0230\u00a0S peut tondre des surfaces atteignant 2\u00a0000\u00a0m\u00b2 sur quatre zones distinctes et fonctionner en continu sur des cycles de coupe pouvant atteindre 4\u00a0heures. Les moteurs \u00e0 induction garantissent une vie prolong\u00e9e, un fonctionnement plus silencieux et une efficacit\u00e9 de coupe accrue. La lame en acier inoxydable de 25\u00a0cm garantit une coupe impeccable et pr\u00e9cise. Ce robot efficace est aliment\u00e9 par des batteries lithium-ion puissantes et il est dot\u00e9 de capteurs intelligents d\u00e9tectant les obstacles et la pluie. Le robot\u00a0Autoclip\u00a0230\u00a0S est compact, polyvalent et efficace. Il peut \u00eatre contr\u00f4l\u00e9 directement \u00e0 partir d&rsquo;un smartphone via Bluetooth, \u00e0 l&rsquo;aide de l&rsquo;application Autoclip Remote.<\/p>\n<p>La lame en acier tranchante et puissante d&rsquo;un diam\u00e8tre de 25\u00a0cm assure une coupe nette pour une pelouse en parfait \u00e9tat. Elle n&rsquo;est form\u00e9e que d&rsquo;une seule pi\u00e8ce pour \u00e9viter que des petits morceaux de m\u00e9tal ne se cassent.<\/p>\n<p>Les commandes avec affichage digital permettent de programmer le robot manuellement.<\/p>\n","protected":false},"excerpt":{"rendered":"<p>Robot tondeuse pour pelouses de 2\u00a0000\u00a0m\u00b2 maximum permettant de tondre quatre zones diff\u00e9rentes avec des cycles de coupe pouvant aller jusqu&rsquo;\u00e0 4\u00a0heures.<\/p>\n<p><em>&#8211; Superficie de coupe jusqu&rsquo;\u00e0 2000m\u00b2<\/em><\/p>\n<p><em>&#8211; Cycle de 4 heures sur quatres zones<\/em><\/p>\n<p><em>&#8211; Programmable \u00e0 partir des commandes avec affichage digital ou de l&rsquo;application<\/em><\/p>\n<p><em>&#8211; Lame en acier inoxydable de 25 cm<\/em><\/p>\n<p><em>&#8211; Fonctionne en pente jusqu&rsquo;\u00e0 45%<\/em><\/p>\n<p><em>&#8211; Mode \u00e9co<\/em><\/p>\n<p>&nbsp;<\/p>\n<p><a href=\"https:\/\/www.ateliersterenn.com\/outillage\/outils-motorises\/tondeuses-et-autoportees\/robot-de-tonte-stiga-autoclip-230s\" target=\"_blank\" rel=\"noopener noreferrer\">Commander via Atelier Sterenn<\/a><\/p>\n<p> <a class=\"continue-reading-link\" href=\"https:\/\/www.sarlbml.fr\/sarlbml\/boutique\/stiga-autoclip-230-s\/\"><span>Lire la suite<\/span><i class=\"crycon-right-dir\"><\/i><\/a> <\/p>\n","protected":false},"featured_media":2196,"comment_status":"closed","ping_status":"closed","template":"","meta":[],"product_brand":[],"product_cat":[51],"product_tag":[45,52,44],"class_list":{"0":"post-2209","1":"product","2":"type-product","3":"status-publish","4":"has-post-thumbnail","6":"product_cat-tondeuses-robots-stiga","7":"product_tag-autoportee","8":"product_tag-robot","9":"product_tag-tondeuse","11":"first","12":"instock","13":"taxable","14":"shipping-taxable","15":"product-type-simple"},"_links":{"self":[{"href":"https:\/\/www.sarlbml.fr\/sarlbml\/wp-json\/wp\/v2\/product\/2209","targetHints":{"allow":["GET"]}}],"collection":[{"href":"https:\/\/www.sarlbml.fr\/sarlbml\/wp-json\/wp\/v2\/product"}],"about":[{"href":"https:\/\/www.sarlbml.fr\/sarlbml\/wp-json\/wp\/v2\/types\/product"}],"replies":[{"embeddable":true,"href":"https:\/\/www.sarlbml.fr\/sarlbml\/wp-json\/wp\/v2\/comments?post=2209"}],"wp:featuredmedia":[{"embeddable":true,"href":"https:\/\/www.sarlbml.fr\/sarlbml\/wp-json\/wp\/v2\/media\/2196"}],"wp:attachment":[{"href":"https:\/\/www.sarlbml.fr\/sarlbml\/wp-json\/wp\/v2\/media?parent=2209"}],"wp:term":[{"taxonomy":"product_brand","embeddable":true,"href":"https:\/\/www.sarlbml.fr\/sarlbml\/wp-json\/wp\/v2\/product_brand?post=2209"},{"taxonomy":"product_cat","embeddable":true,"href":"https:\/\/www.sarlbml.fr\/sarlbml\/wp-json\/wp\/v2\/product_cat?post=2209"},{"taxonomy":"product_tag","embeddable":true,"href":"https:\/\/www.sarlbml.fr\/sarlbml\/wp-json\/wp\/v2\/product_tag?post=2209"}],"curies":[{"name":"wp","href":"https:\/\/api.w.org\/{rel}","templated":true}]}}