{"id":2195,"date":"2019-03-12T17:29:26","date_gmt":"2019-03-12T16:29:26","guid":{"rendered":"https:\/\/www.sarlbml.fr\/sarlbml\/?post_type=product&#038;p=2195"},"modified":"2019-03-22T17:35:12","modified_gmt":"2019-03-22T16:35:12","slug":"stiga-twinclip-55-svh","status":"publish","type":"product","link":"https:\/\/www.sarlbml.fr\/sarlbml\/boutique\/stiga-twinclip-55-svh\/","title":{"rendered":"STIGA Twinclip 55 SV H"},"content":{"rendered":"<p>La tondeuse \u00e0 gazon autotract\u00e9e STIGA\u00a0Twinclip\u00a055\u00a0SV\u00a0H est \u00e9quip\u00e9e d&rsquo;un moteur Honda GCVx170 Autochoke fiable de 167\u00a0cm\u00b3 d&rsquo;une puissance nette de 3,3\u00a0kW \u00e0 2\u00a0900\u00a0tr\/min et dot\u00e9 d&rsquo;un r\u00e9gulateur de vitesse continu professionnel. Le ch\u00e2ssis hybride en acier et aluminium garantit la solidit\u00e9 et la durabilit\u00e9 de la tondeuse. La tondeuse\u00a0Twinclip\u00a055\u00a0SV\u00a0H offre une largeur de coupe de 53\u00a0cm avec une lame double innovante \u00e0 quatre tranchants. Le syst\u00e8me 3-en-1 permet de choisir entre le ramassage dans le bac de 70\u00a0litres \u00e0 insertion facile, l&rsquo;\u00e9jection arri\u00e8re de l&rsquo;herbe ou le mode mulching (\u00e0 l&rsquo;aide de l\u2019obturateur mulching fourni), qui permet de broyer l\u2019herbe coup\u00e9e et de la r\u00e9pandre sur le sol comme engrais naturel. Un levier ergonomique centralis\u00e9 permet de r\u00e9gler la hauteur de coupe sur sept positions allant de 25\u00a0\u00e0 77\u00a0mm. Le r\u00e9glage et le pliage du guidon s&rsquo;effectuent facilement \u00e0 l&rsquo;aide des g\u00e2chettes commodes du guidon.<\/p>\n","protected":false},"excerpt":{"rendered":"<p>Tondeuse \u00e0 gazon autotract\u00e9e \u00e9quip\u00e9e d&rsquo;un moteur thermique de 167\u00a0cm\u00b3 \u00e0 r\u00e9glage de la vitesse. Bac de ramassage de 70\u00a0litres. Elle peut \u00e9galement \u00eatre utilis\u00e9e en mode \u00e9jection arri\u00e8re de l\u2019herbe ou mulching. Bac de ramassage de 70\u00a0litres fourni.<\/p>\n<p><em>&#8211; Moteur thermique Honda de 167 cm\u00b3<\/em><\/p>\n<p><em>&#8211; Tract\u00e9e par une transmission pro alu<\/em><\/p>\n<p><em>&#8211; Largeur de coupe de 53 cm<\/em><\/p>\n<p><em>&#8211; Bac de ramassage de 70 litres muni d&rsquo;un indicateur de remplissage<\/em><\/p>\n<p><em>&#8211; Peut \u00e9galement \u00eatre utilis\u00e9e en mode \u00e9jection arri\u00e8re de l&rsquo;herbe ou mulching<\/em><\/p>\n<p>&nbsp;<\/p>\n<p><a href=\"https:\/\/www.ateliersterenn.com\/outillage\/outils-motorises\/tondeuses-et-autoportees\/tondeuse-thermique-stiga-twinclip-55svh\" target=\"_blank\" rel=\"noopener noreferrer\">Commander via Atelier Sterenn<\/a><\/p>\n<p> <a class=\"continue-reading-link\" href=\"https:\/\/www.sarlbml.fr\/sarlbml\/boutique\/stiga-twinclip-55-svh\/\"><span>Lire la suite<\/span><i class=\"crycon-right-dir\"><\/i><\/a> <\/p>\n","protected":false},"featured_media":2188,"comment_status":"closed","ping_status":"closed","template":"","meta":[],"product_brand":[],"product_cat":[50],"product_tag":[45,44],"class_list":{"0":"post-2195","1":"product","2":"type-product","3":"status-publish","4":"has-post-thumbnail","6":"product_cat-thermiques_stiga","7":"product_tag-autoportee","8":"product_tag-tondeuse","10":"first","11":"instock","12":"taxable","13":"shipping-taxable","14":"product-type-simple"},"_links":{"self":[{"href":"https:\/\/www.sarlbml.fr\/sarlbml\/wp-json\/wp\/v2\/product\/2195","targetHints":{"allow":["GET"]}}],"collection":[{"href":"https:\/\/www.sarlbml.fr\/sarlbml\/wp-json\/wp\/v2\/product"}],"about":[{"href":"https:\/\/www.sarlbml.fr\/sarlbml\/wp-json\/wp\/v2\/types\/product"}],"replies":[{"embeddable":true,"href":"https:\/\/www.sarlbml.fr\/sarlbml\/wp-json\/wp\/v2\/comments?post=2195"}],"wp:featuredmedia":[{"embeddable":true,"href":"https:\/\/www.sarlbml.fr\/sarlbml\/wp-json\/wp\/v2\/media\/2188"}],"wp:attachment":[{"href":"https:\/\/www.sarlbml.fr\/sarlbml\/wp-json\/wp\/v2\/media?parent=2195"}],"wp:term":[{"taxonomy":"product_brand","embeddable":true,"href":"https:\/\/www.sarlbml.fr\/sarlbml\/wp-json\/wp\/v2\/product_brand?post=2195"},{"taxonomy":"product_cat","embeddable":true,"href":"https:\/\/www.sarlbml.fr\/sarlbml\/wp-json\/wp\/v2\/product_cat?post=2195"},{"taxonomy":"product_tag","embeddable":true,"href":"https:\/\/www.sarlbml.fr\/sarlbml\/wp-json\/wp\/v2\/product_tag?post=2195"}],"curies":[{"name":"wp","href":"https:\/\/api.w.org\/{rel}","templated":true}]}}