{"id":2179,"date":"2019-03-12T17:15:28","date_gmt":"2019-03-12T16:15:28","guid":{"rendered":"https:\/\/www.sarlbml.fr\/sarlbml\/?post_type=product&#038;p=2179"},"modified":"2019-03-22T17:42:52","modified_gmt":"2019-03-22T16:42:52","slug":"stiga-multiclip-55-svxh","status":"publish","type":"product","link":"https:\/\/www.sarlbml.fr\/sarlbml\/boutique\/stiga-multiclip-55-svxh\/","title":{"rendered":"STIGA Multiclip 55 SVX H"},"content":{"rendered":"<p>La tondeuse STIGA\u00a0Multiclip\u00a0Pro\u00a053\u00a0SVX\u00a0H a \u00e9t\u00e9 sp\u00e9cialement con\u00e7ue pour le mulching\u00a0; technique qui permet de broyer l\u2019herbe coup\u00e9e pour s&rsquo;en servir comme engrais de gazon naturel. Cette tondeuse est dot\u00e9e d&rsquo;un r\u00e9gulateur de vitesse qui permet de l&rsquo;utiliser sur tout type de pelouse et pour tout type de coupe. Cette tondeuse solide est \u00e9quip\u00e9e d&rsquo;un moteur HONDA GCVx170 Autochoke de 167\u00a0cm\u00b3 d&rsquo;une puissance nette de 3,30\u00a0kW \u00e0 2\u00a0900\u00a0tr\/min\u00a0; elle est en aluminium et propose une largeur de coupe de 51\u00a0cm. Un levier centralis\u00e9 permet de r\u00e9gler la hauteur de coupe sur cinq positions allant de\u00a030 \u00e0\u00a065\u00a0mm. Le syst\u00e8me antivibration am\u00e9liore le confort d\u2019utilisation en r\u00e9duisant les vibrations du moteur. Le guidon Pro peut \u00eatre r\u00e9gl\u00e9 en hauteur et en position lat\u00e9rale permettant ainsi de tondre la pelouse confortablement, jusqu&rsquo;aux recoins plus inaccessibles pr\u00e8s de murs et de buissons. La tondeuse\u00a0Multiclip\u00a0Pro\u00a053\u00a0SVX\u00a0H est \u00e9quip\u00e9e d&rsquo;un pare-chocs avant et de roues en aluminium \u00e0 profil tendre.<\/p>\n","protected":false},"excerpt":{"rendered":"<p>Tondeuse \u00e9quip\u00e9e d&rsquo;un moteur thermique de 167\u00a0cm\u00b3 \u00e0 r\u00e9glage de la vitesse. Syst\u00e8me mulching et roues avant motrices.<\/p>\n<p><em>&#8211; Moteur thermique Honda de 167 cm\u00b3<\/em><\/p>\n<p><em>&#8211; Tract\u00e9e<\/em><\/p>\n<p><em>&#8211; Largeur de coupe de 51 cm<\/em><\/p>\n<p><em>&#8211; Fonction mulching Stiga Multiclip<\/em><\/p>\n<p>&nbsp;<\/p>\n<p><a href=\"https:\/\/www.ateliersterenn.com\/outillage\/outils-motorises\/tondeuses-et-autoportees\/tondeuse-thermique-stiga-multiclip-pro-53-svxh\" target=\"_blank\" rel=\"noopener noreferrer\">Commander via Atelier Sterenn<\/a><\/p>\n<p> <a class=\"continue-reading-link\" href=\"https:\/\/www.sarlbml.fr\/sarlbml\/boutique\/stiga-multiclip-55-svxh\/\"><span>Lire la suite<\/span><i class=\"crycon-right-dir\"><\/i><\/a> <\/p>\n","protected":false},"featured_media":2172,"comment_status":"closed","ping_status":"closed","template":"","meta":[],"product_brand":[],"product_cat":[50],"product_tag":[45,44],"class_list":{"0":"post-2179","1":"product","2":"type-product","3":"status-publish","4":"has-post-thumbnail","6":"product_cat-thermiques_stiga","7":"product_tag-autoportee","8":"product_tag-tondeuse","10":"first","11":"instock","12":"taxable","13":"shipping-taxable","14":"product-type-simple"},"_links":{"self":[{"href":"https:\/\/www.sarlbml.fr\/sarlbml\/wp-json\/wp\/v2\/product\/2179","targetHints":{"allow":["GET"]}}],"collection":[{"href":"https:\/\/www.sarlbml.fr\/sarlbml\/wp-json\/wp\/v2\/product"}],"about":[{"href":"https:\/\/www.sarlbml.fr\/sarlbml\/wp-json\/wp\/v2\/types\/product"}],"replies":[{"embeddable":true,"href":"https:\/\/www.sarlbml.fr\/sarlbml\/wp-json\/wp\/v2\/comments?post=2179"}],"wp:featuredmedia":[{"embeddable":true,"href":"https:\/\/www.sarlbml.fr\/sarlbml\/wp-json\/wp\/v2\/media\/2172"}],"wp:attachment":[{"href":"https:\/\/www.sarlbml.fr\/sarlbml\/wp-json\/wp\/v2\/media?parent=2179"}],"wp:term":[{"taxonomy":"product_brand","embeddable":true,"href":"https:\/\/www.sarlbml.fr\/sarlbml\/wp-json\/wp\/v2\/product_brand?post=2179"},{"taxonomy":"product_cat","embeddable":true,"href":"https:\/\/www.sarlbml.fr\/sarlbml\/wp-json\/wp\/v2\/product_cat?post=2179"},{"taxonomy":"product_tag","embeddable":true,"href":"https:\/\/www.sarlbml.fr\/sarlbml\/wp-json\/wp\/v2\/product_tag?post=2179"}],"curies":[{"name":"wp","href":"https:\/\/api.w.org\/{rel}","templated":true}]}}