{"id":2155,"date":"2019-03-12T16:53:11","date_gmt":"2019-03-12T15:53:11","guid":{"rendered":"https:\/\/www.sarlbml.fr\/sarlbml\/?post_type=product&#038;p=2155"},"modified":"2019-03-22T17:50:58","modified_gmt":"2019-03-22T16:50:58","slug":"stiga-combi-55-sq","status":"publish","type":"product","link":"https:\/\/www.sarlbml.fr\/sarlbml\/boutique\/stiga-combi-55-sq\/","title":{"rendered":"STIGA Combi 55 SQ"},"content":{"rendered":"<p>La tondeuse puissante et polyvalente STIGA\u00a0Combi\u00a055\u00a0SQ propose un bac de ramassage de 70\u00a0litres avec indicateur de remplissage et une largeur de coupe de 53\u00a0cm. Le r\u00e9glage de la hauteur de coupe est centralis\u00e9 et permet de choisir parmi cinq positions allant de 25\u00a0\u00e0 80\u00a0mm \u00e0 l&rsquo;aide d\u2019une poign\u00e9e ergonomique. Le ch\u00e2ssis robuste en acier prot\u00e8ge un moteur STIGA\u00a0ST\u00a0170\u00a0LS fiable et efficace de 166\u00a0cm\u00b3 d&rsquo;une puissance nette de 2,6\u00a0kW \u00e0 2\u00a0900\u00a0tr\/min. L&rsquo;efficacit\u00e9 de coupe est optimis\u00e9e par 4\u00a0syst\u00e8mes de coupe offrant les fonctions de ramassage, \u00e9jection lat\u00e9rale, \u00e9jection arri\u00e8re de l\u2019herbe et mulching. Le guidon ergonomique, r\u00e9glable et repliable accro\u00eet le confort d&rsquo;utilisation et le rangement de la tondeuse Combi\u00a055\u00a0SQ. D\u00e9flecteur lat\u00e9ral et obturateur mulching fournis.<\/p>\n","protected":false},"excerpt":{"rendered":"<p>Tondeuse \u00e0 gazon autotract\u00e9e \u00e9quip\u00e9e d&rsquo;un moteur thermique de 166\u00a0cm\u00b3 et 4\u00a0syst\u00e8mes de coupe\u00a0: ramassage, mulching, \u00e9jection lat\u00e9rale et \u00e9jection arri\u00e8re de l&rsquo;herbe. Bac de ramassage de\u00a070\u00a0litres.<\/p>\n<p><em>&#8211; Moteur thermique Stiga de 166 cm\u00b3<\/em><\/p>\n<p><em>&#8211; Tract\u00e9e \u00e0 l&rsquo;aide du syst\u00e8me DSC (contr\u00f4le dynamique de la vitesse) permettant un enclenchement graduel de la transmission<\/em><\/p>\n<p><em>&#8211; Largeur de coupe de 53 cm<\/em><\/p>\n<p><em>&#8211; Bac de ramassage de 70 litres muni d&rsquo;un indicateur de remplissage<\/em><\/p>\n<p><em>&#8211; 4 syst\u00e8mes de coupe : modes ramassage, mulching, \u00e9jection lat\u00e9rale ou arri\u00e8re<\/em><\/p>\n<p>&nbsp;<\/p>\n<p><a href=\"https:\/\/www.ateliersterenn.com\/outillage\/outils-motorises\/tondeuses-et-autoportees\/tondeuse-thermique-stiga-combi55sq\" target=\"_blank\" rel=\"noopener noreferrer\">Commander via Atelier Sterenn<\/a><\/p>\n<p> <a class=\"continue-reading-link\" href=\"https:\/\/www.sarlbml.fr\/sarlbml\/boutique\/stiga-combi-55-sq\/\"><span>Lire la suite<\/span><i class=\"crycon-right-dir\"><\/i><\/a> <\/p>\n","protected":false},"featured_media":2148,"comment_status":"closed","ping_status":"closed","template":"","meta":[],"product_brand":[],"product_cat":[50],"product_tag":[45,44],"class_list":{"0":"post-2155","1":"product","2":"type-product","3":"status-publish","4":"has-post-thumbnail","6":"product_cat-thermiques_stiga","7":"product_tag-autoportee","8":"product_tag-tondeuse","10":"first","11":"instock","12":"taxable","13":"shipping-taxable","14":"product-type-simple"},"_links":{"self":[{"href":"https:\/\/www.sarlbml.fr\/sarlbml\/wp-json\/wp\/v2\/product\/2155","targetHints":{"allow":["GET"]}}],"collection":[{"href":"https:\/\/www.sarlbml.fr\/sarlbml\/wp-json\/wp\/v2\/product"}],"about":[{"href":"https:\/\/www.sarlbml.fr\/sarlbml\/wp-json\/wp\/v2\/types\/product"}],"replies":[{"embeddable":true,"href":"https:\/\/www.sarlbml.fr\/sarlbml\/wp-json\/wp\/v2\/comments?post=2155"}],"wp:featuredmedia":[{"embeddable":true,"href":"https:\/\/www.sarlbml.fr\/sarlbml\/wp-json\/wp\/v2\/media\/2148"}],"wp:attachment":[{"href":"https:\/\/www.sarlbml.fr\/sarlbml\/wp-json\/wp\/v2\/media?parent=2155"}],"wp:term":[{"taxonomy":"product_brand","embeddable":true,"href":"https:\/\/www.sarlbml.fr\/sarlbml\/wp-json\/wp\/v2\/product_brand?post=2155"},{"taxonomy":"product_cat","embeddable":true,"href":"https:\/\/www.sarlbml.fr\/sarlbml\/wp-json\/wp\/v2\/product_cat?post=2155"},{"taxonomy":"product_tag","embeddable":true,"href":"https:\/\/www.sarlbml.fr\/sarlbml\/wp-json\/wp\/v2\/product_tag?post=2155"}],"curies":[{"name":"wp","href":"https:\/\/api.w.org\/{rel}","templated":true}]}}