{"id":2131,"date":"2019-03-12T11:53:03","date_gmt":"2019-03-12T10:53:03","guid":{"rendered":"https:\/\/www.sarlbml.fr\/sarlbml\/?post_type=product&#038;p=2131"},"modified":"2019-03-22T17:59:38","modified_gmt":"2019-03-22T16:59:38","slug":"stiga-combi-50-sveq","status":"publish","type":"product","link":"https:\/\/www.sarlbml.fr\/sarlbml\/boutique\/stiga-combi-50-sveq\/","title":{"rendered":"STIGA Combi 50 SVEQ"},"content":{"rendered":"<p>La tondeuse STIGA Combi\u00a050\u00a0SVEQ offre une largeur de coupe de\u00a048\u00a0cm et un syst\u00e8me de hauteur de coupe centralis\u00e9 pouvant \u00eatre r\u00e9gl\u00e9 avec un levier sur cinq positions allant de\u00a025 \u00e0\u00a065\u00a0mm. Son moteur STIGA ST\u00a0170\u00a0LS hautes performances fiable de 166\u00a0cm\u00b3 et d\u2019une puissance nette de 2,60\u00a0kW \u00e0\u00a02900\u00a0tr\/min occupe un ch\u00e2ssis solide en acier. Il est \u00e9quip\u00e9 d&rsquo;un bouton de d\u00e9marrage \u00e9lectrique et d&rsquo;un r\u00e9gulateur de vitesse. Le bac de ramassage de\u00a070\u00a0litres \u00e0 insertion facile est muni d&rsquo;un indicateur de remplissage. Cette tondeuse permet non seulement un ramassage tr\u00e8s efficace de l&rsquo;herbe, mais peut \u00e9galement \u00eatre utilis\u00e9e en mode \u00e9jection arri\u00e8re, \u00e9jection lat\u00e9rale de l\u2019herbe ou mulching pour fertiliser naturellement le sol. La tondeuse Combi\u00a050\u00a0SVEQ\u00a0B est \u00e9quip\u00e9e d&rsquo;un guidon ergonomique r\u00e9glable qui assure le confort et la facilit\u00e9 de son utilisation. D\u00e9flecteur lat\u00e9ral et obturateur mulching fournis.<\/p>\n","protected":false},"excerpt":{"rendered":"<p>Tondeuse \u00e0 gazon autotract\u00e9e \u00e9quip\u00e9e d&rsquo;un moteur thermique de 166\u00a0cm\u00b3 \u00e0 d\u00e9marrage \u00e9lectrique. 4\u00a0syst\u00e8mes de coupe\u00a0: modes ramassage, mulching, \u00e9jection lat\u00e9rale et \u00e9jection arri\u00e8re de l&rsquo;herbe. Bac de ramassage de 70\u00a0litres fourni.<\/p>\n<p><em>&#8211; Moteur thermique Stiga de 166 cm\u00b3 \u00e0 d\u00e9marrage \u00e9lectrique<\/em><\/p>\n<p><em>&#8211; Tract\u00e9e \u00e0 l&rsquo;aide du syst\u00e8me DSC (contr\u00f4le dynamique de la vitesse) permettant un enclenchement graduel de la transmission<\/em><\/p>\n<p><em>&#8211; Largeur de coupe de 48 cm<\/em><\/p>\n<p><em>&#8211; Bac de ramassage de 70 litres muni d&rsquo;un indicateur de remplissage<\/em><\/p>\n<p><em>&#8211; 4 syst\u00e8mes de coupe : modes ramassage, mulching, \u00e9jection lat\u00e9rale ou arri\u00e8re<\/em><\/p>\n<p>&nbsp;<\/p>\n<p><a href=\"https:\/\/www.ateliersterenn.com\/outillage\/outils-motorises\/tondeuses-et-autoportees\/tondeuse-thermique-stiga-combi-50sveq\" target=\"_blank\" rel=\"noopener noreferrer\">Commander via Atelier Sterenn<\/a><\/p>\n<p> <a class=\"continue-reading-link\" href=\"https:\/\/www.sarlbml.fr\/sarlbml\/boutique\/stiga-combi-50-sveq\/\"><span>Lire la suite<\/span><i class=\"crycon-right-dir\"><\/i><\/a> <\/p>\n","protected":false},"featured_media":2124,"comment_status":"closed","ping_status":"closed","template":"","meta":[],"product_brand":[],"product_cat":[50],"product_tag":[45,44],"class_list":{"0":"post-2131","1":"product","2":"type-product","3":"status-publish","4":"has-post-thumbnail","6":"product_cat-thermiques_stiga","7":"product_tag-autoportee","8":"product_tag-tondeuse","10":"first","11":"instock","12":"taxable","13":"shipping-taxable","14":"product-type-simple"},"_links":{"self":[{"href":"https:\/\/www.sarlbml.fr\/sarlbml\/wp-json\/wp\/v2\/product\/2131","targetHints":{"allow":["GET"]}}],"collection":[{"href":"https:\/\/www.sarlbml.fr\/sarlbml\/wp-json\/wp\/v2\/product"}],"about":[{"href":"https:\/\/www.sarlbml.fr\/sarlbml\/wp-json\/wp\/v2\/types\/product"}],"replies":[{"embeddable":true,"href":"https:\/\/www.sarlbml.fr\/sarlbml\/wp-json\/wp\/v2\/comments?post=2131"}],"wp:featuredmedia":[{"embeddable":true,"href":"https:\/\/www.sarlbml.fr\/sarlbml\/wp-json\/wp\/v2\/media\/2124"}],"wp:attachment":[{"href":"https:\/\/www.sarlbml.fr\/sarlbml\/wp-json\/wp\/v2\/media?parent=2131"}],"wp:term":[{"taxonomy":"product_brand","embeddable":true,"href":"https:\/\/www.sarlbml.fr\/sarlbml\/wp-json\/wp\/v2\/product_brand?post=2131"},{"taxonomy":"product_cat","embeddable":true,"href":"https:\/\/www.sarlbml.fr\/sarlbml\/wp-json\/wp\/v2\/product_cat?post=2131"},{"taxonomy":"product_tag","embeddable":true,"href":"https:\/\/www.sarlbml.fr\/sarlbml\/wp-json\/wp\/v2\/product_tag?post=2131"}],"curies":[{"name":"wp","href":"https:\/\/api.w.org\/{rel}","templated":true}]}}