{"id":2087,"date":"2019-03-12T10:47:10","date_gmt":"2019-03-12T09:47:10","guid":{"rendered":"https:\/\/www.sarlbml.fr\/sarlbml\/?post_type=product&#038;p=2087"},"modified":"2019-03-22T16:48:55","modified_gmt":"2019-03-22T15:48:55","slug":"stiga-tornado-2098-h","status":"publish","type":"product","link":"https:\/\/www.sarlbml.fr\/sarlbml\/boutique\/stiga-tornado-2098-h\/","title":{"rendered":"STIGA Tornado 2098 H"},"content":{"rendered":"<p>La nouvelle tondeuse autoport\u00e9e STIGA\u00a0Tornado\u00a02098\u00a0H est la solution id\u00e9ale pour tondre une pelouse avec la fonction \u00e9jection lat\u00e9rale ou en utilisant le syst\u00e8me mulching STIGA Multiclip. Cette tondeuse est \u00e9quip\u00e9e d&rsquo;un moteur thermique STIGA d&rsquo;une puissance nette de 8,4\u00a0kW \u00e0 2\u00a0800\u00a0tr\/min et d&rsquo;une transmission hydrostatique \u00e0 p\u00e9dale. Le carter de 98\u00a0cm \u00e0 deux lames propose sept r\u00e9glages diff\u00e9rents de la hauteur de coupe de\u00a025 \u00e0\u00a080\u00a0mm. Chargeur de batterie, pare-chocs avant et obturateur mulching inclus.<\/p>\n<p>La p\u00e9dale permet d&rsquo;ajuster facilement la vitesse sans devoir changer de vitesse.<\/p>\n<p>Ce bouton pratique permet de tondre en marche arri\u00e8re.<\/p>\n<p>La tondeuse autoport\u00e9e comprend un compartiment de rangement et un porte-gobelet.<\/p>\n<p>Cette tondeuse est \u00e9quip\u00e9e d&rsquo;un moteur\u00a0STIGA monocylindre de 452\u00a0cm\u00b3.<\/p>\n<p>La nouvelle conception du capot donne au produit une apparence moderne et attrayante.<\/p>\n","protected":false},"excerpt":{"rendered":"<p>Tondeuse autoport\u00e9e thermique \u00e9quip\u00e9e d&rsquo;un moteur STIGA de 452\u00a0cm\u00b3 et d&rsquo;un carter de 98\u00a0cm \u00e0 deux lames.<\/p>\n<p><em>&#8211; Moteur Stiga d&rsquo;une puissance de 8,4 kW \u00e0 2 800 tr\/min<\/em><\/p>\n<p><em>&#8211; Transmission hydrostatique actionn\u00e9e par p\u00e9dale<\/em><\/p>\n<p><em>&#8211; Carter de 98 cm \u00e9quip\u00e9 de roues anti-scalp<\/em><\/p>\n<p><em>&#8211; Pare-chocs avant<\/em><\/p>\n<p><em>&#8211; Charge de batterie et kit mulching Stiga Multiclip inclus<\/em><\/p>\n<p>&nbsp;<\/p>\n<p><a href=\"https:\/\/www.ateliersterenn.com\/outillage\/outils-motorises\/tondeuses-et-autoportees\/tracteur-tondeuse-stiga-tornado-2098h\" target=\"_blank\" rel=\"noopener noreferrer\">Commander via Atelier Sterenn<\/a><\/p>\n<p> <a class=\"continue-reading-link\" href=\"https:\/\/www.sarlbml.fr\/sarlbml\/boutique\/stiga-tornado-2098-h\/\"><span>Lire la suite<\/span><i class=\"crycon-right-dir\"><\/i><\/a> <\/p>\n","protected":false},"featured_media":2076,"comment_status":"closed","ping_status":"closed","template":"","meta":[],"product_brand":[],"product_cat":[49],"product_tag":[45,44],"class_list":{"0":"post-2087","1":"product","2":"type-product","3":"status-publish","4":"has-post-thumbnail","6":"product_cat-autoportees_stiga","7":"product_tag-autoportee","8":"product_tag-tondeuse","10":"first","11":"instock","12":"taxable","13":"shipping-taxable","14":"product-type-simple"},"_links":{"self":[{"href":"https:\/\/www.sarlbml.fr\/sarlbml\/wp-json\/wp\/v2\/product\/2087","targetHints":{"allow":["GET"]}}],"collection":[{"href":"https:\/\/www.sarlbml.fr\/sarlbml\/wp-json\/wp\/v2\/product"}],"about":[{"href":"https:\/\/www.sarlbml.fr\/sarlbml\/wp-json\/wp\/v2\/types\/product"}],"replies":[{"embeddable":true,"href":"https:\/\/www.sarlbml.fr\/sarlbml\/wp-json\/wp\/v2\/comments?post=2087"}],"wp:featuredmedia":[{"embeddable":true,"href":"https:\/\/www.sarlbml.fr\/sarlbml\/wp-json\/wp\/v2\/media\/2076"}],"wp:attachment":[{"href":"https:\/\/www.sarlbml.fr\/sarlbml\/wp-json\/wp\/v2\/media?parent=2087"}],"wp:term":[{"taxonomy":"product_brand","embeddable":true,"href":"https:\/\/www.sarlbml.fr\/sarlbml\/wp-json\/wp\/v2\/product_brand?post=2087"},{"taxonomy":"product_cat","embeddable":true,"href":"https:\/\/www.sarlbml.fr\/sarlbml\/wp-json\/wp\/v2\/product_cat?post=2087"},{"taxonomy":"product_tag","embeddable":true,"href":"https:\/\/www.sarlbml.fr\/sarlbml\/wp-json\/wp\/v2\/product_tag?post=2087"}],"curies":[{"name":"wp","href":"https:\/\/api.w.org\/{rel}","templated":true}]}}