{"id":2075,"date":"2019-03-11T19:00:26","date_gmt":"2019-03-11T18:00:26","guid":{"rendered":"https:\/\/www.sarlbml.fr\/sarlbml\/?post_type=product&#038;p=2075"},"modified":"2019-03-22T16:52:37","modified_gmt":"2019-03-22T15:52:37","slug":"stiga-estate-7122-hws","status":"publish","type":"product","link":"https:\/\/www.sarlbml.fr\/sarlbml\/boutique\/stiga-estate-7122-hws\/","title":{"rendered":"STIGA Estate 7122 HWS"},"content":{"rendered":"<p>La tondeuse STIGA\u00a0Estate\u00a07122\u00a0HWS est \u00e9quip\u00e9e d&rsquo;un moteur Briggs &amp; Stratton bicylindre d&rsquo;une puissance nette de 11,3\u00a0kW \u00e0 2\u00a0700\u00a0tr\/min et de la fonction Easy Start. Le nouveau capot poss\u00e8de des phares \u00e0 LED puissants et un grand r\u00e9servoir facile d\u2019acc\u00e8s. Cette tondeuse est dot\u00e9e d&rsquo;une transmission hydrostatique actionn\u00e9e par p\u00e9dale, d&rsquo;un plateau de coupe de 122\u00a0cm \u00e0 deux lames synchronis\u00e9es, de roues anti-scalp, de sept positions de hauteur de coupe (entre 30 et 90\u00a0mm) et d&rsquo;un embrayage de lame \u00e9lectromagn\u00e9tique. La tondeuse peut r\u00e9cup\u00e9rer l&rsquo;herbe coup\u00e9e dans le bac de ramassage de 320\u00a0litres ou la broyer avec la fonction STIGA Multiclip en ins\u00e9rant l&rsquo;obturateur mulching fourni. Le mod\u00e8le\u00a0Estate\u00a07122\u00a0HWS poss\u00e8de des caract\u00e9ristiques de pointe comme un volant ergonomique, un si\u00e8ge confortable dot\u00e9 d&rsquo;accoudoirs et d&rsquo;un dossier haut, tableau de bord de pointe permettant de surveiller les indicateurs de fonctionnement et un r\u00e9gulateur permettant de maintenir une vitesse constante. Chargeur de batterie, pare-chocs avant, kit mulching et kit attache remorque inclus.<\/p>\n<p>L&rsquo;essieu avant en fonte de la tondeuse en assure la solidit\u00e9 optimale.<\/p>\n<p>La tondeuse est \u00e9quip\u00e9e d&rsquo;un r\u00e9gulateur de vitesse (actionn\u00e9 par bouton) permettant de maintenir une vitesse constante et d&rsquo;optimiser la consommation de carburant.<\/p>\n<p>L&rsquo;\u00e9cran multifonction \u00e0 6\u00a0LED facilite la surveillance des indicateurs de fonctionnement. La fonction Easy Start permet de d\u00e9marrer la tondeuse automatiquement sans starter.<\/p>\n<p>Carter de 122\u00a0cm avec deux lames synchronis\u00e9es et roues anti-scalp. La hauteur de coupe se r\u00e8gle sur sept positions diff\u00e9rentes (de 30\u00a0\u00e0 90\u00a0mm) et les lames s&rsquo;actionnent via un embrayage \u00e9lectromagn\u00e9tique.<\/p>\n<p>Le capot a \u00e9t\u00e9 repens\u00e9 pour une puissance moteur et une admission d&rsquo;air optimis\u00e9es, et pour accueillir un plus grand r\u00e9servoir de carburant. Le bouchon ext\u00e9rieur en facilite l&rsquo;acc\u00e8s.<\/p>\n<p>Le si\u00e8ge de la tondeuse est \u00e9quip\u00e9 d&rsquo;accoudoirs pour assurer un confort de conduite optimal.<\/p>\n","protected":false},"excerpt":{"rendered":"<p>Tondeuse autoport\u00e9e thermique \u00e9quip\u00e9e d&rsquo;un moteur B&amp;S de 656\u00a0cm\u00b3, d&rsquo;un carter de 122\u00a0cm avec deux lames synchronis\u00e9es et d&rsquo;un bac de ramassage arri\u00e8re de 320\u00a0litres.<\/p>\n<p><em>&#8211; Moteur B&amp;S bicylindre d&rsquo;une puissance de 11,3 kW \u00e0 2 700 tr\/min avec fonction easy start<\/em><\/p>\n<p><em>&#8211; Transmission hydrostatique actionn\u00e9e par p\u00e9dale et r\u00e9gulateur de vitesse<\/em><\/p>\n<p><em>&#8211; Carter de 122 cm<\/em><\/p>\n<p><em>&#8211; Bac de ramassage de 320 litres<\/em><\/p>\n<p><em>&#8211; Phares \u00e0 LED et pare-chocs avant<\/em><\/p>\n<p><em>&#8211; Tableau de bord avec indicateurs de fonctionnement<\/em><\/p>\n<p><em>&#8211; Charge de batterie et kit mulching Stiga Multiclip inclus<\/em><\/p>\n<p>&nbsp;<\/p>\n<p><a href=\"https:\/\/www.ateliersterenn.com\/outillage\/outils-motorises\/tondeuses-et-autoportees\/tracteur-tondeuse-stiga-estate-7122-hws\" target=\"_blank\" rel=\"noopener noreferrer\">Commander via Atelier Sterenn<\/a><\/p>\n<p> <a class=\"continue-reading-link\" href=\"https:\/\/www.sarlbml.fr\/sarlbml\/boutique\/stiga-estate-7122-hws\/\"><span>Lire la suite<\/span><i class=\"crycon-right-dir\"><\/i><\/a> <\/p>\n","protected":false},"featured_media":2063,"comment_status":"closed","ping_status":"closed","template":"","meta":[],"product_brand":[],"product_cat":[49],"product_tag":[45,44],"class_list":{"0":"post-2075","1":"product","2":"type-product","3":"status-publish","4":"has-post-thumbnail","6":"product_cat-autoportees_stiga","7":"product_tag-autoportee","8":"product_tag-tondeuse","10":"first","11":"instock","12":"taxable","13":"shipping-taxable","14":"product-type-simple"},"_links":{"self":[{"href":"https:\/\/www.sarlbml.fr\/sarlbml\/wp-json\/wp\/v2\/product\/2075","targetHints":{"allow":["GET"]}}],"collection":[{"href":"https:\/\/www.sarlbml.fr\/sarlbml\/wp-json\/wp\/v2\/product"}],"about":[{"href":"https:\/\/www.sarlbml.fr\/sarlbml\/wp-json\/wp\/v2\/types\/product"}],"replies":[{"embeddable":true,"href":"https:\/\/www.sarlbml.fr\/sarlbml\/wp-json\/wp\/v2\/comments?post=2075"}],"wp:featuredmedia":[{"embeddable":true,"href":"https:\/\/www.sarlbml.fr\/sarlbml\/wp-json\/wp\/v2\/media\/2063"}],"wp:attachment":[{"href":"https:\/\/www.sarlbml.fr\/sarlbml\/wp-json\/wp\/v2\/media?parent=2075"}],"wp:term":[{"taxonomy":"product_brand","embeddable":true,"href":"https:\/\/www.sarlbml.fr\/sarlbml\/wp-json\/wp\/v2\/product_brand?post=2075"},{"taxonomy":"product_cat","embeddable":true,"href":"https:\/\/www.sarlbml.fr\/sarlbml\/wp-json\/wp\/v2\/product_cat?post=2075"},{"taxonomy":"product_tag","embeddable":true,"href":"https:\/\/www.sarlbml.fr\/sarlbml\/wp-json\/wp\/v2\/product_tag?post=2075"}],"curies":[{"name":"wp","href":"https:\/\/api.w.org\/{rel}","templated":true}]}}