{"id":2062,"date":"2019-03-11T18:50:27","date_gmt":"2019-03-11T17:50:27","guid":{"rendered":"https:\/\/www.sarlbml.fr\/sarlbml\/?post_type=product&#038;p=2062"},"modified":"2019-03-22T16:55:20","modified_gmt":"2019-03-22T15:55:20","slug":"stiga-estate-7102-hswy","status":"publish","type":"product","link":"https:\/\/www.sarlbml.fr\/sarlbml\/boutique\/stiga-estate-7102-hswy\/","title":{"rendered":"STIGA Estate 7102 HWSY"},"content":{"rendered":"<p>La tondeuse STIGA\u00a0Estate\u00a07102\u00a0HWSY est \u00e9quip\u00e9e d&rsquo;un moteur Kawasaki bicylindre d&rsquo;une puissance nette de 9,7\u00a0kW \u00e0 2\u00a0300\u00a0tr\/min. Le nouveau capot est dot\u00e9 de puissants phares \u00e0 LED et d\u2019un nouveau r\u00e9servoir de carburant \u00e0 grande capacit\u00e9 avec bouchon ext\u00e9rieur facile d\u2019acc\u00e8s. Le carter de 102\u00a0cm \u00e0 deux lames est dot\u00e9 de 4\u00a0roues anti-scalp et peut \u00eatre r\u00e9gl\u00e9 sur 7\u00a0hauteurs de coupe diff\u00e9rentes (de\u00a030 \u00e0\u00a090\u00a0mm). Les lames sont activ\u00e9es par un embrayage \u00e9lectromagn\u00e9tique par simple pression d\u2019un bouton. La tondeuse\u00a0Estate\u00a07102\u00a0HWSY peut r\u00e9cup\u00e9rer l&rsquo;herbe coup\u00e9e dans son bac de ramassage de 320\u00a0litres ou la r\u00e9utiliser gr\u00e2ce \u00e0 l\u2019obturateur mulching de la fonction STIGA Multiclip. Le tableau de bord de 14\u00a0cm (5,5&Prime;) avec \u00e9cran en couleurs permet de surveiller rapidement et facilement les r\u00e9glages gr\u00e2ce \u00e0 des ic\u00f4nes intuitives. La fonction pratique de r\u00e9gulation de la vitesse permet, quant \u00e0 elle, de maintenir une vitesse constante, optimisant ainsi le temps de coupe. Le volant ergonomique sur\u00e9lev\u00e9 et le si\u00e8ge dot\u00e9 d\u2019accoudoirs garantissent une conduite confortable. Chargeur de batterie, obturateur mulching, pare-chocs renforc\u00e9 et attache remorque inclus.<\/p>\n<p>Le bouchon ext\u00e9rieur facilite le remplissage du r\u00e9servoir.<\/p>\n<p>Le repose-pieds rev\u00eatu de caoutchouc offre une excellente traction et une surface antid\u00e9rapante pour un plus grand confort de conduite.<\/p>\n<p>Le tableau de bord de 14\u00a0cm (5,5&Prime;) en couleurs permet de surveiller rapidement et facilement les r\u00e9glages gr\u00e2ce \u00e0 des ic\u00f4nes intuitives. Il assure \u00e9galement la qualit\u00e9 de la coupe en fonction de la vitesse de conduite.<\/p>\n<p>Les phares \u00e0 LED garantissent une visibilit\u00e9 en toutes circonstances.<\/p>\n","protected":false},"excerpt":{"rendered":"<p>Tondeuse autoport\u00e9e thermique \u00e9quip\u00e9e d&rsquo;un moteur Kawasaki bicylindre de 603\u00a0cm\u00b3, d&rsquo;un carter de 102\u00a0cm \u00e0 deux lames et d&rsquo;un bac de ramassage arri\u00e8re de 320\u00a0litres.<\/p>\n<p><em>&#8211; Moteur Kawasaki bicylindre d&rsquo;une puissance de 9,7 kW \u00e0 2 300 tr\/min<\/em><\/p>\n<p><em>&#8211; Transmission hydrostatique actionn\u00e9e par p\u00e9dale et r\u00e9gulateur de vitesse<\/em><\/p>\n<p><em>&#8211; Carter de 102 cm \u00e9quip\u00e9 de quatres roues anti-scalp<\/em><\/p>\n<p><em>&#8211; Bac de ramassage de 320 litres<\/em><\/p>\n<p><em>&#8211; Phares \u00e0 LED et pare-chocs avant robuste<\/em><\/p>\n<p><em>&#8211; Tableau de bord en couleur de 5,5&Prime;<\/em><\/p>\n<p><em>&#8211; Charge de batterie et kit mulching Stiga Multiclip inclus<\/em><\/p>\n<p>&nbsp;<\/p>\n<p><a href=\"https:\/\/www.ateliersterenn.com\/outillage\/outils-motorises\/tondeuses-et-autoportees\/tracteur-tondeuse-stiga-estate-7102-hws\" target=\"_blank\" rel=\"noopener noreferrer\">Commander via Atelier Sterenn<\/a><\/p>\n<p> <a class=\"continue-reading-link\" href=\"https:\/\/www.sarlbml.fr\/sarlbml\/boutique\/stiga-estate-7102-hswy\/\"><span>Lire la suite<\/span><i class=\"crycon-right-dir\"><\/i><\/a> <\/p>\n","protected":false},"featured_media":2051,"comment_status":"closed","ping_status":"closed","template":"","meta":[],"product_brand":[],"product_cat":[49],"product_tag":[45,44],"class_list":{"0":"post-2062","1":"product","2":"type-product","3":"status-publish","4":"has-post-thumbnail","6":"product_cat-autoportees_stiga","7":"product_tag-autoportee","8":"product_tag-tondeuse","10":"first","11":"instock","12":"taxable","13":"shipping-taxable","14":"product-type-simple"},"_links":{"self":[{"href":"https:\/\/www.sarlbml.fr\/sarlbml\/wp-json\/wp\/v2\/product\/2062","targetHints":{"allow":["GET"]}}],"collection":[{"href":"https:\/\/www.sarlbml.fr\/sarlbml\/wp-json\/wp\/v2\/product"}],"about":[{"href":"https:\/\/www.sarlbml.fr\/sarlbml\/wp-json\/wp\/v2\/types\/product"}],"replies":[{"embeddable":true,"href":"https:\/\/www.sarlbml.fr\/sarlbml\/wp-json\/wp\/v2\/comments?post=2062"}],"wp:featuredmedia":[{"embeddable":true,"href":"https:\/\/www.sarlbml.fr\/sarlbml\/wp-json\/wp\/v2\/media\/2051"}],"wp:attachment":[{"href":"https:\/\/www.sarlbml.fr\/sarlbml\/wp-json\/wp\/v2\/media?parent=2062"}],"wp:term":[{"taxonomy":"product_brand","embeddable":true,"href":"https:\/\/www.sarlbml.fr\/sarlbml\/wp-json\/wp\/v2\/product_brand?post=2062"},{"taxonomy":"product_cat","embeddable":true,"href":"https:\/\/www.sarlbml.fr\/sarlbml\/wp-json\/wp\/v2\/product_cat?post=2062"},{"taxonomy":"product_tag","embeddable":true,"href":"https:\/\/www.sarlbml.fr\/sarlbml\/wp-json\/wp\/v2\/product_tag?post=2062"}],"curies":[{"name":"wp","href":"https:\/\/api.w.org\/{rel}","templated":true}]}}