{"id":2037,"date":"2019-03-11T18:33:29","date_gmt":"2019-03-11T17:33:29","guid":{"rendered":"https:\/\/www.sarlbml.fr\/sarlbml\/?post_type=product&#038;p=2037"},"modified":"2019-03-22T17:00:32","modified_gmt":"2019-03-22T16:00:32","slug":"stiga-estate-3398-hw","status":"publish","type":"product","link":"https:\/\/www.sarlbml.fr\/sarlbml\/boutique\/stiga-estate-3398-hw\/","title":{"rendered":"STIGA Estate 3398 HW"},"content":{"rendered":"<p>La nouvelle tondeuse autoport\u00e9e STIGA\u00a0Estate\u00a03398\u00a0HW est \u00e9quip\u00e9e d&rsquo;un moteur Briggs &amp; Stratton bicylindre d&rsquo;une puissance nette de 11,45\u00a0kW \u00e0 2\u00a0800\u00a0tr\/min et d&rsquo;une transmission hydrostatique \u00e0 p\u00e9dale. La nouvelle conception du capot optimise le rendement du moteur, alors que les phares \u00e0 LED assurent une meilleure visibilit\u00e9, quelle que soit la p\u00e9riode de l\u2019ann\u00e9e. Le carter de 98\u00a0cm peut se r\u00e9gler sur sept hauteurs de coupe diff\u00e9rentes (de 25\u00a0\u00e0 80\u00a0mm) \u00e0 l&rsquo;aide d\u2019un levier pratique. Les deux lames sont activ\u00e9es par un embrayage \u00e9lectromagn\u00e9tique actionn\u00e9 par un bouton commode. Le volant ergonomique sur\u00e9lev\u00e9 am\u00e9liore, quant \u00e0 lui, le confort d&rsquo;utilisation. La tondeuse Estate\u00a03398\u00a0H est dot\u00e9e d\u2019un bac de ramassage arri\u00e8re de 240\u00a0litres, mais peut \u00e9galement broyer l&rsquo;herbe coup\u00e9e gr\u00e2ce \u00e0 l\u2019obturateur mulching STIGA Multiclip fourni. Chargeur de batterie et attache remorque \u00e9galement inclus.<\/p>\n<p>Le tableau de bord \u00e0 LED facilite la surveillance des indicateurs de fonctionnement.<\/p>\n<p>La tondeuse est livr\u00e9e avec un embout de lavage sp\u00e9cial permettant de nettoyer le carter.<\/p>\n<p>Le carter de 98\u00a0cm est \u00e9quip\u00e9 de deux lames et de deux roues anti-scalp pour une meilleure traction.<\/p>\n<p>Les nouveaux phares \u00e0 LED garantissent une visibilit\u00e9 en toutes circonstances.<\/p>\n<p>La nouvelle conception du capot donne au produit une apparence moderne et attrayante.<\/p>\n","protected":false},"excerpt":{"rendered":"<p>Tondeuse autoport\u00e9e thermique \u00e9quip\u00e9e d&rsquo;un moteur Briggs &amp; Stratton bicylindre de 656\u00a0cm\u00b3, d&rsquo;un carter de 98\u00a0cm \u00e0 deux lames et d&rsquo;un bac de ramassage arri\u00e8re de 240\u00a0litres.<\/p>\n<p><em>&#8211; Moteur B&amp;S bicylindre d&rsquo;une puissance de 11,45 kW \u00e0 2 800 tr\/min<\/em><\/p>\n<p><em>&#8211; Transmission hydrostatique actionn\u00e9e par p\u00e9dale<\/em><\/p>\n<p><em>&#8211; Carter de 98 cm \u00e9quip\u00e9 de deux roues anti-scalp<\/em><\/p>\n<p><em>&#8211; Bac de ramassage de 240 litres<\/em><\/p>\n<p><em>&#8211; Phares \u00e0 LED et pare-chocs avant robuste<\/em><\/p>\n<p><em>&#8211; Charge de batterie et kit mulching Stiga Multiclip inclus<\/em><\/p>\n<p>&nbsp;<\/p>\n<p><a href=\"https:\/\/www.ateliersterenn.com\/outillage\/outils-motorises\/tondeuses-et-autoportees\/tracteur-tondeuse-stiga-estate-3398hw\" target=\"_blank\" rel=\"noopener noreferrer\">Commander via Atelier Sterenn<\/a><\/p>\n<p> <a class=\"continue-reading-link\" href=\"https:\/\/www.sarlbml.fr\/sarlbml\/boutique\/stiga-estate-3398-hw\/\"><span>Lire la suite<\/span><i class=\"crycon-right-dir\"><\/i><\/a> <\/p>\n","protected":false},"featured_media":2023,"comment_status":"closed","ping_status":"closed","template":"","meta":[],"product_brand":[],"product_cat":[49],"product_tag":[45,44],"class_list":{"0":"post-2037","1":"product","2":"type-product","3":"status-publish","4":"has-post-thumbnail","6":"product_cat-autoportees_stiga","7":"product_tag-autoportee","8":"product_tag-tondeuse","10":"first","11":"instock","12":"taxable","13":"shipping-taxable","14":"product-type-simple"},"_links":{"self":[{"href":"https:\/\/www.sarlbml.fr\/sarlbml\/wp-json\/wp\/v2\/product\/2037","targetHints":{"allow":["GET"]}}],"collection":[{"href":"https:\/\/www.sarlbml.fr\/sarlbml\/wp-json\/wp\/v2\/product"}],"about":[{"href":"https:\/\/www.sarlbml.fr\/sarlbml\/wp-json\/wp\/v2\/types\/product"}],"replies":[{"embeddable":true,"href":"https:\/\/www.sarlbml.fr\/sarlbml\/wp-json\/wp\/v2\/comments?post=2037"}],"wp:featuredmedia":[{"embeddable":true,"href":"https:\/\/www.sarlbml.fr\/sarlbml\/wp-json\/wp\/v2\/media\/2023"}],"wp:attachment":[{"href":"https:\/\/www.sarlbml.fr\/sarlbml\/wp-json\/wp\/v2\/media?parent=2037"}],"wp:term":[{"taxonomy":"product_brand","embeddable":true,"href":"https:\/\/www.sarlbml.fr\/sarlbml\/wp-json\/wp\/v2\/product_brand?post=2037"},{"taxonomy":"product_cat","embeddable":true,"href":"https:\/\/www.sarlbml.fr\/sarlbml\/wp-json\/wp\/v2\/product_cat?post=2037"},{"taxonomy":"product_tag","embeddable":true,"href":"https:\/\/www.sarlbml.fr\/sarlbml\/wp-json\/wp\/v2\/product_tag?post=2037"}],"curies":[{"name":"wp","href":"https:\/\/api.w.org\/{rel}","templated":true}]}}