{"id":2034,"date":"2019-03-11T18:25:15","date_gmt":"2019-03-11T17:25:15","guid":{"rendered":"https:\/\/www.sarlbml.fr\/sarlbml\/?post_type=product&#038;p=2034"},"modified":"2019-03-22T17:02:56","modified_gmt":"2019-03-22T16:02:56","slug":"stiga-estate-3098-h","status":"publish","type":"product","link":"https:\/\/www.sarlbml.fr\/sarlbml\/boutique\/stiga-estate-3098-h\/","title":{"rendered":"STIGA Estate 3098 H"},"content":{"rendered":"<p>La nouvelle tondeuse autoport\u00e9e STIGA Estate 3098 H pr\u00e9sente une conception moderne mise au go\u00fbt du jour adapt\u00e9e \u00e0 tous les types d\u2019utilisateurs. Elle est \u00e9quip\u00e9e d&rsquo;un moteur thermique Briggs &amp; Stratton d&rsquo;une puissance nette de 8,6 kW \u00e0 2 600 tr\/min. Sa transmission hydrostatique \u00e0 p\u00e9dale permet une conduite ais\u00e9e sans devoir changer de vitesse. Le carter peut \u00eatre r\u00e9gl\u00e9 sur 7 hauteurs (de 25 \u00e0 80 mm) et est dot\u00e9 de deux lames \u00e0 connexion \u00e9lectromagn\u00e9tique actionnables par simple pression d\u2019un bouton pratique. La tondeuse peut r\u00e9cup\u00e9rer l&rsquo;herbe coup\u00e9e dans le bac de ramassage de 240 litres ou la r\u00e9utiliser gr\u00e2ce \u00e0 l&rsquo;obturateur mulching de la fonction STIGA Multiclip. Les phares \u00e0 LED garantissent une meilleure visibilit\u00e9, quelle que soit la luminosit\u00e9. La tondeuse Estate 3098 H propose en outre un volant ergonomique sur\u00e9lev\u00e9 pour un confort de conduite optimal. Chargeur de batterie, obturateur mulching et attache remorque inclus.<\/p>\n<p>Le tableau de bord \u00e0 LED facilite la surveillance des indicateurs de fonctionnement.<\/p>\n<p>La tondeuse est livr\u00e9e avec un embout de lavage sp\u00e9cial permettant de nettoyer le carter.<\/p>\n<p>Le carter de 98\u00a0cm est \u00e9quip\u00e9 de deux lames et de deux roues anti-scalp pour une meilleure traction.<\/p>\n<p>Les nouveaux phares \u00e0 LED garantissent une visibilit\u00e9 en toutes circonstances.<\/p>\n<p>La nouvelle conception du capot donne au produit une apparence moderne et attrayante.<\/p>\n","protected":false},"excerpt":{"rendered":"<p>Tondeuse autoport\u00e9e thermique \u00e9quip\u00e9e d&rsquo;un moteur Briggs &amp; Stratton de 500 cm\u00b3, d&rsquo;un carter de 98 cm \u00e0 deux lames et d&rsquo;un bac de ramassage arri\u00e8re de 240 litres.<\/p>\n<p><em>&#8211; Moteur B&amp;S d&rsquo;une puissance de 8,6 kW \u00e0 2 600 tr\/min<\/em><\/p>\n<p><em>&#8211; Transmission hydrostatique actionn\u00e9e par p\u00e9dale<\/em><\/p>\n<p><em>&#8211; Carter de 98 cm \u00e9quip\u00e9 de deux roues anti-scalp<\/em><\/p>\n<p><em>&#8211; Bac de ramassage de 240 litres<\/em><\/p>\n<p><em>&#8211; Phares \u00e0 LED et pare-chocs avant robuste<\/em><\/p>\n<p><em>&#8211; Charge de batterie et kit mulching Stiga Multiclip inclus<\/em><\/p>\n<p>&nbsp;<\/p>\n<p><a href=\"https:\/\/www.ateliersterenn.com\/outillage\/outils-motorises\/tondeuses-et-autoportees\/tondeuse-autoportee-stiga-estate-3098h-hyrostatique\" target=\"_blank\" rel=\"noopener noreferrer\">Commander via Atelier Sterenn<\/a><\/p>\n<p> <a class=\"continue-reading-link\" href=\"https:\/\/www.sarlbml.fr\/sarlbml\/boutique\/stiga-estate-3098-h\/\"><span>Lire la suite<\/span><i class=\"crycon-right-dir\"><\/i><\/a> <\/p>\n","protected":false},"featured_media":2023,"comment_status":"closed","ping_status":"closed","template":"","meta":[],"product_brand":[],"product_cat":[49],"product_tag":[45,44],"class_list":{"0":"post-2034","1":"product","2":"type-product","3":"status-publish","4":"has-post-thumbnail","6":"product_cat-autoportees_stiga","7":"product_tag-autoportee","8":"product_tag-tondeuse","10":"first","11":"instock","12":"taxable","13":"shipping-taxable","14":"product-type-simple"},"_links":{"self":[{"href":"https:\/\/www.sarlbml.fr\/sarlbml\/wp-json\/wp\/v2\/product\/2034","targetHints":{"allow":["GET"]}}],"collection":[{"href":"https:\/\/www.sarlbml.fr\/sarlbml\/wp-json\/wp\/v2\/product"}],"about":[{"href":"https:\/\/www.sarlbml.fr\/sarlbml\/wp-json\/wp\/v2\/types\/product"}],"replies":[{"embeddable":true,"href":"https:\/\/www.sarlbml.fr\/sarlbml\/wp-json\/wp\/v2\/comments?post=2034"}],"wp:featuredmedia":[{"embeddable":true,"href":"https:\/\/www.sarlbml.fr\/sarlbml\/wp-json\/wp\/v2\/media\/2023"}],"wp:attachment":[{"href":"https:\/\/www.sarlbml.fr\/sarlbml\/wp-json\/wp\/v2\/media?parent=2034"}],"wp:term":[{"taxonomy":"product_brand","embeddable":true,"href":"https:\/\/www.sarlbml.fr\/sarlbml\/wp-json\/wp\/v2\/product_brand?post=2034"},{"taxonomy":"product_cat","embeddable":true,"href":"https:\/\/www.sarlbml.fr\/sarlbml\/wp-json\/wp\/v2\/product_cat?post=2034"},{"taxonomy":"product_tag","embeddable":true,"href":"https:\/\/www.sarlbml.fr\/sarlbml\/wp-json\/wp\/v2\/product_tag?post=2034"}],"curies":[{"name":"wp","href":"https:\/\/api.w.org\/{rel}","templated":true}]}}