{"id":2022,"date":"2019-03-11T18:14:01","date_gmt":"2019-03-11T17:14:01","guid":{"rendered":"https:\/\/www.sarlbml.fr\/sarlbml\/?post_type=product&#038;p=2022"},"modified":"2019-03-22T17:05:27","modified_gmt":"2019-03-22T16:05:27","slug":"stiga-estate-2084-h","status":"publish","type":"product","link":"https:\/\/www.sarlbml.fr\/sarlbml\/boutique\/stiga-estate-2084-h\/","title":{"rendered":"STIGA Estate 2084 H"},"content":{"rendered":"<p>La nouvelle tondeuse autoport\u00e9e STIGA Estate 2084 H pr\u00e9sente une conception moderne mise au go\u00fbt du jour adapt\u00e9e \u00e0 tous les types d\u2019utilisateurs. Elle est \u00e9quip\u00e9e d&rsquo;un moteur thermique STIGA d&rsquo;une puissance nette de 7,4 kW \u00e0 2 400 tr\/min. Cette tondeuse est en outre dot\u00e9e d&rsquo;une transmission hydrostatique \u00e0 p\u00e9dale qui permet de contr\u00f4ler la vitesse en marche avant en continu sans devoir changer de vitesse. Le carter de 84 cm \u00e0 deux lames propose sept positions de hauteur de coupe (de 25 \u00e0 80 mm) et un embrayage de lame \u00e9lectromagn\u00e9tique pratique actionn\u00e9 par bouton. La tondeuse Estate 2084 H poss\u00e8de un bac de ramassage de 200 litres, mais elle peut \u00e9galement \u00eatre utilis\u00e9e avec la fonction mulching STIGA Multiclip. Le volant ergonomique sur\u00e9lev\u00e9 et le si\u00e8ge rembourr\u00e9 garantissent une conduite confortable. Chargeur de batterie et obturateur mulching inclus.<\/p>\n<p>La p\u00e9dale permet d&rsquo;ajuster facilement la vitesse sans devoir changer de vitesse.<\/p>\n<p>Bouton pratique permettant de tondre en marche arri\u00e8re.<\/p>\n<p>La tondeuse autoport\u00e9e comprend un compartiment de rangement et un porte-gobelet.<\/p>\n<p>La nouvelle conception du capot donne au produit une apparence moderne et attrayante.<\/p>\n","protected":false},"excerpt":{"rendered":"<p>Tondeuse autoport\u00e9e thermique \u00e9quip\u00e9e d&rsquo;un moteur STIGA de 452 cm\u00b3, d&rsquo;un carter de 84 cm \u00e0 deux lames et d&rsquo;un bac de ramassage arri\u00e8re de 200 litres.<\/p>\n<p><em>&#8211; Moteur Stiga d&rsquo;une puissance de 7,4 kW \u00e0 2 400 tr\/min<\/em><\/p>\n<p><em>&#8211; Transmission hydrostatique actionn\u00e9e par p\u00e9dale<\/em><\/p>\n<p><em>&#8211; Carter de 84 cm \u00e9quip\u00e9 de deux roues anti-scalp<\/em><\/p>\n<p><em>&#8211; Bac de ramassage de 200 litres<\/em><\/p>\n<p><em>&#8211; Charge de batterie et kit mulching Stiga Multiclip inclus<\/em><\/p>\n<p>&nbsp;<\/p>\n<p><a href=\"https:\/\/www.ateliersterenn.com\/outillage\/outils-motorises\/tondeuses-et-autoportees\/tondeuse-autoportee-stiga-estate-2084h-hydrostatique\" target=\"_blank\" rel=\"noopener noreferrer\">Commander via Atelier Sterenn<\/a><\/p>\n<p> <a class=\"continue-reading-link\" href=\"https:\/\/www.sarlbml.fr\/sarlbml\/boutique\/stiga-estate-2084-h\/\"><span>Lire la suite<\/span><i class=\"crycon-right-dir\"><\/i><\/a> <\/p>\n","protected":false},"featured_media":2011,"comment_status":"closed","ping_status":"closed","template":"","meta":[],"product_brand":[],"product_cat":[49],"product_tag":[45,44],"class_list":{"0":"post-2022","1":"product","2":"type-product","3":"status-publish","4":"has-post-thumbnail","6":"product_cat-autoportees_stiga","7":"product_tag-autoportee","8":"product_tag-tondeuse","10":"first","11":"instock","12":"taxable","13":"shipping-taxable","14":"product-type-simple"},"_links":{"self":[{"href":"https:\/\/www.sarlbml.fr\/sarlbml\/wp-json\/wp\/v2\/product\/2022","targetHints":{"allow":["GET"]}}],"collection":[{"href":"https:\/\/www.sarlbml.fr\/sarlbml\/wp-json\/wp\/v2\/product"}],"about":[{"href":"https:\/\/www.sarlbml.fr\/sarlbml\/wp-json\/wp\/v2\/types\/product"}],"replies":[{"embeddable":true,"href":"https:\/\/www.sarlbml.fr\/sarlbml\/wp-json\/wp\/v2\/comments?post=2022"}],"wp:featuredmedia":[{"embeddable":true,"href":"https:\/\/www.sarlbml.fr\/sarlbml\/wp-json\/wp\/v2\/media\/2011"}],"wp:attachment":[{"href":"https:\/\/www.sarlbml.fr\/sarlbml\/wp-json\/wp\/v2\/media?parent=2022"}],"wp:term":[{"taxonomy":"product_brand","embeddable":true,"href":"https:\/\/www.sarlbml.fr\/sarlbml\/wp-json\/wp\/v2\/product_brand?post=2022"},{"taxonomy":"product_cat","embeddable":true,"href":"https:\/\/www.sarlbml.fr\/sarlbml\/wp-json\/wp\/v2\/product_cat?post=2022"},{"taxonomy":"product_tag","embeddable":true,"href":"https:\/\/www.sarlbml.fr\/sarlbml\/wp-json\/wp\/v2\/product_tag?post=2022"}],"curies":[{"name":"wp","href":"https:\/\/api.w.org\/{rel}","templated":true}]}}