{"id":2010,"date":"2019-03-11T17:58:21","date_gmt":"2019-03-11T16:58:21","guid":{"rendered":"https:\/\/www.sarlbml.fr\/sarlbml\/?post_type=product&#038;p=2010"},"modified":"2019-03-22T17:08:31","modified_gmt":"2019-03-22T16:08:31","slug":"stiga-combi-3072-h","status":"publish","type":"product","link":"https:\/\/www.sarlbml.fr\/sarlbml\/boutique\/stiga-combi-3072-h\/","title":{"rendered":"STIGA Combi 3072 H"},"content":{"rendered":"<p>La tondeuse autoport\u00e9e STIGA Combi 3072 H est \u00e9quip\u00e9e d&rsquo;un moteur Briggs &amp; Stratton PowerBuilt d&rsquo;une puissance nette de 6,7 kW \u00e0 2 800 tr\/min. Sa transmission hydrostatique garantit un contr\u00f4le ais\u00e9 en marche avant et elle est dot\u00e9e d&rsquo;un carter de 72 cm. La tondeuse Combi 3072 H propose sept hauteurs de coupe comprises entre 30 et 80 mm et elle est \u00e9quip\u00e9e d&rsquo;un bac de ramassage de 170 litres facile \u00e0 vider depuis le si\u00e8ge conducteur. Son volant et son si\u00e8ge avec dossier ergonomique assurent une position de travail confortable. La tondeuse Combi 3072 H est \u00e9galement \u00e9quip\u00e9e d&rsquo;un phare tr\u00e8s pratique. Le kit mulching Multiclip et le chargeur de batterie sont fournis. Les deux lames s&rsquo;actionnent manuellement.<\/p>\n<p>La hauteur du plateau de coupe se r\u00e8gle facilement sur six positions diff\u00e9rentes (de 30 \u00e0 76 mm) \u00e0 l&rsquo;aide du levier situ\u00e9 sur le c\u00f4t\u00e9 du si\u00e8ge.<\/p>\n<p>La p\u00e9dale permet de contr\u00f4ler la vitesse en marche avant en continu, sans avoir besoin de changer de vitesse.<\/p>\n<p>Le bac de ramassage fourni peut contenir jusqu&rsquo;\u00e0 170 litres d&rsquo;herbe coup\u00e9e.<\/p>\n<p>Les phares permettent d&rsquo;utiliser la tondeuse m\u00eame dans de mauvaises conditions d&rsquo;\u00e9clairage.<\/p>\n","protected":false},"excerpt":{"rendered":"<p>Tondeuse autoport\u00e9e \u00e9quip\u00e9e d&rsquo;un moteur \u00e0 explosion de 344 cm\u00b3, d&rsquo;un plateau de coupe de 72 cm et d&rsquo;un bac de ramassage arri\u00e8re de 170 litres.<\/p>\n<p><em>&#8211; Moteur B&amp;S d&rsquo;une puissance de 6,7 kW \u00e0 2 800 tr\/min<\/em><\/p>\n<p><em>&#8211; Transmission hydrostatique actionn\u00e9e par p\u00e9dale<\/em><\/p>\n<p><em>&#8211; Carter de 72 cm<\/em><\/p>\n<p><em>&#8211; Bac de ramassage de 170 litres<\/em><\/p>\n<p><em>&#8211; Charge de batterie et kit mulching Stiga Multiclip inclus<\/em><\/p>\n<p>&nbsp;<\/p>\n<p><a href=\"https:\/\/www.ateliersterenn.com\/outillage\/outils-motorises\/tondeuses-et-autoportees\/tracteur-tondeuse-stiga-combi-3072-h\" target=\"_blank\" rel=\"noopener noreferrer\">Commander via Atelier Sterenn<\/a><\/p>\n<p> <a class=\"continue-reading-link\" href=\"https:\/\/www.sarlbml.fr\/sarlbml\/boutique\/stiga-combi-3072-h\/\"><span>Lire la suite<\/span><i class=\"crycon-right-dir\"><\/i><\/a> <\/p>\n","protected":false},"featured_media":2000,"comment_status":"closed","ping_status":"closed","template":"","meta":[],"product_brand":[],"product_cat":[49],"product_tag":[45,44],"class_list":{"0":"post-2010","1":"product","2":"type-product","3":"status-publish","4":"has-post-thumbnail","6":"product_cat-autoportees_stiga","7":"product_tag-autoportee","8":"product_tag-tondeuse","10":"first","11":"instock","12":"taxable","13":"shipping-taxable","14":"product-type-simple"},"_links":{"self":[{"href":"https:\/\/www.sarlbml.fr\/sarlbml\/wp-json\/wp\/v2\/product\/2010","targetHints":{"allow":["GET"]}}],"collection":[{"href":"https:\/\/www.sarlbml.fr\/sarlbml\/wp-json\/wp\/v2\/product"}],"about":[{"href":"https:\/\/www.sarlbml.fr\/sarlbml\/wp-json\/wp\/v2\/types\/product"}],"replies":[{"embeddable":true,"href":"https:\/\/www.sarlbml.fr\/sarlbml\/wp-json\/wp\/v2\/comments?post=2010"}],"wp:featuredmedia":[{"embeddable":true,"href":"https:\/\/www.sarlbml.fr\/sarlbml\/wp-json\/wp\/v2\/media\/2000"}],"wp:attachment":[{"href":"https:\/\/www.sarlbml.fr\/sarlbml\/wp-json\/wp\/v2\/media?parent=2010"}],"wp:term":[{"taxonomy":"product_brand","embeddable":true,"href":"https:\/\/www.sarlbml.fr\/sarlbml\/wp-json\/wp\/v2\/product_brand?post=2010"},{"taxonomy":"product_cat","embeddable":true,"href":"https:\/\/www.sarlbml.fr\/sarlbml\/wp-json\/wp\/v2\/product_cat?post=2010"},{"taxonomy":"product_tag","embeddable":true,"href":"https:\/\/www.sarlbml.fr\/sarlbml\/wp-json\/wp\/v2\/product_tag?post=2010"}],"curies":[{"name":"wp","href":"https:\/\/api.w.org\/{rel}","templated":true}]}}