{"id":1998,"date":"2019-03-11T17:44:26","date_gmt":"2019-03-11T16:44:26","guid":{"rendered":"https:\/\/www.sarlbml.fr\/sarlbml\/?post_type=product&#038;p=1998"},"modified":"2019-03-22T17:11:23","modified_gmt":"2019-03-22T16:11:23","slug":"stiga-combi-1066-h","status":"publish","type":"product","link":"https:\/\/www.sarlbml.fr\/sarlbml\/boutique\/stiga-combi-1066-h\/","title":{"rendered":"STIGA Combi 1066 H"},"content":{"rendered":"<p>Agile, compacte et simple d&rsquo;utilisation, la tondeuse autoport\u00e9e STIGA Combi 1066 H est \u00e9quip\u00e9e d&rsquo;un moteur monocylindre d&rsquo;une puissance nette de 3,6 kW \u00e0 2 450 tr\/min. Le plateau de coupe de 66 cm peut \u00eatre r\u00e9gl\u00e9 sur six hauteurs de coupe diff\u00e9rentes (de 30 \u00e0 76 mm) \u00e0 l&rsquo;aide d&rsquo;un levier pratique. Le bac de ramassage de 150 litres est facile \u00e0 vider et le kit Multiclip fourni simplifie l&rsquo;utilisation de la fonction mulching. Le si\u00e8ge confortable et le volant ergonomique garantissent simplicit\u00e9 et confort d&rsquo;utilisation. Chargeur de batterie inclus.<\/p>\n<p>La hauteur du plateau de coupe se r\u00e8gle facilement sur six positions diff\u00e9rentes (de 30 \u00e0 76 mm) \u00e0 l&rsquo;aide du levier situ\u00e9 sur le c\u00f4t\u00e9 du si\u00e8ge.<\/p>\n<p>Le bouchon ext\u00e9rieur facilite le remplissage du r\u00e9servoir.<\/p>\n<p>La p\u00e9dale permet de contr\u00f4ler la vitesse en marche avant en continu, sans avoir besoin de changer de vitesse.<\/p>\n","protected":false},"excerpt":{"rendered":"<p>Tondeuse autoport\u00e9e \u00e9quip\u00e9e d&rsquo;un moteur thermique de 224 cm\u00b3, d&rsquo;un carter de 66 cm et d&rsquo;un bac de ramassage arri\u00e8re de 150 litres.<\/p>\n<p>&nbsp;<\/p>\n<p><em>&#8211; Moteur Stiga d&rsquo;une puissance de 3,6 kW \u00e0 2450 tr\/min<\/em><\/p>\n<p><em>&#8211; Transmission hydrostatique actionn\u00e9e par p\u00e9dale<\/em><\/p>\n<p><em>&#8211; Carter de 66cm<\/em><\/p>\n<p><em>&#8211; Bac de ramassage solide de 150 litres<\/em><\/p>\n<p><em>&#8211; Chargeur de batterie et kit mulching Stiga multiclip inclus<\/em><\/p>\n<p>&nbsp;<\/p>\n<p><a href=\"https:\/\/www.ateliersterenn.com\/outillage\/outils-motorises\/tondeuses-et-autoportees\/tracteur-tondeuse-stiga-combi-1066h\" target=\"_blank\" rel=\"noopener noreferrer\">Commander via Atelier Sterenn<\/a><\/p>\n<p> <a class=\"continue-reading-link\" href=\"https:\/\/www.sarlbml.fr\/sarlbml\/boutique\/stiga-combi-1066-h\/\"><span>Lire la suite<\/span><i class=\"crycon-right-dir\"><\/i><\/a> <\/p>\n","protected":false},"featured_media":1989,"comment_status":"closed","ping_status":"closed","template":"","meta":[],"product_brand":[],"product_cat":[49],"product_tag":[45,44],"class_list":{"0":"post-1998","1":"product","2":"type-product","3":"status-publish","4":"has-post-thumbnail","6":"product_cat-autoportees_stiga","7":"product_tag-autoportee","8":"product_tag-tondeuse","10":"first","11":"instock","12":"taxable","13":"shipping-taxable","14":"product-type-simple"},"_links":{"self":[{"href":"https:\/\/www.sarlbml.fr\/sarlbml\/wp-json\/wp\/v2\/product\/1998","targetHints":{"allow":["GET"]}}],"collection":[{"href":"https:\/\/www.sarlbml.fr\/sarlbml\/wp-json\/wp\/v2\/product"}],"about":[{"href":"https:\/\/www.sarlbml.fr\/sarlbml\/wp-json\/wp\/v2\/types\/product"}],"replies":[{"embeddable":true,"href":"https:\/\/www.sarlbml.fr\/sarlbml\/wp-json\/wp\/v2\/comments?post=1998"}],"wp:featuredmedia":[{"embeddable":true,"href":"https:\/\/www.sarlbml.fr\/sarlbml\/wp-json\/wp\/v2\/media\/1989"}],"wp:attachment":[{"href":"https:\/\/www.sarlbml.fr\/sarlbml\/wp-json\/wp\/v2\/media?parent=1998"}],"wp:term":[{"taxonomy":"product_brand","embeddable":true,"href":"https:\/\/www.sarlbml.fr\/sarlbml\/wp-json\/wp\/v2\/product_brand?post=1998"},{"taxonomy":"product_cat","embeddable":true,"href":"https:\/\/www.sarlbml.fr\/sarlbml\/wp-json\/wp\/v2\/product_cat?post=1998"},{"taxonomy":"product_tag","embeddable":true,"href":"https:\/\/www.sarlbml.fr\/sarlbml\/wp-json\/wp\/v2\/product_tag?post=1998"}],"curies":[{"name":"wp","href":"https:\/\/api.w.org\/{rel}","templated":true}]}}