{"id":1971,"date":"2019-03-07T18:24:27","date_gmt":"2019-03-07T17:24:27","guid":{"rendered":"https:\/\/www.sarlbml.fr\/sarlbml\/?post_type=product&#038;p=1971"},"modified":"2019-03-22T17:26:53","modified_gmt":"2019-03-22T16:26:53","slug":"auto-portee-a-rayon-de-braquage-zero-ariens-zoom-42","status":"publish","type":"product","link":"https:\/\/www.sarlbml.fr\/sarlbml\/boutique\/auto-portee-a-rayon-de-braquage-zero-ariens-zoom-42\/","title":{"rendered":"Auto-port\u00e9e \u00e0 rayon de braquage z\u00e9ro ARIENS ZOOM 42"},"content":{"rendered":"\n<table id=\"tablepress-77\" class=\"tablepress tablepress-id-77 tablepress-responsive\">\n<tbody class=\"row-striping row-hover\">\n<tr class=\"row-1\">\n\t<td class=\"column-1\"><Strong>Vitesse<\/Strong><\/td><td class=\"column-2\">AV 7.6 Km\/h AR 4.0 Km\/h<\/td>\n<\/tr>\n<tr class=\"row-2\">\n\t<td class=\"column-1\"><Strong>Dimensions (Lxlxh)<\/Strong><\/td><td class=\"column-2\">\t162.6 x 137.2 x 109.2 cm<\/td>\n<\/tr>\n<tr class=\"row-3\">\n\t<td class=\"column-1\"><Strong>Moteur<\/Strong><\/td><td class=\"column-2\">Briggs Intek Twin<\/td>\n<\/tr>\n<tr class=\"row-4\">\n\t<td class=\"column-1\"><Strong>Cylindr\u00e9e<\/Strong><\/td><td class=\"column-2\">656 cm3<\/td>\n<\/tr>\n<tr class=\"row-5\">\n\t<td class=\"column-1\"><Strong>Puissance<\/Strong><\/td><td class=\"column-2\">nc<\/td>\n<\/tr>\n<tr class=\"row-6\">\n\t<td class=\"column-1\"><Strong>Contenance r\u00e9servoir d'essence<\/Strong><\/td><td class=\"column-2\">7,6 cm3<\/td>\n<\/tr>\n<tr class=\"row-7\">\n\t<td class=\"column-1\"><Strong>Roues avant pivotantes<\/Strong><\/td><td class=\"column-2\">oui<\/td>\n<\/tr>\n<tr class=\"row-8\">\n\t<td class=\"column-1\"><Strong>Dimensions des roues avant<\/Strong><\/td><td class=\"column-2\">27.9 x 10.2 cm<\/td>\n<\/tr>\n<tr class=\"row-9\">\n\t<td class=\"column-1\"><Strong>Dimensions des roues arri\u00e8re<\/Strong><\/td><td class=\"column-2\">45.7 x 21.6 cm<\/td>\n<\/tr>\n<tr class=\"row-10\">\n\t<td class=\"column-1\"><Strong>Largeur de coupe<\/Strong><\/td><td class=\"column-2\">107 cm<\/td>\n<\/tr>\n<tr class=\"row-11\">\n\t<td class=\"column-1\"><Strong>Hauteur de coupe<\/Strong><\/td><td class=\"column-2\">2.5 \u00e0 10.2 cm<\/td>\n<\/tr>\n<tr class=\"row-12\">\n\t<td class=\"column-1\"><Strong>Nombre de hauteurs de coupe<\/Strong><\/td><td class=\"column-2\">8<\/td>\n<\/tr>\n<tr class=\"row-13\">\n\t<td class=\"column-1\"><Strong>Transmission<\/Strong><\/td><td class=\"column-2\">Hydrogear EZT<\/td>\n<\/tr>\n<\/tbody>\n<\/table>\n<!-- #tablepress-77 from cache -->\n","protected":false},"excerpt":{"rendered":"<p>&nbsp;<\/p>\n<p>Tondeuse auto-port\u00e9e \u00e0 rayon de braquage 0.<\/p>\n<p>&nbsp;<\/p>\n<p> <a class=\"continue-reading-link\" href=\"https:\/\/www.sarlbml.fr\/sarlbml\/boutique\/auto-portee-a-rayon-de-braquage-zero-ariens-zoom-42\/\"><span>Lire la suite<\/span><i class=\"crycon-right-dir\"><\/i><\/a> <\/p>\n","protected":false},"featured_media":1972,"comment_status":"closed","ping_status":"closed","template":"","meta":[],"product_brand":[],"product_cat":[48],"product_tag":[45,46,44,47],"class_list":{"0":"post-1971","1":"product","2":"type-product","3":"status-publish","4":"has-post-thumbnail","6":"product_cat-auto-portees-braquage-zero","7":"product_tag-autoportee","8":"product_tag-braquage-zero","9":"product_tag-tondeuse","10":"product_tag-zero-turn","12":"first","13":"instock","14":"taxable","15":"shipping-taxable","16":"product-type-simple"},"_links":{"self":[{"href":"https:\/\/www.sarlbml.fr\/sarlbml\/wp-json\/wp\/v2\/product\/1971","targetHints":{"allow":["GET"]}}],"collection":[{"href":"https:\/\/www.sarlbml.fr\/sarlbml\/wp-json\/wp\/v2\/product"}],"about":[{"href":"https:\/\/www.sarlbml.fr\/sarlbml\/wp-json\/wp\/v2\/types\/product"}],"replies":[{"embeddable":true,"href":"https:\/\/www.sarlbml.fr\/sarlbml\/wp-json\/wp\/v2\/comments?post=1971"}],"wp:featuredmedia":[{"embeddable":true,"href":"https:\/\/www.sarlbml.fr\/sarlbml\/wp-json\/wp\/v2\/media\/1972"}],"wp:attachment":[{"href":"https:\/\/www.sarlbml.fr\/sarlbml\/wp-json\/wp\/v2\/media?parent=1971"}],"wp:term":[{"taxonomy":"product_brand","embeddable":true,"href":"https:\/\/www.sarlbml.fr\/sarlbml\/wp-json\/wp\/v2\/product_brand?post=1971"},{"taxonomy":"product_cat","embeddable":true,"href":"https:\/\/www.sarlbml.fr\/sarlbml\/wp-json\/wp\/v2\/product_cat?post=1971"},{"taxonomy":"product_tag","embeddable":true,"href":"https:\/\/www.sarlbml.fr\/sarlbml\/wp-json\/wp\/v2\/product_tag?post=1971"}],"curies":[{"name":"wp","href":"https:\/\/api.w.org\/{rel}","templated":true}]}}