{"id":994,"date":"2015-05-30T23:12:05","date_gmt":"2015-05-30T22:12:05","guid":{"rendered":"http:\/\/www.sarlbml.fr\/sarlbml\/?page_id=994"},"modified":"2019-02-12T18:17:08","modified_gmt":"2019-02-12T17:17:08","slug":"groupes-high-tech-endurants","status":"publish","type":"page","link":"https:\/\/www.sarlbml.fr\/sarlbml\/catalogue\/catalogue-honda\/groupes-electrogenes\/groupes-high-tech-endurants\/","title":{"rendered":"Groupes High-tech endurants"},"content":{"rendered":"<p><img loading=\"lazy\" decoding=\"async\" class=\"alignleft size-full wp-image-993\" src=\"https:\/\/www.sarlbml.fr\/sarlbml\/wp-content\/uploads\/2015\/05\/eg5500cl.png\" alt=\"eg5500cl\" width=\"150\" height=\"150\" srcset=\"https:\/\/www.sarlbml.fr\/sarlbml\/wp-content\/uploads\/2015\/05\/eg5500cl.png 150w, https:\/\/www.sarlbml.fr\/sarlbml\/wp-content\/uploads\/2015\/05\/eg5500cl-100x100.png 100w\" sizes=\"auto, (max-width: 150px) 100vw, 150px\" \/>Pour les appareils au d\u00e9marrage p\u00e9nible comme, par exemple, les petits compresseurs et les appareils \u00e0 souder les mati\u00e8res synth\u00e9tiques, les groupes \u00e9lectrog\u00e8nes \u00e0 r\u00e9gulation de tension automatique (AVR) constituent l&rsquo;alimentation id\u00e9ale en courant. L&rsquo;AVR r\u00e9gule \u00e9lectroniquement le groupe \u00e9lectrog\u00e8ne lorsque la tension varie.&nbsp;Les surtensions et les chutes de tension restent limit\u00e9es !<\/p>\n<hr>\n\n<table id=\"tablepress-55\" class=\"tablepress tablepress-id-55 tablepress-responsive tbody-has-connected-cells\">\n<tbody class=\"row-striping\">\n<tr class=\"row-1\">\n\t<td class=\"column-1\"><\/td><td class=\"column-2\"><div class=\"wp-block-image\"><figure class=\"aligncenter\"><img loading=\"lazy\" decoding=\"async\" src=\"https:\/\/www.sarlbml.fr\/sarlbml\/wp-content\/uploads\/2015\/05\/eg3600cl.png\" alt=\"\" width=\"50\" height=\"50\" class=\"aligncenter size-full wp-image-956\" \/><\/figure><\/div><\/td><td class=\"column-3\"><div class=\"wp-block-image\"><figure class=\"aligncenter\"><img loading=\"lazy\" decoding=\"async\" src=\"https:\/\/www.sarlbml.fr\/sarlbml\/wp-content\/uploads\/2015\/05\/eg4500cl.png\" alt=\"\" width=\"50\" height=\"50\" class=\"aligncenter size-full wp-image-956\" \/><\/figure><\/div><\/td><td class=\"column-4\"><div class=\"wp-block-image\"><figure class=\"aligncenter\"><img loading=\"lazy\" decoding=\"async\" src=\"https:\/\/www.sarlbml.fr\/sarlbml\/wp-content\/uploads\/2015\/05\/eg5500cl.png\" alt=\"\" width=\"50\" height=\"50\" class=\"aligncenter size-full wp-image-956\" \/><\/figure><\/div><\/td>\n<\/tr>\n<tr class=\"row-2\">\n\t<td class=\"column-1\"><strong>Mod\u00e8le<\/strong><\/td><td class=\"column-2\"><p style=\"text-align: center;\"><strong>EG 3600 CL<\/strong><\/p><\/td><td class=\"column-3\"><p style=\"text-align: center;\"><strong>EG 4500 CL<\/strong><\/p><\/td><td class=\"column-4\"><p style=\"text-align: center;\"><strong>EG 5500 CL<\/strong><\/p><\/td>\n<\/tr>\n<tr class=\"row-3\">\n\t<td class=\"column-1\">Puissance maximum (kW)*<\/td><td class=\"column-2\"><p style=\"text-align: center;\">3,6<\/p><\/td><td class=\"column-3\"><p style=\"text-align: center;\">4,5<\/p><\/td><td class=\"column-4\"><p style=\"text-align: center;\">5,5<\/p><\/td>\n<\/tr>\n<tr class=\"row-4\">\n\t<td class=\"column-1\">Puissance maximum (kVA)<\/td><td colspan=\"3\" class=\"column-2\"><p style=\"text-align: center;\">nc<\/p><\/td>\n<\/tr>\n<tr class=\"row-5\">\n\t<td class=\"column-1\">R\u00e9gulation de tension<\/td><td colspan=\"3\" class=\"column-2\"><p style=\"text-align: center;\">Digital AVR<\/p><\/td>\n<\/tr>\n<tr class=\"row-6\">\n\t<td class=\"column-1\">Puissance acoustique (Lwa)**<\/td><td class=\"column-2\"><p style=\"text-align: center;\">96 dB(A)<\/p><\/td><td colspan=\"2\" class=\"column-3\"><p style=\"text-align: center;\">97 dB(A)<\/p><\/td>\n<\/tr>\n<tr class=\"row-7\">\n\t<td class=\"column-1\">Pression acoustique (Lpa)***<\/td><td colspan=\"3\" class=\"column-2\"><p style=\"text-align: center;\">nc<\/p><\/td>\n<\/tr>\n<tr class=\"row-8\">\n\t<td class=\"column-1\">Prise de courant<\/td><td colspan=\"3\" class=\"column-2\"><p style=\"text-align: center;\">3 prises (P+N+T)<\/p><\/td>\n<\/tr>\n<tr class=\"row-9\">\n\t<td class=\"column-1\">Moteur Honda 4 temps<\/td><td class=\"column-2\"><p style=\"text-align: center;\">GX 270 T2<\/p><\/td><td colspan=\"2\" class=\"column-3\"><p style=\"text-align: center;\">GX 390 T2<\/p><\/td>\n<\/tr>\n<tr class=\"row-10\">\n\t<td class=\"column-1\">Puissance (kW)<\/td><td colspan=\"3\" class=\"column-2\"><p style=\"text-align: center;\">nc<\/p><\/td>\n<\/tr>\n<tr class=\"row-11\">\n\t<td class=\"column-1\">Contenance du r\u00e9servoir<\/td><td class=\"column-2\"><p style=\"text-align: center;\">24 l<\/p><\/td><td colspan=\"2\" class=\"column-3\"><p style=\"text-align: center;\">24 l<\/p><\/td>\n<\/tr>\n<tr class=\"row-12\">\n\t<td class=\"column-1\">Autonomie (h)<\/td><td class=\"column-2\"><p style=\"text-align: center;\">12h<\/p><\/td><td class=\"column-3\"><p style=\"text-align: center;\">9h30<\/p><\/td><td class=\"column-4\"><p style=\"text-align: center;\">8h10<\/p><\/td>\n<\/tr>\n<tr class=\"row-13\">\n\t<td class=\"column-1\">Dimensions (Lxlxh)<\/td><td class=\"column-2\"><p style=\"text-align: center;\">681 x 530 x 571 mm<\/p><\/td><td class=\"column-3\"><p style=\"text-align: center;\">681 x 530 x 571 mm<\/p><\/td><td class=\"column-4\"><p style=\"text-align: center;\">681 x 530 x 571 mm<\/p><\/td>\n<\/tr>\n<tr class=\"row-14\">\n\t<td class=\"column-1\">Poids \u00e0 vide<\/td><td class=\"column-2\"><p style=\"text-align: center;\">68 kg<\/p><\/td><td class=\"column-3\"><p style=\"text-align: center;\">79,5 kg<\/p><\/td><td class=\"column-4\"><p style=\"text-align: center;\">82,5 kg<\/p><\/td>\n<\/tr>\n<tr class=\"row-15\">\n\t<td class=\"column-1\">Equipement(s)<\/td><td colspan=\"3\" class=\"column-2\"><p style=\"text-align: center;\">s\u00e9curit\u00e9 d'huile<\/p><\/td>\n<\/tr>\n<tr class=\"row-16\">\n\t<td class=\"column-1\">Option(s)<\/td><td colspan=\"3\" class=\"column-2\"><p style=\"text-align: center;\">-<\/p><\/td>\n<\/tr>\n<\/tbody>\n<\/table>\n<!-- #tablepress-55 from cache -->\n<p>* norme ISO 8528 (400V tri \/ 230 mono) ** Norme 2000\/14\/EC *** mesur\u00e9 \u00e0 7 m\u00e8tres<\/p>\n","protected":false},"excerpt":{"rendered":"<p>Pour les appareils au d\u00e9marrage p\u00e9nible comme, par exemple, les petits compresseurs et les appareils \u00e0 souder les mati\u00e8res synth\u00e9tiques, les groupes \u00e9lectrog\u00e8nes \u00e0 r\u00e9gulation de tension automatique (AVR) constituent l&rsquo;alimentation id\u00e9ale en courant. L&rsquo;AVR r\u00e9gule \u00e9lectroniquement le groupe \u00e9lectrog\u00e8ne lorsque la tension varie.&nbsp;Les surtensions et les chutes de tension\u2026<\/p>\n<p> <a class=\"continue-reading-link\" href=\"https:\/\/www.sarlbml.fr\/sarlbml\/catalogue\/catalogue-honda\/groupes-electrogenes\/groupes-high-tech-endurants\/\"><span>Lire la suite<\/span><i class=\"crycon-right-dir\"><\/i><\/a> <\/p>\n","protected":false},"author":1,"featured_media":0,"parent":292,"menu_order":0,"comment_status":"closed","ping_status":"open","template":"","meta":{"footnotes":""},"class_list":["post-994","page","type-page","status-publish","hentry"],"_links":{"self":[{"href":"https:\/\/www.sarlbml.fr\/sarlbml\/wp-json\/wp\/v2\/pages\/994","targetHints":{"allow":["GET"]}}],"collection":[{"href":"https:\/\/www.sarlbml.fr\/sarlbml\/wp-json\/wp\/v2\/pages"}],"about":[{"href":"https:\/\/www.sarlbml.fr\/sarlbml\/wp-json\/wp\/v2\/types\/page"}],"author":[{"embeddable":true,"href":"https:\/\/www.sarlbml.fr\/sarlbml\/wp-json\/wp\/v2\/users\/1"}],"replies":[{"embeddable":true,"href":"https:\/\/www.sarlbml.fr\/sarlbml\/wp-json\/wp\/v2\/comments?post=994"}],"version-history":[{"count":2,"href":"https:\/\/www.sarlbml.fr\/sarlbml\/wp-json\/wp\/v2\/pages\/994\/revisions"}],"predecessor-version":[{"id":1656,"href":"https:\/\/www.sarlbml.fr\/sarlbml\/wp-json\/wp\/v2\/pages\/994\/revisions\/1656"}],"up":[{"embeddable":true,"href":"https:\/\/www.sarlbml.fr\/sarlbml\/wp-json\/wp\/v2\/pages\/292"}],"wp:attachment":[{"href":"https:\/\/www.sarlbml.fr\/sarlbml\/wp-json\/wp\/v2\/media?parent=994"}],"curies":[{"name":"wp","href":"https:\/\/api.w.org\/{rel}","templated":true}]}}