{"id":985,"date":"2015-05-30T19:57:03","date_gmt":"2015-05-30T18:57:03","guid":{"rendered":"http:\/\/www.sarlbml.fr\/sarlbml\/?page_id=985"},"modified":"2019-02-12T18:16:34","modified_gmt":"2019-02-12T17:16:34","slug":"groupes-high-tech","status":"publish","type":"page","link":"https:\/\/www.sarlbml.fr\/sarlbml\/catalogue\/catalogue-honda\/groupes-electrogenes\/groupes-high-tech\/","title":{"rendered":"Groupes High-tech"},"content":{"rendered":"<p><img loading=\"lazy\" decoding=\"async\" class=\"alignleft size-full wp-image-987\" src=\"https:\/\/www.sarlbml.fr\/sarlbml\/wp-content\/uploads\/2015\/05\/eu70is.png\" alt=\"eu70is\" width=\"150\" height=\"150\" srcset=\"https:\/\/www.sarlbml.fr\/sarlbml\/wp-content\/uploads\/2015\/05\/eu70is.png 150w, https:\/\/www.sarlbml.fr\/sarlbml\/wp-content\/uploads\/2015\/05\/eu70is-100x100.png 100w\" sizes=\"auto, (max-width: 150px) 100vw, 150px\" \/>Les travaux de construction la nuit, le week-end ou dans des zones habit\u00e9es requi\u00e8rent des groupes \u00e9lectrog\u00e8nes au fonctionnement silencieux. Avec les mod\u00e8les EU30is, EU70is, vous entra\u00eenerez des outils \u00e9lectriques de grandes puissances avec une faible nuisance sonore.<\/p>\n<hr>\n\n<table id=\"tablepress-54\" class=\"tablepress tablepress-id-54 tablepress-responsive tbody-has-connected-cells\">\n<tbody class=\"row-striping\">\n<tr class=\"row-1\">\n\t<td class=\"column-1\"><\/td><td class=\"column-2\"><div class=\"wp-block-image\"><figure class=\"aligncenter\"><img loading=\"lazy\" decoding=\"async\" src=\"https:\/\/www.sarlbml.fr\/sarlbml\/wp-content\/uploads\/2015\/05\/eu30is.png\" alt=\"\" width=\"50\" height=\"50\" class=\"aligncenter size-full wp-image-956\" \/><\/figure><\/div><\/td><td class=\"column-3\"><div class=\"wp-block-image\"><figure class=\"aligncenter\"><img loading=\"lazy\" decoding=\"async\" src=\"https:\/\/www.sarlbml.fr\/sarlbml\/wp-content\/uploads\/2015\/05\/eu70is.png\" alt=\"\" width=\"50\" height=\"50\" class=\"aligncenter size-full wp-image-956\" \/><\/figure><\/div><\/td>\n<\/tr>\n<tr class=\"row-2\">\n\t<td class=\"column-1\"><strong>Mod\u00e8le<\/strong><\/td><td class=\"column-2\"><p style=\"text-align: center;\"><strong>EU 30 is<\/strong><\/p><\/td><td class=\"column-3\"><p style=\"text-align: center;\"><strong>EU 70 is<\/strong><\/p><\/td>\n<\/tr>\n<tr class=\"row-3\">\n\t<td class=\"column-1\">Puissance maximum (kW)*<\/td><td class=\"column-2\"><p style=\"text-align: center;\">3,0<\/p><\/td><td class=\"column-3\"><p style=\"text-align: center;\">7,0<\/p><\/td>\n<\/tr>\n<tr class=\"row-4\">\n\t<td class=\"column-1\">Puissance maximum (kVA)<\/td><td colspan=\"2\" class=\"column-2\"><p style=\"text-align: center;\">nc<\/p><\/td>\n<\/tr>\n<tr class=\"row-5\">\n\t<td class=\"column-1\">R\u00e9gulation de tension<\/td><td colspan=\"2\" class=\"column-2\"><p style=\"text-align: center;\">Inverter<\/p><\/td>\n<\/tr>\n<tr class=\"row-6\">\n\t<td class=\"column-1\">Puissance acoustique (Lwa)**<\/td><td class=\"column-2\"><p style=\"text-align: center;\">91 dB(A)<\/p><\/td><td class=\"column-3\"><p style=\"text-align: center;\">90 dB(A)<\/p><\/td>\n<\/tr>\n<tr class=\"row-7\">\n\t<td class=\"column-1\">Pression acoustique (Lpa)***<\/td><td colspan=\"2\" class=\"column-2\"><p style=\"text-align: center;\">nc<\/p><\/td>\n<\/tr>\n<tr class=\"row-8\">\n\t<td class=\"column-1\">Prise de courant<\/td><td class=\"column-2\"><p style=\"text-align: center;\">2 prises (P+N+T)<\/p><\/td><td class=\"column-3\"><p style=\"text-align: center;\">3 prises (P+N+T)<\/p><\/td>\n<\/tr>\n<tr class=\"row-9\">\n\t<td class=\"column-1\">Moteur Honda 4 temps<\/td><td class=\"column-2\"><p style=\"text-align: center;\">GX 200<\/p><\/td><td class=\"column-3\"><p style=\"text-align: center;\">GX 390 Injection<\/p><\/td>\n<\/tr>\n<tr class=\"row-10\">\n\t<td class=\"column-1\">Puissance (kW)<\/td><td colspan=\"2\" class=\"column-2\"><p style=\"text-align: center;\">nc<\/p><\/td>\n<\/tr>\n<tr class=\"row-11\">\n\t<td class=\"column-1\">Contenance du r\u00e9servoir<\/td><td class=\"column-2\"><p style=\"text-align: center;\">13,3 l<\/p><\/td><td class=\"column-3\"><p style=\"text-align: center;\">19,2 l<\/p><\/td>\n<\/tr>\n<tr class=\"row-12\">\n\t<td class=\"column-1\">Autonomie (h)<\/td><td class=\"column-2\"><p style=\"text-align: center;\">8h<\/p><\/td><td class=\"column-3\"><p style=\"text-align: center;\">6h30<\/p><\/td>\n<\/tr>\n<tr class=\"row-13\">\n\t<td class=\"column-1\">Dimensions (Lxlxh)<\/td><td class=\"column-2\"><p style=\"text-align: center;\">658 x 482 x 570 mm<\/p><\/td><td class=\"column-3\"><p style=\"text-align: center;\">848 x 700 x 721 mm<\/p><\/td>\n<\/tr>\n<tr class=\"row-14\">\n\t<td class=\"column-1\">Poids \u00e0 vide<\/td><td class=\"column-2\"><p style=\"text-align: center;\">61,2 kg<\/p><\/td><td class=\"column-3\"><p style=\"text-align: center;\">118,1 kg<\/p><\/td>\n<\/tr>\n<tr class=\"row-15\">\n\t<td class=\"column-1\">Equipement(s)<\/td><td class=\"column-2\"><p style=\"text-align: center;\">s\u00e9curit\u00e9 d'huile, auto ajustement du r\u00e9gime moteur<\/p><\/td><td class=\"column-3\"><p style=\"text-align: center;\">s\u00e9curit\u00e9 d'huile, auto ajustement du r\u00e9gime moteur, i monitor, roues de transport<\/p><\/td>\n<\/tr>\n<tr class=\"row-16\">\n\t<td class=\"column-1\">Option(s)<\/td><td class=\"column-2\"><p style=\"text-align: center;\">C\u00e2ble de connexion pour fonctionnement parall\u00e8le, Horam\u00e8tre<\/p><\/td><td class=\"column-3\"><p style=\"text-align: center;\">-<\/p><\/td>\n<\/tr>\n<\/tbody>\n<\/table>\n<!-- #tablepress-54 from cache -->\n<p>* norme ISO 8528 (400V tri \/ 230 mono) ** Norme 2000\/14\/EC *** mesur\u00e9 \u00e0 7 m\u00e8tres<\/p>\n","protected":false},"excerpt":{"rendered":"<p>Les travaux de construction la nuit, le week-end ou dans des zones habit\u00e9es requi\u00e8rent des groupes \u00e9lectrog\u00e8nes au fonctionnement silencieux. Avec les mod\u00e8les EU30is, EU70is, vous entra\u00eenerez des outils \u00e9lectriques de grandes puissances avec une faible nuisance sonore. * norme ISO 8528 (400V tri \/ 230 mono) ** Norme 2000\/14\/EC\u2026<\/p>\n<p> <a class=\"continue-reading-link\" href=\"https:\/\/www.sarlbml.fr\/sarlbml\/catalogue\/catalogue-honda\/groupes-electrogenes\/groupes-high-tech\/\"><span>Lire la suite<\/span><i class=\"crycon-right-dir\"><\/i><\/a> <\/p>\n","protected":false},"author":1,"featured_media":0,"parent":292,"menu_order":0,"comment_status":"closed","ping_status":"open","template":"","meta":{"footnotes":""},"class_list":["post-985","page","type-page","status-publish","hentry"],"_links":{"self":[{"href":"https:\/\/www.sarlbml.fr\/sarlbml\/wp-json\/wp\/v2\/pages\/985","targetHints":{"allow":["GET"]}}],"collection":[{"href":"https:\/\/www.sarlbml.fr\/sarlbml\/wp-json\/wp\/v2\/pages"}],"about":[{"href":"https:\/\/www.sarlbml.fr\/sarlbml\/wp-json\/wp\/v2\/types\/page"}],"author":[{"embeddable":true,"href":"https:\/\/www.sarlbml.fr\/sarlbml\/wp-json\/wp\/v2\/users\/1"}],"replies":[{"embeddable":true,"href":"https:\/\/www.sarlbml.fr\/sarlbml\/wp-json\/wp\/v2\/comments?post=985"}],"version-history":[{"count":2,"href":"https:\/\/www.sarlbml.fr\/sarlbml\/wp-json\/wp\/v2\/pages\/985\/revisions"}],"predecessor-version":[{"id":1655,"href":"https:\/\/www.sarlbml.fr\/sarlbml\/wp-json\/wp\/v2\/pages\/985\/revisions\/1655"}],"up":[{"embeddable":true,"href":"https:\/\/www.sarlbml.fr\/sarlbml\/wp-json\/wp\/v2\/pages\/292"}],"wp:attachment":[{"href":"https:\/\/www.sarlbml.fr\/sarlbml\/wp-json\/wp\/v2\/media?parent=985"}],"curies":[{"name":"wp","href":"https:\/\/api.w.org\/{rel}","templated":true}]}}