{"id":977,"date":"2015-05-30T19:28:13","date_gmt":"2015-05-30T18:28:13","guid":{"rendered":"http:\/\/www.sarlbml.fr\/sarlbml\/?page_id=977"},"modified":"2019-02-12T18:15:51","modified_gmt":"2019-02-12T17:15:51","slug":"groupes-chantiers","status":"publish","type":"page","link":"https:\/\/www.sarlbml.fr\/sarlbml\/catalogue\/catalogue-honda\/groupes-electrogenes\/groupes-chantiers\/","title":{"rendered":"Groupes chantiers"},"content":{"rendered":"<p><img loading=\"lazy\" decoding=\"async\" class=\"alignleft size-full wp-image-979\" src=\"https:\/\/www.sarlbml.fr\/sarlbml\/wp-content\/uploads\/2015\/05\/ec2008.png\" alt=\"ec2008\" width=\"200\" height=\"200\" srcset=\"https:\/\/www.sarlbml.fr\/sarlbml\/wp-content\/uploads\/2015\/05\/ec2008.png 200w, https:\/\/www.sarlbml.fr\/sarlbml\/wp-content\/uploads\/2015\/05\/ec2008-100x100.png 100w, https:\/\/www.sarlbml.fr\/sarlbml\/wp-content\/uploads\/2015\/05\/ec2008-150x150.png 150w\" sizes=\"auto, (max-width: 200px) 100vw, 200px\" \/>La s\u00e9rie EC offre un moteur puissant et durable \u00e9quip\u00e9 d&rsquo;un dispositif de s\u00e9curit\u00e9 d&rsquo;huile associ\u00e9 \u00e0 un alternateur fiable, de fabrication europ\u00e9enne. Le ch\u00e2ssis, avec ses tubes de grand diam\u00e8tre et sa base rigide, prot\u00e8ge parfaitement le groupe sur toutes ses faces. Un gage de long\u00e9vit\u00e9 !<\/p>\n<hr>\n\n<table id=\"tablepress-53\" class=\"tablepress tablepress-id-53 tablepress-responsive tbody-has-connected-cells\">\n<tbody class=\"row-striping\">\n<tr class=\"row-1\">\n\t<td class=\"column-1\"><\/td><td class=\"column-2\"><div class=\"wp-block-image\"><figure class=\"aligncenter\"><img loading=\"lazy\" decoding=\"async\" src=\"https:\/\/www.sarlbml.fr\/sarlbml\/wp-content\/uploads\/2015\/05\/ec2000.png\" alt=\"\" width=\"50\" height=\"50\" class=\"aligncenter size-full wp-image-956\" \/><\/figure><\/div><\/td><td class=\"column-3\"><div class=\"wp-block-image\"><figure class=\"aligncenter\"><img loading=\"lazy\" decoding=\"async\" src=\"https:\/\/www.sarlbml.fr\/sarlbml\/wp-content\/uploads\/2015\/05\/ec2008.png\" alt=\"\" width=\"50\" height=\"50\" class=\"aligncenter size-full wp-image-956\" \/><\/figure><\/div><\/td><td class=\"column-4\"><div class=\"wp-block-image\"><figure class=\"aligncenter\"><img loading=\"lazy\" decoding=\"async\" src=\"https:\/\/www.sarlbml.fr\/sarlbml\/wp-content\/uploads\/2015\/05\/ec3600.png\" alt=\"\" width=\"50\" height=\"50\" class=\"aligncenter size-full wp-image-956\" \/><\/figure><\/div><\/td><td class=\"column-5\"><div class=\"wp-block-image\"><figure class=\"aligncenter\"><img loading=\"lazy\" decoding=\"async\" src=\"https:\/\/www.sarlbml.fr\/sarlbml\/wp-content\/uploads\/2015\/05\/ec5000.png\" alt=\"\" width=\"50\" height=\"50\" class=\"aligncenter size-full wp-image-956\" \/><\/figure><\/div><\/td><td class=\"column-6\"><div class=\"wp-block-image\"><figure class=\"aligncenter\"><img loading=\"lazy\" decoding=\"async\" src=\"https:\/\/www.sarlbml.fr\/sarlbml\/wp-content\/uploads\/2015\/05\/ecmt7000.png\" alt=\"\" width=\"50\" height=\"50\" class=\"aligncenter size-full wp-image-956\" \/><\/figure><\/div><\/td>\n<\/tr>\n<tr class=\"row-2\">\n\t<td class=\"column-1\"><strong>Mod\u00e8le<\/strong><\/td><td class=\"column-2\"><p style=\"text-align: center;\"><strong>EC 2000<\/strong><\/p><\/td><td class=\"column-3\"><p style=\"text-align: center;\"><strong>ECM 2800<\/strong><\/p><\/td><td class=\"column-4\"><p style=\"text-align: center;\"><strong>EC 3600<\/strong><\/p><\/td><td class=\"column-5\"><p style=\"text-align: center;\"><strong>EC 5000<\/strong><\/p><\/td><td class=\"column-6\"><p style=\"text-align: center;\"><strong>ECMT 7000<\/strong><\/p><\/td>\n<\/tr>\n<tr class=\"row-3\">\n\t<td class=\"column-1\">Puissance maximum (kW)*<\/td><td class=\"column-2\"><p style=\"text-align: center;\">2,0<\/p><\/td><td class=\"column-3\"><p style=\"text-align: center;\">2,8<\/p><\/td><td class=\"column-4\"><p style=\"text-align: center;\">3,6<\/p><\/td><td class=\"column-5\"><p style=\"text-align: center;\">5<\/p><\/td><td class=\"column-6\"><p style=\"text-align: center;\">Groupe multiphase (4000 monophas\u00e9 - 7000 triphas\u00e9)<\/p><\/td>\n<\/tr>\n<tr class=\"row-4\">\n\t<td class=\"column-1\">Puissance maximum (kVA)<\/td><td colspan=\"5\" class=\"column-2\"><p style=\"text-align: center;\">nc<\/p><\/td>\n<\/tr>\n<tr class=\"row-5\">\n\t<td class=\"column-1\">R\u00e9gulation de tension<\/td><td colspan=\"4\" class=\"column-2\"><p style=\"text-align: center;\">Condensateur<\/p><\/td><td class=\"column-6\"><p style=\"text-align: center;\">Transformateur<\/p><\/td>\n<\/tr>\n<tr class=\"row-6\">\n\t<td class=\"column-1\">Puissance acoustique (Lwa)**<\/td><td class=\"column-2\"><p style=\"text-align: center;\">95 dB(A)<\/p><\/td><td class=\"column-3\"><p style=\"text-align: center;\">96 dB(A)<\/p><\/td><td colspan=\"3\" class=\"column-4\"><p style=\"text-align: center;\">97 dBA<\/p><\/td>\n<\/tr>\n<tr class=\"row-7\">\n\t<td class=\"column-1\">Pression acoustique (Lpa)***<\/td><td colspan=\"5\" class=\"column-2\"><p style=\"text-align: center;\">nc<\/p><\/td>\n<\/tr>\n<tr class=\"row-8\">\n\t<td class=\"column-1\">Prise de courant<\/td><td colspan=\"3\" class=\"column-2\"><p style=\"text-align: center;\">2 prises (P+N+T)<\/p><\/td><td colspan=\"2\" class=\"column-5\"><p style=\"text-align: center;\">nc<\/p><\/td>\n<\/tr>\n<tr class=\"row-9\">\n\t<td class=\"column-1\">Moteur Honda 4 temps<\/td><td class=\"column-2\"><p style=\"text-align: center;\">GX160 T1<\/p><\/td><td class=\"column-3\"><p style=\"text-align: center;\">GX200<\/p><\/td><td class=\"column-4\"><p style=\"text-align: center;\">GX270T<\/p><\/td><td class=\"column-5\"><p style=\"text-align: center;\">GX390 T1<\/p><\/td><td class=\"column-6\"><p style=\"text-align: center;\">GX390<\/p><\/td>\n<\/tr>\n<tr class=\"row-10\">\n\t<td class=\"column-1\">Puissance (kW)<\/td><td colspan=\"5\" class=\"column-2\"><p style=\"text-align: center;\">nc<\/p><\/td>\n<\/tr>\n<tr class=\"row-11\">\n\t<td class=\"column-1\">Contenance du r\u00e9servoir<\/td><td class=\"column-2\"><p style=\"text-align: center;\">3,3 l<\/p><\/td><td class=\"column-3\"><p style=\"text-align: center;\">14,2 l<\/p><\/td><td class=\"column-4\"><p style=\"text-align: center;\">5,3 l<\/p><\/td><td class=\"column-5\"><p style=\"text-align: center;\">6,2 l<\/p><\/td><td class=\"column-6\"><p style=\"text-align: center;\">22,8 l<\/p><\/td>\n<\/tr>\n<tr class=\"row-12\">\n\t<td class=\"column-1\">Autonomie (h)<\/td><td class=\"column-2\"><p style=\"text-align: center;\">2h50<\/p><\/td><td class=\"column-3\"><p style=\"text-align: center;\">9h<\/p><\/td><td class=\"column-4\"><p style=\"text-align: center;\">3h<\/p><\/td><td class=\"column-5\"><p style=\"text-align: center;\">2h50<\/p><\/td><td class=\"column-6\"><p style=\"text-align: center;\">8h10<\/p><\/td>\n<\/tr>\n<tr class=\"row-13\">\n\t<td class=\"column-1\">Dimensions (Lxlxh)<\/td><td class=\"column-2\"><p style=\"text-align: center;\">585 x 435 x 440 mm<\/p><\/td><td class=\"column-3\"><p style=\"text-align: center;\">645 x 435 x 490 mm<\/p><\/td><td colspan=\"2\" class=\"column-4\"><p style=\"text-align: center;\">800 x 550 x 540 mm<\/p><\/td><td class=\"column-6\"><p style=\"text-align: center;\">755 x 550 x 560 mm<\/p><\/td>\n<\/tr>\n<tr class=\"row-14\">\n\t<td class=\"column-1\">Poids \u00e0 vide<\/td><td class=\"column-2\"><p style=\"text-align: center;\">36 kg<\/p><\/td><td class=\"column-3\"><p style=\"text-align: center;\">50 kg<\/p><\/td><td class=\"column-4\"><p style=\"text-align: center;\">58 kg<\/p><\/td><td class=\"column-5\"><p style=\"text-align: center;\">75 kg<\/p><\/td><td class=\"column-6\"><p style=\"text-align: center;\">104 kg<\/p><\/td>\n<\/tr>\n<tr class=\"row-15\">\n\t<td class=\"column-1\">Equipement(s)<\/td><td colspan=\"4\" class=\"column-2\"><p style=\"text-align: center;\">s\u00e9curit\u00e9 d'huile<\/p><\/td><td class=\"column-6\"><p style=\"text-align: center;\">s\u00e9curit\u00e9 d'huile, roues de transport<\/p><\/td>\n<\/tr>\n<tr class=\"row-16\">\n\t<td class=\"column-1\">Option(s)<\/td><td colspan=\"4\" class=\"column-2\"><p style=\"text-align: center;\">Roues de transport<\/p><\/td><td class=\"column-6\"><p style=\"text-align: center;\">-<\/p><\/td>\n<\/tr>\n<\/tbody>\n<\/table>\n<!-- #tablepress-53 from cache -->\n<p><span style=\"font-size: xx-small;\">* norme ISO 8528 (400V tri \/ 230 mono) ** Norme 2000\/14\/EC *** mesur\u00e9 \u00e0 7 m\u00e8tres **** Triphas\u00e9 : kVA mesur\u00e9s et non calcul\u00e9s<\/span><\/p>\n","protected":false},"excerpt":{"rendered":"<p>La s\u00e9rie EC offre un moteur puissant et durable \u00e9quip\u00e9 d&rsquo;un dispositif de s\u00e9curit\u00e9 d&rsquo;huile associ\u00e9 \u00e0 un alternateur fiable, de fabrication europ\u00e9enne. Le ch\u00e2ssis, avec ses tubes de grand diam\u00e8tre et sa base rigide, prot\u00e8ge parfaitement le groupe sur toutes ses faces. Un gage de long\u00e9vit\u00e9 ! * norme\u2026<\/p>\n<p> <a class=\"continue-reading-link\" href=\"https:\/\/www.sarlbml.fr\/sarlbml\/catalogue\/catalogue-honda\/groupes-electrogenes\/groupes-chantiers\/\"><span>Lire la suite<\/span><i class=\"crycon-right-dir\"><\/i><\/a> <\/p>\n","protected":false},"author":1,"featured_media":0,"parent":292,"menu_order":0,"comment_status":"closed","ping_status":"open","template":"","meta":{"footnotes":""},"class_list":["post-977","page","type-page","status-publish","hentry"],"_links":{"self":[{"href":"https:\/\/www.sarlbml.fr\/sarlbml\/wp-json\/wp\/v2\/pages\/977","targetHints":{"allow":["GET"]}}],"collection":[{"href":"https:\/\/www.sarlbml.fr\/sarlbml\/wp-json\/wp\/v2\/pages"}],"about":[{"href":"https:\/\/www.sarlbml.fr\/sarlbml\/wp-json\/wp\/v2\/types\/page"}],"author":[{"embeddable":true,"href":"https:\/\/www.sarlbml.fr\/sarlbml\/wp-json\/wp\/v2\/users\/1"}],"replies":[{"embeddable":true,"href":"https:\/\/www.sarlbml.fr\/sarlbml\/wp-json\/wp\/v2\/comments?post=977"}],"version-history":[{"count":2,"href":"https:\/\/www.sarlbml.fr\/sarlbml\/wp-json\/wp\/v2\/pages\/977\/revisions"}],"predecessor-version":[{"id":1654,"href":"https:\/\/www.sarlbml.fr\/sarlbml\/wp-json\/wp\/v2\/pages\/977\/revisions\/1654"}],"up":[{"embeddable":true,"href":"https:\/\/www.sarlbml.fr\/sarlbml\/wp-json\/wp\/v2\/pages\/292"}],"wp:attachment":[{"href":"https:\/\/www.sarlbml.fr\/sarlbml\/wp-json\/wp\/v2\/media?parent=977"}],"curies":[{"name":"wp","href":"https:\/\/api.w.org\/{rel}","templated":true}]}}