{"id":97,"date":"2015-05-26T16:58:39","date_gmt":"2015-05-26T15:58:39","guid":{"rendered":"http:\/\/sarlbmlfzd.cluster011.ovh.net\/sarlbml\/?page_id=97"},"modified":"2019-02-12T16:49:52","modified_gmt":"2019-02-12T15:49:52","slug":"idees-astucieuses-et-innovations-marquantes","status":"publish","type":"page","link":"https:\/\/www.sarlbml.fr\/sarlbml\/guides\/le-savoir-faire-stihl\/idees-astucieuses-et-innovations-marquantes\/","title":{"rendered":"Id\u00e9es astucieuses et innovations marquantes"},"content":{"rendered":"<p><img loading=\"lazy\" decoding=\"async\" class=\" size-full wp-image-88 alignleft\" src=\"https:\/\/www.sarlbml.fr\/sarlbml\/wp-content\/uploads\/2015\/05\/demos04p11_2.jpg\" alt=\"demos04p11_2\" width=\"200\" height=\"179\" srcset=\"https:\/\/www.sarlbml.fr\/sarlbml\/wp-content\/uploads\/2015\/05\/demos04p11_2.jpg 200w, https:\/\/www.sarlbml.fr\/sarlbml\/wp-content\/uploads\/2015\/05\/demos04p11_2-168x150.jpg 168w, https:\/\/www.sarlbml.fr\/sarlbml\/wp-content\/uploads\/2015\/05\/demos04p11_2-150x134.jpg 150w\" sizes=\"auto, (max-width: 200px) 100vw, 200px\" \/><strong>Le syst\u00e8me antivibratoire STIHL<\/strong><br \/>\nLes vibrations du moteur et de la cha\u00eene sont r\u00e9duites par des zones \u00ab\u00a0tampon\u00a0\u00bb&nbsp;d\u00e9termin\u00e9es avec pr\u00e9cision. Pour un travail sans fatigue.<\/p>\n<p>&nbsp;<\/p>\n<p>&nbsp;<\/p>\n<hr>\n<p><img loading=\"lazy\" decoding=\"async\" class=\" size-full wp-image-89 alignleft\" src=\"https:\/\/www.sarlbml.fr\/sarlbml\/wp-content\/uploads\/2015\/05\/demos04p11_3.jpg\" alt=\"demos04p11_3\" width=\"200\" height=\"172\" srcset=\"https:\/\/www.sarlbml.fr\/sarlbml\/wp-content\/uploads\/2015\/05\/demos04p11_3.jpg 200w, https:\/\/www.sarlbml.fr\/sarlbml\/wp-content\/uploads\/2015\/05\/demos04p11_3-174x150.jpg 174w, https:\/\/www.sarlbml.fr\/sarlbml\/wp-content\/uploads\/2015\/05\/demos04p11_3-150x129.jpg 150w\" sizes=\"auto, (max-width: 200px) 100vw, 200px\" \/><strong>La commande STIHL \u00e0 levier universel<\/strong><br \/>\nToutes les fonctions telles que le d\u00e9marrage \u00e0 froid ou \u00e0 chaud ainsi que l&rsquo;arr\u00eat sont command\u00e9es tr\u00e8s facilement par un levier unique.<\/p>\n<p>&nbsp;<\/p>\n<p>&nbsp;<\/p>\n<hr>\n<p><img loading=\"lazy\" decoding=\"async\" class=\" size-full wp-image-90 alignleft\" src=\"https:\/\/www.sarlbml.fr\/sarlbml\/wp-content\/uploads\/2015\/05\/demos04p11_5.jpg\" alt=\"demos04p11_5\" width=\"200\" height=\"174\" srcset=\"https:\/\/www.sarlbml.fr\/sarlbml\/wp-content\/uploads\/2015\/05\/demos04p11_5.jpg 200w, https:\/\/www.sarlbml.fr\/sarlbml\/wp-content\/uploads\/2015\/05\/demos04p11_5-172x150.jpg 172w, https:\/\/www.sarlbml.fr\/sarlbml\/wp-content\/uploads\/2015\/05\/demos04p11_5-150x131.jpg 150w\" sizes=\"auto, (max-width: 200px) 100vw, 200px\" \/><strong>Le frein de cha\u00eene STIHL QuickStop Super<\/strong><br \/>\nSyst\u00e8me de frein suppl\u00e9mentaire qui arr\u00eate la cha\u00eene instantan\u00e9ment lorsqu&rsquo;on rel\u00e2che la poign\u00e9e arri\u00e8re.<\/p>\n<p>&nbsp;<\/p>\n<p>&nbsp;<\/p>\n<hr>\n<p><img loading=\"lazy\" decoding=\"async\" class=\" size-full wp-image-91 alignleft\" src=\"https:\/\/www.sarlbml.fr\/sarlbml\/wp-content\/uploads\/2015\/05\/demos04p11_6.jpg\" alt=\"demos04p11_6\" width=\"200\" height=\"180\" srcset=\"https:\/\/www.sarlbml.fr\/sarlbml\/wp-content\/uploads\/2015\/05\/demos04p11_6.jpg 200w, https:\/\/www.sarlbml.fr\/sarlbml\/wp-content\/uploads\/2015\/05\/demos04p11_6-167x150.jpg 167w, https:\/\/www.sarlbml.fr\/sarlbml\/wp-content\/uploads\/2015\/05\/demos04p11_6-150x135.jpg 150w\" sizes=\"auto, (max-width: 200px) 100vw, 200px\" \/><strong>Le syst\u00e8me de d\u00e9marrage facile STIHL<br \/>\n<\/strong>La pompe d&rsquo;amor\u00e7age, la soupape de d\u00e9compression et l&rsquo;Elostart STIHL assurent des d\u00e9marrages faciles, souples et quasiment sans \u00e0 coups.<\/p>\n<p>&nbsp;<\/p>\n<p>&nbsp;<\/p>\n<hr>\n<p><img loading=\"lazy\" decoding=\"async\" class=\" size-full wp-image-92 alignleft\" src=\"https:\/\/www.sarlbml.fr\/sarlbml\/wp-content\/uploads\/2015\/05\/demos04p11_8.jpg\" alt=\"demos04p11_8\" width=\"200\" height=\"172\" srcset=\"https:\/\/www.sarlbml.fr\/sarlbml\/wp-content\/uploads\/2015\/05\/demos04p11_8.jpg 200w, https:\/\/www.sarlbml.fr\/sarlbml\/wp-content\/uploads\/2015\/05\/demos04p11_8-174x150.jpg 174w, https:\/\/www.sarlbml.fr\/sarlbml\/wp-content\/uploads\/2015\/05\/demos04p11_8-150x129.jpg 150w\" sizes=\"auto, (max-width: 200px) 100vw, 200px\" \/><strong>Le tendeur de cha\u00eene lat\u00e9ral STIHL<\/strong><br \/>\nUne mani\u00e8re tr\u00e8s facile de tendre la cha\u00eene sans risquer d&rsquo;entrer en contact avec elle.<\/p>\n<p>&nbsp;<\/p>\n<p>&nbsp;<\/p>\n<hr>\n<p><img loading=\"lazy\" decoding=\"async\" class=\" size-full wp-image-93 alignleft\" src=\"https:\/\/www.sarlbml.fr\/sarlbml\/wp-content\/uploads\/2015\/05\/demos04p11_9.jpg\" alt=\"demos04p11_9\" width=\"200\" height=\"172\" srcset=\"https:\/\/www.sarlbml.fr\/sarlbml\/wp-content\/uploads\/2015\/05\/demos04p11_9.jpg 200w, https:\/\/www.sarlbml.fr\/sarlbml\/wp-content\/uploads\/2015\/05\/demos04p11_9-174x150.jpg 174w, https:\/\/www.sarlbml.fr\/sarlbml\/wp-content\/uploads\/2015\/05\/demos04p11_9-150x129.jpg 150w\" sizes=\"auto, (max-width: 200px) 100vw, 200px\" \/><strong>Le tendeur de cha\u00eene rapide STIHL<\/strong><br \/>\nUne fois que le capot du pignon de cha\u00eene est desserr\u00e9, la cha\u00eene se r\u00e8gle sans le moindre outil, par une simple molette.<\/p>\n<p>&nbsp;<\/p>\n<p>&nbsp;<\/p>\n<hr>\n<p><img loading=\"lazy\" decoding=\"async\" class=\" size-full wp-image-94 alignleft\" src=\"https:\/\/www.sarlbml.fr\/sarlbml\/wp-content\/uploads\/2015\/05\/demos04p11_10.jpg\" alt=\"demos04p11_10\" width=\"200\" height=\"181\" srcset=\"https:\/\/www.sarlbml.fr\/sarlbml\/wp-content\/uploads\/2015\/05\/demos04p11_10.jpg 200w, https:\/\/www.sarlbml.fr\/sarlbml\/wp-content\/uploads\/2015\/05\/demos04p11_10-166x150.jpg 166w, https:\/\/www.sarlbml.fr\/sarlbml\/wp-content\/uploads\/2015\/05\/demos04p11_10-150x136.jpg 150w\" sizes=\"auto, (max-width: 200px) 100vw, 200px\" \/><strong>Le syst\u00e8me de fermeture 1\/4 de tour du r\u00e9servoir STIHL<\/strong><br \/>\nBouchons exclusifs pour les r\u00e9servoirs de carburant et d&rsquo;huile de la plupart des mod\u00e8les de tron\u00e7onneuses. Ouverture et fermeture sans outil.<\/p>\n<p>&nbsp;<\/p>\n<p>&nbsp;<\/p>\n<hr>\n<p><img loading=\"lazy\" decoding=\"async\" class=\" size-full wp-image-95 alignleft\" src=\"https:\/\/www.sarlbml.fr\/sarlbml\/wp-content\/uploads\/2015\/05\/demos04p11_11.jpg\" alt=\"demos04p11_11\" width=\"200\" height=\"172\" srcset=\"https:\/\/www.sarlbml.fr\/sarlbml\/wp-content\/uploads\/2015\/05\/demos04p11_11.jpg 200w, https:\/\/www.sarlbml.fr\/sarlbml\/wp-content\/uploads\/2015\/05\/demos04p11_11-174x150.jpg 174w, https:\/\/www.sarlbml.fr\/sarlbml\/wp-content\/uploads\/2015\/05\/demos04p11_11-150x129.jpg 150w\" sizes=\"auto, (max-width: 200px) 100vw, 200px\" \/><strong>L&rsquo;allumage command\u00e9 par microprocesseur STIHL<\/strong><br \/>\nPoint d&rsquo;allumage parfaitement adapt\u00e9 \u00e0 chaque r\u00e9gime. Longue dur\u00e9e des \u00e9tincelles, combustion optimale.<\/p>\n<p>&nbsp;<\/p>\n<p>&nbsp;<\/p>\n<hr>\n<p><img loading=\"lazy\" decoding=\"async\" class=\" size-full wp-image-96 alignleft\" src=\"https:\/\/www.sarlbml.fr\/sarlbml\/wp-content\/uploads\/2015\/05\/demos04p11_12.jpg\" alt=\"demos04p11_12\" width=\"200\" height=\"173\" srcset=\"https:\/\/www.sarlbml.fr\/sarlbml\/wp-content\/uploads\/2015\/05\/demos04p11_12.jpg 200w, https:\/\/www.sarlbml.fr\/sarlbml\/wp-content\/uploads\/2015\/05\/demos04p11_12-173x150.jpg 173w, https:\/\/www.sarlbml.fr\/sarlbml\/wp-content\/uploads\/2015\/05\/demos04p11_12-150x130.jpg 150w\" sizes=\"auto, (max-width: 200px) 100vw, 200px\" \/><strong>Le pot catalytique STIHL pour tron\u00e7onneuses<\/strong><br \/>\nLe premier pot catalytique pour tron\u00e7onneuses a fait r\u00e9f\u00e9rence dans le monde entier. Il r\u00e9duit le taux de composants imbr\u00fbl\u00e9s dans les gaz d&rsquo;\u00e9chappement et permet d&rsquo;obtenir ainsi une baisse de 80% des \u00e9missions d&rsquo;hydrocarbures polluants.<\/p>\n","protected":false},"excerpt":{"rendered":"<p>Le syst\u00e8me antivibratoire STIHL Les vibrations du moteur et de la cha\u00eene sont r\u00e9duites par des zones \u00ab\u00a0tampon\u00a0\u00bb&nbsp;d\u00e9termin\u00e9es avec pr\u00e9cision. Pour un travail sans fatigue. &nbsp; &nbsp; La commande STIHL \u00e0 levier universel Toutes les fonctions telles que le d\u00e9marrage \u00e0 froid ou \u00e0 chaud ainsi que l&rsquo;arr\u00eat sont command\u00e9es\u2026<\/p>\n<p> <a class=\"continue-reading-link\" href=\"https:\/\/www.sarlbml.fr\/sarlbml\/guides\/le-savoir-faire-stihl\/idees-astucieuses-et-innovations-marquantes\/\"><span>Lire la suite<\/span><i class=\"crycon-right-dir\"><\/i><\/a> <\/p>\n","protected":false},"author":1,"featured_media":0,"parent":548,"menu_order":1,"comment_status":"closed","ping_status":"open","template":"","meta":{"footnotes":""},"class_list":["post-97","page","type-page","status-publish","hentry"],"_links":{"self":[{"href":"https:\/\/www.sarlbml.fr\/sarlbml\/wp-json\/wp\/v2\/pages\/97","targetHints":{"allow":["GET"]}}],"collection":[{"href":"https:\/\/www.sarlbml.fr\/sarlbml\/wp-json\/wp\/v2\/pages"}],"about":[{"href":"https:\/\/www.sarlbml.fr\/sarlbml\/wp-json\/wp\/v2\/types\/page"}],"author":[{"embeddable":true,"href":"https:\/\/www.sarlbml.fr\/sarlbml\/wp-json\/wp\/v2\/users\/1"}],"replies":[{"embeddable":true,"href":"https:\/\/www.sarlbml.fr\/sarlbml\/wp-json\/wp\/v2\/comments?post=97"}],"version-history":[{"count":7,"href":"https:\/\/www.sarlbml.fr\/sarlbml\/wp-json\/wp\/v2\/pages\/97\/revisions"}],"predecessor-version":[{"id":1601,"href":"https:\/\/www.sarlbml.fr\/sarlbml\/wp-json\/wp\/v2\/pages\/97\/revisions\/1601"}],"up":[{"embeddable":true,"href":"https:\/\/www.sarlbml.fr\/sarlbml\/wp-json\/wp\/v2\/pages\/548"}],"wp:attachment":[{"href":"https:\/\/www.sarlbml.fr\/sarlbml\/wp-json\/wp\/v2\/media?parent=97"}],"curies":[{"name":"wp","href":"https:\/\/api.w.org\/{rel}","templated":true}]}}