{"id":966,"date":"2015-05-30T17:16:16","date_gmt":"2015-05-30T16:16:16","guid":{"rendered":"http:\/\/www.sarlbml.fr\/sarlbml\/?page_id=966"},"modified":"2019-02-12T18:13:44","modified_gmt":"2019-02-12T17:13:44","slug":"pompes-produits-chimiques","status":"publish","type":"page","link":"https:\/\/www.sarlbml.fr\/sarlbml\/catalogue\/catalogue-honda\/pompes-a-eaux-honda\/pompes-produits-chimiques\/","title":{"rendered":"Pompes produits chimiques"},"content":{"rendered":"<p><img loading=\"lazy\" decoding=\"async\" class=\"alignleft wp-image-304\" src=\"https:\/\/www.sarlbml.fr\/sarlbml\/wp-content\/uploads\/2015\/05\/wmp20x.jpg\" alt=\"wmp20x\" width=\"200\" height=\"172\" srcset=\"https:\/\/www.sarlbml.fr\/sarlbml\/wp-content\/uploads\/2015\/05\/wmp20x.jpg 254w, https:\/\/www.sarlbml.fr\/sarlbml\/wp-content\/uploads\/2015\/05\/wmp20x-174x150.jpg 174w, https:\/\/www.sarlbml.fr\/sarlbml\/wp-content\/uploads\/2015\/05\/wmp20x-150x129.jpg 150w\" sizes=\"auto, (max-width: 200px) 100vw, 200px\" \/>La pompe WMP20X Honda est con\u00e7ue sp\u00e9cialement pour les liquides que les pompes \u00e0 eaux claires ou \u00e0 eaux charg\u00e9es ne peuvent traiter en raison de leur mat\u00e9riaux de construction. Dot\u00e9e d&rsquo;un corps en polyester renforc\u00e9 de fibres de verre, elle est, de ce fait, parfaitement r\u00e9sistante aux acides et insensible \u00e0 la corrosion.<\/p>\n<p>La pompe WMP20X Honda convient particuli\u00e8rement pour pomper les liquides suivants :<\/p>\n<p>\u2022Eau sal\u00e9e (nettoyage de bateaux, protection contre l&rsquo;incendie \u00e0 bord&#8230;)<br \/>\n\u2022Produits chimiques agricoles (engrais liquides, d\u00e9sherbant, insecticide)<br \/>\n\u2022Produits chimiques industriels et produit de nettoyage (acide et liquides alcalins au pH de 4-9, savon neutre, mousse d&rsquo;extinction pour la lutte contre le feu.<\/p>\n<hr>\n\n<table id=\"tablepress-51\" class=\"tablepress tablepress-id-51 tablepress-responsive\">\n<tbody class=\"row-striping\">\n<tr class=\"row-1\">\n\t<td class=\"column-1\">Hauteur maxi d'aspiration<\/td><td class=\"column-2\"><p style=\"text-align: center;\">8 m<\/p><\/td>\n<\/tr>\n<tr class=\"row-2\">\n\t<td class=\"column-1\">Hauteur totale de refoulement<\/td><td class=\"column-2\"><p style=\"text-align: center;\">32 m<\/p><\/td>\n<\/tr>\n<tr class=\"row-3\">\n\t<td class=\"column-1\">D\u00e9bit maximum<\/td><td class=\"column-2\"><p style=\"text-align: center;\">833 l\/mn (50 m\u00b3\/h)<\/p><\/td>\n<\/tr>\n<tr class=\"row-4\">\n\t<td class=\"column-1\">Pression<\/td><td class=\"column-2\"><p style=\"text-align: center;\">3,2 bars<\/p><\/td>\n<\/tr>\n<tr class=\"row-5\">\n\t<td class=\"column-1\">Granulom\u00e9trie<\/td><td class=\"column-2\"><p style=\"text-align: center;\">5 mm<\/p><\/td>\n<\/tr>\n<tr class=\"row-6\">\n\t<td class=\"column-1\">Diam\u00e8tre du raccord<\/td><td class=\"column-2\"><p style=\"text-align: center;\">2\" (50,8 mm)<\/p><\/td>\n<\/tr>\n<tr class=\"row-7\">\n\t<td class=\"column-1\">Moteur Honda 4 temps<\/td><td class=\"column-2\"><p style=\"text-align: center;\">GX 160 - 163 cc<\/p><\/td>\n<\/tr>\n<tr class=\"row-8\">\n\t<td class=\"column-1\">Puissance \u00e0 3600 tr\/mn (kW)<\/td><td class=\"column-2\"><p style=\"text-align: center;\">4<\/p><\/td>\n<\/tr>\n<tr class=\"row-9\">\n\t<td class=\"column-1\">Contenance du r\u00e9servoir<\/td><td class=\"column-2\"><p style=\"text-align: center;\">3,6 l<\/p><\/td>\n<\/tr>\n<tr class=\"row-10\">\n\t<td class=\"column-1\">Autonomie (h)<\/td><td class=\"column-2\"><p style=\"text-align: center;\">nc<\/p><\/td>\n<\/tr>\n<tr class=\"row-11\">\n\t<td class=\"column-1\">Equipement(s)<\/td><td class=\"column-2\"><p style=\"text-align: center;\">Auto-amor\u00e7ante<\/p><\/td>\n<\/tr>\n<tr class=\"row-12\">\n\t<td class=\"column-1\">Poids \u00e0 vide<\/td><td class=\"column-2\"><p style=\"text-align: center;\">25,5 kg<\/p><\/td>\n<\/tr>\n<\/tbody>\n<\/table>\n<!-- #tablepress-51 from cache -->\n","protected":false},"excerpt":{"rendered":"<p>La pompe WMP20X Honda est con\u00e7ue sp\u00e9cialement pour les liquides que les pompes \u00e0 eaux claires ou \u00e0 eaux charg\u00e9es ne peuvent traiter en raison de leur mat\u00e9riaux de construction. Dot\u00e9e d&rsquo;un corps en polyester renforc\u00e9 de fibres de verre, elle est, de ce fait, parfaitement r\u00e9sistante aux acides et\u2026<\/p>\n<p> <a class=\"continue-reading-link\" href=\"https:\/\/www.sarlbml.fr\/sarlbml\/catalogue\/catalogue-honda\/pompes-a-eaux-honda\/pompes-produits-chimiques\/\"><span>Lire la suite<\/span><i class=\"crycon-right-dir\"><\/i><\/a> <\/p>\n","protected":false},"author":1,"featured_media":0,"parent":301,"menu_order":0,"comment_status":"closed","ping_status":"open","template":"","meta":{"footnotes":""},"class_list":["post-966","page","type-page","status-publish","hentry"],"_links":{"self":[{"href":"https:\/\/www.sarlbml.fr\/sarlbml\/wp-json\/wp\/v2\/pages\/966","targetHints":{"allow":["GET"]}}],"collection":[{"href":"https:\/\/www.sarlbml.fr\/sarlbml\/wp-json\/wp\/v2\/pages"}],"about":[{"href":"https:\/\/www.sarlbml.fr\/sarlbml\/wp-json\/wp\/v2\/types\/page"}],"author":[{"embeddable":true,"href":"https:\/\/www.sarlbml.fr\/sarlbml\/wp-json\/wp\/v2\/users\/1"}],"replies":[{"embeddable":true,"href":"https:\/\/www.sarlbml.fr\/sarlbml\/wp-json\/wp\/v2\/comments?post=966"}],"version-history":[{"count":2,"href":"https:\/\/www.sarlbml.fr\/sarlbml\/wp-json\/wp\/v2\/pages\/966\/revisions"}],"predecessor-version":[{"id":1651,"href":"https:\/\/www.sarlbml.fr\/sarlbml\/wp-json\/wp\/v2\/pages\/966\/revisions\/1651"}],"up":[{"embeddable":true,"href":"https:\/\/www.sarlbml.fr\/sarlbml\/wp-json\/wp\/v2\/pages\/301"}],"wp:attachment":[{"href":"https:\/\/www.sarlbml.fr\/sarlbml\/wp-json\/wp\/v2\/media?parent=966"}],"curies":[{"name":"wp","href":"https:\/\/api.w.org\/{rel}","templated":true}]}}