{"id":964,"date":"2015-05-30T17:09:44","date_gmt":"2015-05-30T16:09:44","guid":{"rendered":"http:\/\/www.sarlbml.fr\/sarlbml\/?page_id=964"},"modified":"2019-02-12T18:13:03","modified_gmt":"2019-02-12T17:13:03","slug":"pompes-a-eau-chargee","status":"publish","type":"page","link":"https:\/\/www.sarlbml.fr\/sarlbml\/catalogue\/catalogue-honda\/pompes-a-eaux-honda\/pompes-a-eau-chargee\/","title":{"rendered":"Pompes \u00e0 eau charg\u00e9e"},"content":{"rendered":"<p><img loading=\"lazy\" decoding=\"async\" class=\"alignleft size-full wp-image-960\" src=\"https:\/\/www.sarlbml.fr\/sarlbml\/wp-content\/uploads\/2015\/05\/wb20xt.png\" alt=\"wb20xt\" width=\"200\" height=\"200\" srcset=\"https:\/\/www.sarlbml.fr\/sarlbml\/wp-content\/uploads\/2015\/05\/wb20xt.png 200w, https:\/\/www.sarlbml.fr\/sarlbml\/wp-content\/uploads\/2015\/05\/wb20xt-100x100.png 100w, https:\/\/www.sarlbml.fr\/sarlbml\/wp-content\/uploads\/2015\/05\/wb20xt-150x150.png 150w\" sizes=\"auto, (max-width: 200px) 100vw, 200px\" \/>Id\u00e9al pour l&rsquo;irrigation des plantations, le nettoyage des piscines ou la lutte contre l&rsquo;incendie. Les pompes WB sont destin\u00e9es \u00e0 l&rsquo;\u00e9puisement des eaux semi-charg\u00e9es, pour des usages ponctuels comme pour des op\u00e9rations \u00e0 haut rendement voire professionnels : transvasement de pisciculture, de piscine&#8230;&nbsp;Elles sont particuli\u00e8rement adapt\u00e9es aux usages intensifs, gr\u00e2ce \u00e0 leur grand d\u00e9bit.<\/p>\n<p>Des corps de pompe Honda sp\u00e9cialement \u00e9tudi\u00e9s permettent de pomper des eaux charg\u00e9es de salet\u00e9, de gravier, de feuilles mortes et d&rsquo;autres corps \u00e9trangers d&rsquo;un diam\u00e8tre de 30 mm maximum. Elles constituent les appareils id\u00e9aux pour le drainage de fosses de chantier, de tranch\u00e9es \u00e0 c\u00e2bles et de caves inond\u00e9es.<\/p>\n<hr>\n\n<table id=\"tablepress-50\" class=\"tablepress tablepress-id-50 tablepress-responsive tbody-has-connected-cells\">\n<tbody class=\"row-striping\">\n<tr class=\"row-1\">\n\t<td class=\"column-1\"><\/td><td class=\"column-2\"><div class=\"wp-block-image\"><figure class=\"aligncenter\"><img loading=\"lazy\" decoding=\"async\" src=\"https:\/\/www.sarlbml.fr\/sarlbml\/wp-content\/uploads\/2015\/05\/wt20x.png\" alt=\"\" width=\"50\" height=\"50\" class=\"aligncenter size-full wp-image-956\" \/><\/figure><\/div><\/td><td class=\"column-3\"><div class=\"wp-block-image\"><figure class=\"aligncenter\"><img loading=\"lazy\" decoding=\"async\" src=\"https:\/\/www.sarlbml.fr\/sarlbml\/wp-content\/uploads\/2015\/05\/wb20xt.png\" alt=\"\" width=\"50\" height=\"50\" class=\"aligncenter size-full wp-image-956\" \/><\/figure><\/div><\/td><td class=\"column-4\"><div class=\"wp-block-image\"><figure class=\"aligncenter\"><img loading=\"lazy\" decoding=\"async\" src=\"https:\/\/www.sarlbml.fr\/sarlbml\/wp-content\/uploads\/2015\/05\/wb30xt.jpg\" alt=\"\" width=\"50\" height=\"50\" class=\"aligncenter size-full wp-image-956\" \/><\/figure><\/div><\/td><td class=\"column-5\"><div class=\"wp-block-image\"><figure class=\"aligncenter\"><img loading=\"lazy\" decoding=\"async\" src=\"https:\/\/www.sarlbml.fr\/sarlbml\/wp-content\/uploads\/2015\/05\/wt30x.png\" alt=\"\" width=\"50\" height=\"50\" class=\"aligncenter size-full wp-image-956\" \/><\/figure><\/div><\/td><td class=\"column-6\"><div class=\"wp-block-image\"><figure class=\"aligncenter\"><img loading=\"lazy\" decoding=\"async\" src=\"https:\/\/www.sarlbml.fr\/sarlbml\/wp-content\/uploads\/2015\/05\/wt40.png\" alt=\"\" width=\"50\" height=\"50\" class=\"aligncenter size-full wp-image-956\" \/><\/figure><\/div><\/td>\n<\/tr>\n<tr class=\"row-2\">\n\t<td class=\"column-1\"><strong>Mod\u00e8le<\/strong><\/td><td class=\"column-2\"><p style=\"text-align: center;\"><strong>WX 20 X<\/strong><\/p><\/td><td class=\"column-3\"><p style=\"text-align: center;\"><strong>WB 20 XT<\/strong><\/p><\/td><td class=\"column-4\"><p style=\"text-align: center;\"><strong>WB 30 XT<\/strong><\/p><\/td><td class=\"column-5\"><p style=\"text-align: center;\"><strong>WT 30 X<\/strong><\/p><\/td><td class=\"column-6\"><p style=\"text-align: center;\"><strong>WT 40<\/strong><\/p><\/td>\n<\/tr>\n<tr class=\"row-3\">\n\t<td class=\"column-1\">Hauteur maxi d'aspiration<\/td><td colspan=\"5\" class=\"column-2\"><p style=\"text-align: center;\">8 m<\/p><\/td>\n<\/tr>\n<tr class=\"row-4\">\n\t<td class=\"column-1\">Hauteur totale de refoulement<\/td><td class=\"column-2\"><p style=\"text-align: center;\">30 m<\/p><\/td><td class=\"column-3\"><p style=\"text-align: center;\">32 m<\/p><\/td><td class=\"column-4\"><p style=\"text-align: center;\">28 m<\/p><\/td><td class=\"column-5\"><p style=\"text-align: center;\">27 m<\/p><\/td><td class=\"column-6\"><p style=\"text-align: center;\">26 m<\/p><\/td>\n<\/tr>\n<tr class=\"row-5\">\n\t<td class=\"column-1\">D\u00e9bit maximum<\/td><td class=\"column-2\"><p style=\"text-align: center;\">710 litres\/min<\/p><\/td><td class=\"column-3\"><p style=\"text-align: center;\">600 l\/mn (36 m\u00b3\/h)<\/p><\/td><td class=\"column-4\"><p style=\"text-align: center;\">1100 l\/mn (66 m\u00b3\/h)<\/p><\/td><td class=\"column-5\"><p style=\"text-align: center;\">1210 litres\/min<\/p><\/td><td class=\"column-6\"><p style=\"text-align: center;\">1640 litres\/min<\/p><\/td>\n<\/tr>\n<tr class=\"row-6\">\n\t<td class=\"column-1\">Pression<\/td><td class=\"column-2\"><p style=\"text-align: center;\">3 bars<\/p><\/td><td class=\"column-3\"><p style=\"text-align: center;\">3,1 bars<\/p><\/td><td colspan=\"2\" class=\"column-4\"><p style=\"text-align: center;\">2,7 bars<\/p><\/td><td class=\"column-6\"><p style=\"text-align: center;\">2,6 bars<\/p><\/td>\n<\/tr>\n<tr class=\"row-7\">\n\t<td class=\"column-1\">Granulom\u00e9trie<\/td><td class=\"column-2\"><p style=\"text-align: center;\">24 mm<\/p><\/td><td class=\"column-3\"><p style=\"text-align: center;\">8 mm<\/p><\/td><td class=\"column-4\"><p style=\"text-align: center;\">6 mm<\/p><\/td><td class=\"column-5\"><p style=\"text-align: center;\">28 mm<\/p><\/td><td class=\"column-6\"><p style=\"text-align: center;\">31 mm<\/p><\/td>\n<\/tr>\n<tr class=\"row-8\">\n\t<td class=\"column-1\">Diam\u00e8tre du raccord<\/td><td class=\"column-2\"><p style=\"text-align: center;\">nc<\/p><\/td><td class=\"column-3\"><p style=\"text-align: center;\">2\" (50,8 mm)<\/p><\/td><td class=\"column-4\"><p style=\"text-align: center;\">3\" (76,2 mm)<\/p><\/td><td colspan=\"2\" class=\"column-5\"><p style=\"text-align: center;\">nc<\/p><\/td>\n<\/tr>\n<tr class=\"row-9\">\n\t<td class=\"column-1\">Moteur Honda 4 temps<\/td><td class=\"column-2\"><p style=\"text-align: center;\">GX 160<\/p><\/td><td class=\"column-3\"><p style=\"text-align: center;\">GX 120 - 118 cc<\/p><\/td><td class=\"column-4\"><p style=\"text-align: center;\">GX 160 - 163 cc<\/p><\/td><td class=\"column-5\"><p style=\"text-align: center;\">GX 240<\/p><\/td><td class=\"column-6\"><p style=\"text-align: center;\">nc<\/p><\/td>\n<\/tr>\n<tr class=\"row-10\">\n\t<td class=\"column-1\">Puissance \u00e0 7000 tr\/mn (kW)<\/td><td class=\"column-2\"><p style=\"text-align: center;\">3,6<\/p><\/td><td class=\"column-3\"><p style=\"text-align: center;\">2,9<\/p><\/td><td class=\"column-4\"><p style=\"text-align: center;\">4,0<\/p><\/td><td class=\"column-5\"><p style=\"text-align: center;\">5,3<\/p><\/td><td class=\"column-6\"><p style=\"text-align: center;\">nc<\/p><\/td>\n<\/tr>\n<tr class=\"row-11\">\n\t<td class=\"column-1\">Contenance du r\u00e9servoir<\/td><td class=\"column-2\"><p style=\"text-align: center;\">3,1 l<\/p><\/td><td class=\"column-3\"><p style=\"text-align: center;\">2,5 l<\/p><\/td><td class=\"column-4\"><p style=\"text-align: center;\">3,6 l<\/p><\/td><td class=\"column-5\"><p style=\"text-align: center;\">5,3 l<\/p><\/td><td class=\"column-6\"><p style=\"text-align: center;\">6,1 l<\/p><\/td>\n<\/tr>\n<tr class=\"row-12\">\n\t<td class=\"column-1\">Autonomie (h)<\/td><td class=\"column-2\"><p style=\"text-align: center;\">2h50<\/p><\/td><td class=\"column-3\"><p style=\"text-align: center;\">2h30<\/p><\/td><td class=\"column-4\"><p style=\"text-align: center;\">2h30<\/p><\/td><td class=\"column-5\"><p style=\"text-align: center;\">2h10<\/p><\/td><td class=\"column-6\"><p style=\"text-align: center;\">2h<\/p><\/td>\n<\/tr>\n<tr class=\"row-13\">\n\t<td class=\"column-1\">Equipement(s)<\/td><td colspan=\"5\" class=\"column-2\"><p style=\"text-align: center;\">Auto-amor\u00e7ante<\/p><\/td>\n<\/tr>\n<tr class=\"row-14\">\n\t<td class=\"column-1\">Poids \u00e0 vide<\/td><td class=\"column-2\"><p style=\"text-align: center;\">47 kg<\/p><\/td><td class=\"column-3\"><p style=\"text-align: center;\">21 kg<\/p><\/td><td class=\"column-4\"><p style=\"text-align: center;\">27 kg<\/p><\/td><td class=\"column-5\"><p style=\"text-align: center;\">60 kg<\/p><\/td><td class=\"column-6\"><p style=\"text-align: center;\">78 kg<\/p><\/td>\n<\/tr>\n<\/tbody>\n<\/table>\n\n","protected":false},"excerpt":{"rendered":"<p>Id\u00e9al pour l&rsquo;irrigation des plantations, le nettoyage des piscines ou la lutte contre l&rsquo;incendie. Les pompes WB sont destin\u00e9es \u00e0 l&rsquo;\u00e9puisement des eaux semi-charg\u00e9es, pour des usages ponctuels comme pour des op\u00e9rations \u00e0 haut rendement voire professionnels : transvasement de pisciculture, de piscine&#8230;&nbsp;Elles sont particuli\u00e8rement adapt\u00e9es aux usages intensifs, gr\u00e2ce\u2026<\/p>\n<p> <a class=\"continue-reading-link\" href=\"https:\/\/www.sarlbml.fr\/sarlbml\/catalogue\/catalogue-honda\/pompes-a-eaux-honda\/pompes-a-eau-chargee\/\"><span>Lire la suite<\/span><i class=\"crycon-right-dir\"><\/i><\/a> <\/p>\n","protected":false},"author":1,"featured_media":0,"parent":301,"menu_order":0,"comment_status":"closed","ping_status":"open","template":"","meta":{"footnotes":""},"class_list":["post-964","page","type-page","status-publish","hentry"],"_links":{"self":[{"href":"https:\/\/www.sarlbml.fr\/sarlbml\/wp-json\/wp\/v2\/pages\/964","targetHints":{"allow":["GET"]}}],"collection":[{"href":"https:\/\/www.sarlbml.fr\/sarlbml\/wp-json\/wp\/v2\/pages"}],"about":[{"href":"https:\/\/www.sarlbml.fr\/sarlbml\/wp-json\/wp\/v2\/types\/page"}],"author":[{"embeddable":true,"href":"https:\/\/www.sarlbml.fr\/sarlbml\/wp-json\/wp\/v2\/users\/1"}],"replies":[{"embeddable":true,"href":"https:\/\/www.sarlbml.fr\/sarlbml\/wp-json\/wp\/v2\/comments?post=964"}],"version-history":[{"count":2,"href":"https:\/\/www.sarlbml.fr\/sarlbml\/wp-json\/wp\/v2\/pages\/964\/revisions"}],"predecessor-version":[{"id":1650,"href":"https:\/\/www.sarlbml.fr\/sarlbml\/wp-json\/wp\/v2\/pages\/964\/revisions\/1650"}],"up":[{"embeddable":true,"href":"https:\/\/www.sarlbml.fr\/sarlbml\/wp-json\/wp\/v2\/pages\/301"}],"wp:attachment":[{"href":"https:\/\/www.sarlbml.fr\/sarlbml\/wp-json\/wp\/v2\/media?parent=964"}],"curies":[{"name":"wp","href":"https:\/\/api.w.org\/{rel}","templated":true}]}}