{"id":952,"date":"2015-05-30T16:31:12","date_gmt":"2015-05-30T15:31:12","guid":{"rendered":"http:\/\/www.sarlbml.fr\/sarlbml\/?page_id=952"},"modified":"2019-02-12T18:12:20","modified_gmt":"2019-02-12T17:12:20","slug":"pompes-a-eau-claire","status":"publish","type":"page","link":"https:\/\/www.sarlbml.fr\/sarlbml\/catalogue\/catalogue-honda\/pompes-a-eaux-honda\/pompes-a-eau-claire\/","title":{"rendered":"Pompes \u00e0 eau claire"},"content":{"rendered":"<p><img loading=\"lazy\" decoding=\"async\" class=\"alignleft wp-image-306\" src=\"https:\/\/www.sarlbml.fr\/sarlbml\/wp-content\/uploads\/2015\/05\/wx15.jpg\" alt=\"wx15\" width=\"200\" height=\"220\" srcset=\"https:\/\/www.sarlbml.fr\/sarlbml\/wp-content\/uploads\/2015\/05\/wx15.jpg 367w, https:\/\/www.sarlbml.fr\/sarlbml\/wp-content\/uploads\/2015\/05\/wx15-273x300.jpg 273w, https:\/\/www.sarlbml.fr\/sarlbml\/wp-content\/uploads\/2015\/05\/wx15-136x150.jpg 136w\" sizes=\"auto, (max-width: 200px) 100vw, 200px\" \/>Les pompes pour eaux claires auto-amor\u00e7antes sont faciles \u00e0 transporter et de construction compacte. Avec ses d\u00e9bits de 130 \u00e0 240 litres par minute, elles sont con\u00e7ues pour l&rsquo;irrigation optimale en horticulture, agriculture et l&rsquo;am\u00e9nagement du paysage.<\/p>\n<hr>\n\n<table id=\"tablepress-49\" class=\"tablepress tablepress-id-49 tablepress-responsive tbody-has-connected-cells\">\n<tbody class=\"row-striping\">\n<tr class=\"row-1\">\n\t<td class=\"column-1\"><\/td><td class=\"column-2\"><div class=\"wp-block-image\"><figure class=\"aligncenter\"><img loading=\"lazy\" decoding=\"async\" src=\"https:\/\/www.sarlbml.fr\/sarlbml\/wp-content\/uploads\/2015\/05\/wx10.png\" alt=\"\" width=\"50\" height=\"50\" class=\"aligncenter size-full wp-image-956\" srcset=\"https:\/\/www.sarlbml.fr\/sarlbml\/wp-content\/uploads\/2015\/05\/wx10.png 200w, https:\/\/www.sarlbml.fr\/sarlbml\/wp-content\/uploads\/2015\/05\/wx10-100x100.png 100w, https:\/\/www.sarlbml.fr\/sarlbml\/wp-content\/uploads\/2015\/05\/wx10-150x150.png 150w\" sizes=\"auto, (max-width: 50px) 100vw, 50px\" \/><\/figure><\/div><\/td><td class=\"column-3\"><div class=\"wp-block-image\"><figure class=\"aligncenter\"><img loading=\"lazy\" decoding=\"async\" src=\"https:\/\/www.sarlbml.fr\/sarlbml\/wp-content\/uploads\/2015\/05\/wx15.jpg\" alt=\"\" width=\"50\" height=\"50\" class=\"aligncenter size-full wp-image-956\" \/><\/figure><\/div><\/td><td class=\"column-4\"><div class=\"wp-block-image\"><figure class=\"aligncenter\"><img loading=\"lazy\" decoding=\"async\" src=\"https:\/\/www.sarlbml.fr\/sarlbml\/wp-content\/uploads\/2015\/05\/wh15.png\" alt=\"\" width=\"50\" height=\"50\" class=\"aligncenter size-full wp-image-956\" \/><\/figure><\/div><\/td><td class=\"column-5\"><div class=\"wp-block-image\"><figure class=\"aligncenter\"><img loading=\"lazy\" decoding=\"async\" src=\"https:\/\/www.sarlbml.fr\/sarlbml\/wp-content\/uploads\/2015\/05\/wh20.png\" alt=\"\" width=\"50\" height=\"50\" class=\"aligncenter size-full wp-image-956\" \/><\/figure><\/div><\/td>\n<\/tr>\n<tr class=\"row-2\">\n\t<td class=\"column-1\"><strong>Mod\u00e8le<\/strong><\/td><td class=\"column-2\"><p style=\"text-align: center;\"><strong>WX 10<\/strong><\/p><\/td><td class=\"column-3\"><p style=\"text-align: center;\"><strong>WX 15<\/strong><\/p><\/td><td class=\"column-4\"><p style=\"text-align: center;\"><strong>WH 15<\/strong><\/p><\/td><td class=\"column-5\"><p style=\"text-align: center;\"><strong>WH 20<\/strong><\/p><\/td>\n<\/tr>\n<tr class=\"row-3\">\n\t<td class=\"column-1\">Hauteur maxi d'aspiration<\/td><td class=\"column-2\"><p style=\"text-align: center;\">7 m<\/p><\/td><td colspan=\"3\" class=\"column-3\"><p style=\"text-align: center;\">8 m<\/p><\/td>\n<\/tr>\n<tr class=\"row-4\">\n\t<td class=\"column-1\">Hauteur totale de refoulement<\/td><td class=\"column-2\"><p style=\"text-align: center;\">35 m<\/p><\/td><td class=\"column-3\"><p style=\"text-align: center;\">40 m<\/p><\/td><td colspan=\"2\" class=\"column-4\"><p style=\"text-align: center;\">50 m<\/p><\/td>\n<\/tr>\n<tr class=\"row-5\">\n\t<td class=\"column-1\">D\u00e9bit maximum<\/td><td class=\"column-2\"><p style=\"text-align: center;\">130 l\/mn (7,8 m\u00b3\/h)<\/p><\/td><td class=\"column-3\"><p style=\"text-align: center;\">240 l\/mn (14,4 m\u00b3\/h)<\/p><\/td><td class=\"column-4\"><p style=\"text-align: center;\">400 litres\/min<\/p><\/td><td class=\"column-5\"><p style=\"text-align: center;\">500 litres\/min<\/p><\/td>\n<\/tr>\n<tr class=\"row-6\">\n\t<td class=\"column-1\">Pression<\/td><td class=\"column-2\"><p style=\"text-align: center;\">3,5 bars<\/p><\/td><td class=\"column-3\"><p style=\"text-align: center;\">4 bars<\/p><\/td><td colspan=\"2\" class=\"column-4\"><p style=\"text-align: center;\">5 bars<\/p><\/td>\n<\/tr>\n<tr class=\"row-7\">\n\t<td class=\"column-1\">Granulom\u00e9trie<\/td><td colspan=\"2\" class=\"column-2\"><p style=\"text-align: center;\">5,70 mm<\/p><\/td><td colspan=\"2\" class=\"column-4\"><p style=\"text-align: center;\">3 mm<\/p><\/td>\n<\/tr>\n<tr class=\"row-8\">\n\t<td class=\"column-1\">Diam\u00e8tre du raccord<\/td><td class=\"column-2\"><p style=\"text-align: center;\">1\" (25,4 mm)<\/p><\/td><td class=\"column-3\"><p style=\"text-align: center;\">1,5\" (38,1 mm)<\/p><\/td><td colspan=\"2\" class=\"column-4\"><p style=\"text-align: center;\">nc<\/p><\/td>\n<\/tr>\n<tr class=\"row-9\">\n\t<td class=\"column-1\">Moteur Honda 4 temps<\/td><td class=\"column-2\"><p style=\"text-align: center;\">GX 31 - 31 cc<\/p><\/td><td class=\"column-3\"><p style=\"text-align: center;\">GX 50 - 49 cc<\/p><\/td><td class=\"column-4\"><p style=\"text-align: center;\">GX 120<\/p><\/td><td class=\"column-5\"><p style=\"text-align: center;\">GX160<\/p><\/td>\n<\/tr>\n<tr class=\"row-10\">\n\t<td class=\"column-1\">Puissance \u00e0 7000 tr\/mn (kW)<\/td><td class=\"column-2\"><p style=\"text-align: center;\">1,1<\/p><\/td><td class=\"column-3\"><p style=\"text-align: center;\">1,8<\/p><\/td><td class=\"column-4\"><p style=\"text-align: center;\">2,6<\/p><\/td><td class=\"column-5\"><p style=\"text-align: center;\">3,6<\/p><\/td>\n<\/tr>\n<tr class=\"row-11\">\n\t<td class=\"column-1\">Contenance du r\u00e9servoir<\/td><td class=\"column-2\"><p style=\"text-align: center;\">0,65 l<\/p><\/td><td class=\"column-3\"><p style=\"text-align: center;\">1,2 l<\/p><\/td><td class=\"column-4\"><p style=\"text-align: center;\">2 l<\/p><\/td><td class=\"column-5\"><p style=\"text-align: center;\">3,1<\/p><\/td>\n<\/tr>\n<tr class=\"row-12\">\n\t<td class=\"column-1\">Autonomie (h)<\/td><td class=\"column-2\"><p style=\"text-align: center;\">1,2<\/p><\/td><td class=\"column-3\"><p style=\"text-align: center;\">1,3<\/p><\/td><td class=\"column-4\"><p style=\"text-align: center;\">2<\/p><\/td><td class=\"column-5\"><p style=\"text-align: center;\">2,5<\/p><\/td>\n<\/tr>\n<tr class=\"row-13\">\n\t<td class=\"column-1\">Equipement(s)<\/td><td colspan=\"4\" class=\"column-2\"><p style=\"text-align: center;\">Auto-amor\u00e7ante<\/p><\/td>\n<\/tr>\n<tr class=\"row-14\">\n\t<td class=\"column-1\">Poids \u00e0 vide<\/td><td class=\"column-2\"><p style=\"text-align: center;\">6,3 kg<\/p><\/td><td class=\"column-3\"><p style=\"text-align: center;\">9 kg<\/p><\/td><td class=\"column-4\"><p style=\"text-align: center;\">22 kg<\/p><\/td><td class=\"column-5\"><p style=\"text-align: center;\">27 kg<\/p><\/td>\n<\/tr>\n<\/tbody>\n<\/table>\n<!-- #tablepress-49 from cache -->\n","protected":false},"excerpt":{"rendered":"<p>Les pompes pour eaux claires auto-amor\u00e7antes sont faciles \u00e0 transporter et de construction compacte. Avec ses d\u00e9bits de 130 \u00e0 240 litres par minute, elles sont con\u00e7ues pour l&rsquo;irrigation optimale en horticulture, agriculture et l&rsquo;am\u00e9nagement du paysage.<\/p>\n<p> <a class=\"continue-reading-link\" href=\"https:\/\/www.sarlbml.fr\/sarlbml\/catalogue\/catalogue-honda\/pompes-a-eaux-honda\/pompes-a-eau-claire\/\"><span>Lire la suite<\/span><i class=\"crycon-right-dir\"><\/i><\/a> <\/p>\n","protected":false},"author":1,"featured_media":0,"parent":301,"menu_order":0,"comment_status":"closed","ping_status":"open","template":"","meta":{"footnotes":""},"class_list":["post-952","page","type-page","status-publish","hentry"],"_links":{"self":[{"href":"https:\/\/www.sarlbml.fr\/sarlbml\/wp-json\/wp\/v2\/pages\/952","targetHints":{"allow":["GET"]}}],"collection":[{"href":"https:\/\/www.sarlbml.fr\/sarlbml\/wp-json\/wp\/v2\/pages"}],"about":[{"href":"https:\/\/www.sarlbml.fr\/sarlbml\/wp-json\/wp\/v2\/types\/page"}],"author":[{"embeddable":true,"href":"https:\/\/www.sarlbml.fr\/sarlbml\/wp-json\/wp\/v2\/users\/1"}],"replies":[{"embeddable":true,"href":"https:\/\/www.sarlbml.fr\/sarlbml\/wp-json\/wp\/v2\/comments?post=952"}],"version-history":[{"count":2,"href":"https:\/\/www.sarlbml.fr\/sarlbml\/wp-json\/wp\/v2\/pages\/952\/revisions"}],"predecessor-version":[{"id":1649,"href":"https:\/\/www.sarlbml.fr\/sarlbml\/wp-json\/wp\/v2\/pages\/952\/revisions\/1649"}],"up":[{"embeddable":true,"href":"https:\/\/www.sarlbml.fr\/sarlbml\/wp-json\/wp\/v2\/pages\/301"}],"wp:attachment":[{"href":"https:\/\/www.sarlbml.fr\/sarlbml\/wp-json\/wp\/v2\/media?parent=952"}],"curies":[{"name":"wp","href":"https:\/\/api.w.org\/{rel}","templated":true}]}}