{"id":914,"date":"2015-05-29T17:51:24","date_gmt":"2015-05-29T16:51:24","guid":{"rendered":"http:\/\/sarlbmlfzd.cluster011.ovh.net\/sarlbml\/?page_id=914"},"modified":"2019-03-27T14:13:05","modified_gmt":"2019-03-27T13:13:05","slug":"catalogue-oleo-mac","status":"publish","type":"page","link":"https:\/\/www.sarlbml.fr\/sarlbml\/catalogue\/catalogue-oleo-mac\/","title":{"rendered":"Catalogue Oleo Mac"},"content":{"rendered":"\n<figure class=\"wp-block-image is-resized\"><img loading=\"lazy\" decoding=\"async\" src=\"https:\/\/www.sarlbml.fr\/sarlbml\/wp-content\/uploads\/2015\/05\/logo_oleomac-1024x237.jpg\" alt=\"\" class=\"wp-image-15\" width=\"170\" height=\"59\"\/><\/figure>\n\n\n<div id=\"tablepress-5-scroll-wrapper\" class=\"tablepress-scroll-wrapper\">\n\n<table id=\"tablepress-5\" class=\"tablepress tablepress-id-5 tablepress-responsive\">\n<tbody>\n<tr class=\"row-1\">\n\t<td class=\"column-1\"><div class=\"wp-block-image\"><figure class=\"aligncenter\"><a href=\"https:\/\/www.oleomac.fr\/collections\/tronconneuses-elagueuses\" target=\"_blank\"><img loading=\"lazy\" decoding=\"async\" class=\"aligncenter size-full wp-image-175\" src=\"https:\/\/www.sarlbml.fr\/sarlbml\/wp-content\/uploads\/2017\/01\/Oleomac_gs350_news.png\" alt=\"\" width=\"200\" height=\"150\" \/><\/a><\/figure><\/div><p style=\"text-align: center;\"><a href=\"https:\/\/www.oleomac.fr\/collections\/tronconneuses-elagueuses\" target=\"_blank\">Tron\u00e7onneuses et \u00e9lagueuses<\/a><\/p><\/td><td class=\"column-2\"><div class=\"wp-block-image\"><figure class=\"aligncenter\"><a href=\"https:\/\/www.oleomac.fr\/collections\/tondeuses-gazon\" target=\"_blank\"><img loading=\"lazy\" decoding=\"async\" class=\"aligncenter wp-image-1136\" src=\"https:\/\/www.sarlbml.fr\/sarlbml\/wp-content\/uploads\/2015\/07\/g48tk.png\" alt=\"g48tk\" width=\"150\" height=\"134\" srcset=\"https:\/\/www.sarlbml.fr\/sarlbml\/wp-content\/uploads\/2015\/07\/g48tk.png 372w, https:\/\/www.sarlbml.fr\/sarlbml\/wp-content\/uploads\/2015\/07\/g48tk-300x269.png 300w, https:\/\/www.sarlbml.fr\/sarlbml\/wp-content\/uploads\/2015\/07\/g48tk-168x150.png 168w, https:\/\/www.sarlbml.fr\/sarlbml\/wp-content\/uploads\/2015\/07\/g48tk-150x134.png 150w\" sizes=\"auto, (max-width: 150px) 100vw, 150px\" \/><\/a><\/figure><\/div><p style=\"text-align: center;\"><a href=\"https:\/\/www.oleomac.fr\/collections\/tondeuses-gazon\" target=\"_blank\">Tondeuses \u00e9lectriques et thermiques<\/a><\/p><\/td><td class=\"column-3\"><div class=\"wp-block-image\"><figure class=\"aligncenter\"><a href=\"https:\/\/www.oleomac.fr\/collections\/tondeuses-gazon-autoportees\" target=\"_blank\"><img loading=\"lazy\" decoding=\"async\" class=\"aligncenter wp-image-1101\" src=\"https:\/\/www.sarlbml.fr\/sarlbml\/wp-content\/uploads\/2015\/06\/om98l.png\" alt=\"om98l\" width=\"200\" height=\"145\" srcset=\"https:\/\/www.sarlbml.fr\/sarlbml\/wp-content\/uploads\/2015\/06\/om98l.png 264w, https:\/\/www.sarlbml.fr\/sarlbml\/wp-content\/uploads\/2015\/06\/om98l-207x150.png 207w, https:\/\/www.sarlbml.fr\/sarlbml\/wp-content\/uploads\/2015\/06\/om98l-150x109.png 150w\" sizes=\"auto, (max-width: 200px) 100vw, 200px\" \/><\/a><\/figure><\/div><p style=\"text-align: center;\"><a href=\"https:\/\/www.oleomac.fr\/collections\/tondeuses-gazon-autoportees\" target=\"_blank\">Tondeuses autoport\u00e9es<\/a><\/p><\/td>\n<\/tr>\n<\/tbody>\n<\/table>\n\n<\/div><!-- #tablepress-5 from cache -->\n<p>Photos non contractuelles. Les descriptions et caract\u00e9ristiques techniques sont fournies \u00e0 titre indicatif et peuvent subir des modifications sans pr\u00e9avis.<\/p>","protected":false},"excerpt":{"rendered":"<p>Photos non contractuelles. Les descriptions et caract\u00e9ristiques techniques sont fournies \u00e0 titre indicatif et peuvent subir des modifications sans pr\u00e9avis.<\/p>\n<p> <a class=\"continue-reading-link\" href=\"https:\/\/www.sarlbml.fr\/sarlbml\/catalogue\/catalogue-oleo-mac\/\"><span>Lire la suite<\/span><i class=\"crycon-right-dir\"><\/i><\/a> <\/p>\n","protected":false},"author":1,"featured_media":0,"parent":160,"menu_order":0,"comment_status":"closed","ping_status":"open","template":"","meta":{"footnotes":""},"class_list":["post-914","page","type-page","status-publish","hentry"],"_links":{"self":[{"href":"https:\/\/www.sarlbml.fr\/sarlbml\/wp-json\/wp\/v2\/pages\/914","targetHints":{"allow":["GET"]}}],"collection":[{"href":"https:\/\/www.sarlbml.fr\/sarlbml\/wp-json\/wp\/v2\/pages"}],"about":[{"href":"https:\/\/www.sarlbml.fr\/sarlbml\/wp-json\/wp\/v2\/types\/page"}],"author":[{"embeddable":true,"href":"https:\/\/www.sarlbml.fr\/sarlbml\/wp-json\/wp\/v2\/users\/1"}],"replies":[{"embeddable":true,"href":"https:\/\/www.sarlbml.fr\/sarlbml\/wp-json\/wp\/v2\/comments?post=914"}],"version-history":[{"count":7,"href":"https:\/\/www.sarlbml.fr\/sarlbml\/wp-json\/wp\/v2\/pages\/914\/revisions"}],"predecessor-version":[{"id":2286,"href":"https:\/\/www.sarlbml.fr\/sarlbml\/wp-json\/wp\/v2\/pages\/914\/revisions\/2286"}],"up":[{"embeddable":true,"href":"https:\/\/www.sarlbml.fr\/sarlbml\/wp-json\/wp\/v2\/pages\/160"}],"wp:attachment":[{"href":"https:\/\/www.sarlbml.fr\/sarlbml\/wp-json\/wp\/v2\/media?parent=914"}],"curies":[{"name":"wp","href":"https:\/\/api.w.org\/{rel}","templated":true}]}}