{"id":871,"date":"2015-05-29T15:39:10","date_gmt":"2015-05-29T14:39:10","guid":{"rendered":"http:\/\/sarlbmlfzd.cluster011.ovh.net\/sarlbml\/?page_id=871"},"modified":"2019-02-12T18:20:59","modified_gmt":"2019-02-12T17:20:59","slug":"coupe-bordures-honda","status":"publish","type":"page","link":"https:\/\/www.sarlbml.fr\/sarlbml\/catalogue\/catalogue-honda\/debroussailleuses-4-temps\/coupe-bordures-honda\/","title":{"rendered":"Coupe bordures Honda"},"content":{"rendered":"<p><img loading=\"lazy\" decoding=\"async\" class=\"alignleft wp-image-289\" src=\"https:\/\/www.sarlbml.fr\/sarlbml\/wp-content\/uploads\/2015\/05\/ums425ele.jpg\" alt=\"ums425ele\" width=\"200\" height=\"150\" srcset=\"https:\/\/www.sarlbml.fr\/sarlbml\/wp-content\/uploads\/2015\/05\/ums425ele.jpg 512w, https:\/\/www.sarlbml.fr\/sarlbml\/wp-content\/uploads\/2015\/05\/ums425ele-300x224.jpg 300w, https:\/\/www.sarlbml.fr\/sarlbml\/wp-content\/uploads\/2015\/05\/ums425ele-201x150.jpg 201w, https:\/\/www.sarlbml.fr\/sarlbml\/wp-content\/uploads\/2015\/05\/ums425ele-150x112.jpg 150w\" sizes=\"auto, (max-width: 200px) 100vw, 200px\" \/><strong>Les nouvelles d\u00e9broussailleuses Honda 4-temps sont de v\u00e9ritables bijoux technologiques, elles b\u00e9n\u00e9ficient de tout le savoir-faire Honda. Elles sont les plus l\u00e9g\u00e8res et les plus puissantes du march\u00e9.<\/strong><\/p>\n<p>Ecologique, l\u00e9ger et silencieux, le nouveau moteur Honda GX 25 de 25 cm\u00b3 garantit \u00e0 ces d\u00e9broussailleuses nervosit\u00e9, r\u00e9activit\u00e9 et acc\u00e9l\u00e9ration franche et nerveuse et r\u00e9pond ainsi aux besoins des plus exigeants.<\/p>\n<p><img loading=\"lazy\" decoding=\"async\" class=\"alignright wp-image-873 size-thumbnail\" src=\"https:\/\/www.sarlbml.fr\/sarlbml\/wp-content\/uploads\/2015\/05\/demohp43_2-150x150.jpg\" alt=\"demohp43_2\" width=\"150\" height=\"150\" srcset=\"https:\/\/www.sarlbml.fr\/sarlbml\/wp-content\/uploads\/2015\/05\/demohp43_2-150x150.jpg 150w, https:\/\/www.sarlbml.fr\/sarlbml\/wp-content\/uploads\/2015\/05\/demohp43_2-100x100.jpg 100w, https:\/\/www.sarlbml.fr\/sarlbml\/wp-content\/uploads\/2015\/05\/demohp43_2.jpg 200w\" sizes=\"auto, (max-width: 150px) 100vw, 150px\" \/>La poign\u00e9e ergonomique est rev\u00eatue d&rsquo;une mati\u00e8re agr\u00e9able au toucher qui r\u00e9duit les vibrations. Ceci \u00e9vite \u00e9galement que l&rsquo;appareil vous glisse des mains.<\/p>\n<p><img loading=\"lazy\" decoding=\"async\" class=\"alignleft wp-image-856 size-thumbnail\" src=\"https:\/\/www.sarlbml.fr\/sarlbml\/wp-content\/uploads\/2015\/05\/demohp42_4-150x150.jpg\" alt=\"demohp42_4\" width=\"150\" height=\"150\" srcset=\"https:\/\/www.sarlbml.fr\/sarlbml\/wp-content\/uploads\/2015\/05\/demohp42_4-150x150.jpg 150w, https:\/\/www.sarlbml.fr\/sarlbml\/wp-content\/uploads\/2015\/05\/demohp42_4-100x100.jpg 100w, https:\/\/www.sarlbml.fr\/sarlbml\/wp-content\/uploads\/2015\/05\/demohp42_4.jpg 200w\" sizes=\"auto, (max-width: 150px) 100vw, 150px\" \/>Harnais simple.<\/p>\n<p>Carter de protection qui prot\u00e8ge contre les particules projet\u00e9es lors du travail.<\/p>\n<p>Le fil de nylon est rapidement et facilement rempla\u00e7able.<\/p>\n<p><img loading=\"lazy\" decoding=\"async\" class=\"alignright wp-image-872\" src=\"https:\/\/www.sarlbml.fr\/sarlbml\/wp-content\/uploads\/2015\/05\/demohp43_1.jpg\" alt=\"demohp43_1\" width=\"150\" height=\"138\" srcset=\"https:\/\/www.sarlbml.fr\/sarlbml\/wp-content\/uploads\/2015\/05\/demohp43_1.jpg 300w, https:\/\/www.sarlbml.fr\/sarlbml\/wp-content\/uploads\/2015\/05\/demohp43_1-164x150.jpg 164w, https:\/\/www.sarlbml.fr\/sarlbml\/wp-content\/uploads\/2015\/05\/demohp43_1-150x138.jpg 150w\" sizes=\"auto, (max-width: 150px) 100vw, 150px\" \/>Ce coupe bordure est id\u00e9alement recommand\u00e9 pour les petits travaux et travaux de finitions.<\/p>\n<hr>\n\n<table id=\"tablepress-47\" class=\"tablepress tablepress-id-47 tablepress-responsive\">\n<tbody class=\"row-striping\">\n<tr class=\"row-1\">\n\t<td class=\"column-1\">Transmission<\/td><td class=\"column-2\"><p style=\"text-align: center;\">Arbre courb\u00e9<\/p><\/td>\n<\/tr>\n<tr class=\"row-2\">\n\t<td class=\"column-1\">Portage<\/td><td class=\"column-2\"><p style=\"text-align: center;\">Anneau<\/p><\/td>\n<\/tr>\n<tr class=\"row-3\">\n\t<td class=\"column-1\">Poids \u00e0 vide<\/td><td class=\"column-2\"><p style=\"text-align: center;\">4,7 kg<\/p><\/td>\n<\/tr>\n<tr class=\"row-4\">\n\t<td class=\"column-1\">Equipements de s\u00e9rie<\/td><td class=\"column-2\"><p style=\"text-align: center;\">T\u00eate Nylon + lunettes de protection<\/p><\/td>\n<\/tr>\n<tr class=\"row-5\">\n\t<td class=\"column-1\">Moteur Honda 4-temps<\/td><td class=\"column-2\"><p style=\"text-align: center;\">GX 25-OHC<\/p><\/td>\n<\/tr>\n<tr class=\"row-6\">\n\t<td class=\"column-1\">Cylindr\u00e9e du moteur<\/td><td class=\"column-2\"><p style=\"text-align: center;\">25 cm\u00b3<\/p><\/td>\n<\/tr>\n<tr class=\"row-7\">\n\t<td class=\"column-1\">Puissance maximale<\/td><td class=\"column-2\"><p style=\"text-align: center;\">0,8 kW\/11000 tr\/mn<\/p><\/td>\n<\/tr>\n<tr class=\"row-8\">\n\t<td class=\"column-1\">Contenance du r\u00e9servoir<\/td><td class=\"column-2\"><p style=\"text-align: center;\">0,5 litre<\/p><\/td>\n<\/tr>\n<tr class=\"row-9\">\n\t<td class=\"column-1\">Particularit\u00e9s<\/td><td class=\"column-2\"><p style=\"text-align: center;\">Syst\u00e8me anti vibration<\/p><\/td>\n<\/tr>\n<\/tbody>\n<\/table>\n<!-- #tablepress-47 from cache -->\n<hr>\n<p>Les avantages en r\u00e9sum\u00e9 :<\/p>\n<p>&#8211; D\u00e9marrage ultra-facile<br \/>\n&#8211; Acc\u00e9l\u00e9ration franche et nerveuse<br \/>\n&#8211; Puissance et couple moteur \u00e9lev\u00e9s<br \/>\n&#8211; Essence sans plomb 95 au lieu d&rsquo;un m\u00e9lange Huile + Essence<br \/>\n&#8211; Niveau sonore agr\u00e9able gr\u00e2ce \u00e0 la technologie 4-temps<br \/>\n&#8211; Faible consommation d&rsquo;essence et d&rsquo;huile<br \/>\n&#8211; R\u00e9pond d\u00e8s \u00e0 pr\u00e9sent aux normes d&rsquo;\u00e9missions de gaz tr\u00e8s strictes de demain<br \/>\n&#8211; Produit peu de vibrations<br \/>\n&#8211; D\u00e9marre et tourne dans n&rsquo;importe quelle position (360\u00b0)<\/p>\n","protected":false},"excerpt":{"rendered":"<p>Les nouvelles d\u00e9broussailleuses Honda 4-temps sont de v\u00e9ritables bijoux technologiques, elles b\u00e9n\u00e9ficient de tout le savoir-faire Honda. Elles sont les plus l\u00e9g\u00e8res et les plus puissantes du march\u00e9. Ecologique, l\u00e9ger et silencieux, le nouveau moteur Honda GX 25 de 25 cm\u00b3 garantit \u00e0 ces d\u00e9broussailleuses nervosit\u00e9, r\u00e9activit\u00e9 et acc\u00e9l\u00e9ration franche\u2026<\/p>\n<p> <a class=\"continue-reading-link\" href=\"https:\/\/www.sarlbml.fr\/sarlbml\/catalogue\/catalogue-honda\/debroussailleuses-4-temps\/coupe-bordures-honda\/\"><span>Lire la suite<\/span><i class=\"crycon-right-dir\"><\/i><\/a> <\/p>\n","protected":false},"author":1,"featured_media":0,"parent":284,"menu_order":0,"comment_status":"closed","ping_status":"open","template":"","meta":{"footnotes":""},"class_list":["post-871","page","type-page","status-publish","hentry"],"_links":{"self":[{"href":"https:\/\/www.sarlbml.fr\/sarlbml\/wp-json\/wp\/v2\/pages\/871","targetHints":{"allow":["GET"]}}],"collection":[{"href":"https:\/\/www.sarlbml.fr\/sarlbml\/wp-json\/wp\/v2\/pages"}],"about":[{"href":"https:\/\/www.sarlbml.fr\/sarlbml\/wp-json\/wp\/v2\/types\/page"}],"author":[{"embeddable":true,"href":"https:\/\/www.sarlbml.fr\/sarlbml\/wp-json\/wp\/v2\/users\/1"}],"replies":[{"embeddable":true,"href":"https:\/\/www.sarlbml.fr\/sarlbml\/wp-json\/wp\/v2\/comments?post=871"}],"version-history":[{"count":2,"href":"https:\/\/www.sarlbml.fr\/sarlbml\/wp-json\/wp\/v2\/pages\/871\/revisions"}],"predecessor-version":[{"id":1659,"href":"https:\/\/www.sarlbml.fr\/sarlbml\/wp-json\/wp\/v2\/pages\/871\/revisions\/1659"}],"up":[{"embeddable":true,"href":"https:\/\/www.sarlbml.fr\/sarlbml\/wp-json\/wp\/v2\/pages\/284"}],"wp:attachment":[{"href":"https:\/\/www.sarlbml.fr\/sarlbml\/wp-json\/wp\/v2\/media?parent=871"}],"curies":[{"name":"wp","href":"https:\/\/api.w.org\/{rel}","templated":true}]}}