{"id":867,"date":"2015-05-29T15:32:27","date_gmt":"2015-05-29T14:32:27","guid":{"rendered":"http:\/\/sarlbmlfzd.cluster011.ovh.net\/sarlbml\/?page_id=867"},"modified":"2019-02-12T18:23:12","modified_gmt":"2019-02-12T17:23:12","slug":"debroussailleuses-a-dos-honda","status":"publish","type":"page","link":"https:\/\/www.sarlbml.fr\/sarlbml\/catalogue\/catalogue-honda\/debroussailleuses-4-temps\/debroussailleuses-a-dos-honda\/","title":{"rendered":"D\u00e9broussailleuses \u00e0 dos Honda"},"content":{"rendered":"<p><img loading=\"lazy\" decoding=\"async\" class=\"alignleft size-full wp-image-868\" src=\"https:\/\/www.sarlbml.fr\/sarlbml\/wp-content\/uploads\/2015\/05\/umr435t.png\" alt=\"umr435t\" width=\"200\" height=\"200\" srcset=\"https:\/\/www.sarlbml.fr\/sarlbml\/wp-content\/uploads\/2015\/05\/umr435t.png 200w, https:\/\/www.sarlbml.fr\/sarlbml\/wp-content\/uploads\/2015\/05\/umr435t-100x100.png 100w, https:\/\/www.sarlbml.fr\/sarlbml\/wp-content\/uploads\/2015\/05\/umr435t-150x150.png 150w\" sizes=\"auto, (max-width: 200px) 100vw, 200px\" \/><strong>Les nouvelles d\u00e9broussailleuses Honda 4-temps sont de v\u00e9ritables bijoux technologiques, elles b\u00e9n\u00e9ficient de tout le savoir-faire Honda. Elles sont les plus l\u00e9g\u00e8res et les plus puissantes du march\u00e9.<\/strong><\/p>\n<p>Ecologique, l\u00e9ger et silencieux, le nouveau moteur Honda GX 31 de 31 cm\u00b3 garantit \u00e0 ces d\u00e9broussailleuses nervosit\u00e9, r\u00e9activit\u00e9 et acc\u00e9l\u00e9ration franche et nerveuse et r\u00e9pond ainsi aux besoins des plus exigeants.<\/p>\n<p>La poign\u00e9e ergonomique est rev\u00eatue d&rsquo;une mati\u00e8re agr\u00e9able au toucher qui r\u00e9duit les vibrations. Ceci \u00e9vite \u00e9galement que l&rsquo;appareil vous glisse des mains.<\/p>\n<p>Les harnais sont renforc\u00e9s procurant un confort exceptionnel pour un travail sans limite.<\/p>\n<p>Le carter de protection est universel et permet ainsi de pouvoir adapter tous les outils de coupe sans \u00e0 changer de carter.<\/p>\n<p>Les outils de coupe sont facilement interchangeables et la vaste gamme d&rsquo;accessoires font que les d\u00e9broussailleuses Honda peuvent tailles et scier.<\/p>\n<p>Le micro moteur Honda 4-temps est r\u00e9volutionnaire, minuscule et l\u00e9ger comme une plume. De plus il est utilisable sous tous les angles.<\/p>\n<hr>\n\n<table id=\"tablepress-46\" class=\"tablepress tablepress-id-46 tablepress-responsive\">\n<tbody class=\"row-striping\">\n<tr class=\"row-1\">\n\t<td class=\"column-1\">Transmission<\/td><td class=\"column-2\"><p style=\"text-align: center;\">Arbre flexible<\/p><\/td>\n<\/tr>\n<tr class=\"row-2\">\n\t<td class=\"column-1\">Portage<\/td><td class=\"column-2\"><p style=\"text-align: center;\">Anneau<\/p><\/td>\n<\/tr>\n<tr class=\"row-3\">\n\t<td class=\"column-1\">Poids \u00e0 vide<\/td><td class=\"column-2\"><p style=\"text-align: center;\">9,8 kg<\/p><\/td>\n<\/tr>\n<tr class=\"row-4\">\n\t<td class=\"column-1\">Equipements de s\u00e9rie<\/td><td class=\"column-2\"><p style=\"text-align: center;\">T\u00eate Nylon semi automatique + harnais double + lunettes de protection<\/p><\/td>\n<\/tr>\n<tr class=\"row-5\">\n\t<td class=\"column-1\">Moteur Honda 4-temps<\/td><td class=\"column-2\"><p style=\"text-align: center;\">GX 35-OHC<\/p><\/td>\n<\/tr>\n<tr class=\"row-6\">\n\t<td class=\"column-1\">Cylindr\u00e9e du moteur<\/td><td class=\"column-2\"><p style=\"text-align: center;\">35 cm\u00b3<\/p><\/td>\n<\/tr>\n<tr class=\"row-7\">\n\t<td class=\"column-1\">Puissance maximale<\/td><td class=\"column-2\"><p style=\"text-align: center;\">1,1 kW\/10000 tr\/mn<\/p><\/td>\n<\/tr>\n<tr class=\"row-8\">\n\t<td class=\"column-1\">Contenance du r\u00e9servoir<\/td><td class=\"column-2\"><p style=\"text-align: center;\">0,65 litre<\/p><\/td>\n<\/tr>\n<tr class=\"row-9\">\n\t<td class=\"column-1\">Particularit\u00e9s<\/td><td class=\"column-2\"><p style=\"text-align: center;\">Double syst\u00e8me anti vibration<\/p><\/td>\n<\/tr>\n<\/tbody>\n<\/table>\n<!-- #tablepress-46 from cache -->\n<hr>\n<p>Les avantages en r\u00e9sum\u00e9 :<\/p>\n<p>&#8211; D\u00e9marrage ultra-facile<br \/>\n&#8211; Acc\u00e9l\u00e9ration franche et nerveuse<br \/>\n&#8211; Puissance et couple moteur \u00e9lev\u00e9s<br \/>\n&#8211; Essence sans plomb 95 au lieu d&rsquo;un m\u00e9lange Huile + Essence<br \/>\n&#8211; Niveau sonore agr\u00e9able gr\u00e2ce \u00e0 la technologie 4-temps<br \/>\n&#8211; Faible consommation d&rsquo;essence et d&rsquo;huile<br \/>\n&#8211; R\u00e9pond d\u00e8s \u00e0 pr\u00e9sent aux normes d&rsquo;\u00e9missions de gaz tr\u00e8s strictes de demain<br \/>\n&#8211; Produit peu de vibrations<br \/>\n&#8211; D\u00e9marre et tourne dans n&rsquo;importe quelle position (360\u00b0)<\/p>\n","protected":false},"excerpt":{"rendered":"<p>Les nouvelles d\u00e9broussailleuses Honda 4-temps sont de v\u00e9ritables bijoux technologiques, elles b\u00e9n\u00e9ficient de tout le savoir-faire Honda. Elles sont les plus l\u00e9g\u00e8res et les plus puissantes du march\u00e9. Ecologique, l\u00e9ger et silencieux, le nouveau moteur Honda GX 31 de 31 cm\u00b3 garantit \u00e0 ces d\u00e9broussailleuses nervosit\u00e9, r\u00e9activit\u00e9 et acc\u00e9l\u00e9ration franche\u2026<\/p>\n<p> <a class=\"continue-reading-link\" href=\"https:\/\/www.sarlbml.fr\/sarlbml\/catalogue\/catalogue-honda\/debroussailleuses-4-temps\/debroussailleuses-a-dos-honda\/\"><span>Lire la suite<\/span><i class=\"crycon-right-dir\"><\/i><\/a> <\/p>\n","protected":false},"author":1,"featured_media":0,"parent":284,"menu_order":0,"comment_status":"closed","ping_status":"open","template":"","meta":{"footnotes":""},"class_list":["post-867","page","type-page","status-publish","hentry"],"_links":{"self":[{"href":"https:\/\/www.sarlbml.fr\/sarlbml\/wp-json\/wp\/v2\/pages\/867","targetHints":{"allow":["GET"]}}],"collection":[{"href":"https:\/\/www.sarlbml.fr\/sarlbml\/wp-json\/wp\/v2\/pages"}],"about":[{"href":"https:\/\/www.sarlbml.fr\/sarlbml\/wp-json\/wp\/v2\/types\/page"}],"author":[{"embeddable":true,"href":"https:\/\/www.sarlbml.fr\/sarlbml\/wp-json\/wp\/v2\/users\/1"}],"replies":[{"embeddable":true,"href":"https:\/\/www.sarlbml.fr\/sarlbml\/wp-json\/wp\/v2\/comments?post=867"}],"version-history":[{"count":2,"href":"https:\/\/www.sarlbml.fr\/sarlbml\/wp-json\/wp\/v2\/pages\/867\/revisions"}],"predecessor-version":[{"id":1662,"href":"https:\/\/www.sarlbml.fr\/sarlbml\/wp-json\/wp\/v2\/pages\/867\/revisions\/1662"}],"up":[{"embeddable":true,"href":"https:\/\/www.sarlbml.fr\/sarlbml\/wp-json\/wp\/v2\/pages\/284"}],"wp:attachment":[{"href":"https:\/\/www.sarlbml.fr\/sarlbml\/wp-json\/wp\/v2\/media?parent=867"}],"curies":[{"name":"wp","href":"https:\/\/api.w.org\/{rel}","templated":true}]}}