{"id":851,"date":"2015-05-29T15:10:20","date_gmt":"2015-05-29T14:10:20","guid":{"rendered":"http:\/\/sarlbmlfzd.cluster011.ovh.net\/sarlbml\/?page_id=851"},"modified":"2019-02-12T18:21:38","modified_gmt":"2019-02-12T17:21:38","slug":"debroussailleuses-a-anneau-honda","status":"publish","type":"page","link":"https:\/\/www.sarlbml.fr\/sarlbml\/catalogue\/catalogue-honda\/debroussailleuses-4-temps\/debroussailleuses-a-anneau-honda\/","title":{"rendered":"D\u00e9broussailleuses \u00e0 anneau Honda"},"content":{"rendered":"<p><img loading=\"lazy\" decoding=\"async\" class=\"alignleft size-full wp-image-852\" src=\"https:\/\/www.sarlbml.fr\/sarlbml\/wp-content\/uploads\/2015\/05\/umk425ele_2015.png\" alt=\"umk425ele_2015\" width=\"200\" height=\"200\" srcset=\"https:\/\/www.sarlbml.fr\/sarlbml\/wp-content\/uploads\/2015\/05\/umk425ele_2015.png 200w, https:\/\/www.sarlbml.fr\/sarlbml\/wp-content\/uploads\/2015\/05\/umk425ele_2015-100x100.png 100w, https:\/\/www.sarlbml.fr\/sarlbml\/wp-content\/uploads\/2015\/05\/umk425ele_2015-150x150.png 150w\" sizes=\"auto, (max-width: 200px) 100vw, 200px\" \/><strong>Les nouvelles d\u00e9broussailleuses Honda 4-temps sont de v\u00e9ritables bijoux technologiques, elles b\u00e9n\u00e9ficient de tout le savoir-faire Honda. Elles sont les plus l\u00e9g\u00e8res et les plus puissantes du march\u00e9.<\/strong><\/p>\n<p>Ecologique, l\u00e9ger et silencieux, le nouveau moteur Honda GX 35 de 35 cm\u00b3 garantit \u00e0 ces d\u00e9broussailleuses nervosit\u00e9, r\u00e9activit\u00e9 et acc\u00e9l\u00e9ration franche et nerveuse et r\u00e9pond ainsi aux besoins des plus exigeants.<\/p>\n<p><img loading=\"lazy\" decoding=\"async\" class=\"alignright wp-image-856 size-thumbnail\" src=\"https:\/\/www.sarlbml.fr\/sarlbml\/wp-content\/uploads\/2015\/05\/demohp42_4-150x150.jpg\" alt=\"demohp42_4\" width=\"150\" height=\"150\" srcset=\"https:\/\/www.sarlbml.fr\/sarlbml\/wp-content\/uploads\/2015\/05\/demohp42_4-150x150.jpg 150w, https:\/\/www.sarlbml.fr\/sarlbml\/wp-content\/uploads\/2015\/05\/demohp42_4-100x100.jpg 100w, https:\/\/www.sarlbml.fr\/sarlbml\/wp-content\/uploads\/2015\/05\/demohp42_4.jpg 200w\" sizes=\"auto, (max-width: 150px) 100vw, 150px\" \/>Les harnais sont renforc\u00e9s procurant un confort exceptionnel pour un travail sans limite.<\/p>\n<p><img loading=\"lazy\" decoding=\"async\" class=\"alignleft wp-image-855 size-thumbnail\" src=\"https:\/\/www.sarlbml.fr\/sarlbml\/wp-content\/uploads\/2015\/05\/demohp42_2-150x150.jpg\" alt=\"demohp42_2\" width=\"150\" height=\"150\" srcset=\"https:\/\/www.sarlbml.fr\/sarlbml\/wp-content\/uploads\/2015\/05\/demohp42_2-150x150.jpg 150w, https:\/\/www.sarlbml.fr\/sarlbml\/wp-content\/uploads\/2015\/05\/demohp42_2-100x100.jpg 100w, https:\/\/www.sarlbml.fr\/sarlbml\/wp-content\/uploads\/2015\/05\/demohp42_2.jpg 200w\" sizes=\"auto, (max-width: 150px) 100vw, 150px\" \/>Le carter de protection est universel et permet ainsi de pouvoir adapter tous les outils de coupe sans \u00e0 changer de carter.<\/p>\n<p>Les outils de coupe sont facilement interchangeables et la vaste gamme d&rsquo;accessoires font que les d\u00e9broussailleuses Honda peuvent tailles et scier.<\/p>\n<p><img loading=\"lazy\" decoding=\"async\" class=\"alignright wp-image-854\" src=\"https:\/\/www.sarlbml.fr\/sarlbml\/wp-content\/uploads\/2015\/05\/demohp42_1.jpg\" alt=\"demohp42_1\" width=\"150\" height=\"175\" srcset=\"https:\/\/www.sarlbml.fr\/sarlbml\/wp-content\/uploads\/2015\/05\/demohp42_1.jpg 300w, https:\/\/www.sarlbml.fr\/sarlbml\/wp-content\/uploads\/2015\/05\/demohp42_1-257x300.jpg 257w, https:\/\/www.sarlbml.fr\/sarlbml\/wp-content\/uploads\/2015\/05\/demohp42_1-129x150.jpg 129w\" sizes=\"auto, (max-width: 150px) 100vw, 150px\" \/>Le micro moteur Honda 4-temps est r\u00e9volutionnaire, minuscule et l\u00e9ger comme une plume. De plus il est utilisable sous tous les angles.<\/p>\n<hr>\n\n<table id=\"tablepress-44\" class=\"tablepress tablepress-id-44 tablepress-responsive tbody-has-connected-cells\">\n<tbody class=\"row-striping\">\n<tr class=\"row-1\">\n\t<td class=\"column-1\"><\/td><td class=\"column-2\"><div class=\"wp-block-image\"><figure class=\"aligncenter\"><img loading=\"lazy\" decoding=\"async\" src=\"https:\/\/www.sarlbml.fr\/sarlbml\/wp-content\/uploads\/2015\/05\/umk425ele_2015.png\" alt=\"\" width=\"50\" height=\"50\" class=\"aligncenter size-full wp-image-852\" srcset=\"https:\/\/www.sarlbml.fr\/sarlbml\/wp-content\/uploads\/2015\/05\/umk425ele_2015.png 200w, https:\/\/www.sarlbml.fr\/sarlbml\/wp-content\/uploads\/2015\/05\/umk425ele_2015-100x100.png 100w, https:\/\/www.sarlbml.fr\/sarlbml\/wp-content\/uploads\/2015\/05\/umk425ele_2015-150x150.png 150w\" sizes=\"auto, (max-width: 50px) 100vw, 50px\" \/><\/figure><\/div><\/td><td class=\"column-3\"><div class=\"wp-block-image\"><figure class=\"aligncenter\"><img loading=\"lazy\" decoding=\"async\" src=\"https:\/\/www.sarlbml.fr\/sarlbml\/wp-content\/uploads\/2015\/05\/umk435ele_2015.png\" alt=\"\" width=\"50\" height=\"50\" class=\"aligncenter size-full wp-image-852\" \/><\/figure><\/div><\/td>\n<\/tr>\n<tr class=\"row-2\">\n\t<td class=\"column-1\"><strong>Mod\u00e8le<\/strong><\/td><td class=\"column-2\"><p style=\"text-align: center;\"><strong>UMK 425 ELE<\/strong><\/p><\/td><td class=\"column-3\"><p style=\"text-align: center;\"><strong>UMK 435 ELE<\/strong><\/p><\/td>\n<\/tr>\n<tr class=\"row-3\">\n\t<td class=\"column-1\">Transmission<\/td><td colspan=\"2\" class=\"column-2\"><p style=\"text-align: center;\">Arbre droit<\/p><\/td>\n<\/tr>\n<tr class=\"row-4\">\n\t<td class=\"column-1\">Portage<\/td><td colspan=\"2\" class=\"column-2\"><p style=\"text-align: center;\">Anneau + polongateur<\/p><\/td>\n<\/tr>\n<tr class=\"row-5\">\n\t<td class=\"column-1\">Poids \u00e0 vide<\/td><td class=\"column-2\"><p style=\"text-align: center;\">5,2 kg<\/p><\/td><td class=\"column-3\"><p style=\"text-align: center;\">6,4 kg<\/p><\/td>\n<\/tr>\n<tr class=\"row-6\">\n\t<td class=\"column-1\">Equipements de s\u00e9rie<\/td><td colspan=\"2\" class=\"column-2\"><p style=\"text-align: center;\">T\u00eate Nylon semi automatique + harnais simple + lunettes de protection<\/p><\/td>\n<\/tr>\n<tr class=\"row-7\">\n\t<td class=\"column-1\">Moteur Honda 4-temps<\/td><td class=\"column-2\"><p style=\"text-align: center;\">GX 25-OHC<\/p><\/td><td class=\"column-3\"><p style=\"text-align: center;\">GX 35-OHC<\/p><\/td>\n<\/tr>\n<tr class=\"row-8\">\n\t<td class=\"column-1\">Cylindr\u00e9e du moteur<\/td><td class=\"column-2\"><p style=\"text-align: center;\">25 cm\u00b3<\/p><\/td><td class=\"column-3\"><p style=\"text-align: center;\">35 cm\u00b3<\/p><\/td>\n<\/tr>\n<tr class=\"row-9\">\n\t<td class=\"column-1\">Puissance maximale<\/td><td class=\"column-2\"><p style=\"text-align: center;\">0,81 kW\/11000 tr\/mn<\/p><\/td><td class=\"column-3\"><p style=\"text-align: center;\">1,20 kW\/10000 tr\/mn<\/p><\/td>\n<\/tr>\n<tr class=\"row-10\">\n\t<td class=\"column-1\">Contenance du r\u00e9servoir<\/td><td class=\"column-2\"><p style=\"text-align: center;\">0,5 litre<\/p><\/td><td class=\"column-3\"><p style=\"text-align: center;\">0,65 litre<\/p><\/td>\n<\/tr>\n<tr class=\"row-11\">\n\t<td class=\"column-1\">Particularit\u00e9s<\/td><td class=\"column-2\"><p style=\"text-align: center;\">Syst\u00e8me anti vibration<\/p><\/td><td class=\"column-3\"><p style=\"text-align: center;\">Syst\u00e8me anti vibration renforc\u00e9<\/p><\/td>\n<\/tr>\n<\/tbody>\n<\/table>\n<!-- #tablepress-44 from cache -->\n<hr>\n<p>Les avantages en r\u00e9sum\u00e9 :<\/p>\n<p>&#8211; D\u00e9marrage ultra-facile<br \/>\n&#8211; Acc\u00e9l\u00e9ration franche et nerveuse<br \/>\n&#8211; Puissance et couple moteur \u00e9lev\u00e9s<br \/>\n&#8211; Essence sans plomb 95 au lieu d&rsquo;un m\u00e9lange Huile + Essence<br \/>\n&#8211; Niveau sonore agr\u00e9able gr\u00e2ce \u00e0 la technologie 4-temps<br \/>\n&#8211; Faible consommation d&rsquo;essence et d&rsquo;huile<br \/>\n&#8211; R\u00e9pond d\u00e8s \u00e0 pr\u00e9sent aux normes d&rsquo;\u00e9missions de gaz tr\u00e8s strictes de demain<br \/>\n&#8211; Produit peu de vibrations<br \/>\n&#8211; D\u00e9marre et tourne dans n&rsquo;importe quelle position (360\u00b0)<\/p>\n","protected":false},"excerpt":{"rendered":"<p>Les nouvelles d\u00e9broussailleuses Honda 4-temps sont de v\u00e9ritables bijoux technologiques, elles b\u00e9n\u00e9ficient de tout le savoir-faire Honda. Elles sont les plus l\u00e9g\u00e8res et les plus puissantes du march\u00e9. Ecologique, l\u00e9ger et silencieux, le nouveau moteur Honda GX 35 de 35 cm\u00b3 garantit \u00e0 ces d\u00e9broussailleuses nervosit\u00e9, r\u00e9activit\u00e9 et acc\u00e9l\u00e9ration franche\u2026<\/p>\n<p> <a class=\"continue-reading-link\" href=\"https:\/\/www.sarlbml.fr\/sarlbml\/catalogue\/catalogue-honda\/debroussailleuses-4-temps\/debroussailleuses-a-anneau-honda\/\"><span>Lire la suite<\/span><i class=\"crycon-right-dir\"><\/i><\/a> <\/p>\n","protected":false},"author":1,"featured_media":0,"parent":284,"menu_order":0,"comment_status":"closed","ping_status":"open","template":"","meta":{"footnotes":""},"class_list":["post-851","page","type-page","status-publish","hentry"],"_links":{"self":[{"href":"https:\/\/www.sarlbml.fr\/sarlbml\/wp-json\/wp\/v2\/pages\/851","targetHints":{"allow":["GET"]}}],"collection":[{"href":"https:\/\/www.sarlbml.fr\/sarlbml\/wp-json\/wp\/v2\/pages"}],"about":[{"href":"https:\/\/www.sarlbml.fr\/sarlbml\/wp-json\/wp\/v2\/types\/page"}],"author":[{"embeddable":true,"href":"https:\/\/www.sarlbml.fr\/sarlbml\/wp-json\/wp\/v2\/users\/1"}],"replies":[{"embeddable":true,"href":"https:\/\/www.sarlbml.fr\/sarlbml\/wp-json\/wp\/v2\/comments?post=851"}],"version-history":[{"count":2,"href":"https:\/\/www.sarlbml.fr\/sarlbml\/wp-json\/wp\/v2\/pages\/851\/revisions"}],"predecessor-version":[{"id":1660,"href":"https:\/\/www.sarlbml.fr\/sarlbml\/wp-json\/wp\/v2\/pages\/851\/revisions\/1660"}],"up":[{"embeddable":true,"href":"https:\/\/www.sarlbml.fr\/sarlbml\/wp-json\/wp\/v2\/pages\/284"}],"wp:attachment":[{"href":"https:\/\/www.sarlbml.fr\/sarlbml\/wp-json\/wp\/v2\/media?parent=851"}],"curies":[{"name":"wp","href":"https:\/\/api.w.org\/{rel}","templated":true}]}}