{"id":803,"date":"2015-05-28T20:42:44","date_gmt":"2015-05-28T19:42:44","guid":{"rendered":"http:\/\/sarlbmlfzd.cluster011.ovh.net\/sarlbml\/?page_id=803"},"modified":"2019-02-12T18:35:11","modified_gmt":"2019-02-12T17:35:11","slug":"hf-2622","status":"publish","type":"page","link":"https:\/\/www.sarlbml.fr\/sarlbml\/catalogue\/catalogue-honda\/tondeuses-autoportees-honda\/hf-2622\/","title":{"rendered":"HF 2622"},"content":{"rendered":"<p><img loading=\"lazy\" decoding=\"async\" class=\"alignleft size-full wp-image-804\" src=\"https:\/\/www.sarlbml.fr\/sarlbml\/wp-content\/uploads\/2015\/05\/hf2622.png\" alt=\"hf2622\" width=\"200\" height=\"200\" srcset=\"https:\/\/www.sarlbml.fr\/sarlbml\/wp-content\/uploads\/2015\/05\/hf2622.png 200w, https:\/\/www.sarlbml.fr\/sarlbml\/wp-content\/uploads\/2015\/05\/hf2622-100x100.png 100w, https:\/\/www.sarlbml.fr\/sarlbml\/wp-content\/uploads\/2015\/05\/hf2622-150x150.png 150w\" sizes=\"auto, (max-width: 200px) 100vw, 200px\" \/><strong>Le mod\u00e8le HF2620 HMF a \u00e9t\u00e9 con\u00e7u pour un travail intensif. Moteur bicylindre de forte cylindr\u00e9e, carter de 122 cm et syst\u00e8me Optiflow qui optimise le flux d&rsquo;air du carter de coupe jusqu&rsquo;au bac pour un ramassage exceptionnel : rien n&rsquo;arr\u00eate cette autoport\u00e9e haut de gamme. Et pour assurer un confort de haut niveau tout au long de la tonte, la HF2620 HMF dispose d&rsquo;un si\u00e8ge r\u00e9glable sans outils, d&rsquo;un embrayage de lames \u00e0 commande \u00e9lectromagn\u00e9tique et d&rsquo;une transmission variable sans \u00e0-coups tr\u00e8s intuitive. L&rsquo;\u00e9quipement n&rsquo;est pas en reste avec des phares automatiques, un tableau de bord type automobile regroupant toutes les informations utiles et des pare-chocs avant et arri\u00e8re. Ce mod\u00e8le est pr\u00e9conis\u00e9 pour des terrains jusqu&rsquo;\u00e0 7000m\u00b2.<\/strong><\/p>\n<p><img loading=\"lazy\" decoding=\"async\" class=\"alignright wp-image-806 size-thumbnail\" src=\"https:\/\/www.sarlbml.fr\/sarlbml\/wp-content\/uploads\/2015\/05\/demohp32_2-150x150.jpg\" alt=\"demohp32_2\" width=\"150\" height=\"150\" srcset=\"https:\/\/www.sarlbml.fr\/sarlbml\/wp-content\/uploads\/2015\/05\/demohp32_2-150x150.jpg 150w, https:\/\/www.sarlbml.fr\/sarlbml\/wp-content\/uploads\/2015\/05\/demohp32_2-100x100.jpg 100w, https:\/\/www.sarlbml.fr\/sarlbml\/wp-content\/uploads\/2015\/05\/demohp32_2.jpg 200w\" sizes=\"auto, (max-width: 150px) 100vw, 150px\" \/>Bac de ramassage de grande capacit\u00e9, large ouverture pour un vidage facile. La contenance du bac de ramassage est de 350 litres. Un signal sonore indique son remplissage.<\/p>\n<p>Un dispositif central de r\u00e9glage de hauteur de coupe \u00e0 7 positions se commande depuis le si\u00e8ge.<\/p>\n<p>Carter multi-fonctions : RAMASSER \/ BROYER \/ EJECTER<br \/>\n<img loading=\"lazy\" decoding=\"async\" class=\"alignleft wp-image-797 size-thumbnail\" src=\"https:\/\/www.sarlbml.fr\/sarlbml\/wp-content\/uploads\/2015\/05\/demohp30_2-150x150.jpg\" alt=\"demohp30_2\" width=\"150\" height=\"150\" srcset=\"https:\/\/www.sarlbml.fr\/sarlbml\/wp-content\/uploads\/2015\/05\/demohp30_2-150x150.jpg 150w, https:\/\/www.sarlbml.fr\/sarlbml\/wp-content\/uploads\/2015\/05\/demohp30_2-100x100.jpg 100w, https:\/\/www.sarlbml.fr\/sarlbml\/wp-content\/uploads\/2015\/05\/demohp30_2.jpg 200w\" sizes=\"auto, (max-width: 150px) 100vw, 150px\" \/>Durant toute l&rsquo;ann\u00e9e, vous avez le choix de votre mode de tonte : ramassage, tonte mulching (obturateur en option), \u00e9jection (d\u00e9flecteur en option). Protection anti-corrosion du carter de coupe par une laque \u00e9poxy appliqu\u00e9e en bain par \u00e9lectrod\u00e9position.<\/p>\n<p>Nettoyage rapide et facile du carter de coupe gr\u00e2ce \u00e0 l&rsquo;orifice situ\u00e9 sur le carter qui permet de raccorder un tuyau d&rsquo;arrosage.<\/p>\n<p>L&#8217;embrayage \u00e9lectromagn\u00e9tique permet l&rsquo;enclenchement des lames sans effort de l&rsquo;utilisateur.<\/p>\n<p>La transmission hydrostatique permet de r\u00e9gler avec pr\u00e9cision et de fa\u00e7on continu la vitesse d&rsquo;avancement, sans la moindre secousse et cela m\u00eame pendant le fonctionnement.<\/p>\n<p>Moteur Honda, Bi-cylindre en V, soupapes en t\u00eate, les moteurs Honda GXV sont \u00e0 la fois puissants et silencieux. Leurs co\u00fbts d&rsquo;entretien sont r\u00e9duits.<\/p>\n<p><img loading=\"lazy\" decoding=\"async\" class=\"alignright wp-image-805 size-thumbnail\" src=\"https:\/\/www.sarlbml.fr\/sarlbml\/wp-content\/uploads\/2015\/05\/demohp32_1-150x150.jpg\" alt=\"demohp32_1\" width=\"150\" height=\"150\" srcset=\"https:\/\/www.sarlbml.fr\/sarlbml\/wp-content\/uploads\/2015\/05\/demohp32_1-150x150.jpg 150w, https:\/\/www.sarlbml.fr\/sarlbml\/wp-content\/uploads\/2015\/05\/demohp32_1-100x100.jpg 100w, https:\/\/www.sarlbml.fr\/sarlbml\/wp-content\/uploads\/2015\/05\/demohp32_1.jpg 200w\" sizes=\"auto, (max-width: 150px) 100vw, 150px\" \/>Tableau de bord intelligent : allumage automatique des phares par cellule photosensible, Voltm\u00e8tre et horom\u00e9trie int\u00e9gr\u00e9s, syst\u00e8me de vidage du bac \u00e9lectrique \u00e0 commande sensitive, syst\u00e8me interactif haute s\u00e9curit\u00e9.<\/p>\n<p>Les pneus profil\u00e9s en caoutchouc souple garantissent une excellente adh\u00e9rence au sol, un confort accru sans le moindre dommage pour la pelouse.<\/p>\n<p>Large bouchon de remplissage \u00e9loign\u00e9 du moteur, pour plus de s\u00e9curit\u00e9 et d&rsquo;accessibilit\u00e9. Grande capacit\u00e9 du r\u00e9servoir.<\/p>\n<p><img loading=\"lazy\" decoding=\"async\" class=\"alignleft wp-image-799\" src=\"https:\/\/www.sarlbml.fr\/sarlbml\/wp-content\/uploads\/2015\/05\/demohp30_4.jpg\" alt=\"demohp30_4\" width=\"100\" height=\"100\" srcset=\"https:\/\/www.sarlbml.fr\/sarlbml\/wp-content\/uploads\/2015\/05\/demohp30_4.jpg 200w, https:\/\/www.sarlbml.fr\/sarlbml\/wp-content\/uploads\/2015\/05\/demohp30_4-100x100.jpg 100w, https:\/\/www.sarlbml.fr\/sarlbml\/wp-content\/uploads\/2015\/05\/demohp30_4-150x150.jpg 150w\" sizes=\"auto, (max-width: 100px) 100vw, 100px\" \/>Le crochet d&rsquo;attelage et le syst\u00e8me d&rsquo;\u00e9jection arri\u00e8re sont en option.<\/p>\n<hr>\n\n<table id=\"tablepress-38\" class=\"tablepress tablepress-id-38 tablepress-responsive tbody-has-connected-cells\">\n<tbody class=\"row-striping\">\n<tr class=\"row-1\">\n\t<td class=\"column-1\"><\/td><td class=\"column-2\"><div class=\"wp-block-image\"><figure class=\"aligncenter\"><img loading=\"lazy\" decoding=\"async\" src=\"https:\/\/www.sarlbml.fr\/sarlbml\/wp-content\/uploads\/2015\/05\/hf2622.png\" alt=\"\" width=\"50\" height=\"50\" class=\"aligncenter size-full wp-image-241\" \/><\/figure><\/div><\/td><td class=\"column-3\"><div class=\"wp-block-image\"><figure class=\"aligncenter\"><img loading=\"lazy\" decoding=\"async\" src=\"https:\/\/www.sarlbml.fr\/sarlbml\/wp-content\/uploads\/2015\/05\/hf2622.png\" alt=\"\" width=\"50\" height=\"50\" class=\"aligncenter size-full wp-image-241\" \/><\/figure><\/div><\/td>\n<\/tr>\n<tr class=\"row-2\">\n\t<td class=\"column-1\"><strong>Mod\u00e8le<\/strong><\/td><td class=\"column-2\"><p style=\"text-align: center;\"><strong>HF 2622 HME<\/strong><\/p><\/td><td class=\"column-3\"><p style=\"text-align: center;\"><strong>HF 2622 HTE<\/strong><\/p><\/td>\n<\/tr>\n<tr class=\"row-3\">\n\t<td class=\"column-1\">Largeur de coupe<\/td><td colspan=\"2\" class=\"column-2\"><p style=\"text-align: center;\">122 cm<\/p><\/td>\n<\/tr>\n<tr class=\"row-4\">\n\t<td class=\"column-1\">Syst\u00e8me de coupe<\/td><td colspan=\"2\" class=\"column-2\"><p style=\"text-align: center;\">2 lames\/\u00e9jection arri\u00e8re<\/p><\/td>\n<\/tr>\n<tr class=\"row-5\">\n\t<td class=\"column-1\">R\u00e9glage de coupe<\/td><td colspan=\"2\" class=\"column-2\"><p style=\"text-align: center;\">7 positions de 30 \u00e0 90 mm<\/p><\/td>\n<\/tr>\n<tr class=\"row-6\">\n\t<td class=\"column-1\">Contenance du bac de ramassage<\/td><td colspan=\"2\" class=\"column-2\"><p style=\"text-align: center;\">350 litres<\/p><\/td>\n<\/tr>\n<tr class=\"row-7\">\n\t<td class=\"column-1\">Vidage du bac de ramassage<\/td><td class=\"column-2\"><p style=\"text-align: center;\">Manuel<\/p><\/td><td class=\"column-3\"><p style=\"text-align: center;\">Electrique<\/p><\/td>\n<\/tr>\n<tr class=\"row-8\">\n\t<td class=\"column-1\">Poids \u00e0 vide<\/td><td class=\"column-2\"><p style=\"text-align: center;\">245 kg<\/p><\/td><td class=\"column-3\"><p style=\"text-align: center;\">254 kg<\/p><\/td>\n<\/tr>\n<tr class=\"row-9\">\n\t<td class=\"column-1\">Dimensions Longueur x Largeur x Hauteur<\/td><td colspan=\"2\" class=\"column-2\"><p style=\"text-align: center;\">2480 x 1260 x 1120 mm<\/p><\/td>\n<\/tr>\n<tr class=\"row-10\">\n\t<td class=\"column-1\">Transmission<\/td><td colspan=\"2\" class=\"column-2\"><p style=\"text-align: center;\">Hydrostatique<\/p><\/td>\n<\/tr>\n<tr class=\"row-11\">\n\t<td class=\"column-1\">Vitesse AVANT<\/td><td colspan=\"2\" class=\"column-2\"><p style=\"text-align: center;\">-<\/p><\/td>\n<\/tr>\n<tr class=\"row-12\">\n\t<td class=\"column-1\">Vitesse ARRIERE<\/td><td colspan=\"2\" class=\"column-2\"><p style=\"text-align: center;\">-<\/p><\/td>\n<\/tr>\n<tr class=\"row-13\">\n\t<td class=\"column-1\">Pneus AVANT<\/td><td colspan=\"2\" class=\"column-2\"><p style=\"text-align: center;\">15 x 6,00-6<\/p><\/td>\n<\/tr>\n<tr class=\"row-14\">\n\t<td class=\"column-1\">Pneus ARRIERE<\/td><td colspan=\"2\" class=\"column-2\"><p style=\"text-align: center;\">18 x 8,50-8<\/p><\/td>\n<\/tr>\n<tr class=\"row-15\">\n\t<td class=\"column-1\">Carter<\/td><td colspan=\"2\" class=\"column-2\"><p style=\"text-align: center;\">Acier - Traitement cataphor\u00e8se - Antirouille<\/p><\/td>\n<\/tr>\n<tr class=\"row-16\">\n\t<td class=\"column-1\">Carter de coupe multi-fonctions<\/td><td colspan=\"2\" class=\"column-2\"><p style=\"text-align: center;\">Ramassage\/Mulching\/Ejection<\/p><\/td>\n<\/tr>\n<tr class=\"row-17\">\n\t<td class=\"column-1\">Embrayage de lames<\/td><td colspan=\"2\" class=\"column-2\"><p style=\"text-align: center;\">Electromagn\u00e9tique<\/p><\/td>\n<\/tr>\n<tr class=\"row-18\">\n\t<td class=\"column-1\">Particularit\u00e9s<\/td><td colspan=\"2\" class=\"column-2\"><p style=\"text-align: center;\">Syst\u00e8me de s\u00e9curit\u00e9 \u00e0 points interactifs, chargeur de batterie inclus<\/p><\/td>\n<\/tr>\n<tr class=\"row-19\">\n\t<td class=\"column-1\">Moteur Honda<\/td><td colspan=\"2\" class=\"column-2\"><p style=\"text-align: center;\">Bi-cylindre en V GXV 620\/614 cm\u00b3 (20ch)<\/p><br \/>\n <\/td>\n<\/tr>\n<tr class=\"row-20\">\n\t<td class=\"column-1\">Puissance maximal<\/td><td colspan=\"2\" class=\"column-2\"><p style=\"text-align: center;\">13,3 kW\/3600 tr\/mn<\/p><\/td>\n<\/tr>\n<tr class=\"row-21\">\n\t<td class=\"column-1\">Contenance du r\u00e9servoir<\/td><td colspan=\"2\" class=\"column-2\"><p style=\"text-align: center;\">6 litres<\/p><\/td>\n<\/tr>\n<tr class=\"row-22\">\n\t<td class=\"column-1\">Pare-chocs<\/td><td colspan=\"2\" class=\"column-2\"><p style=\"text-align: center;\">Avant et arri\u00e8re<\/p><\/td>\n<\/tr>\n<tr class=\"row-23\">\n\t<td class=\"column-1\">Equipements<\/td><td colspan=\"2\" class=\"column-2\"><p style=\"text-align: center;\">Phare et jauge carburant<\/p><\/td>\n<\/tr>\n<\/tbody>\n<\/table>\n<!-- #tablepress-38 from cache -->\n<hr>\n<p><strong>Les avantages en r\u00e9sum\u00e9 :<\/strong><\/p>\n<p>&#8211; Moteur Honda bi-cylindre en V, soupapes en t\u00eate<br \/>\n&#8211; Embrayage \u00e9lectromagn\u00e9tique des lames<br \/>\n&#8211; Si\u00e8ge ergonomique r\u00e9glable par levier lat\u00e9ral<br \/>\n&#8211; Commandes ind\u00e9pendantes<br \/>\n&#8211; Pare-chocs avant et arri\u00e8re<br \/>\n&#8211; Carter de coupe multi-fonctions : ramasser, broyer, \u00e9jecter<br \/>\n&#8211; Traitement anti-corrosion du carter de coupe<br \/>\n&#8211; Allumage automatique des phares<\/p>\n","protected":false},"excerpt":{"rendered":"<p>Le mod\u00e8le HF2620 HMF a \u00e9t\u00e9 con\u00e7u pour un travail intensif. Moteur bicylindre de forte cylindr\u00e9e, carter de 122 cm et syst\u00e8me Optiflow qui optimise le flux d&rsquo;air du carter de coupe jusqu&rsquo;au bac pour un ramassage exceptionnel : rien n&rsquo;arr\u00eate cette autoport\u00e9e haut de gamme. Et pour assurer un\u2026<\/p>\n<p> <a class=\"continue-reading-link\" href=\"https:\/\/www.sarlbml.fr\/sarlbml\/catalogue\/catalogue-honda\/tondeuses-autoportees-honda\/hf-2622\/\"><span>Lire la suite<\/span><i class=\"crycon-right-dir\"><\/i><\/a> <\/p>\n","protected":false},"author":1,"featured_media":0,"parent":239,"menu_order":0,"comment_status":"closed","ping_status":"open","template":"","meta":{"footnotes":""},"class_list":["post-803","page","type-page","status-publish","hentry"],"_links":{"self":[{"href":"https:\/\/www.sarlbml.fr\/sarlbml\/wp-json\/wp\/v2\/pages\/803","targetHints":{"allow":["GET"]}}],"collection":[{"href":"https:\/\/www.sarlbml.fr\/sarlbml\/wp-json\/wp\/v2\/pages"}],"about":[{"href":"https:\/\/www.sarlbml.fr\/sarlbml\/wp-json\/wp\/v2\/types\/page"}],"author":[{"embeddable":true,"href":"https:\/\/www.sarlbml.fr\/sarlbml\/wp-json\/wp\/v2\/users\/1"}],"replies":[{"embeddable":true,"href":"https:\/\/www.sarlbml.fr\/sarlbml\/wp-json\/wp\/v2\/comments?post=803"}],"version-history":[{"count":3,"href":"https:\/\/www.sarlbml.fr\/sarlbml\/wp-json\/wp\/v2\/pages\/803\/revisions"}],"predecessor-version":[{"id":1674,"href":"https:\/\/www.sarlbml.fr\/sarlbml\/wp-json\/wp\/v2\/pages\/803\/revisions\/1674"}],"up":[{"embeddable":true,"href":"https:\/\/www.sarlbml.fr\/sarlbml\/wp-json\/wp\/v2\/pages\/239"}],"wp:attachment":[{"href":"https:\/\/www.sarlbml.fr\/sarlbml\/wp-json\/wp\/v2\/media?parent=803"}],"curies":[{"name":"wp","href":"https:\/\/api.w.org\/{rel}","templated":true}]}}