{"id":795,"date":"2015-05-28T20:24:39","date_gmt":"2015-05-28T19:24:39","guid":{"rendered":"http:\/\/sarlbmlfzd.cluster011.ovh.net\/sarlbml\/?page_id=795"},"modified":"2019-02-12T18:34:13","modified_gmt":"2019-02-12T17:34:13","slug":"hf-2417","status":"publish","type":"page","link":"https:\/\/www.sarlbml.fr\/sarlbml\/catalogue\/catalogue-honda\/tondeuses-autoportees-honda\/hf-2417\/","title":{"rendered":"HF 2417"},"content":{"rendered":"<p><img loading=\"lazy\" decoding=\"async\" class=\"alignleft size-full wp-image-796\" src=\"https:\/\/www.sarlbml.fr\/sarlbml\/wp-content\/uploads\/2015\/05\/hf2417_2015.png\" alt=\"hf2417_2015\" width=\"200\" height=\"200\" srcset=\"https:\/\/www.sarlbml.fr\/sarlbml\/wp-content\/uploads\/2015\/05\/hf2417_2015.png 200w, https:\/\/www.sarlbml.fr\/sarlbml\/wp-content\/uploads\/2015\/05\/hf2417_2015-100x100.png 100w, https:\/\/www.sarlbml.fr\/sarlbml\/wp-content\/uploads\/2015\/05\/hf2417_2015-150x150.png 150w\" sizes=\"auto, (max-width: 200px) 100vw, 200px\" \/><strong>La HF2417 HME, destin\u00e9e aux grands terrains, se dote d&rsquo;un carter de 102 cm, d&rsquo;un bac de ramassage de 300 litres et d&rsquo;un moteur bicylindre de 530 cc. Le syst\u00e8me Optiflow assure une qualit\u00e9 de ramassage exceptionnelle gr\u00e2ce \u00e0 un ensemble de solutions qui am\u00e9liorent le flux d&rsquo;air depuis le carter jusqu&rsquo;au bac pour r\u00e9duire les risques de bourrage. C\u00f4t\u00e9 confort, on trouve un embrayage \u00e9lectromagn\u00e9tique des lames, une transmission hydrostatique tr\u00e8s douce ou encore un si\u00e8ge r\u00e9glable sans outils. Ce mod\u00e8le est \u00e9quip\u00e9 de roues anti-scalp sur le carter, de pare-chocs avant et arri\u00e8re ainsi que de phares \u00e0 allumage automatique.<\/strong><\/p>\n<p><img loading=\"lazy\" decoding=\"async\" class=\"alignright wp-image-798 size-thumbnail\" src=\"https:\/\/www.sarlbml.fr\/sarlbml\/wp-content\/uploads\/2015\/05\/demohp30_3-150x150.jpg\" alt=\"demohp30_3\" width=\"150\" height=\"150\" srcset=\"https:\/\/www.sarlbml.fr\/sarlbml\/wp-content\/uploads\/2015\/05\/demohp30_3-150x150.jpg 150w, https:\/\/www.sarlbml.fr\/sarlbml\/wp-content\/uploads\/2015\/05\/demohp30_3-100x100.jpg 100w, https:\/\/www.sarlbml.fr\/sarlbml\/wp-content\/uploads\/2015\/05\/demohp30_3.jpg 200w\" sizes=\"auto, (max-width: 150px) 100vw, 150px\" \/>La contenance du bac de ramassage est de 300 litres. Le vidage du bac arri\u00e8re est facile. Un signal sonore indique son remplissage.<\/p>\n<p>Allumage automatique des phares par des cellules photosensibles.<\/p>\n<p><img loading=\"lazy\" decoding=\"async\" class=\"alignleft wp-image-799 size-thumbnail\" src=\"https:\/\/www.sarlbml.fr\/sarlbml\/wp-content\/uploads\/2015\/05\/demohp30_4-150x150.jpg\" alt=\"demohp30_4\" width=\"150\" height=\"150\" srcset=\"https:\/\/www.sarlbml.fr\/sarlbml\/wp-content\/uploads\/2015\/05\/demohp30_4-150x150.jpg 150w, https:\/\/www.sarlbml.fr\/sarlbml\/wp-content\/uploads\/2015\/05\/demohp30_4-100x100.jpg 100w, https:\/\/www.sarlbml.fr\/sarlbml\/wp-content\/uploads\/2015\/05\/demohp30_4.jpg 200w\" sizes=\"auto, (max-width: 150px) 100vw, 150px\" \/><img loading=\"lazy\" decoding=\"async\" class=\"alignleft wp-image-85 size-thumbnail\" src=\"https:\/\/www.sarlbml.fr\/sarlbml\/wp-content\/uploads\/2015\/05\/demohp30_1-150x150.jpg\" alt=\"demohp30_1\" width=\"150\" height=\"150\" srcset=\"https:\/\/www.sarlbml.fr\/sarlbml\/wp-content\/uploads\/2015\/05\/demohp30_1-150x150.jpg 150w, https:\/\/www.sarlbml.fr\/sarlbml\/wp-content\/uploads\/2015\/05\/demohp30_1-100x100.jpg 100w, https:\/\/www.sarlbml.fr\/sarlbml\/wp-content\/uploads\/2015\/05\/demohp30_1.jpg 200w\" sizes=\"auto, (max-width: 150px) 100vw, 150px\" \/>Le crochet d&rsquo;attelage et le syst\u00e8me d&rsquo;\u00e9jection arri\u00e8re sont en option.<\/p>\n<p>Un dispositif central de r\u00e9glage de hauteurs de coupe \u00e0 7 positions se commande depuis le si\u00e8ge.<\/p>\n<p>L&#8217;embrayage pneumatique permet l&rsquo;enclenchement des lames sans effort de l&rsquo;utilisateur.<\/p>\n<p>La batterie de grande capacit\u00e9 est facile d&rsquo;acc\u00e8s, l&rsquo;entretien est ais\u00e9, la prise de branchement du chargeur de batterie est rapide.<\/p>\n<p>La transmission hydrostatique permet de r\u00e9gler avec pr\u00e9cision et de fa\u00e7on continu la vitesse d&rsquo;avancement, sans la moindre secousse et cela m\u00eame pendant le fonctionnement.<\/p>\n<p>Carter multi-fonctions : RAMASSER \/ BROYER \/ EJECTER<br \/>\n<img loading=\"lazy\" decoding=\"async\" class=\"alignright wp-image-797 size-thumbnail\" src=\"https:\/\/www.sarlbml.fr\/sarlbml\/wp-content\/uploads\/2015\/05\/demohp30_2-150x150.jpg\" alt=\"demohp30_2\" width=\"150\" height=\"150\" srcset=\"https:\/\/www.sarlbml.fr\/sarlbml\/wp-content\/uploads\/2015\/05\/demohp30_2-150x150.jpg 150w, https:\/\/www.sarlbml.fr\/sarlbml\/wp-content\/uploads\/2015\/05\/demohp30_2-100x100.jpg 100w, https:\/\/www.sarlbml.fr\/sarlbml\/wp-content\/uploads\/2015\/05\/demohp30_2.jpg 200w\" sizes=\"auto, (max-width: 150px) 100vw, 150px\" \/>Durant toute l&rsquo;ann\u00e9e, vous avez le choix de votre mode de tonte : ramassage, tonte mulching (obturateur en option), \u00e9jection (d\u00e9flecteur en option). Protection anti-corrosion du carter de coupe par une laque \u00e9poxy appliqu\u00e9e en bain par \u00e9lectrod\u00e9position.<\/p>\n<p>Nettoyage rapide et facile du carter de coupe gr\u00e2ce \u00e0 l&rsquo;orifice situ\u00e9 sur le carter qui permet de raccorder un tuyau d&rsquo;arrosage.<\/p>\n<p>Moteur Honda, Bi-cylindre en V, soupapes en t\u00eate, les moteurs Honda GCV sont \u00e0 la fois puissants et silencieux. Leurs co\u00fbts d&rsquo;entretien sont r\u00e9duits.<\/p>\n<p>Les pneus profil\u00e9s en caoutchouc souple garantissent une excellente adh\u00e9rence au sol, un confort accru sans le moindre dommage pour la pelouse.<\/p>\n<hr>\n\n<table id=\"tablepress-37\" class=\"tablepress tablepress-id-37 tablepress-responsive tbody-has-connected-cells\">\n<tbody class=\"row-striping\">\n<tr class=\"row-1\">\n\t<td class=\"column-1\"><\/td><td class=\"column-2\"><div class=\"wp-block-image\"><figure class=\"aligncenter\"><img loading=\"lazy\" decoding=\"async\" src=\"https:\/\/www.sarlbml.fr\/sarlbml\/wp-content\/uploads\/2015\/05\/hf2417_2015.png\" alt=\"\" width=\"56\" height=\"50\" class=\"aligncenter size-full wp-image-240\" \/><\/figure><\/div><\/td><td class=\"column-3\"><div class=\"wp-block-image\"><figure class=\"aligncenter\"><img loading=\"lazy\" decoding=\"async\" src=\"https:\/\/www.sarlbml.fr\/sarlbml\/wp-content\/uploads\/2015\/05\/hf2417_2015.png\" alt=\"\" width=\"56\" height=\"50\" class=\"aligncenter size-full wp-image-240\" \/><\/figure><\/div><\/td><td class=\"column-4\"><div class=\"wp-block-image\"><figure class=\"aligncenter\"><img loading=\"lazy\" decoding=\"async\" src=\"https:\/\/www.sarlbml.fr\/sarlbml\/wp-content\/uploads\/2015\/05\/hf2417_2015.png\" alt=\"\" width=\"56\" height=\"50\" class=\"aligncenter size-full wp-image-240\" \/><\/figure><\/div><\/td>\n<\/tr>\n<tr class=\"row-2\">\n\t<td class=\"column-1\"><strong>Mod\u00e8le<\/strong><\/td><td class=\"column-2\"><p style=\"text-align: center;\"><strong>HF 2417 HBE<\/strong><\/p><\/td><td class=\"column-3\"><p style=\"text-align: center;\"><strong>HF 2417 HME<\/strong><\/p><\/td><td class=\"column-4\"><p style=\"text-align: center;\"><strong>HF 2417 HTE<\/strong><\/p><\/td>\n<\/tr>\n<tr class=\"row-3\">\n\t<td class=\"column-1\">Largeur de coupe<\/td><td colspan=\"3\" class=\"column-2\"><p style=\"text-align: center;\">102 cm<\/p><\/td>\n<\/tr>\n<tr class=\"row-4\">\n\t<td class=\"column-1\">Syst\u00e8me de coupe<\/td><td colspan=\"3\" class=\"column-2\"><p style=\"text-align: center;\">2 lames\/ejection arri\u00e8re<\/p><\/td>\n<\/tr>\n<tr class=\"row-5\">\n\t<td class=\"column-1\">R\u00e9glage de coupe<\/td><td colspan=\"3\" class=\"column-2\"><p style=\"text-align: center;\">7 positions de 30 \u00e0 90 mm<\/p><\/td>\n<\/tr>\n<tr class=\"row-6\">\n\t<td class=\"column-1\">Contenance du bac de ramassage<\/td><td colspan=\"3\" class=\"column-2\"><p style=\"text-align: center;\">300 litres<\/p><\/td>\n<\/tr>\n<tr class=\"row-7\">\n\t<td class=\"column-1\">Vidage du bac de ramassage<\/td><td colspan=\"2\" class=\"column-2\"><p style=\"text-align: center;\">Manuel<\/p><\/td><td class=\"column-4\"><p style=\"text-align: center;\">Electrique<\/p><\/td>\n<\/tr>\n<tr class=\"row-8\">\n\t<td class=\"column-1\">Poids \u00e0 vide<\/td><td class=\"column-2\"><p style=\"text-align: center;\">nc<\/p><\/td><td class=\"column-3\"><p style=\"text-align: center;\">228 kg<\/p><\/td><td class=\"column-4\"><p style=\"text-align: center;\">237 kg<\/p><\/td>\n<\/tr>\n<tr class=\"row-9\">\n\t<td class=\"column-1\">Dimensions Longueur x Largeur x Hauteur<\/td><td colspan=\"3\" class=\"column-2\"><p style=\"text-align: center;\">2480 x 1050 x 1120 mm<\/p><\/td>\n<\/tr>\n<tr class=\"row-10\">\n\t<td class=\"column-1\">Transmission<\/td><td colspan=\"3\" class=\"column-2\"><p style=\"text-align: center;\">Hydrostatique<\/p><\/td>\n<\/tr>\n<tr class=\"row-11\">\n\t<td class=\"column-1\">Vitesse AVANT<\/td><td colspan=\"3\" class=\"column-2\"><p style=\"text-align: center;\">-<\/p><\/td>\n<\/tr>\n<tr class=\"row-12\">\n\t<td class=\"column-1\">Vitesse ARRIERE<\/td><td colspan=\"3\" class=\"column-2\"><p style=\"text-align: center;\">-<\/p><\/td>\n<\/tr>\n<tr class=\"row-13\">\n\t<td class=\"column-1\">Pneus AVANT<\/td><td colspan=\"3\" class=\"column-2\"><p style=\"text-align: center;\">15 x 6,00-6<\/p><\/td>\n<\/tr>\n<tr class=\"row-14\">\n\t<td class=\"column-1\">Pneus ARRIERE<\/td><td colspan=\"3\" class=\"column-2\"><p style=\"text-align: center;\">18 x 8,50-8<\/p><\/td>\n<\/tr>\n<tr class=\"row-15\">\n\t<td class=\"column-1\">Carter<\/td><td colspan=\"3\" class=\"column-2\"><p style=\"text-align: center;\">Acier - Traitement cataphor\u00e8se - Antirouille<\/p><\/td>\n<\/tr>\n<tr class=\"row-16\">\n\t<td class=\"column-1\">Carter de coupe multi-fonctions<\/td><td class=\"column-2\"><p style=\"text-align: center;\">Ramassage \/ Mulching(option) \/ Ejection<\/p><\/td><td colspan=\"2\" class=\"column-3\"><p style=\"text-align: center;\">Int\u00e9gr\u00e9 - syst\u00e8me Versamow<\/p><\/td>\n<\/tr>\n<tr class=\"row-17\">\n\t<td class=\"column-1\">Embrayage de lames<\/td><td colspan=\"3\" class=\"column-2\"><p style=\"text-align: center;\">Electromagn\u00e9tique<\/p><\/td>\n<\/tr>\n<tr class=\"row-18\">\n\t<td class=\"column-1\">Particularit\u00e9s<\/td><td colspan=\"3\" class=\"column-2\"><p style=\"text-align: center;\">Syst\u00e8me de s\u00e9curit\u00e9 \u00e0 points int\u00e9ractifs, chargeur de batterie inclus<\/p><\/td>\n<\/tr>\n<tr class=\"row-19\">\n\t<td class=\"column-1\">Moteur Honda<\/td><td colspan=\"3\" class=\"column-2\"><p style=\"text-align: center;\">Bi-cylindre en V GCV 530\/530 cm\u00b3 (17ch)<\/p><br \/>\n <\/td>\n<\/tr>\n<tr class=\"row-20\">\n\t<td class=\"column-1\">Puissance maximal<\/td><td colspan=\"3\" class=\"column-2\"><p style=\"text-align: center;\">11,3 kW\/3600 tr\/mn<\/p><\/td>\n<\/tr>\n<tr class=\"row-21\">\n\t<td class=\"column-1\">Contenance du r\u00e9servoir<\/td><td colspan=\"3\" class=\"column-2\"><p style=\"text-align: center;\">6 litres<\/p><\/td>\n<\/tr>\n<tr class=\"row-22\">\n\t<td class=\"column-1\">Pare-chocs<\/td><td colspan=\"3\" class=\"column-2\"><p style=\"text-align: center;\">Avant et arri\u00e8re<\/p><\/td>\n<\/tr>\n<tr class=\"row-23\">\n\t<td class=\"column-1\">Equipements<\/td><td colspan=\"3\" class=\"column-2\"><p style=\"text-align: center;\">Phare et jauge carburant<\/p><\/td>\n<\/tr>\n<\/tbody>\n<\/table>\n<!-- #tablepress-37 from cache -->\n<hr>\n<p>Les avantages en r\u00e9sum\u00e9 :<\/p>\n<p>&#8211; Moteur Honda bi-cylindre en V, soupapes en t\u00eate<br \/>\n&#8211; Embrayage pneumatique des lames<br \/>\n&#8211; Si\u00e8ge ergonomique r\u00e9glable par levier lat\u00e9ral<br \/>\n&#8211; Commandes ind\u00e9pendantes<br \/>\n&#8211; Pare-chocs avant et arri\u00e8re<br \/>\n&#8211; Carter de coupe multi-fonctions : ramasser, broyer, \u00e9jecter<br \/>\n&#8211; Traitement anti-corrosion du carter de coupe<br \/>\n&#8211; Allumage automatique des phares<\/p>\n","protected":false},"excerpt":{"rendered":"<p>La HF2417 HME, destin\u00e9e aux grands terrains, se dote d&rsquo;un carter de 102 cm, d&rsquo;un bac de ramassage de 300 litres et d&rsquo;un moteur bicylindre de 530 cc. Le syst\u00e8me Optiflow assure une qualit\u00e9 de ramassage exceptionnelle gr\u00e2ce \u00e0 un ensemble de solutions qui am\u00e9liorent le flux d&rsquo;air depuis le\u2026<\/p>\n<p> <a class=\"continue-reading-link\" href=\"https:\/\/www.sarlbml.fr\/sarlbml\/catalogue\/catalogue-honda\/tondeuses-autoportees-honda\/hf-2417\/\"><span>Lire la suite<\/span><i class=\"crycon-right-dir\"><\/i><\/a> <\/p>\n","protected":false},"author":1,"featured_media":0,"parent":239,"menu_order":0,"comment_status":"closed","ping_status":"open","template":"","meta":{"footnotes":""},"class_list":["post-795","page","type-page","status-publish","hentry"],"_links":{"self":[{"href":"https:\/\/www.sarlbml.fr\/sarlbml\/wp-json\/wp\/v2\/pages\/795","targetHints":{"allow":["GET"]}}],"collection":[{"href":"https:\/\/www.sarlbml.fr\/sarlbml\/wp-json\/wp\/v2\/pages"}],"about":[{"href":"https:\/\/www.sarlbml.fr\/sarlbml\/wp-json\/wp\/v2\/types\/page"}],"author":[{"embeddable":true,"href":"https:\/\/www.sarlbml.fr\/sarlbml\/wp-json\/wp\/v2\/users\/1"}],"replies":[{"embeddable":true,"href":"https:\/\/www.sarlbml.fr\/sarlbml\/wp-json\/wp\/v2\/comments?post=795"}],"version-history":[{"count":3,"href":"https:\/\/www.sarlbml.fr\/sarlbml\/wp-json\/wp\/v2\/pages\/795\/revisions"}],"predecessor-version":[{"id":1673,"href":"https:\/\/www.sarlbml.fr\/sarlbml\/wp-json\/wp\/v2\/pages\/795\/revisions\/1673"}],"up":[{"embeddable":true,"href":"https:\/\/www.sarlbml.fr\/sarlbml\/wp-json\/wp\/v2\/pages\/239"}],"wp:attachment":[{"href":"https:\/\/www.sarlbml.fr\/sarlbml\/wp-json\/wp\/v2\/media?parent=795"}],"curies":[{"name":"wp","href":"https:\/\/api.w.org\/{rel}","templated":true}]}}