{"id":79,"date":"2015-05-26T16:45:13","date_gmt":"2015-05-26T15:45:13","guid":{"rendered":"http:\/\/sarlbmlfzd.cluster011.ovh.net\/sarlbml\/?page_id=79"},"modified":"2019-02-12T16:57:38","modified_gmt":"2019-02-12T15:57:38","slug":"la-securite-interactive-en-7-points","status":"publish","type":"page","link":"https:\/\/www.sarlbml.fr\/sarlbml\/guides\/choisir-une-autoportee-honda\/la-securite-interactive-en-7-points\/","title":{"rendered":"La s\u00e9curit\u00e9 interactive en 7 points"},"content":{"rendered":"<p>Une tondeuse autoport\u00e9e doit \u00eatre un \u00e9quipement s\u00fbr que vous utilisez l&rsquo;esprit tranquille. Comment fonctionne la s\u00e9curit\u00e9 interactive ?<\/p>\n<p style=\"text-align: center;\"><img loading=\"lazy\" decoding=\"async\" class=\"alignnone size-full wp-image-80\" src=\"https:\/\/www.sarlbml.fr\/sarlbml\/wp-content\/uploads\/2015\/05\/demoh05p31_2.jpg\" alt=\"demoh05p31_2\" width=\"500\" height=\"365\" srcset=\"https:\/\/www.sarlbml.fr\/sarlbml\/wp-content\/uploads\/2015\/05\/demoh05p31_2.jpg 500w, https:\/\/www.sarlbml.fr\/sarlbml\/wp-content\/uploads\/2015\/05\/demoh05p31_2-300x219.jpg 300w, https:\/\/www.sarlbml.fr\/sarlbml\/wp-content\/uploads\/2015\/05\/demoh05p31_2-205x150.jpg 205w, https:\/\/www.sarlbml.fr\/sarlbml\/wp-content\/uploads\/2015\/05\/demoh05p31_2-150x110.jpg 150w\" sizes=\"auto, (max-width: 500px) 100vw, 500px\" \/><\/p>\n<p>7 contacteurs sont situ\u00e9s sur des points cl\u00e9s de l&rsquo;autoport\u00e9e et reli\u00e9s \u00e0 un module \u00e9lectronique centralis\u00e9 de contr\u00f4le. Ce module \u00e9lectronique centralise les diff\u00e9rentes informations en provenance des contacteurs et donne l&rsquo;ordre d&rsquo;arr\u00eater le moteur, si les conditions de s\u00e9curit\u00e9 ne sont pas remplies (par exemple, si l&rsquo;on soul\u00e8ve le bac alors que les lames son embray\u00e9es). Vous n&rsquo;avez \u00e0 vous soucier de rien, votre autoport\u00e9e Honda veille \u00e0 votre s\u00e9curit\u00e9 et celle de votre famille.<\/p>\n","protected":false},"excerpt":{"rendered":"<p>Une tondeuse autoport\u00e9e doit \u00eatre un \u00e9quipement s\u00fbr que vous utilisez l&rsquo;esprit tranquille. Comment fonctionne la s\u00e9curit\u00e9 interactive ? 7 contacteurs sont situ\u00e9s sur des points cl\u00e9s de l&rsquo;autoport\u00e9e et reli\u00e9s \u00e0 un module \u00e9lectronique centralis\u00e9 de contr\u00f4le. Ce module \u00e9lectronique centralise les diff\u00e9rentes informations en provenance des contacteurs et\u2026<\/p>\n<p> <a class=\"continue-reading-link\" href=\"https:\/\/www.sarlbml.fr\/sarlbml\/guides\/choisir-une-autoportee-honda\/la-securite-interactive-en-7-points\/\"><span>Lire la suite<\/span><i class=\"crycon-right-dir\"><\/i><\/a> <\/p>\n","protected":false},"author":1,"featured_media":0,"parent":546,"menu_order":5,"comment_status":"closed","ping_status":"open","template":"","meta":{"footnotes":""},"class_list":["post-79","page","type-page","status-publish","hentry"],"_links":{"self":[{"href":"https:\/\/www.sarlbml.fr\/sarlbml\/wp-json\/wp\/v2\/pages\/79","targetHints":{"allow":["GET"]}}],"collection":[{"href":"https:\/\/www.sarlbml.fr\/sarlbml\/wp-json\/wp\/v2\/pages"}],"about":[{"href":"https:\/\/www.sarlbml.fr\/sarlbml\/wp-json\/wp\/v2\/types\/page"}],"author":[{"embeddable":true,"href":"https:\/\/www.sarlbml.fr\/sarlbml\/wp-json\/wp\/v2\/users\/1"}],"replies":[{"embeddable":true,"href":"https:\/\/www.sarlbml.fr\/sarlbml\/wp-json\/wp\/v2\/comments?post=79"}],"version-history":[{"count":3,"href":"https:\/\/www.sarlbml.fr\/sarlbml\/wp-json\/wp\/v2\/pages\/79\/revisions"}],"predecessor-version":[{"id":1614,"href":"https:\/\/www.sarlbml.fr\/sarlbml\/wp-json\/wp\/v2\/pages\/79\/revisions\/1614"}],"up":[{"embeddable":true,"href":"https:\/\/www.sarlbml.fr\/sarlbml\/wp-json\/wp\/v2\/pages\/546"}],"wp:attachment":[{"href":"https:\/\/www.sarlbml.fr\/sarlbml\/wp-json\/wp\/v2\/media?parent=79"}],"curies":[{"name":"wp","href":"https:\/\/api.w.org\/{rel}","templated":true}]}}