{"id":787,"date":"2015-05-28T20:08:12","date_gmt":"2015-05-28T19:08:12","guid":{"rendered":"http:\/\/sarlbmlfzd.cluster011.ovh.net\/sarlbml\/?page_id=787"},"modified":"2019-02-12T18:47:57","modified_gmt":"2019-02-12T17:47:57","slug":"izy-536","status":"publish","type":"page","link":"https:\/\/www.sarlbml.fr\/sarlbml\/catalogue\/catalogue-honda\/tondeuses-thermiques-et-electriques-honda\/izy-536\/","title":{"rendered":"IZY 536"},"content":{"rendered":"<p><strong><img loading=\"lazy\" decoding=\"async\" class=\"alignleft wp-image-227\" src=\"https:\/\/www.sarlbml.fr\/sarlbml\/wp-content\/uploads\/2015\/05\/izy53sde_2013.png\" alt=\"izy53sde_2013\" width=\"200\" height=\"200\" srcset=\"https:\/\/www.sarlbml.fr\/sarlbml\/wp-content\/uploads\/2015\/05\/izy53sde_2013.png 400w, https:\/\/www.sarlbml.fr\/sarlbml\/wp-content\/uploads\/2015\/05\/izy53sde_2013-300x300.png 300w, https:\/\/www.sarlbml.fr\/sarlbml\/wp-content\/uploads\/2015\/05\/izy53sde_2013-100x100.png 100w, https:\/\/www.sarlbml.fr\/sarlbml\/wp-content\/uploads\/2015\/05\/izy53sde_2013-150x150.png 150w\" sizes=\"auto, (max-width: 200px) 100vw, 200px\" \/>Avec la gamme IZY Honda a cr\u00e9\u00e9 le concept des tondeuses faciles \u00e0 vivre. La zone de tonte d\u00e9borde des roues pour faciliter la finition autour des massifs, le guidon se plie d&rsquo;une seule op\u00e9ration pour le rangement ou le transport. Les tondeuses IZY ont plus d&rsquo;un atout pour vous simplifier la vie!!!<\/strong><\/p>\n<p>Le sac de ramassage est d&rsquo;une grande capacit\u00e9, r\u00e9sistant et l\u00e9ger. Il est facile \u00e0 soulever gr\u00e2ce \u00e0 des poign\u00e9es, pour un vidage facile.<\/p>\n<p><img loading=\"lazy\" decoding=\"async\" class=\"alignright wp-image-727 size-thumbnail\" src=\"https:\/\/www.sarlbml.fr\/sarlbml\/wp-content\/uploads\/2015\/05\/demohp12_2-150x150.jpg\" alt=\"demohp12_2\" width=\"150\" height=\"150\" srcset=\"https:\/\/www.sarlbml.fr\/sarlbml\/wp-content\/uploads\/2015\/05\/demohp12_2-150x150.jpg 150w, https:\/\/www.sarlbml.fr\/sarlbml\/wp-content\/uploads\/2015\/05\/demohp12_2-100x100.jpg 100w, https:\/\/www.sarlbml.fr\/sarlbml\/wp-content\/uploads\/2015\/05\/demohp12_2.jpg 200w\" sizes=\"auto, (max-width: 150px) 100vw, 150px\" \/>Le guidon est tr\u00e8s ergonomique, la barre de s\u00e9curit\u00e9 pour frein lame, facile et confortable \u00e0 prendre en mains pour plus de force, moins de vibrations et de fatigue.<\/p>\n<p><img loading=\"lazy\" decoding=\"async\" class=\"alignleft wp-image-728 size-thumbnail\" src=\"https:\/\/www.sarlbml.fr\/sarlbml\/wp-content\/uploads\/2015\/05\/demohp12_3-150x150.jpg\" alt=\"demohp12_3\" width=\"150\" height=\"150\" srcset=\"https:\/\/www.sarlbml.fr\/sarlbml\/wp-content\/uploads\/2015\/05\/demohp12_3-150x150.jpg 150w, https:\/\/www.sarlbml.fr\/sarlbml\/wp-content\/uploads\/2015\/05\/demohp12_3-100x100.jpg 100w, https:\/\/www.sarlbml.fr\/sarlbml\/wp-content\/uploads\/2015\/05\/demohp12_3.jpg 200w\" sizes=\"auto, (max-width: 150px) 100vw, 150px\" \/>Le guidon est repliable d&rsquo;une seule op\u00e9ration pour le transport et le rangement.<\/p>\n<p>Le ramassage de l&rsquo;herbe est optimal gr\u00e2ce aux formes \u00e9tudi\u00e9es de son carter.<\/p>\n<p>Elle est robuste gr\u00e2ce aux axes de roues en une seule pi\u00e8ce.<\/p>\n<p>Le lanceur est au guidon, pour plus de confort.<img loading=\"lazy\" decoding=\"async\" class=\"alignright wp-image-729 size-thumbnail\" src=\"https:\/\/www.sarlbml.fr\/sarlbml\/wp-content\/uploads\/2015\/05\/demohp12_4-150x150.jpg\" alt=\"demohp12_4\" width=\"150\" height=\"150\" srcset=\"https:\/\/www.sarlbml.fr\/sarlbml\/wp-content\/uploads\/2015\/05\/demohp12_4-150x150.jpg 150w, https:\/\/www.sarlbml.fr\/sarlbml\/wp-content\/uploads\/2015\/05\/demohp12_4-100x100.jpg 100w, https:\/\/www.sarlbml.fr\/sarlbml\/wp-content\/uploads\/2015\/05\/demohp12_4.jpg 200w\" sizes=\"auto, (max-width: 150px) 100vw, 150px\" \/><\/p>\n<p>Le moteur Honda 4-temps est tr\u00e8s facile \u00e0 d\u00e9marrer et tr\u00e8s puissant. Il consomme peu et \u00e9met peu de gaz d&rsquo;\u00e9chappement. Il est aussi peu bruyant et produit peu de vibrations.<\/p>\n<p><img loading=\"lazy\" decoding=\"async\" class=\"alignleft wp-image-726 size-thumbnail\" src=\"https:\/\/www.sarlbml.fr\/sarlbml\/wp-content\/uploads\/2015\/05\/demohp12_1-150x150.jpg\" alt=\"demohp12_1\" width=\"150\" height=\"150\" srcset=\"https:\/\/www.sarlbml.fr\/sarlbml\/wp-content\/uploads\/2015\/05\/demohp12_1-150x150.jpg 150w, https:\/\/www.sarlbml.fr\/sarlbml\/wp-content\/uploads\/2015\/05\/demohp12_1-100x100.jpg 100w, https:\/\/www.sarlbml.fr\/sarlbml\/wp-content\/uploads\/2015\/05\/demohp12_1.jpg 200w\" sizes=\"auto, (max-width: 150px) 100vw, 150px\" \/>La hauteur de coupe est facile \u00e0 ajuster, gr\u00e2ce \u00e0 la manette 6 positions individuelle.<\/p>\n<p>Elle est facile \u00e0 entretenir : l&rsquo;huile et le filtre \u00e0 air peuvent \u00eatre remplac\u00e9s sans utilisation de cl\u00e9.<\/p>\n<hr>\n\n<table id=\"tablepress-27\" class=\"tablepress tablepress-id-27 tablepress-responsive tbody-has-connected-cells\">\n<tbody class=\"row-striping\">\n<tr class=\"row-1\">\n\t<td class=\"column-1\"><\/td><td class=\"column-2\"><div class=\"wp-block-image\"><figure class=\"aligncenter\"><img loading=\"lazy\" decoding=\"async\" src=\"https:\/\/www.sarlbml.fr\/sarlbml\/wp-content\/uploads\/2015\/05\/izy53sde_2013.png\" alt=\"\" width=\"50\" height=\"50\" class=\"aligncenter size-full wp-image-777\" \/><\/figure><\/div><\/td><td class=\"column-3\"><div class=\"wp-block-image\"><figure class=\"aligncenter\"><img loading=\"lazy\" decoding=\"async\" src=\"https:\/\/www.sarlbml.fr\/sarlbml\/wp-content\/uploads\/2015\/05\/izy536vke.png\" alt=\"\" width=\"50\" height=\"50\" class=\"aligncenter size-full wp-image-777\" \/><\/figure><\/div><\/td><td class=\"column-4\"><div class=\"wp-block-image\"><figure class=\"aligncenter\"><img loading=\"lazy\" decoding=\"async\" src=\"https:\/\/www.sarlbml.fr\/sarlbml\/wp-content\/uploads\/2015\/05\/izy536vle.png\" alt=\"\" width=\"50\" height=\"50\" class=\"aligncenter size-full wp-image-777\" \/><\/figure><\/div><\/td>\n<\/tr>\n<tr class=\"row-2\">\n\t<td class=\"column-1\"><strong>Mod\u00e8le<\/strong><\/td><td class=\"column-2\"><p style=\"text-align: center;\"><strong>IZY 536 SDE<\/strong><\/p><\/td><td class=\"column-3\"><p style=\"text-align: center;\"><strong>IZY 536 VKE<\/strong><\/p><\/td><td class=\"column-4\"><p style=\"text-align: center;\"><strong>IZY 536 VLE<\/strong><\/p><\/td>\n<\/tr>\n<tr class=\"row-3\">\n\t<td class=\"column-1\">Largeur de coupe<\/td><td colspan=\"3\" class=\"column-2\"><p style=\"text-align: center;\">53 cm<\/p><\/td>\n<\/tr>\n<tr class=\"row-4\">\n\t<td class=\"column-1\">Traction<\/td><td class=\"column-2\"><p style=\"text-align: center;\">Autotract\u00e9e<\/p><\/td><td colspan=\"2\" class=\"column-3\"><p style=\"text-align: center;\">Honda SmartDrive<\/p><\/td>\n<\/tr>\n<tr class=\"row-5\">\n\t<td class=\"column-1\">Transmission<\/td><td class=\"column-2\"><p style=\"text-align: center;\">M\u00e9canique<\/p><\/td><td colspan=\"2\" class=\"column-3\"><p style=\"text-align: center;\">Hydrostatique<\/p><\/td>\n<\/tr>\n<tr class=\"row-6\">\n\t<td class=\"column-1\">S\u00e9curit\u00e9<\/td><td colspan=\"3\" class=\"column-2\"><p style=\"text-align: center;\">Frein moteur<\/p><\/td>\n<\/tr>\n<tr class=\"row-7\">\n\t<td class=\"column-1\">Composition du carter<\/td><td colspan=\"3\" class=\"column-2\"><p style=\"text-align: center;\">Acier<\/p><\/td>\n<\/tr>\n<tr class=\"row-8\">\n\t<td class=\"column-1\">R\u00e9glage de coupe<\/td><td class=\"column-2\"><p style=\"text-align: center;\">4 leviers, 6 positions de 25 \u00e0 87 mm<\/p><\/td><td colspan=\"2\" class=\"column-3\"><p style=\"text-align: center;\">par essieu - 6 hauteurs (de 19 \u00e0 73 mm)<\/p><\/td>\n<\/tr>\n<tr class=\"row-9\">\n\t<td class=\"column-1\">Contenance du sac<\/td><td colspan=\"3\" class=\"column-2\"><p style=\"text-align: center;\">61 litres<\/p><\/td>\n<\/tr>\n<tr class=\"row-10\">\n\t<td class=\"column-1\">Diam\u00e8tre des roues avant<\/td><td colspan=\"3\" class=\"column-2\"><p style=\"text-align: center;\">200 mm<\/p><\/td>\n<\/tr>\n<tr class=\"row-11\">\n\t<td class=\"column-1\">Diam\u00e8tre des roues arri\u00e8re<\/td><td colspan=\"3\" class=\"column-2\"><p style=\"text-align: center;\">200 mm<\/p><\/td>\n<\/tr>\n<tr class=\"row-12\">\n\t<td class=\"column-1\">Poids \u00e0 vide<\/td><td class=\"column-2\"><p style=\"text-align: center;\">35,9 kg<\/p><\/td><td colspan=\"2\" class=\"column-3\"><p style=\"text-align: center;\">nc<\/p><\/td>\n<\/tr>\n<tr class=\"row-13\">\n\t<td class=\"column-1\">Particularit\u00e9s<\/td><td class=\"column-2\"><p style=\"text-align: center;\">Tonte Mulching en option, guidon repliable<\/p><\/td><td colspan=\"2\" class=\"column-3\"><p style=\"text-align: center;\">Mulching int\u00e9gr\u00e9, guidon repliable<\/p><\/td>\n<\/tr>\n<tr class=\"row-14\">\n\t<td class=\"column-1\">Moteur Honda<\/td><td colspan=\"3\" class=\"column-2\"><p style=\"text-align: center;\">GCV 160\/160 cm\u00b3-OHC<\/p><\/td>\n<\/tr>\n<tr class=\"row-15\">\n\t<td class=\"column-1\">Puissance maximal<\/td><td colspan=\"3\" class=\"column-2\"><p style=\"text-align: center;\">3,3 kW\/3600 tr\/mn<\/p><\/td>\n<\/tr>\n<tr class=\"row-16\">\n\t<td class=\"column-1\">Niveau sonore LWA*<\/td><td colspan=\"3\" class=\"column-2\"><p style=\"text-align: center;\">98 dB(A)<\/p><\/td>\n<\/tr>\n<tr class=\"row-17\">\n\t<td class=\"column-1\">D\u00e9marrage<\/td><td colspan=\"2\" class=\"column-2\"><p style=\"text-align: center;\">D\u00e9marrage facile par lanceur<\/p><\/td><td class=\"column-4\"><p style=\"text-align: center;\">Electrique<\/p><\/td>\n<\/tr>\n<tr class=\"row-18\">\n\t<td class=\"column-1\">Ramassage<\/td><td colspan=\"3\" class=\"column-2\"><p style=\"text-align: center;\">Toile<\/p><\/td>\n<\/tr>\n<\/tbody>\n<\/table>\n<!-- #tablepress-27 from cache -->\n<hr>\n<p>Les avantages en r\u00e9sum\u00e9 :<\/p>\n<p><img loading=\"lazy\" decoding=\"async\" class=\"alignleft wp-image-732 size-full\" src=\"https:\/\/www.sarlbml.fr\/sarlbml\/wp-content\/uploads\/2015\/05\/easy-start.jpg\" alt=\"easy-start\" width=\"144\" height=\"100\">Facile \u00e0 d\u00e9marrer :<\/p>\n<p>&#8211; D\u00e9compresseur automatique = d\u00e9marrage facile<br \/>\n&#8211; D\u00e9marre sans probl\u00e8me m\u00eame apr\u00e8s la p\u00e9riode d&rsquo;hivernage gr\u00e2ce \u00e0 l&rsquo;allumage \u00e9lectronique.<br \/>\n&#8211; D\u00e9marrage tr\u00e8s facile, on met le moteur en marche par une simple traction.<\/p>\n<p><img loading=\"lazy\" decoding=\"async\" class=\"alignleft wp-image-733 size-full\" src=\"https:\/\/www.sarlbml.fr\/sarlbml\/wp-content\/uploads\/2015\/05\/easy-use.jpg\" alt=\"easy-use\" width=\"100\" height=\"104\">Facile \u00e0 utiliser :<\/p>\n<p>&#8211; 6 positions de hauteurs de coupe faciles \u00e0 ajuster.<br \/>\n&#8211; Puissant moteur \u00e0 faible consommation et vibrations.<br \/>\n&#8211; Ramassage de l&rsquo;herbe optimal gr\u00e2ce au carter de coupe a\u00e9rodynamique.<\/p>\n<p><img loading=\"lazy\" decoding=\"async\" class=\"alignleft size-full wp-image-731\" src=\"https:\/\/www.sarlbml.fr\/sarlbml\/wp-content\/uploads\/2015\/05\/easy-move.jpg\" alt=\"easy-move\" width=\"100\" height=\"118\">Facile \u00e0 man\u0153uvrer :<\/p>\n<p>&#8211; Les \u00e9l\u00e9ments de commande sont de couleur vert clair et faciles \u00e0 manipuler.<br \/>\n&#8211; Couple moteur \u00e9lev\u00e9, absence de bourrage en cas d&rsquo;herbe humide.<br \/>\n&#8211; Grandes roues faciles \u00e0 man\u0153uvrer.<br \/>\n&#8211; Le sac de ramassage est facile \u00e0 soulever et \u00e0 vider.<\/p>\n<p><img loading=\"lazy\" decoding=\"async\" class=\"alignleft size-full wp-image-730\" src=\"https:\/\/www.sarlbml.fr\/sarlbml\/wp-content\/uploads\/2015\/05\/easy-life.jpg\" alt=\"easy-life\" width=\"100\" height=\"100\">Facile \u00e0 vivre :<\/p>\n<p>&#8211; Facile \u00e0 nettoyer gr\u00e2ce aux formes arrondies du carter.<br \/>\n&#8211; R\u00e9pond aux normes d&rsquo;\u00e9missions polluantes les plus strictes au monde.<br \/>\n&#8211; L&rsquo;huile et le filtre \u00e0 air s&rsquo;enl\u00e8vent sans utilisation d&rsquo;outillage.<\/p>\n","protected":false},"excerpt":{"rendered":"<p>Avec la gamme IZY Honda a cr\u00e9\u00e9 le concept des tondeuses faciles \u00e0 vivre. La zone de tonte d\u00e9borde des roues pour faciliter la finition autour des massifs, le guidon se plie d&rsquo;une seule op\u00e9ration pour le rangement ou le transport. Les tondeuses IZY ont plus d&rsquo;un atout pour vous\u2026<\/p>\n<p> <a class=\"continue-reading-link\" href=\"https:\/\/www.sarlbml.fr\/sarlbml\/catalogue\/catalogue-honda\/tondeuses-thermiques-et-electriques-honda\/izy-536\/\"><span>Lire la suite<\/span><i class=\"crycon-right-dir\"><\/i><\/a> <\/p>\n","protected":false},"author":1,"featured_media":0,"parent":203,"menu_order":0,"comment_status":"closed","ping_status":"open","template":"","meta":{"footnotes":""},"class_list":["post-787","page","type-page","status-publish","hentry"],"_links":{"self":[{"href":"https:\/\/www.sarlbml.fr\/sarlbml\/wp-json\/wp\/v2\/pages\/787","targetHints":{"allow":["GET"]}}],"collection":[{"href":"https:\/\/www.sarlbml.fr\/sarlbml\/wp-json\/wp\/v2\/pages"}],"about":[{"href":"https:\/\/www.sarlbml.fr\/sarlbml\/wp-json\/wp\/v2\/types\/page"}],"author":[{"embeddable":true,"href":"https:\/\/www.sarlbml.fr\/sarlbml\/wp-json\/wp\/v2\/users\/1"}],"replies":[{"embeddable":true,"href":"https:\/\/www.sarlbml.fr\/sarlbml\/wp-json\/wp\/v2\/comments?post=787"}],"version-history":[{"count":2,"href":"https:\/\/www.sarlbml.fr\/sarlbml\/wp-json\/wp\/v2\/pages\/787\/revisions"}],"predecessor-version":[{"id":1681,"href":"https:\/\/www.sarlbml.fr\/sarlbml\/wp-json\/wp\/v2\/pages\/787\/revisions\/1681"}],"up":[{"embeddable":true,"href":"https:\/\/www.sarlbml.fr\/sarlbml\/wp-json\/wp\/v2\/pages\/203"}],"wp:attachment":[{"href":"https:\/\/www.sarlbml.fr\/sarlbml\/wp-json\/wp\/v2\/media?parent=787"}],"curies":[{"name":"wp","href":"https:\/\/api.w.org\/{rel}","templated":true}]}}