{"id":776,"date":"2015-05-28T19:33:24","date_gmt":"2015-05-28T18:33:24","guid":{"rendered":"http:\/\/sarlbmlfzd.cluster011.ovh.net\/sarlbml\/?page_id=776"},"modified":"2019-02-12T18:43:34","modified_gmt":"2019-02-12T17:43:34","slug":"hrdh-536","status":"publish","type":"page","link":"https:\/\/www.sarlbml.fr\/sarlbml\/catalogue\/catalogue-honda\/tondeuses-thermiques-et-electriques-honda\/hrdh-536\/","title":{"rendered":"HRD\/H 536"},"content":{"rendered":"<p><img loading=\"lazy\" decoding=\"async\" class=\"alignleft size-full wp-image-173\" src=\"https:\/\/www.sarlbml.fr\/sarlbml\/wp-content\/uploads\/2015\/05\/hrd536ctxe.jpg\" alt=\"hrd536ctxe\" width=\"142\" height=\"151\" srcset=\"https:\/\/www.sarlbml.fr\/sarlbml\/wp-content\/uploads\/2015\/05\/hrd536ctxe.jpg 142w, https:\/\/www.sarlbml.fr\/sarlbml\/wp-content\/uploads\/2015\/05\/hrd536ctxe-141x150.jpg 141w\" sizes=\"auto, (max-width: 142px) 100vw, 142px\" \/>Vous appr\u00e9cierez les commandes regroup\u00e9es au guidon qui tombent ais\u00e9ment sous la main et les \u00e9quipements de s\u00e9curit\u00e9 et de confort disponibles parmi les diff\u00e9rentes versions. Trois qualit\u00e9s majeures : le robuste ch\u00e2ssis en aluminium inject\u00e9, ou carter X\u00e9noy les moteurs Honda 4-temps GXV\/GCV et un r\u00e9sultat de coupe exemplaire. Tout ceci &#8211; et bien d&rsquo;aitres d\u00e9tails encore &#8211; font de ces tondeuses \u00e0 gazon Honda les reines de leur cat\u00e9gorie.<\/p>\n<p><img loading=\"lazy\" decoding=\"async\" class=\"alignright wp-image-779 size-thumbnail\" src=\"https:\/\/www.sarlbml.fr\/sarlbml\/wp-content\/uploads\/2015\/05\/demohp16_2-150x150.jpg\" alt=\"demohp16_2\" width=\"150\" height=\"150\" srcset=\"https:\/\/www.sarlbml.fr\/sarlbml\/wp-content\/uploads\/2015\/05\/demohp16_2-150x150.jpg 150w, https:\/\/www.sarlbml.fr\/sarlbml\/wp-content\/uploads\/2015\/05\/demohp16_2-100x100.jpg 100w, https:\/\/www.sarlbml.fr\/sarlbml\/wp-content\/uploads\/2015\/05\/demohp16_2.jpg 200w\" sizes=\"auto, (max-width: 150px) 100vw, 150px\" \/>Le d\u00e9marrage est facile, d&rsquo;une simple traction sur le lanceur, avec le d\u00e9compresseur automatique, le moteur Honda d\u00e9marre toujours tr\u00e8s facilement.<\/p>\n<p>Le moteur Honda se distingue pour son d\u00e9marrage facile, sa consommation minimal et \u00e0 sa faible \u00e9mission de gaz d&rsquo;\u00e9chappement.<\/p>\n<p><img loading=\"lazy\" decoding=\"async\" class=\"alignleft wp-image-778 size-thumbnail\" src=\"https:\/\/www.sarlbml.fr\/sarlbml\/wp-content\/uploads\/2015\/05\/demohp14_2-150x150.jpg\" alt=\"demohp14_2\" width=\"150\" height=\"150\" srcset=\"https:\/\/www.sarlbml.fr\/sarlbml\/wp-content\/uploads\/2015\/05\/demohp14_2-150x150.jpg 150w, https:\/\/www.sarlbml.fr\/sarlbml\/wp-content\/uploads\/2015\/05\/demohp14_2-100x100.jpg 100w, https:\/\/www.sarlbml.fr\/sarlbml\/wp-content\/uploads\/2015\/05\/demohp14_2.jpg 200w\" sizes=\"auto, (max-width: 150px) 100vw, 150px\" \/>La transmission hydrostatique (exclusivit\u00e9 Honda) permet de r\u00e9gler la vitesse d&rsquo;avancement de la machine, sans les moindres \u00e0-coups et cela m\u00eame pendant le fonctionnement.<\/p>\n<p>Le syst\u00e8me Rotostop accentue le confort et la s\u00e9curit\u00e9 de l&rsquo;utilisateur. Ce syst\u00e8me commande l&rsquo;arr\u00eat instantan\u00e9 de la lame sans entrainer l&rsquo;arr\u00eat du moteur lorsque l&rsquo;utilisateur l\u00e2che la poign\u00e9e de s\u00e9curit\u00e9. Ce syst\u00e8me supprime la n\u00e9cessit\u00e9 de red\u00e9marrer le moteur \u00e0 chaque arr\u00eat et permet de continuer \u00e0 utiliser la traction pour les d\u00e9placements sans tonte (vidage, traverser une all\u00e9e&#8230;).<\/p>\n<p><img loading=\"lazy\" decoding=\"async\" class=\"alignright wp-image-777 size-thumbnail\" src=\"https:\/\/www.sarlbml.fr\/sarlbml\/wp-content\/uploads\/2015\/05\/demohp14_1-150x150.jpg\" alt=\"demohp14_1\" width=\"150\" height=\"150\" srcset=\"https:\/\/www.sarlbml.fr\/sarlbml\/wp-content\/uploads\/2015\/05\/demohp14_1-150x150.jpg 150w, https:\/\/www.sarlbml.fr\/sarlbml\/wp-content\/uploads\/2015\/05\/demohp14_1-100x100.jpg 100w, https:\/\/www.sarlbml.fr\/sarlbml\/wp-content\/uploads\/2015\/05\/demohp14_1.jpg 200w\" sizes=\"auto, (max-width: 150px) 100vw, 150px\" \/>Le sac de ramassage est \u00e9quip\u00e9 d&rsquo;un filtre anti-poussi\u00e8re. Ce filtre r\u00e9duit consid\u00e9rablement la concentration de particules sortant du sac de ramassage et retient les substances irritantes. Le sac de ramassage est en textile durable avec un indicateur visuel de remplissage. Le soulever, le vider et le remplacer est un jeu d&rsquo;enfant.<\/p>\n<p>Le r\u00e9glage de la hauteur de coupe ind\u00e9pendant sur chaque roue, est ais\u00e9 et pr\u00e9cis. 7 positions allant de 15 \u00e0 77 mm.<\/p>\n<p>Le carter en aluminium inject\u00e9 est extr\u00eamement robuste et durable.<\/p>\n<hr>\n\n<table id=\"tablepress-35\" class=\"tablepress tablepress-id-35 tablepress-responsive tbody-has-connected-cells\">\n<tbody class=\"row-striping\">\n<tr class=\"row-1\">\n\t<td class=\"column-1\"><\/td><td class=\"column-2\"><div class=\"wp-block-image\"><figure class=\"aligncenter\"><img loading=\"lazy\" decoding=\"async\" src=\"https:\/\/www.sarlbml.fr\/sarlbml\/wp-content\/uploads\/2015\/05\/hrd536ctxe.jpg\" alt=\"\" width=\"50\" height=\"50\" class=\"aligncenter size-full wp-image-778\" \/><\/figure><\/div><\/td><td class=\"column-3\"><div class=\"wp-block-image\"><figure class=\"aligncenter\"><img loading=\"lazy\" decoding=\"async\" src=\"https:\/\/www.sarlbml.fr\/sarlbml\/wp-content\/uploads\/2015\/05\/hrh536hxe.jpg\" alt=\"\" width=\"50\" height=\"50\" class=\"aligncenter size-full wp-image-778\" \/><\/figure><\/div><\/td><td class=\"column-4\"><div class=\"wp-block-image\"><figure class=\"aligncenter\"><img loading=\"lazy\" decoding=\"async\" src=\"https:\/\/www.sarlbml.fr\/sarlbml\/wp-content\/uploads\/2015\/05\/hrd536ctxe.jpg\" alt=\"\" width=\"50\" height=\"50\" class=\"aligncenter size-full wp-image-778\" \/><\/figure><\/div><\/td><td class=\"column-5\"><div class=\"wp-block-image\"><figure class=\"aligncenter\"><img loading=\"lazy\" decoding=\"async\" src=\"https:\/\/www.sarlbml.fr\/sarlbml\/wp-content\/uploads\/2015\/05\/hrd536ctxe.jpg\" alt=\"\" width=\"50\" height=\"50\" class=\"aligncenter size-full wp-image-778\" \/><\/figure><\/div><\/td>\n<\/tr>\n<tr class=\"row-2\">\n\t<td class=\"column-1\"><strong>Mod\u00e8le<\/strong><\/td><td class=\"column-2\"><p style=\"text-align: center;\"><strong>HRD 536K HXE<\/strong><\/p><\/td><td class=\"column-3\"><p style=\"text-align: center;\"><strong>HRH 536 HXE<\/strong><\/p><\/td><td class=\"column-4\"><p style=\"text-align: center;\"><strong>HRD 536 TXE<\/strong><\/p><\/td><td class=\"column-5\"><p style=\"text-align: center;\"><strong>HRD 536C HXE<\/strong><\/p><\/td>\n<\/tr>\n<tr class=\"row-3\">\n\t<td class=\"column-1\">Largeur de coupe<\/td><td colspan=\"4\" class=\"column-2\"><p style=\"text-align: center;\">53 cm<\/p><\/td>\n<\/tr>\n<tr class=\"row-4\">\n\t<td class=\"column-1\">Traction<\/td><td colspan=\"4\" class=\"column-2\"><p style=\"text-align: center;\">Autotract\u00e9e<\/p><\/td>\n<\/tr>\n<tr class=\"row-5\">\n\t<td class=\"column-1\">Transmission<\/td><td colspan=\"2\" class=\"column-2\"><p style=\"text-align: center;\">Hydrostatique<\/p><\/td><td class=\"column-4\"><p style=\"text-align: center;\">M\u00e9canique, 3 vitesses<\/p><\/td><td class=\"column-5\"><p style=\"text-align: center;\">Hydrostatique<\/p><\/td>\n<\/tr>\n<tr class=\"row-6\">\n\t<td class=\"column-1\">S\u00e9curit\u00e9<\/td><td colspan=\"4\" class=\"column-2\"><p style=\"text-align: center;\">Rotostop \/ Embrayage de lame<\/p><\/td>\n<\/tr>\n<tr class=\"row-7\">\n\t<td class=\"column-1\">Composition du carter<\/td><td colspan=\"4\" class=\"column-2\"><p style=\"text-align: center;\">Aluminium<\/p><\/td>\n<\/tr>\n<tr class=\"row-8\">\n\t<td class=\"column-1\">R\u00e9glage de coupe<\/td><td colspan=\"4\" class=\"column-2\"><p style=\"text-align: center;\">7 positions de 15 \u00e0 77 mm<\/p><\/td>\n<\/tr>\n<tr class=\"row-9\">\n\t<td class=\"column-1\">Contenance du sac<\/td><td colspan=\"4\" class=\"column-2\"><p style=\"text-align: center;\">83 litres<\/p><\/td>\n<\/tr>\n<tr class=\"row-10\">\n\t<td class=\"column-1\">Diam\u00e8tre des roues avant<\/td><td colspan=\"4\" class=\"column-2\"><p style=\"text-align: center;\">200 mm<\/p><\/td>\n<\/tr>\n<tr class=\"row-11\">\n\t<td class=\"column-1\">Diam\u00e8tre des roues arri\u00e8re<\/td><td colspan=\"4\" class=\"column-2\"><p style=\"text-align: center;\">200 mm<\/p><\/td>\n<\/tr>\n<tr class=\"row-12\">\n\t<td class=\"column-1\">Poids \u00e0 vide<\/td><td class=\"column-2\"><p style=\"text-align: center;\">48 kg<\/p><\/td><td class=\"column-3\"><p style=\"text-align: center;\">60 kg<\/p><\/td><td class=\"column-4\"><p style=\"text-align: center;\">47 kg<\/p><\/td><td class=\"column-5\"><p style=\"text-align: center;\">48 kg<\/p><\/td>\n<\/tr>\n<tr class=\"row-13\">\n\t<td class=\"column-1\">Particularit\u00e9s<\/td><td colspan=\"4\" class=\"column-2\"><p style=\"text-align: center;\">Tonte Mulching et d\u00e9flecteur en option, guidon repliable<\/p><\/td>\n<\/tr>\n<tr class=\"row-14\">\n\t<td class=\"column-1\">Moteur Honda<\/td><td colspan=\"4\" class=\"column-2\"><p style=\"text-align: center;\">GXV 160\/163 cm\u00b3-OHC<\/p><\/td>\n<\/tr>\n<tr class=\"row-15\">\n\t<td class=\"column-1\">Puissance maximal<\/td><td colspan=\"4\" class=\"column-2\"><p style=\"text-align: center;\">4,0 kW\/3600 tr\/mn<\/p><\/td>\n<\/tr>\n<tr class=\"row-16\">\n\t<td class=\"column-1\">Niveau sonore LWA*<\/td><td colspan=\"4\" class=\"column-2\"><p style=\"text-align: center;\">100 dB(A)<\/p><\/td>\n<\/tr>\n<tr class=\"row-17\">\n\t<td class=\"column-1\">D\u00e9marrage<\/td><td colspan=\"4\" class=\"column-2\"><p style=\"text-align: center;\">D\u00e9marrage facile par lanceur<\/p><\/td>\n<\/tr>\n<tr class=\"row-18\">\n\t<td class=\"column-1\">Ramassage<\/td><td colspan=\"4\" class=\"column-2\"><p style=\"text-align: center;\">Bac toile anti-poussi\u00e8re - Indicateur visuel de remplissage<\/p><\/td>\n<\/tr>\n<\/tbody>\n<\/table>\n\n<hr>\n<p>Les avantages en r\u00e9sum\u00e9 :<\/p>\n<p>&#8211; Moteur Honda 4-temps consommant peu et \u00e0 \u00e9missions de gaz d&rsquo;\u00e9chappement r\u00e9duites<br \/>\n&#8211; D\u00e9marrage facile, d\u00e9compresseur automatique.<br \/>\n&#8211; Guidon ergonomique et commandes regroup\u00e9es au guidon.<br \/>\n&#8211; Vitesse d&rsquo;avancement r\u00e9glable avec pr\u00e9cision gr\u00e2ce \u00e0 la transmission hydrostatique.<br \/>\n&#8211; Syst\u00e8me Rotostop : embrayage de lame pour plus de confort et de s\u00e9curit\u00e9.<br \/>\n&#8211; Carter de coupe renforc\u00e9, robuste et durable en aluminium inject\u00e9.<\/p>\n","protected":false},"excerpt":{"rendered":"<p>Vous appr\u00e9cierez les commandes regroup\u00e9es au guidon qui tombent ais\u00e9ment sous la main et les \u00e9quipements de s\u00e9curit\u00e9 et de confort disponibles parmi les diff\u00e9rentes versions. Trois qualit\u00e9s majeures : le robuste ch\u00e2ssis en aluminium inject\u00e9, ou carter X\u00e9noy les moteurs Honda 4-temps GXV\/GCV et un r\u00e9sultat de coupe exemplaire.\u2026<\/p>\n<p> <a class=\"continue-reading-link\" href=\"https:\/\/www.sarlbml.fr\/sarlbml\/catalogue\/catalogue-honda\/tondeuses-thermiques-et-electriques-honda\/hrdh-536\/\"><span>Lire la suite<\/span><i class=\"crycon-right-dir\"><\/i><\/a> <\/p>\n","protected":false},"author":1,"featured_media":0,"parent":203,"menu_order":0,"comment_status":"closed","ping_status":"open","template":"","meta":{"footnotes":""},"class_list":["post-776","page","type-page","status-publish","hentry"],"_links":{"self":[{"href":"https:\/\/www.sarlbml.fr\/sarlbml\/wp-json\/wp\/v2\/pages\/776","targetHints":{"allow":["GET"]}}],"collection":[{"href":"https:\/\/www.sarlbml.fr\/sarlbml\/wp-json\/wp\/v2\/pages"}],"about":[{"href":"https:\/\/www.sarlbml.fr\/sarlbml\/wp-json\/wp\/v2\/types\/page"}],"author":[{"embeddable":true,"href":"https:\/\/www.sarlbml.fr\/sarlbml\/wp-json\/wp\/v2\/users\/1"}],"replies":[{"embeddable":true,"href":"https:\/\/www.sarlbml.fr\/sarlbml\/wp-json\/wp\/v2\/comments?post=776"}],"version-history":[{"count":2,"href":"https:\/\/www.sarlbml.fr\/sarlbml\/wp-json\/wp\/v2\/pages\/776\/revisions"}],"predecessor-version":[{"id":1676,"href":"https:\/\/www.sarlbml.fr\/sarlbml\/wp-json\/wp\/v2\/pages\/776\/revisions\/1676"}],"up":[{"embeddable":true,"href":"https:\/\/www.sarlbml.fr\/sarlbml\/wp-json\/wp\/v2\/pages\/203"}],"wp:attachment":[{"href":"https:\/\/www.sarlbml.fr\/sarlbml\/wp-json\/wp\/v2\/media?parent=776"}],"curies":[{"name":"wp","href":"https:\/\/api.w.org\/{rel}","templated":true}]}}