{"id":762,"date":"2015-05-28T17:38:45","date_gmt":"2015-05-28T16:38:45","guid":{"rendered":"http:\/\/sarlbmlfzd.cluster011.ovh.net\/sarlbml\/?page_id=762"},"modified":"2019-02-12T18:46:59","modified_gmt":"2019-02-12T17:46:59","slug":"hrx-426","status":"publish","type":"page","link":"https:\/\/www.sarlbml.fr\/sarlbml\/catalogue\/catalogue-honda\/tondeuses-thermiques-et-electriques-honda\/hrx-426\/","title":{"rendered":"HRX 426"},"content":{"rendered":"<p><img loading=\"lazy\" decoding=\"async\" class=\"alignleft wp-image-209\" src=\"https:\/\/www.sarlbml.fr\/sarlbml\/wp-content\/uploads\/2015\/05\/hrx476chxe.jpg\" alt=\"hrx476chxe\" width=\"200\" height=\"219\" srcset=\"https:\/\/www.sarlbml.fr\/sarlbml\/wp-content\/uploads\/2015\/05\/hrx476chxe.jpg 464w, https:\/\/www.sarlbml.fr\/sarlbml\/wp-content\/uploads\/2015\/05\/hrx476chxe-273x300.jpg 273w, https:\/\/www.sarlbml.fr\/sarlbml\/wp-content\/uploads\/2015\/05\/hrx476chxe-137x150.jpg 137w\" sizes=\"auto, (max-width: 200px) 100vw, 200px\" \/><strong>Toutes les tondeuses thermiques Honda sont anim\u00e9es par des moteurs Honda de technologie 4-temps, sobres et peu polluants. Les tondeuses de 42 cm sont les plus vendues de leur cat\u00e9gorie et ce n&rsquo;est pas un hasard. Elles sont appr\u00e9ci\u00e9es pour leur confort et leur efficacit\u00e9. De plus, les carters Polystrong\u00ae sont tr\u00e8s r\u00e9sistants et offrent une long\u00e9vit\u00e9 exceptionnelle.<\/strong><\/p>\n<p>Le d\u00e9marrage est facile, d&rsquo;une simple traction sur le lanceur, avec le d\u00e9compresseur automatique, le moteur Honda d\u00e9marre toujours tr\u00e8s facilement.<\/p>\n<p>Poign\u00e9e ergonomique rev\u00eatue de mat\u00e9riau antid\u00e9rapant \u00ab\u00a0soft skin\u00a0\u00bb.<\/p>\n<p><img loading=\"lazy\" decoding=\"async\" class=\"alignright size-full wp-image-751\" src=\"https:\/\/www.sarlbml.fr\/sarlbml\/wp-content\/uploads\/2015\/05\/demoh05p16_1.jpg\" alt=\"demoh05p16_1\" width=\"155\" height=\"100\" srcset=\"https:\/\/www.sarlbml.fr\/sarlbml\/wp-content\/uploads\/2015\/05\/demoh05p16_1.jpg 155w, https:\/\/www.sarlbml.fr\/sarlbml\/wp-content\/uploads\/2015\/05\/demoh05p16_1-150x97.jpg 150w\" sizes=\"auto, (max-width: 155px) 100vw, 155px\" \/>Le panneau de commandes centralis\u00e9 est \u00e0 port\u00e9e de main et facilement identifiables gr\u00e2ce au code couleur.<\/p>\n<p>Levier d&#8217;embrayage de lame jaune, souple et confortable et levier d&rsquo;avancement orange.<\/p>\n<p>Le sac de ramassage est \u00e9quip\u00e9 d&rsquo;un filtre anti-poussi\u00e8re. Ce filtre r\u00e9duit consid\u00e9rablement la concentration de particules sortant du sac de ramassage et retient les substances irritantes. Le sac de ramassage est en textile durable avec un indicateur visuel de remplissage. Le soulever, le vider et le remplacer est un jeu d&rsquo;enfant.<\/p>\n<p>Le kit mulching est facile \u00e0 installer : un obturateur et une lame (en option).<\/p>\n<p>Lame brevet\u00e9 sp\u00e9cialement con\u00e7ue pour r\u00e9duire le niveau sonore.<\/p>\n<p>R\u00e9glage centralis\u00e9 de la hauteur de coupe.<\/p>\n<p>Les roues de grand diam\u00e8tre sont robustes et confortable en terrain in\u00e9gale. Les roulements \u00e0 bille \u00e0 l&rsquo;avant et \u00e0 l&rsquo;arri\u00e8re permettent des man\u0153uvres simplifi\u00e9es.<\/p>\n<p>La manette de blocage rapide (exclusivit\u00e9 Honda) permet de plier tr\u00e8s facilement le guidon.<\/p>\n<p><img loading=\"lazy\" decoding=\"async\" class=\"alignleft size-full wp-image-752\" src=\"https:\/\/www.sarlbml.fr\/sarlbml\/wp-content\/uploads\/2015\/05\/demoh05p16_2.jpg\" alt=\"demoh05p16_2\" width=\"266\" height=\"200\" srcset=\"https:\/\/www.sarlbml.fr\/sarlbml\/wp-content\/uploads\/2015\/05\/demoh05p16_2.jpg 266w, https:\/\/www.sarlbml.fr\/sarlbml\/wp-content\/uploads\/2015\/05\/demoh05p16_2-200x150.jpg 200w, https:\/\/www.sarlbml.fr\/sarlbml\/wp-content\/uploads\/2015\/05\/demoh05p16_2-150x113.jpg 150w\" sizes=\"auto, (max-width: 266px) 100vw, 266px\" \/>Encombrement r\u00e9duit pour le transport et le rangement : Le guidon repliable facilite le transport et l&rsquo;encombrement pour le rangement.<\/p>\n<p>Le puissant moteur Honda offre un couple important, tout en gardant un r\u00e9gime moteur mod\u00e9r\u00e9. Vous obtenez une finition impeccable sans bourrage d&rsquo;herbe m\u00eame dans les parties les plus denses. Enfin, c&rsquo;est un gage de faible consommation, faible niveau sonore et faible usure m\u00e9canique.<\/p>\n<hr>\n\n<table id=\"tablepress-31\" class=\"tablepress tablepress-id-31 tablepress-responsive tbody-has-connected-cells\">\n<tbody class=\"row-striping\">\n<tr class=\"row-1\">\n\t<td class=\"column-1\"><strong>Mod\u00e8le<\/strong><\/td><td class=\"column-2\"><p style=\"text-align: center;\"><strong>HRX 426 PDE<\/strong><\/p><\/td><td class=\"column-3\"><p style=\"text-align: center;\"><strong>HRX 426 SDE<\/strong><\/p><\/td><td class=\"column-4\"><p style=\"text-align: center;\"><strong>HRX 426 SXE<\/strong><\/p><\/td>\n<\/tr>\n<tr class=\"row-2\">\n\t<td class=\"column-1\">Moteur<\/td><td colspan=\"3\" class=\"column-2\"><p style=\"text-align: center;\">GCV 160<\/p><\/td>\n<\/tr>\n<tr class=\"row-3\">\n\t<td class=\"column-1\">Type<\/td><td colspan=\"3\" class=\"column-2\"><p style=\"text-align: center;\">4 temps, OHC<\/p><\/td>\n<\/tr>\n<tr class=\"row-4\">\n\t<td class=\"column-1\">Cylindr\u00e9e<\/td><td colspan=\"3\" class=\"column-2\"><p style=\"text-align: center;\">160 cc<\/p><\/td>\n<\/tr>\n<tr class=\"row-5\">\n\t<td class=\"column-1\">Puissance<\/td><td colspan=\"3\" class=\"column-2\"><p style=\"text-align: center;\">4,1 kw \u00e0 3600 tr\/mn<\/p><\/td>\n<\/tr>\n<tr class=\"row-6\">\n\t<td class=\"column-1\">D\u00e9marrage<\/td><td colspan=\"3\" class=\"column-2\"><p style=\"text-align: center;\">Lanceur au guidon<\/p><\/td>\n<\/tr>\n<tr class=\"row-7\">\n\t<td class=\"column-1\">Traction<\/td><td class=\"column-2\"><p style=\"text-align: center;\">Pouss\u00e9e<\/p><\/td><td colspan=\"2\" class=\"column-3\"><p style=\"text-align: center;\">Tract\u00e9e<\/p><\/td>\n<\/tr>\n<tr class=\"row-8\">\n\t<td class=\"column-1\">Transmission<\/td><td class=\"column-2\"><p style=\"text-align: center;\">-<\/p><\/td><td colspan=\"2\" class=\"column-3\"><p style=\"text-align: center;\">1 vitesse<\/p><\/td>\n<\/tr>\n<tr class=\"row-9\">\n\t<td class=\"column-1\">S\u00e9curit\u00e9<\/td><td colspan=\"2\" class=\"column-2\"><p style=\"text-align: center;\">Frein de lame<\/p><\/td><td class=\"column-4\"><p style=\"text-align: center;\">Rotostop\u00ae<\/p><\/td>\n<\/tr>\n<tr class=\"row-10\">\n\t<td class=\"column-1\">Largeur de coupe<\/td><td colspan=\"3\" class=\"column-2\"><p style=\"text-align: center;\">42 cm<\/p><\/td>\n<\/tr>\n<tr class=\"row-11\">\n\t<td class=\"column-1\">Mat\u00e9riau du carter<\/td><td colspan=\"3\" class=\"column-2\"><p style=\"text-align: center;\">Honda Polystrong\u00ae garanti 5 ans<\/p><\/td>\n<\/tr>\n<tr class=\"row-12\">\n\t<td class=\"column-1\">R\u00e9glage de la hauteur de coupe<\/td><td colspan=\"3\" class=\"column-2\"><p style=\"text-align: center;\">Centralis\u00e9<\/p><\/td>\n<\/tr>\n<tr class=\"row-13\">\n\t<td class=\"column-1\">Capacit\u00e9 du bac de ramassage<\/td><td colspan=\"3\" class=\"column-2\"><p style=\"text-align: center;\">60 litres<\/p><\/td>\n<\/tr>\n<tr class=\"row-14\">\n\t<td class=\"column-1\">Mat\u00e9riau du bac de ramassage<\/td><td colspan=\"3\" class=\"column-2\"><p style=\"text-align: center;\">Toile avec filtre anti-poussi\u00e8re<\/p><\/td>\n<\/tr>\n<tr class=\"row-15\">\n\t<td class=\"column-1\">Poids \u00e0 vide<\/td><td class=\"column-2\"><p style=\"text-align: center;\">27 kg<\/p><\/td><td class=\"column-3\"><p style=\"text-align: center;\">29 kg<\/p><\/td><td class=\"column-4\"><p style=\"text-align: center;\">30 kg<\/p><\/td>\n<\/tr>\n<tr class=\"row-16\">\n\t<td class=\"column-1\">Niveau sonore LWA*<\/td><td colspan=\"3\" class=\"column-2\"><p style=\"text-align: center;\">94 dB(A)<\/p><\/td>\n<\/tr>\n<\/tbody>\n<\/table>\n<!-- #tablepress-31 from cache -->\n<hr>\n<p><strong>Les avantages en r\u00e9sum\u00e9 :<\/strong><\/p>\n<p>&#8211; Moteur Honda 4-temps GCV de technologie OHC, \u00ab\u00a0arbre \u00e0 cames en t\u00eate\u00a0\u00bb.<br \/>\n&#8211; \u00ab\u00a0Easy Start\u00a0\u00bb d\u00e9compresseur automatique = d\u00e9marrage facile.<br \/>\n&#8211; Guidon ergonomique.<br \/>\n&#8211; Carter polystrong\u00ae garanti 5 ans, insensible \u00e0 la corrosion et r\u00e9sistant aux chocs.<br \/>\n&#8211; Largeur de coupe de 42 cm.<\/p>\n","protected":false},"excerpt":{"rendered":"<p>Toutes les tondeuses thermiques Honda sont anim\u00e9es par des moteurs Honda de technologie 4-temps, sobres et peu polluants. Les tondeuses de 42 cm sont les plus vendues de leur cat\u00e9gorie et ce n&rsquo;est pas un hasard. Elles sont appr\u00e9ci\u00e9es pour leur confort et leur efficacit\u00e9. De plus, les carters Polystrong\u00ae\u2026<\/p>\n<p> <a class=\"continue-reading-link\" href=\"https:\/\/www.sarlbml.fr\/sarlbml\/catalogue\/catalogue-honda\/tondeuses-thermiques-et-electriques-honda\/hrx-426\/\"><span>Lire la suite<\/span><i class=\"crycon-right-dir\"><\/i><\/a> <\/p>\n","protected":false},"author":1,"featured_media":0,"parent":203,"menu_order":0,"comment_status":"closed","ping_status":"open","template":"","meta":{"footnotes":""},"class_list":["post-762","page","type-page","status-publish","hentry"],"_links":{"self":[{"href":"https:\/\/www.sarlbml.fr\/sarlbml\/wp-json\/wp\/v2\/pages\/762","targetHints":{"allow":["GET"]}}],"collection":[{"href":"https:\/\/www.sarlbml.fr\/sarlbml\/wp-json\/wp\/v2\/pages"}],"about":[{"href":"https:\/\/www.sarlbml.fr\/sarlbml\/wp-json\/wp\/v2\/types\/page"}],"author":[{"embeddable":true,"href":"https:\/\/www.sarlbml.fr\/sarlbml\/wp-json\/wp\/v2\/users\/1"}],"replies":[{"embeddable":true,"href":"https:\/\/www.sarlbml.fr\/sarlbml\/wp-json\/wp\/v2\/comments?post=762"}],"version-history":[{"count":2,"href":"https:\/\/www.sarlbml.fr\/sarlbml\/wp-json\/wp\/v2\/pages\/762\/revisions"}],"predecessor-version":[{"id":1680,"href":"https:\/\/www.sarlbml.fr\/sarlbml\/wp-json\/wp\/v2\/pages\/762\/revisions\/1680"}],"up":[{"embeddable":true,"href":"https:\/\/www.sarlbml.fr\/sarlbml\/wp-json\/wp\/v2\/pages\/203"}],"wp:attachment":[{"href":"https:\/\/www.sarlbml.fr\/sarlbml\/wp-json\/wp\/v2\/media?parent=762"}],"curies":[{"name":"wp","href":"https:\/\/api.w.org\/{rel}","templated":true}]}}