{"id":721,"date":"2015-05-28T16:34:50","date_gmt":"2015-05-28T15:34:50","guid":{"rendered":"http:\/\/sarlbmlfzd.cluster011.ovh.net\/sarlbml\/?page_id=721"},"modified":"2019-02-12T18:50:45","modified_gmt":"2019-02-12T17:50:45","slug":"hre-410-pe","status":"publish","type":"page","link":"https:\/\/www.sarlbml.fr\/sarlbml\/catalogue\/catalogue-honda\/tondeuses-thermiques-et-electriques-honda\/hre-410-pe\/","title":{"rendered":"HRE 410 PE"},"content":{"rendered":"<p><img loading=\"lazy\" decoding=\"async\" class=\"alignleft wp-image-206\" src=\"https:\/\/www.sarlbml.fr\/sarlbml\/wp-content\/uploads\/2015\/05\/hre410pe_2013.png\" alt=\"hre410pe_2013\" width=\"200\" height=\"200\" srcset=\"https:\/\/www.sarlbml.fr\/sarlbml\/wp-content\/uploads\/2015\/05\/hre410pe_2013.png 500w, https:\/\/www.sarlbml.fr\/sarlbml\/wp-content\/uploads\/2015\/05\/hre410pe_2013-300x300.png 300w, https:\/\/www.sarlbml.fr\/sarlbml\/wp-content\/uploads\/2015\/05\/hre410pe_2013-100x100.png 100w, https:\/\/www.sarlbml.fr\/sarlbml\/wp-content\/uploads\/2015\/05\/hre410pe_2013-150x150.png 150w\" sizes=\"auto, (max-width: 200px) 100vw, 200px\" \/>Fid\u00e8le \u00e0 sa politique de protection de l&rsquo;environnement, Honda a mis au point des tondeuses \u00e9quip\u00e9es de moteurs \u00e9lectriques. Ces tondeuses sont dot\u00e9es de carter synth\u00e9tique (ABS), offrant une tr\u00e8s grande r\u00e9sistance aux chocs et une longue dur\u00e9e de vie. Tr\u00e8s l\u00e9g\u00e8res et compactes, ces tondeuses Honda constituent une solution raisonnable et \u00e9conomique pour la tonte des petites surfaces.<\/p>\n<p>Le guide c\u00e2ble \u00e9lectrique \u00e9vite tout incident f\u00e2cheux de couper le c\u00e2ble d&rsquo;alimentation en tondant.<\/p>\n<p>Le guidon repliable permet de r\u00e9duire consid\u00e9rablement l&rsquo;encombrement pour le transport ou le rangement.<\/p>\n<p><img loading=\"lazy\" decoding=\"async\" class=\"alignright size-full wp-image-714\" src=\"https:\/\/www.sarlbml.fr\/sarlbml\/wp-content\/uploads\/2015\/05\/demoh05p12.jpg\" alt=\"demoh05p12\" width=\"100\" height=\"113\">Dot\u00e9e d&rsquo;une poign\u00e9e de commande et de s\u00e9curit\u00e9, d\u00e8s que vous la l\u00e2chez, la lame et le moteur s&rsquo;arr\u00eatent instantan\u00e9ment.<\/p>\n<p>La double commande de d\u00e9marrage \u00e9vite toute mise en marche accidentelle de la tondeuse.<\/p>\n<p><img loading=\"lazy\" decoding=\"async\" class=\"alignleft wp-image-715\" src=\"https:\/\/www.sarlbml.fr\/sarlbml\/wp-content\/uploads\/2015\/05\/demohp9.jpg\" alt=\"demohp9\" width=\"150\" height=\"150\" srcset=\"https:\/\/www.sarlbml.fr\/sarlbml\/wp-content\/uploads\/2015\/05\/demohp9.jpg 200w, https:\/\/www.sarlbml.fr\/sarlbml\/wp-content\/uploads\/2015\/05\/demohp9-100x100.jpg 100w, https:\/\/www.sarlbml.fr\/sarlbml\/wp-content\/uploads\/2015\/05\/demohp9-150x150.jpg 150w\" sizes=\"auto, (max-width: 150px) 100vw, 150px\" \/>Sac de ramassage pratique, d&rsquo;une contenance de 65 litres. Le soulever devient un jeu d&rsquo;enfant.<\/p>\n<p>Le r\u00e9glage de la hauteur de coupe est rapide, facile et pr\u00e9cis gr\u00e2ce aux 5 positions ind\u00e9pendantes.<\/p>\n<p>Le carter synth\u00e9tique (ABS) permet une bonne isolation, il est insensible \u00e0 la corrosion, r\u00e9sistants aux chocs et recyclable.<\/p>\n<hr>\n\n<table id=\"tablepress-23\" class=\"tablepress tablepress-id-23 tablepress-responsive\">\n<tbody class=\"row-striping\">\n<tr class=\"row-1\">\n\t<td class=\"column-1\">Largeur de coupe<\/td><td class=\"column-2\"><p style=\"text-align: center;\">41 cm<\/p><\/td>\n<\/tr>\n<tr class=\"row-2\">\n\t<td class=\"column-1\">Traction<\/td><td class=\"column-2\"><p style=\"text-align: center;\">Pouss\u00e9e<\/p><\/td>\n<\/tr>\n<tr class=\"row-3\">\n\t<td class=\"column-1\">Transmission<\/td><td class=\"column-2\"><p style=\"text-align: center;\">-<\/p><\/td>\n<\/tr>\n<tr class=\"row-4\">\n\t<td class=\"column-1\">S\u00e9curit\u00e9<\/td><td class=\"column-2\"><p style=\"text-align: center;\">Frein moteur<\/p><\/td>\n<\/tr>\n<tr class=\"row-5\">\n\t<td class=\"column-1\">Composition du carter<\/td><td class=\"column-2\"><p style=\"text-align: center;\">Synth\u00e9tique ABS<\/p><\/td>\n<\/tr>\n<tr class=\"row-6\">\n\t<td class=\"column-1\">R\u00e9glage de coupe<\/td><td class=\"column-2\"><p style=\"text-align: center;\">5 positions de 20 \u00e0 70 mm<\/p><\/td>\n<\/tr>\n<tr class=\"row-7\">\n\t<td class=\"column-1\">Contenance du sac<\/td><td class=\"column-2\"><p style=\"text-align: center;\">65 litres<\/p><\/td>\n<\/tr>\n<tr class=\"row-8\">\n\t<td class=\"column-1\">Diam\u00e8tre des roues avant<\/td><td class=\"column-2\"><p style=\"text-align: center;\">170 mm<\/p><\/td>\n<\/tr>\n<tr class=\"row-9\">\n\t<td class=\"column-1\">Diam\u00e8tre des roues arri\u00e8re<\/td><td class=\"column-2\"><p style=\"text-align: center;\">210 mm<\/p><\/td>\n<\/tr>\n<tr class=\"row-10\">\n\t<td class=\"column-1\">Poids \u00e0 vide<\/td><td class=\"column-2\"><p style=\"text-align: center;\">24 kg<\/p><\/td>\n<\/tr>\n<tr class=\"row-11\">\n\t<td class=\"column-1\">Particularit\u00e9s<\/td><td class=\"column-2\"><p style=\"text-align: center;\">-<\/p><\/td>\n<\/tr>\n<tr class=\"row-12\">\n\t<td class=\"column-1\">Moteur Honda<\/td><td class=\"column-2\"><p style=\"text-align: center;\">Electrique<\/p><\/td>\n<\/tr>\n<tr class=\"row-13\">\n\t<td class=\"column-1\">Puissance maximal<\/td><td class=\"column-2\"><p style=\"text-align: center;\">1600 watts<\/p><\/td>\n<\/tr>\n<tr class=\"row-14\">\n\t<td class=\"column-1\">Niveau sonore LWA*<\/td><td class=\"column-2\"><p style=\"text-align: center;\">95 dB(A)<\/p><\/td>\n<\/tr>\n<tr class=\"row-15\">\n\t<td class=\"column-1\">D\u00e9marrage<\/td><td class=\"column-2\"><p style=\"text-align: center;\">D\u00e9marrage facile par bouton<\/p><\/td>\n<\/tr>\n<tr class=\"row-16\">\n\t<td class=\"column-1\">Ramassage<\/td><td class=\"column-2\"><p style=\"text-align: center;\">Toile<\/p><\/td>\n<\/tr>\n<\/tbody>\n<\/table>\n<!-- #tablepress-23 from cache -->\n<hr>\n<p><strong>Les avantages en r\u00e9sum\u00e9 :<\/strong><\/p>\n<p>&#8211; Puissance de 1500 watts<br \/>\n&#8211; Extr\u00eamement silencieuse, 95dB(A)<br \/>\n&#8211; Facile \u00e0 man\u0153uvrer<br \/>\n&#8211; Entretien r\u00e9duit<br \/>\n&#8211; L\u00e9g\u00e8re, compacte, facile \u00e0 ranger<br \/>\n&#8211; Largeur de coupe de 41cm<br \/>\n&#8211; Respectueuse de l&rsquo;environnement<\/p>\n","protected":false},"excerpt":{"rendered":"<p>Fid\u00e8le \u00e0 sa politique de protection de l&rsquo;environnement, Honda a mis au point des tondeuses \u00e9quip\u00e9es de moteurs \u00e9lectriques. Ces tondeuses sont dot\u00e9es de carter synth\u00e9tique (ABS), offrant une tr\u00e8s grande r\u00e9sistance aux chocs et une longue dur\u00e9e de vie. Tr\u00e8s l\u00e9g\u00e8res et compactes, ces tondeuses Honda constituent une solution\u2026<\/p>\n<p> <a class=\"continue-reading-link\" href=\"https:\/\/www.sarlbml.fr\/sarlbml\/catalogue\/catalogue-honda\/tondeuses-thermiques-et-electriques-honda\/hre-410-pe\/\"><span>Lire la suite<\/span><i class=\"crycon-right-dir\"><\/i><\/a> <\/p>\n","protected":false},"author":1,"featured_media":0,"parent":203,"menu_order":0,"comment_status":"closed","ping_status":"open","template":"","meta":{"footnotes":""},"class_list":["post-721","page","type-page","status-publish","hentry"],"_links":{"self":[{"href":"https:\/\/www.sarlbml.fr\/sarlbml\/wp-json\/wp\/v2\/pages\/721","targetHints":{"allow":["GET"]}}],"collection":[{"href":"https:\/\/www.sarlbml.fr\/sarlbml\/wp-json\/wp\/v2\/pages"}],"about":[{"href":"https:\/\/www.sarlbml.fr\/sarlbml\/wp-json\/wp\/v2\/types\/page"}],"author":[{"embeddable":true,"href":"https:\/\/www.sarlbml.fr\/sarlbml\/wp-json\/wp\/v2\/users\/1"}],"replies":[{"embeddable":true,"href":"https:\/\/www.sarlbml.fr\/sarlbml\/wp-json\/wp\/v2\/comments?post=721"}],"version-history":[{"count":2,"href":"https:\/\/www.sarlbml.fr\/sarlbml\/wp-json\/wp\/v2\/pages\/721\/revisions"}],"predecessor-version":[{"id":1684,"href":"https:\/\/www.sarlbml.fr\/sarlbml\/wp-json\/wp\/v2\/pages\/721\/revisions\/1684"}],"up":[{"embeddable":true,"href":"https:\/\/www.sarlbml.fr\/sarlbml\/wp-json\/wp\/v2\/pages\/203"}],"wp:attachment":[{"href":"https:\/\/www.sarlbml.fr\/sarlbml\/wp-json\/wp\/v2\/media?parent=721"}],"curies":[{"name":"wp","href":"https:\/\/api.w.org\/{rel}","templated":true}]}}