{"id":68,"date":"2015-05-26T16:38:20","date_gmt":"2015-05-26T15:38:20","guid":{"rendered":"http:\/\/sarlbmlfzd.cluster011.ovh.net\/sarlbml\/?page_id=68"},"modified":"2019-02-12T16:56:27","modified_gmt":"2019-02-12T15:56:27","slug":"la-transmission-hydrostatique","status":"publish","type":"page","link":"https:\/\/www.sarlbml.fr\/sarlbml\/guides\/choisir-une-autoportee-honda\/la-transmission-hydrostatique\/","title":{"rendered":"La transmission hydrostatique"},"content":{"rendered":"<p>La transmission hydrostatique est \u00e0 l&rsquo;autoport\u00e9e ce que la bo\u00eete automatique est \u00e0 l&rsquo;automobile. D\u00e8s que le moteur est en marche, par une simple pression sur la p\u00e9dale de marche avant, vous d\u00e9marrez et r\u00e9glez votre vitesse d&rsquo;avancement de mani\u00e8re simple et intuitive, sans aucun \u00e0-coups. Vous modulez votre vitesse selon les difficult\u00e9s du terrain(massifs, arbres), simplement au pied. La p\u00e9dale de marche arri\u00e8re est bien distincte pour \u00e9viter toute fause manoeuvre. Un confort incomparable dont vous ne pourrez plus vous passer.<\/p>\n<p style=\"text-align: center;\"><img loading=\"lazy\" decoding=\"async\" class=\"alignnone size-full wp-image-71\" src=\"https:\/\/www.sarlbml.fr\/sarlbml\/wp-content\/uploads\/2015\/05\/demoh05p30_8.jpg\" alt=\"demoh05p30_8\" width=\"200\" height=\"219\" srcset=\"https:\/\/www.sarlbml.fr\/sarlbml\/wp-content\/uploads\/2015\/05\/demoh05p30_8.jpg 200w, https:\/\/www.sarlbml.fr\/sarlbml\/wp-content\/uploads\/2015\/05\/demoh05p30_8-137x150.jpg 137w\" sizes=\"auto, (max-width: 200px) 100vw, 200px\" \/>&nbsp; <img loading=\"lazy\" decoding=\"async\" class=\"alignnone  wp-image-69\" src=\"https:\/\/www.sarlbml.fr\/sarlbml\/wp-content\/uploads\/2015\/05\/demoh05p30_1.jpg\" alt=\"demoh05p30_1\" width=\"217\" height=\"217\" srcset=\"https:\/\/www.sarlbml.fr\/sarlbml\/wp-content\/uploads\/2015\/05\/demoh05p30_1.jpg 200w, https:\/\/www.sarlbml.fr\/sarlbml\/wp-content\/uploads\/2015\/05\/demoh05p30_1-100x100.jpg 100w, https:\/\/www.sarlbml.fr\/sarlbml\/wp-content\/uploads\/2015\/05\/demoh05p30_1-150x150.jpg 150w\" sizes=\"auto, (max-width: 217px) 100vw, 217px\" \/>&nbsp; <img loading=\"lazy\" decoding=\"async\" class=\"alignnone  wp-image-70\" src=\"https:\/\/www.sarlbml.fr\/sarlbml\/wp-content\/uploads\/2015\/05\/demoh05p30_2.jpg\" alt=\"demoh05p30_2\" width=\"217\" height=\"217\" srcset=\"https:\/\/www.sarlbml.fr\/sarlbml\/wp-content\/uploads\/2015\/05\/demoh05p30_2.jpg 200w, https:\/\/www.sarlbml.fr\/sarlbml\/wp-content\/uploads\/2015\/05\/demoh05p30_2-100x100.jpg 100w, https:\/\/www.sarlbml.fr\/sarlbml\/wp-content\/uploads\/2015\/05\/demoh05p30_2-150x150.jpg 150w\" sizes=\"auto, (max-width: 217px) 100vw, 217px\" \/><\/p>\n","protected":false},"excerpt":{"rendered":"<p>La transmission hydrostatique est \u00e0 l&rsquo;autoport\u00e9e ce que la bo\u00eete automatique est \u00e0 l&rsquo;automobile. D\u00e8s que le moteur est en marche, par une simple pression sur la p\u00e9dale de marche avant, vous d\u00e9marrez et r\u00e9glez votre vitesse d&rsquo;avancement de mani\u00e8re simple et intuitive, sans aucun \u00e0-coups. Vous modulez votre vitesse\u2026<\/p>\n<p> <a class=\"continue-reading-link\" href=\"https:\/\/www.sarlbml.fr\/sarlbml\/guides\/choisir-une-autoportee-honda\/la-transmission-hydrostatique\/\"><span>Lire la suite<\/span><i class=\"crycon-right-dir\"><\/i><\/a> <\/p>\n","protected":false},"author":1,"featured_media":0,"parent":546,"menu_order":3,"comment_status":"closed","ping_status":"open","template":"","meta":{"footnotes":""},"class_list":["post-68","page","type-page","status-publish","hentry"],"_links":{"self":[{"href":"https:\/\/www.sarlbml.fr\/sarlbml\/wp-json\/wp\/v2\/pages\/68","targetHints":{"allow":["GET"]}}],"collection":[{"href":"https:\/\/www.sarlbml.fr\/sarlbml\/wp-json\/wp\/v2\/pages"}],"about":[{"href":"https:\/\/www.sarlbml.fr\/sarlbml\/wp-json\/wp\/v2\/types\/page"}],"author":[{"embeddable":true,"href":"https:\/\/www.sarlbml.fr\/sarlbml\/wp-json\/wp\/v2\/users\/1"}],"replies":[{"embeddable":true,"href":"https:\/\/www.sarlbml.fr\/sarlbml\/wp-json\/wp\/v2\/comments?post=68"}],"version-history":[{"count":3,"href":"https:\/\/www.sarlbml.fr\/sarlbml\/wp-json\/wp\/v2\/pages\/68\/revisions"}],"predecessor-version":[{"id":1611,"href":"https:\/\/www.sarlbml.fr\/sarlbml\/wp-json\/wp\/v2\/pages\/68\/revisions\/1611"}],"up":[{"embeddable":true,"href":"https:\/\/www.sarlbml.fr\/sarlbml\/wp-json\/wp\/v2\/pages\/546"}],"wp:attachment":[{"href":"https:\/\/www.sarlbml.fr\/sarlbml\/wp-json\/wp\/v2\/media?parent=68"}],"curies":[{"name":"wp","href":"https:\/\/api.w.org\/{rel}","templated":true}]}}