{"id":65,"date":"2015-05-26T16:36:34","date_gmt":"2015-05-26T15:36:34","guid":{"rendered":"http:\/\/sarlbmlfzd.cluster011.ovh.net\/sarlbml\/?page_id=65"},"modified":"2019-02-12T16:55:49","modified_gmt":"2019-02-12T15:55:49","slug":"le-traitement-anticorrosion-du-carter-de-coupe","status":"publish","type":"page","link":"https:\/\/www.sarlbml.fr\/sarlbml\/guides\/choisir-une-autoportee-honda\/le-traitement-anticorrosion-du-carter-de-coupe\/","title":{"rendered":"Le traitement anticorrosion du carter de coupe"},"content":{"rendered":"<p><img loading=\"lazy\" decoding=\"async\" class=\" size-full wp-image-66 alignleft\" src=\"https:\/\/www.sarlbml.fr\/sarlbml\/wp-content\/uploads\/2015\/05\/demoh05p29_2.jpg\" alt=\"demoh05p29_2\" width=\"305\" height=\"200\" srcset=\"https:\/\/www.sarlbml.fr\/sarlbml\/wp-content\/uploads\/2015\/05\/demoh05p29_2.jpg 305w, https:\/\/www.sarlbml.fr\/sarlbml\/wp-content\/uploads\/2015\/05\/demoh05p29_2-300x197.jpg 300w, https:\/\/www.sarlbml.fr\/sarlbml\/wp-content\/uploads\/2015\/05\/demoh05p29_2-229x150.jpg 229w, https:\/\/www.sarlbml.fr\/sarlbml\/wp-content\/uploads\/2015\/05\/demoh05p29_2-150x98.jpg 150w\" sizes=\"auto, (max-width: 305px) 100vw, 305px\" \/>Le carter de coupe est particuli\u00e8rement expos\u00e9 \u00e0 l&rsquo;humidit\u00e9. C&rsquo;est pourquoi, Honda prot\u00e8ge tous les carters de sa gamme Autoport\u00e9es par un traitement anticorrosion.<\/p>\n<p>Le carter est trait\u00e9 anticorrosion par cataphor\u00e8se, puis rev\u00eatu d&rsquo;une peinture Epoxy. La technique de la cataphor\u00e8se est utilis\u00e9e sp\u00e9cifiquement pour traiter des surfaces complexes, car elle permet d&rsquo;en atteindre tous les recoins. L&rsquo;int\u00e9rieur du carter est ainsi parfaitement prot\u00e9g\u00e9 sur 100% de sa surface, \u00e9vitant tout point de rouille.<br \/>\nApr\u00e8s ce traitement, le carter offre une surface parfaitement homog\u00e8ne, lisse et facile \u00e0 nettoyer.<\/p>\n","protected":false},"excerpt":{"rendered":"<p>Le carter de coupe est particuli\u00e8rement expos\u00e9 \u00e0 l&rsquo;humidit\u00e9. C&rsquo;est pourquoi, Honda prot\u00e8ge tous les carters de sa gamme Autoport\u00e9es par un traitement anticorrosion. Le carter est trait\u00e9 anticorrosion par cataphor\u00e8se, puis rev\u00eatu d&rsquo;une peinture Epoxy. La technique de la cataphor\u00e8se est utilis\u00e9e sp\u00e9cifiquement pour traiter des surfaces complexes, car\u2026<\/p>\n<p> <a class=\"continue-reading-link\" href=\"https:\/\/www.sarlbml.fr\/sarlbml\/guides\/choisir-une-autoportee-honda\/le-traitement-anticorrosion-du-carter-de-coupe\/\"><span>Lire la suite<\/span><i class=\"crycon-right-dir\"><\/i><\/a> <\/p>\n","protected":false},"author":1,"featured_media":0,"parent":546,"menu_order":2,"comment_status":"closed","ping_status":"open","template":"","meta":{"footnotes":""},"class_list":["post-65","page","type-page","status-publish","hentry"],"_links":{"self":[{"href":"https:\/\/www.sarlbml.fr\/sarlbml\/wp-json\/wp\/v2\/pages\/65","targetHints":{"allow":["GET"]}}],"collection":[{"href":"https:\/\/www.sarlbml.fr\/sarlbml\/wp-json\/wp\/v2\/pages"}],"about":[{"href":"https:\/\/www.sarlbml.fr\/sarlbml\/wp-json\/wp\/v2\/types\/page"}],"author":[{"embeddable":true,"href":"https:\/\/www.sarlbml.fr\/sarlbml\/wp-json\/wp\/v2\/users\/1"}],"replies":[{"embeddable":true,"href":"https:\/\/www.sarlbml.fr\/sarlbml\/wp-json\/wp\/v2\/comments?post=65"}],"version-history":[{"count":3,"href":"https:\/\/www.sarlbml.fr\/sarlbml\/wp-json\/wp\/v2\/pages\/65\/revisions"}],"predecessor-version":[{"id":1610,"href":"https:\/\/www.sarlbml.fr\/sarlbml\/wp-json\/wp\/v2\/pages\/65\/revisions\/1610"}],"up":[{"embeddable":true,"href":"https:\/\/www.sarlbml.fr\/sarlbml\/wp-json\/wp\/v2\/pages\/546"}],"wp:attachment":[{"href":"https:\/\/www.sarlbml.fr\/sarlbml\/wp-json\/wp\/v2\/media?parent=65"}],"curies":[{"name":"wp","href":"https:\/\/api.w.org\/{rel}","templated":true}]}}