{"id":62,"date":"2015-05-26T16:34:35","date_gmt":"2015-05-26T15:34:35","guid":{"rendered":"http:\/\/sarlbmlfzd.cluster011.ovh.net\/sarlbml\/?page_id=62"},"modified":"2019-02-12T16:55:34","modified_gmt":"2019-02-12T15:55:34","slug":"le-moteur-honda-bicylindre","status":"publish","type":"page","link":"https:\/\/www.sarlbml.fr\/sarlbml\/guides\/choisir-une-autoportee-honda\/le-moteur-honda-bicylindre\/","title":{"rendered":"Le moteur Honda bicylindre"},"content":{"rendered":"<p>Honda, premier producteur mondial de produits motoris\u00e9s, se devait de doter sa gamme d&rsquo;autoport\u00e9es de moteurs bicylindre en V.<br \/>\nLa technologie bicylindre permet de r\u00e9duire consid\u00e9rablement les vibrations et le bruit du moteur tout en augmentant le couple.<br \/>\nDe plus, elle permet de consommer moins d&rsquo;essence et donc de moins polluer.<\/p>\n<p><img loading=\"lazy\" decoding=\"async\" class=\" size-full wp-image-61 aligncenter\" src=\"https:\/\/www.sarlbml.fr\/sarlbml\/wp-content\/uploads\/2015\/05\/demoh05p29_1.jpg\" alt=\"demoh05p29_1\" width=\"414\" height=\"200\" srcset=\"https:\/\/www.sarlbml.fr\/sarlbml\/wp-content\/uploads\/2015\/05\/demoh05p29_1.jpg 414w, https:\/\/www.sarlbml.fr\/sarlbml\/wp-content\/uploads\/2015\/05\/demoh05p29_1-300x145.jpg 300w, https:\/\/www.sarlbml.fr\/sarlbml\/wp-content\/uploads\/2015\/05\/demoh05p29_1-250x121.jpg 250w, https:\/\/www.sarlbml.fr\/sarlbml\/wp-content\/uploads\/2015\/05\/demoh05p29_1-150x72.jpg 150w\" sizes=\"auto, (max-width: 414px) 100vw, 414px\" \/><\/p>\n","protected":false},"excerpt":{"rendered":"<p>Honda, premier producteur mondial de produits motoris\u00e9s, se devait de doter sa gamme d&rsquo;autoport\u00e9es de moteurs bicylindre en V. La technologie bicylindre permet de r\u00e9duire consid\u00e9rablement les vibrations et le bruit du moteur tout en augmentant le couple. De plus, elle permet de consommer moins d&rsquo;essence et donc de moins\u2026<\/p>\n<p> <a class=\"continue-reading-link\" href=\"https:\/\/www.sarlbml.fr\/sarlbml\/guides\/choisir-une-autoportee-honda\/le-moteur-honda-bicylindre\/\"><span>Lire la suite<\/span><i class=\"crycon-right-dir\"><\/i><\/a> <\/p>\n","protected":false},"author":1,"featured_media":0,"parent":546,"menu_order":1,"comment_status":"closed","ping_status":"open","template":"","meta":{"footnotes":""},"class_list":["post-62","page","type-page","status-publish","hentry"],"_links":{"self":[{"href":"https:\/\/www.sarlbml.fr\/sarlbml\/wp-json\/wp\/v2\/pages\/62","targetHints":{"allow":["GET"]}}],"collection":[{"href":"https:\/\/www.sarlbml.fr\/sarlbml\/wp-json\/wp\/v2\/pages"}],"about":[{"href":"https:\/\/www.sarlbml.fr\/sarlbml\/wp-json\/wp\/v2\/types\/page"}],"author":[{"embeddable":true,"href":"https:\/\/www.sarlbml.fr\/sarlbml\/wp-json\/wp\/v2\/users\/1"}],"replies":[{"embeddable":true,"href":"https:\/\/www.sarlbml.fr\/sarlbml\/wp-json\/wp\/v2\/comments?post=62"}],"version-history":[{"count":4,"href":"https:\/\/www.sarlbml.fr\/sarlbml\/wp-json\/wp\/v2\/pages\/62\/revisions"}],"predecessor-version":[{"id":1609,"href":"https:\/\/www.sarlbml.fr\/sarlbml\/wp-json\/wp\/v2\/pages\/62\/revisions\/1609"}],"up":[{"embeddable":true,"href":"https:\/\/www.sarlbml.fr\/sarlbml\/wp-json\/wp\/v2\/pages\/546"}],"wp:attachment":[{"href":"https:\/\/www.sarlbml.fr\/sarlbml\/wp-json\/wp\/v2\/media?parent=62"}],"curies":[{"name":"wp","href":"https:\/\/api.w.org\/{rel}","templated":true}]}}