{"id":590,"date":"2015-05-27T23:18:43","date_gmt":"2015-05-27T22:18:43","guid":{"rendered":"http:\/\/sarlbmlfzd.cluster011.ovh.net\/sarlbml\/?page_id=590"},"modified":"2019-02-12T16:01:20","modified_gmt":"2019-02-12T15:01:20","slug":"tm3160-2","status":"publish","type":"page","link":"https:\/\/www.sarlbml.fr\/sarlbml\/grands-espaces\/tm3160-2\/","title":{"rendered":"Iseki TM 3185"},"content":{"rendered":"<p><img loading=\"lazy\" decoding=\"async\" class=\"alignleft size-full wp-image-591\" src=\"https:\/\/www.sarlbml.fr\/sarlbml\/wp-content\/uploads\/2015\/05\/tm3160plateau.jpg\" alt=\"tm3160plateau\" width=\"200\" height=\"220\" srcset=\"https:\/\/www.sarlbml.fr\/sarlbml\/wp-content\/uploads\/2015\/05\/tm3160plateau.jpg 200w, https:\/\/www.sarlbml.fr\/sarlbml\/wp-content\/uploads\/2015\/05\/tm3160plateau-136x150.jpg 136w\" sizes=\"auto, (max-width: 200px) 100vw, 200px\" \/><strong>Petit, mais costaud<\/strong><\/p>\n<p>Le tracteur ISEKI TM3185 offre une version unique (4 roues motrices, transmission et direction m\u00e9caniques) \u00e9labor\u00e9e afin d\u2019obtenir le meilleur rapport qualit\u00e9\/prix.<\/p>\n<p>Compact et fiable avec une transmission particuli\u00e8rement \u00e9tudi\u00e9e et \u00e9tag\u00e9e pour obtenir un excellent travail en terre, il est aussi tr\u00e8s \u00e0 l\u2019aise sur les espaces engazonn\u00e9s.<\/p>\n<p>Il poss\u00e8de un \u00e9quipement complet : relevage 3 points, prise de force arri\u00e8re (prise de force ventrale en option), toutes les s\u00e9curit\u00e9s de d\u00e9marrage, arceau repliable, etc &#8230;<\/p>\n<p>B\u00e9n\u00e9ficiant d\u2019une monte de pneus sp\u00e9ciale et d\u2019un encombrement r\u00e9duit, le TM3185 se faufilera sur tous les types de terrain.&nbsp; Son espace de conduite ergonomique et g\u00e9n\u00e9reux vous permettra de travailler confortablement et son nouveau capot design permet un acc\u00e8s total au moteur pour un entretien facile.<\/p>\n<p><img loading=\"lazy\" decoding=\"async\" class=\"alignright size-full wp-image-592\" src=\"https:\/\/www.sarlbml.fr\/sarlbml\/wp-content\/uploads\/2015\/05\/tm3160fre.jpg\" alt=\"tm3160fre\" width=\"200\" height=\"233\" srcset=\"https:\/\/www.sarlbml.fr\/sarlbml\/wp-content\/uploads\/2015\/05\/tm3160fre.jpg 200w, https:\/\/www.sarlbml.fr\/sarlbml\/wp-content\/uploads\/2015\/05\/tm3160fre-129x150.jpg 129w\" sizes=\"auto, (max-width: 200px) 100vw, 200px\" \/>Les points forts :<\/p>\n<p>Confort : excellente ergonomie du poste de conduite.<\/p>\n<p>S\u00e9curit\u00e9 : freins \u00e0 disques, s\u00e9curit\u00e9 de d\u00e9marrage.<\/p>\n<p>Polyvalence : on peut lui monter toutes sortes d\u2019\u00e9quipements.<\/p>\n<p>Robustesse : pignons de bo\u00eete de vitesses et r\u00e9ducteurs de roues surdimensionn\u00e9s.<\/p>\n<p>Nouveaut\u00e9 : tableau de bord r\u00e9tro\u00e9clair\u00e9.<\/p>\n\n<table id=\"tablepress-16\" class=\"tablepress tablepress-id-16 tablepress-responsive\">\n<tbody>\n<tr class=\"row-1\">\n\t<td class=\"column-1\"><img loading=\"lazy\" decoding=\"async\" src=\"https:\/\/www.sarlbml.fr\/sarlbml\/wp-content\/uploads\/2015\/05\/tm3160_1.jpg\" alt=\"\" width=\"100\" height=\"100\" class=\"aligncenter size-full wp-image-593\" srcset=\"https:\/\/www.sarlbml.fr\/sarlbml\/wp-content\/uploads\/2015\/05\/tm3160_1.jpg 300w, https:\/\/www.sarlbml.fr\/sarlbml\/wp-content\/uploads\/2015\/05\/tm3160_1-100x100.jpg 100w, https:\/\/www.sarlbml.fr\/sarlbml\/wp-content\/uploads\/2015\/05\/tm3160_1-150x150.jpg 150w\" sizes=\"auto, (max-width: 100px) 100vw, 100px\" \/><\/td><td class=\"column-2\">Relevage trois points arri\u00e8re<\/td><td class=\"column-3\"><img loading=\"lazy\" decoding=\"async\" src=\"https:\/\/www.sarlbml.fr\/sarlbml\/wp-content\/uploads\/2015\/05\/tm3160_5.jpg\" alt=\"\" width=\"100\" height=\"100\" class=\"aligncenter size-full wp-image-593\" \/><\/td><td class=\"column-4\">Commandes accessibles<\/td>\n<\/tr>\n<tr class=\"row-2\">\n\t<td class=\"column-1\"><img loading=\"lazy\" decoding=\"async\" src=\"https:\/\/www.sarlbml.fr\/sarlbml\/wp-content\/uploads\/2015\/05\/tm3160_2.jpg\" alt=\"\" width=\"100\" height=\"100\" class=\"aligncenter size-full wp-image-593\" \/><\/td><td class=\"column-2\">Essieu avant fonte<\/td><td class=\"column-3\"><img loading=\"lazy\" decoding=\"async\" src=\"https:\/\/www.sarlbml.fr\/sarlbml\/wp-content\/uploads\/2015\/05\/tm3160_6.jpg\" alt=\"\" width=\"100\" height=\"100\" class=\"aligncenter size-full wp-image-593\" \/><\/td><td class=\"column-4\">P\u00e9dale d'acc\u00e9l\u00e9rateur au pied<\/td>\n<\/tr>\n<tr class=\"row-3\">\n\t<td class=\"column-1\"><img loading=\"lazy\" decoding=\"async\" src=\"https:\/\/www.sarlbml.fr\/sarlbml\/wp-content\/uploads\/2015\/05\/tm3160_3.jpg\" alt=\"\" width=\"100\" height=\"100\" class=\"aligncenter size-full wp-image-593\" \/><\/td><td class=\"column-2\">Chape d'attelage avant<\/td><td class=\"column-3\"><img loading=\"lazy\" decoding=\"async\" src=\"https:\/\/www.sarlbml.fr\/sarlbml\/wp-content\/uploads\/2015\/05\/tm3160_7.jpg\" alt=\"\" width=\"100\" height=\"100\" class=\"aligncenter size-full wp-image-593\" \/><\/td><td class=\"column-4\">Acc\u00e9l\u00e9rateur manuel<\/td>\n<\/tr>\n<tr class=\"row-4\">\n\t<td class=\"column-1\"><img loading=\"lazy\" decoding=\"async\" src=\"https:\/\/www.sarlbml.fr\/sarlbml\/wp-content\/uploads\/2015\/05\/tm3160_4.jpg\" alt=\"\" width=\"100\" height=\"100\" class=\"aligncenter size-full wp-image-593\" \/><\/td><td class=\"column-2\">Chape d'attelage arri\u00e8re<\/td><td class=\"column-3\"><\/td><td class=\"column-4\"><\/td>\n<\/tr>\n<\/tbody>\n<\/table>\n<!-- #tablepress-16 from cache -->\n","protected":false},"excerpt":{"rendered":"<p>Petit, mais costaud Le tracteur ISEKI TM3185 offre une version unique (4 roues motrices, transmission et direction m\u00e9caniques) \u00e9labor\u00e9e afin d\u2019obtenir le meilleur rapport qualit\u00e9\/prix. Compact et fiable avec une transmission particuli\u00e8rement \u00e9tudi\u00e9e et \u00e9tag\u00e9e pour obtenir un excellent travail en terre, il est aussi tr\u00e8s \u00e0 l\u2019aise sur les\u2026<\/p>\n<p> <a class=\"continue-reading-link\" href=\"https:\/\/www.sarlbml.fr\/sarlbml\/grands-espaces\/tm3160-2\/\"><span>Lire la suite<\/span><i class=\"crycon-right-dir\"><\/i><\/a> <\/p>\n","protected":false},"author":1,"featured_media":0,"parent":458,"menu_order":0,"comment_status":"closed","ping_status":"open","template":"","meta":{"footnotes":""},"class_list":["post-590","page","type-page","status-publish","hentry"],"_links":{"self":[{"href":"https:\/\/www.sarlbml.fr\/sarlbml\/wp-json\/wp\/v2\/pages\/590","targetHints":{"allow":["GET"]}}],"collection":[{"href":"https:\/\/www.sarlbml.fr\/sarlbml\/wp-json\/wp\/v2\/pages"}],"about":[{"href":"https:\/\/www.sarlbml.fr\/sarlbml\/wp-json\/wp\/v2\/types\/page"}],"author":[{"embeddable":true,"href":"https:\/\/www.sarlbml.fr\/sarlbml\/wp-json\/wp\/v2\/users\/1"}],"replies":[{"embeddable":true,"href":"https:\/\/www.sarlbml.fr\/sarlbml\/wp-json\/wp\/v2\/comments?post=590"}],"version-history":[{"count":8,"href":"https:\/\/www.sarlbml.fr\/sarlbml\/wp-json\/wp\/v2\/pages\/590\/revisions"}],"predecessor-version":[{"id":1560,"href":"https:\/\/www.sarlbml.fr\/sarlbml\/wp-json\/wp\/v2\/pages\/590\/revisions\/1560"}],"up":[{"embeddable":true,"href":"https:\/\/www.sarlbml.fr\/sarlbml\/wp-json\/wp\/v2\/pages\/458"}],"wp:attachment":[{"href":"https:\/\/www.sarlbml.fr\/sarlbml\/wp-json\/wp\/v2\/media?parent=590"}],"curies":[{"name":"wp","href":"https:\/\/api.w.org\/{rel}","templated":true}]}}