{"id":588,"date":"2015-05-27T23:11:37","date_gmt":"2015-05-27T22:11:37","guid":{"rendered":"http:\/\/sarlbmlfzd.cluster011.ovh.net\/sarlbml\/?page_id=588"},"modified":"2019-02-12T16:00:41","modified_gmt":"2019-02-12T15:00:41","slug":"sfh-220","status":"publish","type":"page","link":"https:\/\/www.sarlbml.fr\/sarlbml\/grands-espaces\/sfh-220\/","title":{"rendered":"Iseki SFH 220"},"content":{"rendered":"<p><img loading=\"lazy\" decoding=\"async\" class=\"alignleft size-full wp-image-462\" src=\"https:\/\/www.sarlbml.fr\/sarlbml\/wp-content\/uploads\/2015\/05\/sfh220.jpg\" alt=\"sfh220\" width=\"200\" height=\"151\" srcset=\"https:\/\/www.sarlbml.fr\/sarlbml\/wp-content\/uploads\/2015\/05\/sfh220.jpg 200w, https:\/\/www.sarlbml.fr\/sarlbml\/wp-content\/uploads\/2015\/05\/sfh220-199x150.jpg 199w, https:\/\/www.sarlbml.fr\/sarlbml\/wp-content\/uploads\/2015\/05\/sfh220-150x113.jpg 150w\" sizes=\"auto, (max-width: 200px) 100vw, 200px\" \/><strong>COMPACTES, SILENCIEUSES et PUISSANTES, les nouvelles tondeuses frontales SFH sortent du lot.<\/strong><\/p>\n<p><strong>Tr\u00e8s maniables, rien ne semble pouvoir les battre.<\/strong><\/p>\n<p><strong>Cette nouvelle g\u00e9n\u00e9ration de tondeuse frontale \u00e0 \u00e9jection arri\u00e8re (SFH240) est n\u00e9e pour vous apporter tout le confort et toute la performance que vous attendez.<\/strong><\/p>\n<p>Les points forts :<br \/>\n&#8211; Moteur ISEKI de 24 CV (1123 cm3)<br \/>\n&#8211; Syst\u00e8me de gestion combin\u00e9e du r\u00e9gime moteur et de l&rsquo;avancement<br \/>\n&#8211; Vitesse d&rsquo;avancement jusqu&rsquo;\u00e0 15 km\/h<br \/>\n&#8211; Direction assist\u00e9e<br \/>\n&#8211; Maniabilit\u00e9 au top<br \/>\n&#8211; Tableau de bord complet d&rsquo;une grande lisibilit\u00e9<br \/>\n&#8211; Plateau de coupe d&rsquo;une excellente qualit\u00e9 de finition permettant une grande vitesse de travail<br \/>\n&#8211; Meilleure visibilit\u00e9 \u00e0 l&rsquo;avant, gr\u00e2ce \u00e0 la colonne de direction \u00e9troite<br \/>\n&#8211; Moins de vibrations et moins de bruit gr\u00e2ce au r\u00e9gime moteur abaiss\u00e9<br \/>\n&#8211; Distributeurs hydrauliques int\u00e9gr\u00e9s<br \/>\n&#8211; Sortie de plateau de coupe fortement dimensionn\u00e9e ( SFH240)<br \/>\n&#8211; Turbine 4 p\u00e2les int\u00e9gr\u00e9e (SFH240)<br \/>\n&#8211; Plateau de coupe \u00e0 transmission par arbre et bo\u00eetier de renvoi d&rsquo;angle (SFH240)<br \/>\n&#8211; S\u00e9curit\u00e9s actives : arr\u00eat du plateau de coupe d\u00e8s qu&rsquo;il est relev\u00e9, arr\u00eat du moteur d\u00e8s que le bac est lev\u00e9 turbine en marche (SFH240)<br \/>\n&#8211; 4 roues motrices avec syst\u00e8me automatique ou permanent (SFH240)<\/p>\n\n<table id=\"tablepress-15\" class=\"tablepress tablepress-id-15 tablepress-responsive tbody-has-connected-cells\">\n<tbody class=\"row-striping\">\n<tr class=\"row-1\">\n\t<td colspan=\"2\" class=\"column-1\"><strong>Divers<\/strong><\/td>\n<\/tr>\n<tr class=\"row-2\">\n\t<td class=\"column-1\">Dim L x l x h sans bac<\/td><td class=\"column-2\"><p style=\"text-align: center;\">233 x 119.5 x 145 mm<\/p><\/td>\n<\/tr>\n<tr class=\"row-3\">\n\t<td class=\"column-1\">Empattement<\/td><td class=\"column-2\"><p style=\"text-align: center;\">125 cm<\/p><\/td>\n<\/tr>\n<tr class=\"row-4\">\n\t<td class=\"column-1\">Pneus avant<\/td><td class=\"column-2\"><p style=\"text-align: center;\">20 x10.00 - 8<\/p><\/td>\n<\/tr>\n<tr class=\"row-5\">\n\t<td class=\"column-1\">Pneus arri\u00e8re<\/td><td class=\"column-2\"><p style=\"text-align: center;\">210 \/ 60D - 8<\/p><\/td>\n<\/tr>\n<tr class=\"row-6\">\n\t<td class=\"column-1\">Poids machine seule<\/td><td class=\"column-2\"><p style=\"text-align: center;\">645 kg<\/p><\/td>\n<\/tr>\n<tr class=\"row-7\">\n\t<td colspan=\"2\" class=\"column-1\"><strong>Moteur<\/strong><\/td>\n<\/tr>\n<tr class=\"row-8\">\n\t<td class=\"column-1\">Marque<\/td><td class=\"column-2\"><p style=\"text-align: center;\">Iseki E3112<\/p><\/td>\n<\/tr>\n<tr class=\"row-9\">\n\t<td class=\"column-1\">Type<\/td><td class=\"column-2\"><p style=\"text-align: center;\">diesel<\/p><\/td>\n<\/tr>\n<tr class=\"row-10\">\n\t<td class=\"column-1\">Cylindr\u00e9e<\/td><td class=\"column-2\"><p style=\"text-align: center;\">1123 cc<\/p><\/td>\n<\/tr>\n<tr class=\"row-11\">\n\t<td class=\"column-1\">Nombre de cylindres<\/td><td class=\"column-2\"><p style=\"text-align: center;\">3<\/p><\/td>\n<\/tr>\n<tr class=\"row-12\">\n\t<td class=\"column-1\">Puissance<\/td><td class=\"column-2\"><p style=\"text-align: center;\">24 CV<\/p><\/td>\n<\/tr>\n<tr class=\"row-13\">\n\t<td class=\"column-1\">Capacit\u00e9 r\u00e9servoir<\/td><td class=\"column-2\"><p style=\"text-align: center;\">30 litres<\/p><\/td>\n<\/tr>\n<tr class=\"row-14\">\n\t<td colspan=\"2\" class=\"column-1\"><strong>Transmission<\/strong><\/td>\n<\/tr>\n<tr class=\"row-15\">\n\t<td class=\"column-1\">Vitesse AV\/AR<\/td><td class=\"column-2\"><p style=\"text-align: center;\">0 \u00e0 15 \/ 0 \u00e0 10 km\/h<\/p><\/td>\n<\/tr>\n<\/tbody>\n<\/table>\n<!-- #tablepress-15 from cache -->\n","protected":false},"excerpt":{"rendered":"<p>COMPACTES, SILENCIEUSES et PUISSANTES, les nouvelles tondeuses frontales SFH sortent du lot. Tr\u00e8s maniables, rien ne semble pouvoir les battre. Cette nouvelle g\u00e9n\u00e9ration de tondeuse frontale \u00e0 \u00e9jection arri\u00e8re (SFH240) est n\u00e9e pour vous apporter tout le confort et toute la performance que vous attendez. Les points forts : &#8211;\u2026<\/p>\n<p> <a class=\"continue-reading-link\" href=\"https:\/\/www.sarlbml.fr\/sarlbml\/grands-espaces\/sfh-220\/\"><span>Lire la suite<\/span><i class=\"crycon-right-dir\"><\/i><\/a> <\/p>\n","protected":false},"author":1,"featured_media":0,"parent":458,"menu_order":0,"comment_status":"closed","ping_status":"open","template":"","meta":{"footnotes":""},"class_list":["post-588","page","type-page","status-publish","hentry"],"_links":{"self":[{"href":"https:\/\/www.sarlbml.fr\/sarlbml\/wp-json\/wp\/v2\/pages\/588","targetHints":{"allow":["GET"]}}],"collection":[{"href":"https:\/\/www.sarlbml.fr\/sarlbml\/wp-json\/wp\/v2\/pages"}],"about":[{"href":"https:\/\/www.sarlbml.fr\/sarlbml\/wp-json\/wp\/v2\/types\/page"}],"author":[{"embeddable":true,"href":"https:\/\/www.sarlbml.fr\/sarlbml\/wp-json\/wp\/v2\/users\/1"}],"replies":[{"embeddable":true,"href":"https:\/\/www.sarlbml.fr\/sarlbml\/wp-json\/wp\/v2\/comments?post=588"}],"version-history":[{"count":4,"href":"https:\/\/www.sarlbml.fr\/sarlbml\/wp-json\/wp\/v2\/pages\/588\/revisions"}],"predecessor-version":[{"id":1559,"href":"https:\/\/www.sarlbml.fr\/sarlbml\/wp-json\/wp\/v2\/pages\/588\/revisions\/1559"}],"up":[{"embeddable":true,"href":"https:\/\/www.sarlbml.fr\/sarlbml\/wp-json\/wp\/v2\/pages\/458"}],"wp:attachment":[{"href":"https:\/\/www.sarlbml.fr\/sarlbml\/wp-json\/wp\/v2\/media?parent=588"}],"curies":[{"name":"wp","href":"https:\/\/api.w.org\/{rel}","templated":true}]}}