{"id":570,"date":"2015-05-27T22:39:20","date_gmt":"2015-05-27T21:39:20","guid":{"rendered":"http:\/\/sarlbmlfzd.cluster011.ovh.net\/sarlbml\/?page_id=570"},"modified":"2019-02-12T15:48:15","modified_gmt":"2019-02-12T14:48:15","slug":"iseki-sxg","status":"publish","type":"page","link":"https:\/\/www.sarlbml.fr\/sarlbml\/grands-espaces\/iseki-sxg\/","title":{"rendered":"Iseki SXG"},"content":{"rendered":"<p><img loading=\"lazy\" decoding=\"async\" class=\"alignleft size-full wp-image-463\" src=\"https:\/\/www.sarlbml.fr\/sarlbml\/wp-content\/uploads\/2015\/05\/sxg19.jpg\" alt=\"sxg19\" width=\"200\" height=\"133\" srcset=\"https:\/\/www.sarlbml.fr\/sarlbml\/wp-content\/uploads\/2015\/05\/sxg19.jpg 200w, https:\/\/www.sarlbml.fr\/sarlbml\/wp-content\/uploads\/2015\/05\/sxg19-150x100.jpg 150w\" sizes=\"auto, (max-width: 200px) 100vw, 200px\" \/><strong>Une confortable avance<\/strong><\/p>\n<p><strong>Efficacit\u00e9, fiabilit\u00e9, aisance sont les principes directeurs d\u2019ISEKI depuis de nombreuses ann\u00e9es. Ils ont pr\u00e9sid\u00e9 \u00e0 la conception des tondeuses SXG, autoport\u00e9es compl\u00e8tes, compactes et autonomes.<\/strong><\/p>\n<p>La SXG 323 est propos\u00e9e soit avec un bac bennage au sol (LD), soit avec un bac bennage en hauteur (HD), et avec un plateau de coupe \u00e0 \u00e9jection arri\u00e8re de 1,22 m de largeur .<\/p>\n<p>Avec une largeur hors tout de seulement 1,30 m, elle pourra \u00e9voluer sur des surfaces tr\u00e8s vari\u00e9es.<\/p>\n<p>Avec son bac de 550 litres(bennage sol),620 litres(bennage hauteur)&nbsp;et un r\u00e9servoir carburant de&nbsp;21 litres, elle a une autonomie importante qui r\u00e9duit les arr\u00eats; tout a \u00e9t\u00e9 \u00e9tudi\u00e9 pour une tonte en toute aisance et un rendement maximum.<\/p>\n<p>Les vitesses de mont\u00e9e, de descente et de vidange du bac ont \u00e9t\u00e9 optimis\u00e9es afin de gagner du temps et d\u2019augmenter le rendement, tout en garantissant s\u00e9curit\u00e9 et confort.<\/p>\n<p>Les deux mod\u00e8les SXG sont destin\u00e9s \u00e0 tous ceux qui d\u00e9sirent un travail bien fait et rapide.<\/p>\n<p>Les points forts :<\/p>\n<p>Ramassage :<br \/>\nTunnel d\u2019\u00e9jection de large section limitant au maximum les pertes de charges et favorisant le remplissage du bac.<\/p>\n<p>Performance dans les pentes :<br \/>\nL&rsquo;utilisation de transmissions finales \u00e0 cha\u00eene donne un centre de gravit\u00e9 tr\u00e8s bas, une r\u00e9partition des masses id\u00e9ale sur chaque essieu et a permis d\u2019\u00e9quiper la s\u00e9rie SXG d\u2019un blocage de diff\u00e9rentiel.<\/p>\n\n<table id=\"tablepress-13\" class=\"tablepress tablepress-id-13 tablepress-responsive\">\n<tbody>\n<tr class=\"row-1\">\n\t<td class=\"column-1\"><img loading=\"lazy\" decoding=\"async\" src=\"https:\/\/www.sarlbml.fr\/sarlbml\/wp-content\/uploads\/2015\/05\/sxg19_1.jpg\" alt=\"\" width=\"100\" height=\"100\" class=\"alignleft size-full wp-image-572\" srcset=\"https:\/\/www.sarlbml.fr\/sarlbml\/wp-content\/uploads\/2015\/05\/sxg19_1.jpg 300w, https:\/\/www.sarlbml.fr\/sarlbml\/wp-content\/uploads\/2015\/05\/sxg19_1-100x100.jpg 100w, https:\/\/www.sarlbml.fr\/sarlbml\/wp-content\/uploads\/2015\/05\/sxg19_1-150x150.jpg 150w\" sizes=\"auto, (max-width: 100px) 100vw, 100px\" \/><\/td><td class=\"column-2\">Tableau de bord<\/td><td class=\"column-3\"><img loading=\"lazy\" decoding=\"async\" src=\"https:\/\/www.sarlbml.fr\/sarlbml\/wp-content\/uploads\/2015\/05\/sxg19_8.jpg\" alt=\"\" width=\"100\" height=\"100\" class=\"alignleft size-full wp-image-572\" \/><\/td><td class=\"column-4\">R\u00e9glage microm\u00e9trique<\/td>\n<\/tr>\n<tr class=\"row-2\">\n\t<td class=\"column-1\"><img loading=\"lazy\" decoding=\"async\" src=\"https:\/\/www.sarlbml.fr\/sarlbml\/wp-content\/uploads\/2015\/05\/sxg19_2.jpg\" alt=\"\" width=\"100\" height=\"100\" class=\"alignleft size-full wp-image-572\" \/><\/td><td class=\"column-2\">Si\u00e8ge grand confort<\/td><td class=\"column-3\"><img loading=\"lazy\" decoding=\"async\" src=\"https:\/\/www.sarlbml.fr\/sarlbml\/wp-content\/uploads\/2015\/05\/sxg19_9.jpg\" alt=\"\" width=\"100\" height=\"100\" class=\"alignleft size-full wp-image-572\" \/><\/td><td class=\"column-4\">Essieu avant fonte<\/td>\n<\/tr>\n<tr class=\"row-3\">\n\t<td class=\"column-1\"><img loading=\"lazy\" decoding=\"async\" src=\"https:\/\/www.sarlbml.fr\/sarlbml\/wp-content\/uploads\/2015\/05\/sxg19_3.jpg\" alt=\"\" width=\"100\" height=\"100\" class=\"alignleft size-full wp-image-572\" \/><\/td><td class=\"column-2\">P\u00e9dales de commande hydrostatiques<\/td><td class=\"column-3\"><img loading=\"lazy\" decoding=\"async\" src=\"https:\/\/www.sarlbml.fr\/sarlbml\/wp-content\/uploads\/2015\/05\/sxg19_10.jpg\" alt=\"\" width=\"100\" height=\"100\" class=\"alignleft size-full wp-image-572\" \/><\/td><td class=\"column-4\">R\u00e9ducteur de roue arri\u00e8re par cha\u00eene, carter r\u00e9ducteur en fonte<\/td>\n<\/tr>\n<tr class=\"row-4\">\n\t<td class=\"column-1\"><img loading=\"lazy\" decoding=\"async\" src=\"https:\/\/www.sarlbml.fr\/sarlbml\/wp-content\/uploads\/2015\/05\/sxg19_4.jpg\" alt=\"\" width=\"100\" height=\"100\" class=\"alignleft size-full wp-image-572\" \/><\/td><td class=\"column-2\">P\u00e9dale de blocage de diff\u00e9rentiel<\/td><td class=\"column-3\"><img loading=\"lazy\" decoding=\"async\" src=\"https:\/\/www.sarlbml.fr\/sarlbml\/wp-content\/uploads\/2015\/05\/sxg19_11.jpg\" alt=\"\" width=\"100\" height=\"100\" class=\"alignleft size-full wp-image-572\" \/><\/td><td class=\"column-4\">Entra\u00eenement plateau de coupe par cardan<\/td>\n<\/tr>\n<tr class=\"row-5\">\n\t<td class=\"column-1\"><img loading=\"lazy\" decoding=\"async\" src=\"https:\/\/www.sarlbml.fr\/sarlbml\/wp-content\/uploads\/2015\/05\/sxg19_5.jpg\" alt=\"\" width=\"100\" height=\"100\" class=\"alignleft size-full wp-image-572\" \/><\/td><td class=\"column-2\">Leviers de commande hydraulique du bac et du plateau de coupe<\/td><td class=\"column-3\"><img loading=\"lazy\" decoding=\"async\" src=\"https:\/\/www.sarlbml.fr\/sarlbml\/wp-content\/uploads\/2015\/05\/sxg19_12.jpg\" alt=\"\" width=\"100\" height=\"100\" class=\"alignleft size-full wp-image-572\" \/><\/td><td class=\"column-4\">Entra\u00eenement des lames par courroie crant\u00e9e double face<\/td>\n<\/tr>\n<tr class=\"row-6\">\n\t<td class=\"column-1\"><img loading=\"lazy\" decoding=\"async\" src=\"https:\/\/www.sarlbml.fr\/sarlbml\/wp-content\/uploads\/2015\/05\/sxg19_6.jpg\" alt=\"\" width=\"100\" height=\"100\" class=\"alignleft size-full wp-image-572\" \/><\/td><td class=\"column-2\">Prise d'eau<\/td><td class=\"column-3\"><img loading=\"lazy\" decoding=\"async\" src=\"https:\/\/www.sarlbml.fr\/sarlbml\/wp-content\/uploads\/2015\/05\/sxg19_13.jpg\" alt=\"\" width=\"100\" height=\"100\" class=\"alignleft size-full wp-image-572\" \/><\/td><td class=\"column-4\">Jauge de carburant<\/td>\n<\/tr>\n<tr class=\"row-7\">\n\t<td class=\"column-1\"><img loading=\"lazy\" decoding=\"async\" src=\"https:\/\/www.sarlbml.fr\/sarlbml\/wp-content\/uploads\/2015\/05\/sxg19_7.jpg\" alt=\"\" width=\"100\" height=\"100\" class=\"alignleft size-full wp-image-572\" \/><\/td><td class=\"column-2\">Tableau de bord<\/td><td class=\"column-3\"><\/td><td class=\"column-4\"><\/td>\n<\/tr>\n<\/tbody>\n<\/table>\n<!-- #tablepress-13 from cache -->\n\n<table id=\"tablepress-14\" class=\"tablepress tablepress-id-14 tablepress-responsive tbody-has-connected-cells\">\n<tbody class=\"row-striping\">\n<tr class=\"row-1\">\n\t<td class=\"column-1\"><\/td><td class=\"column-2\"><div class=\"wp-block-image\"><figure class=\"aligncenter\"><img loading=\"lazy\" decoding=\"async\" src=\"https:\/\/www.sarlbml.fr\/sarlbml\/wp-content\/uploads\/2015\/05\/sxg19.jpg\" alt=\"\" width=\"76\" height=\"50\" class=\"aligncenter size-full wp-image-463\" srcset=\"https:\/\/www.sarlbml.fr\/sarlbml\/wp-content\/uploads\/2015\/05\/sxg19.jpg 200w, https:\/\/www.sarlbml.fr\/sarlbml\/wp-content\/uploads\/2015\/05\/sxg19-150x100.jpg 150w\" sizes=\"auto, (max-width: 76px) 100vw, 76px\" \/><\/figure><\/div><\/td><td class=\"column-3\"><div class=\"wp-block-image\"><figure class=\"aligncenter\"><img loading=\"lazy\" decoding=\"async\" src=\"https:\/\/www.sarlbml.fr\/sarlbml\/wp-content\/uploads\/2015\/05\/sxg22.jpg\" alt=\"\" width=\"75\" height=\"52\" class=\"aligncenter size-full wp-image-585\" \/><\/figure><\/div><\/td>\n<\/tr>\n<tr class=\"row-2\">\n\t<td class=\"column-1\"><\/td><td class=\"column-2\"><p style=\"text-align: center;\"><strong>SXG323<\/strong><\/p><\/td><td class=\"column-3\"><p style=\"text-align: center;\"><strong>SXG326<\/strong><\/p><\/td>\n<\/tr>\n<tr class=\"row-3\">\n\t<td colspan=\"3\" class=\"column-1\"><strong>Coupe<\/strong><\/td>\n<\/tr>\n<tr class=\"row-4\">\n\t<td class=\"column-1\">Largeur de coupe<\/td><td class=\"column-2\"><p style=\"text-align: center;\">122 cm<\/p><\/td><td class=\"column-3\"><p style=\"text-align: center;\">137 cm<\/p><\/td>\n<\/tr>\n<tr class=\"row-5\">\n\t<td class=\"column-1\">Mulching<\/td><td colspan=\"2\" class=\"column-2\"><p style=\"text-align: center;\">option<\/p><\/td>\n<\/tr>\n<tr class=\"row-6\">\n\t<td class=\"column-1\">Mati\u00e8re carter<\/td><td colspan=\"2\" class=\"column-2\"><p style=\"text-align: center;\">acier<\/p><\/td>\n<\/tr>\n<tr class=\"row-7\">\n\t<td class=\"column-1\">Ejection \/ rammassage arri\u00e8re<\/td><td colspan=\"2\" class=\"column-2\"><p style=\"text-align: center;\">oui<\/p><\/td>\n<\/tr>\n<tr class=\"row-8\">\n\t<td class=\"column-1\">Hauteur de coupe<\/td><td colspan=\"2\" class=\"column-2\"><p style=\"text-align: center;\">30 \u00e0 120 mm<\/p><\/td>\n<\/tr>\n<tr class=\"row-9\">\n\t<td class=\"column-1\">Syst\u00e8me de r\u00e9glage<\/td><td colspan=\"2\" class=\"column-2\"><p style=\"text-align: center;\">Microm\u00e9trique<\/p><\/td>\n<\/tr>\n<tr class=\"row-10\">\n\t<td class=\"column-1\">Nombe de positions<\/td><td colspan=\"2\" class=\"column-2\"><p style=\"text-align: center;\">7 sur roues jauges<\/p><\/td>\n<\/tr>\n<tr class=\"row-11\">\n\t<td class=\"column-1\">Ejection lat\u00e9rale<\/td><td colspan=\"2\" class=\"column-2\"><p style=\"text-align: center;\">non<\/p><\/td>\n<\/tr>\n<tr class=\"row-12\">\n\t<td class=\"column-1\">Relevage de la coupe<\/td><td colspan=\"2\" class=\"column-2\"><p style=\"text-align: center;\">Hydraulique<\/p><\/td>\n<\/tr>\n<tr class=\"row-13\">\n\t<td colspan=\"3\" class=\"column-1\"><strong>Ramassage<\/strong><\/td>\n<\/tr>\n<tr class=\"row-14\">\n\t<td class=\"column-1\">Capacit\u00e9 du bac<\/td><td colspan=\"2\" class=\"column-2\"><p style=\"text-align: center;\">550\/620 litres<\/p><\/td>\n<\/tr>\n<tr class=\"row-15\">\n\t<td class=\"column-1\">Bennage au sol<\/td><td colspan=\"2\" class=\"column-2\"><p style=\"text-align: center;\">0.89 cm<\/p><\/td>\n<\/tr>\n<tr class=\"row-16\">\n\t<td class=\"column-1\">Bennage en hauteur<\/td><td colspan=\"2\" class=\"column-2\"><p style=\"text-align: center;\">1.83 \u00e0 1.91 m (suivant ouverture)<\/p><\/td>\n<\/tr>\n<tr class=\"row-17\">\n\t<td colspan=\"3\" class=\"column-1\"><strong>Divers<\/strong><\/td>\n<\/tr>\n<tr class=\"row-18\">\n\t<td class=\"column-1\">Dim L x l x h avec bac<\/td><td class=\"column-2\">3.22 x 1.28 x 1.61 m<\/p><\/td><td class=\"column-3\">3.22 x 1.44 x 1.65 m<\/p><\/td>\n<\/tr>\n<tr class=\"row-19\">\n\t<td class=\"column-1\">Empattement<\/td><td class=\"column-2\"><p style=\"text-align: center;\">1.37 m<\/p><\/td><td class=\"column-3\"><p style=\"text-align: center;\">1.45 m<\/p><\/td>\n<\/tr>\n<tr class=\"row-20\">\n\t<td class=\"column-1\">Voie avant<\/td><td class=\"column-2\"><p style=\"text-align: center;\">0.91 m<\/p><\/td><td class=\"column-3\"><p style=\"text-align: center;\">0.91 m<\/p><\/td>\n<\/tr>\n<tr class=\"row-21\">\n\t<td class=\"column-1\">Voie arri\u00e8re<\/td><td class=\"column-2\"><p style=\"text-align: center;\">0.86 m<\/p><\/td><td class=\"column-3\"><p style=\"text-align: center;\">0.87 m<\/p><\/td>\n<\/tr>\n<tr class=\"row-22\">\n\t<td class=\"column-1\">Pneus avant<\/td><td class=\"column-2\"><p style=\"text-align: center;\">16 x 6.50 - 8<\/p><\/td><td class=\"column-3\"><p style=\"text-align: center;\">210 \/60D - 8<\/p><\/td>\n<\/tr>\n<tr class=\"row-23\">\n\t<td class=\"column-1\">Pneus arri\u00e8re<\/td><td class=\"column-2\"><p style=\"text-align: center;\">23 x 10.50 - 12<\/p><\/td><td class=\"column-3\"><p style=\"text-align: center;\">250 \/ 60D - 14<\/p><\/td>\n<\/tr>\n<tr class=\"row-24\">\n\t<td class=\"column-1\">Poids machine seule<\/td><td class=\"column-2\"><p style=\"text-align: center;\">515 kg<\/p><\/td><td class=\"column-3\"><p style=\"text-align: center;\">530 kg<\/p><\/td>\n<\/tr>\n<tr class=\"row-25\">\n\t<td class=\"column-1\">Poids bac sol + plateau<\/td><td class=\"column-2\"><p style=\"text-align: center;\">685 kg<\/p><\/td><td class=\"column-3\"><p style=\"text-align: center;\">700 kg<\/p><\/td>\n<\/tr>\n<tr class=\"row-26\">\n\t<td class=\"column-1\">Poids bac hauteur + plateau<\/td><td class=\"column-2\"><p style=\"text-align: center;\">805 kg<\/p><\/td><td class=\"column-3\"><p style=\"text-align: center;\">820 kg<\/p><\/td>\n<\/tr>\n<tr class=\"row-27\">\n\t<td class=\"column-1\">Garde au sol avec plateau<\/td><td class=\"column-2\"><p style=\"text-align: center;\">13 cm<\/p><\/td><td class=\"column-3\"><p style=\"text-align: center;\">15 cm<\/p><\/td>\n<\/tr>\n<tr class=\"row-28\">\n\t<td colspan=\"3\" class=\"column-1\"><strong>Moteur<\/strong><\/td>\n<\/tr>\n<tr class=\"row-29\">\n\t<td class=\"column-1\">Marque<\/td><td colspan=\"2\" class=\"column-2\"><p style=\"text-align: center;\">Iseki<\/p><\/td>\n<\/tr>\n<tr class=\"row-30\">\n\t<td class=\"column-1\">Type<\/td><td colspan=\"2\" class=\"column-2\"><p style=\"text-align: center;\">diesel<\/p><\/td>\n<\/tr>\n<tr class=\"row-31\">\n\t<td class=\"column-1\">Injection<\/td><td colspan=\"2\" class=\"column-2\"><p style=\"text-align: center;\">indirecte<\/p><\/td>\n<\/tr>\n<tr class=\"row-32\">\n\t<td class=\"column-1\">Cylindr\u00e9e<\/td><td class=\"column-2\"><p style=\"text-align: center;\">1123cc<\/p><\/td><td class=\"column-3\"><p style=\"text-align: center;\">1123 cc<\/p><\/td>\n<\/tr>\n<tr class=\"row-33\">\n\t<td class=\"column-1\">Nombre de cylindres<\/td><td colspan=\"2\" class=\"column-2\"><p style=\"text-align: center;\">3<\/p><\/td>\n<\/tr>\n<tr class=\"row-34\">\n\t<td class=\"column-1\">Puissance<\/td><td class=\"column-2\"><p style=\"text-align: center;\">21 CV<\/p><\/td><td class=\"column-3\"><p style=\"text-align: center;\">23 CV<\/p><\/td>\n<\/tr>\n<tr class=\"row-35\">\n\t<td class=\"column-1\">Capacit\u00e9 r\u00e9servoir<\/td><td colspan=\"2\" class=\"column-2\"><p style=\"text-align: center;\">21 litres<\/p><\/td>\n<\/tr>\n<tr class=\"row-36\">\n\t<td colspan=\"3\" class=\"column-1\">Transmission<\/td>\n<\/tr>\n<tr class=\"row-37\">\n\t<td class=\"column-1\">Vitesse AV\/AR<\/td><td class=\"column-2\"><p style=\"text-align: center;\">0 \u00e0 15 \/ 0 \u00e0 10 km\/h<\/p><\/td><td class=\"column-3\"><p style=\"text-align: center;\">0 \u00e0 16.5 \/ 0 \u00e0 10 km\/h<\/p><\/td>\n<\/tr>\n<tr class=\"row-38\">\n\t<td class=\"column-1\">Embrayage lame<\/td><td colspan=\"2\" class=\"column-2\"><p style=\"text-align: center;\">2 courroies<\/p><\/td>\n<\/tr>\n<\/tbody>\n<\/table>\n<!-- #tablepress-14 from cache -->\n","protected":false},"excerpt":{"rendered":"<p>Une confortable avance Efficacit\u00e9, fiabilit\u00e9, aisance sont les principes directeurs d\u2019ISEKI depuis de nombreuses ann\u00e9es. Ils ont pr\u00e9sid\u00e9 \u00e0 la conception des tondeuses SXG, autoport\u00e9es compl\u00e8tes, compactes et autonomes. La SXG 323 est propos\u00e9e soit avec un bac bennage au sol (LD), soit avec un bac bennage en hauteur (HD),\u2026<\/p>\n<p> <a class=\"continue-reading-link\" href=\"https:\/\/www.sarlbml.fr\/sarlbml\/grands-espaces\/iseki-sxg\/\"><span>Lire la suite<\/span><i class=\"crycon-right-dir\"><\/i><\/a> <\/p>\n","protected":false},"author":1,"featured_media":0,"parent":458,"menu_order":0,"comment_status":"closed","ping_status":"open","template":"","meta":{"footnotes":""},"class_list":["post-570","page","type-page","status-publish","hentry"],"_links":{"self":[{"href":"https:\/\/www.sarlbml.fr\/sarlbml\/wp-json\/wp\/v2\/pages\/570","targetHints":{"allow":["GET"]}}],"collection":[{"href":"https:\/\/www.sarlbml.fr\/sarlbml\/wp-json\/wp\/v2\/pages"}],"about":[{"href":"https:\/\/www.sarlbml.fr\/sarlbml\/wp-json\/wp\/v2\/types\/page"}],"author":[{"embeddable":true,"href":"https:\/\/www.sarlbml.fr\/sarlbml\/wp-json\/wp\/v2\/users\/1"}],"replies":[{"embeddable":true,"href":"https:\/\/www.sarlbml.fr\/sarlbml\/wp-json\/wp\/v2\/comments?post=570"}],"version-history":[{"count":6,"href":"https:\/\/www.sarlbml.fr\/sarlbml\/wp-json\/wp\/v2\/pages\/570\/revisions"}],"predecessor-version":[{"id":1558,"href":"https:\/\/www.sarlbml.fr\/sarlbml\/wp-json\/wp\/v2\/pages\/570\/revisions\/1558"}],"up":[{"embeddable":true,"href":"https:\/\/www.sarlbml.fr\/sarlbml\/wp-json\/wp\/v2\/pages\/458"}],"wp:attachment":[{"href":"https:\/\/www.sarlbml.fr\/sarlbml\/wp-json\/wp\/v2\/media?parent=570"}],"curies":[{"name":"wp","href":"https:\/\/api.w.org\/{rel}","templated":true}]}}