{"id":567,"date":"2015-05-27T18:15:33","date_gmt":"2015-05-27T17:15:33","guid":{"rendered":"http:\/\/sarlbmlfzd.cluster011.ovh.net\/sarlbml\/?page_id=567"},"modified":"2019-02-12T15:44:22","modified_gmt":"2019-02-12T14:44:22","slug":"location-debroussailleuse","status":"publish","type":"page","link":"https:\/\/www.sarlbml.fr\/sarlbml\/location-de-materiel\/location-debroussailleuse\/","title":{"rendered":"Location d\u00e9broussailleuse"},"content":{"rendered":"<p>Bouchaud Motoculture Loisirs met \u00e0 votre disposition une d\u00e9broussailleuse ECHO.<\/p>\n<p><img loading=\"lazy\" decoding=\"async\" class=\" size-full wp-image-420 alignleft\" src=\"https:\/\/www.sarlbml.fr\/sarlbml\/wp-content\/uploads\/2015\/05\/srm2306l.jpg\" alt=\"srm2306l\" width=\"179\" height=\"95\" srcset=\"https:\/\/www.sarlbml.fr\/sarlbml\/wp-content\/uploads\/2015\/05\/srm2306l.jpg 179w, https:\/\/www.sarlbml.fr\/sarlbml\/wp-content\/uploads\/2015\/05\/srm2306l-150x80.jpg 150w\" sizes=\"auto, (max-width: 179px) 100vw, 179px\" \/>Caract\u00e9ristiques :<br \/>\n\u2022Moteur 2 temps de 21,2 cc<br \/>\n\u20225,8 kg<br \/>\n\u2022D\u00e9broussailleuse port\u00e9e avec anneau<\/p>\n<p>La location se fait :<br \/>\n&#8211; \u00e0 la demi-journ\u00e9e<br \/>\n&#8211; \u00e0 la journ\u00e9e ou plus<\/p>\n<p><img loading=\"lazy\" decoding=\"async\" class=\"alignleft wp-image-9 size-thumbnail\" src=\"https:\/\/www.sarlbml.fr\/sarlbml\/wp-content\/uploads\/2015\/05\/Logo_BML_200-150x150.jpg\" alt=\"Logo_BML_200\" width=\"150\" height=\"150\" srcset=\"https:\/\/www.sarlbml.fr\/sarlbml\/wp-content\/uploads\/2015\/05\/Logo_BML_200-150x150.jpg 150w, https:\/\/www.sarlbml.fr\/sarlbml\/wp-content\/uploads\/2015\/05\/Logo_BML_200-100x100.jpg 100w, https:\/\/www.sarlbml.fr\/sarlbml\/wp-content\/uploads\/2015\/05\/Logo_BML_200.jpg 200w\" sizes=\"auto, (max-width: 150px) 100vw, 150px\" \/>Pour faire une demande de location, contactez-nous :<br \/>\n&#8211; Par t\u00e9l\u00e9phone : 02 40 31 21 45<br \/>\n&#8211; Par e-mail : magasinbml@orange.fr<\/p>\n<p><span style=\"font-size: xx-small;\">photos non-contractuelles<\/span><\/p>\n","protected":false},"excerpt":{"rendered":"<p>Bouchaud Motoculture Loisirs met \u00e0 votre disposition une d\u00e9broussailleuse ECHO. Caract\u00e9ristiques : \u2022Moteur 2 temps de 21,2 cc \u20225,8 kg \u2022D\u00e9broussailleuse port\u00e9e avec anneau La location se fait : &#8211; \u00e0 la demi-journ\u00e9e &#8211; \u00e0 la journ\u00e9e ou plus Pour faire une demande de location, contactez-nous : &#8211; Par t\u00e9l\u00e9phone\u2026<\/p>\n<p> <a class=\"continue-reading-link\" href=\"https:\/\/www.sarlbml.fr\/sarlbml\/location-de-materiel\/location-debroussailleuse\/\"><span>Lire la suite<\/span><i class=\"crycon-right-dir\"><\/i><\/a> <\/p>\n","protected":false},"author":1,"featured_media":0,"parent":469,"menu_order":0,"comment_status":"closed","ping_status":"open","template":"","meta":{"footnotes":""},"class_list":["post-567","page","type-page","status-publish","hentry"],"_links":{"self":[{"href":"https:\/\/www.sarlbml.fr\/sarlbml\/wp-json\/wp\/v2\/pages\/567","targetHints":{"allow":["GET"]}}],"collection":[{"href":"https:\/\/www.sarlbml.fr\/sarlbml\/wp-json\/wp\/v2\/pages"}],"about":[{"href":"https:\/\/www.sarlbml.fr\/sarlbml\/wp-json\/wp\/v2\/types\/page"}],"author":[{"embeddable":true,"href":"https:\/\/www.sarlbml.fr\/sarlbml\/wp-json\/wp\/v2\/users\/1"}],"replies":[{"embeddable":true,"href":"https:\/\/www.sarlbml.fr\/sarlbml\/wp-json\/wp\/v2\/comments?post=567"}],"version-history":[{"count":3,"href":"https:\/\/www.sarlbml.fr\/sarlbml\/wp-json\/wp\/v2\/pages\/567\/revisions"}],"predecessor-version":[{"id":1554,"href":"https:\/\/www.sarlbml.fr\/sarlbml\/wp-json\/wp\/v2\/pages\/567\/revisions\/1554"}],"up":[{"embeddable":true,"href":"https:\/\/www.sarlbml.fr\/sarlbml\/wp-json\/wp\/v2\/pages\/469"}],"wp:attachment":[{"href":"https:\/\/www.sarlbml.fr\/sarlbml\/wp-json\/wp\/v2\/media?parent=567"}],"curies":[{"name":"wp","href":"https:\/\/api.w.org\/{rel}","templated":true}]}}