{"id":561,"date":"2015-05-27T18:08:58","date_gmt":"2015-05-27T17:08:58","guid":{"rendered":"http:\/\/sarlbmlfzd.cluster011.ovh.net\/sarlbml\/?page_id=561"},"modified":"2019-02-12T15:45:42","modified_gmt":"2019-02-12T14:45:42","slug":"location-tronconneuse","status":"publish","type":"page","link":"https:\/\/www.sarlbml.fr\/sarlbml\/location-de-materiel\/location-tronconneuse\/","title":{"rendered":"Location tron\u00e7onneuse"},"content":{"rendered":"<p>Bouchaud Motoculture Loisirs met \u00e0 votre disposition une tron\u00e7onneuse ECHO.<\/p>\n<p><img loading=\"lazy\" decoding=\"async\" class=\" size-full wp-image-398 alignleft\" src=\"https:\/\/www.sarlbml.fr\/sarlbml\/wp-content\/uploads\/2015\/05\/cs351wes.jpg\" alt=\"cs351wes\" width=\"165\" height=\"95\" srcset=\"https:\/\/www.sarlbml.fr\/sarlbml\/wp-content\/uploads\/2015\/05\/cs351wes.jpg 165w, https:\/\/www.sarlbml.fr\/sarlbml\/wp-content\/uploads\/2015\/05\/cs351wes-150x86.jpg 150w\" sizes=\"auto, (max-width: 165px) 100vw, 165px\" \/>Caract\u00e9ristiques :<br \/>\n\u2022 une \u00e9lagueuse guide de 25 cm<br \/>\n\u2022 une tron\u00e7onneuse guide de 35 cm<br \/>\n\u2022 une tron\u00e7onneuse guide de 50 cm<\/p>\n<p>La location se fait :<br \/>\n&#8211; \u00e0 la demi-journ\u00e9e<br \/>\n&#8211; \u00e0 la journ\u00e9e ou plus<\/p>\n<p><img loading=\"lazy\" decoding=\"async\" class=\"alignleft wp-image-9 size-thumbnail\" src=\"https:\/\/www.sarlbml.fr\/sarlbml\/wp-content\/uploads\/2015\/05\/Logo_BML_200-150x150.jpg\" alt=\"Logo_BML_200\" width=\"150\" height=\"150\" srcset=\"https:\/\/www.sarlbml.fr\/sarlbml\/wp-content\/uploads\/2015\/05\/Logo_BML_200-150x150.jpg 150w, https:\/\/www.sarlbml.fr\/sarlbml\/wp-content\/uploads\/2015\/05\/Logo_BML_200-100x100.jpg 100w, https:\/\/www.sarlbml.fr\/sarlbml\/wp-content\/uploads\/2015\/05\/Logo_BML_200.jpg 200w\" sizes=\"auto, (max-width: 150px) 100vw, 150px\" \/>Pour faire une demande de location, contactez-nous :<br \/>\n&#8211; Par t\u00e9l\u00e9phone : 02 40 31 21 45<br \/>\n&#8211; Par e-mail : magasinbml@orange.fr<\/p>\n<p><span style=\"font-size: xx-small;\">photos non-contractuelles<\/span><\/p>\n","protected":false},"excerpt":{"rendered":"<p>Bouchaud Motoculture Loisirs met \u00e0 votre disposition une tron\u00e7onneuse ECHO. Caract\u00e9ristiques : \u2022 une \u00e9lagueuse guide de 25 cm \u2022 une tron\u00e7onneuse guide de 35 cm \u2022 une tron\u00e7onneuse guide de 50 cm La location se fait : &#8211; \u00e0 la demi-journ\u00e9e &#8211; \u00e0 la journ\u00e9e ou plus Pour faire\u2026<\/p>\n<p> <a class=\"continue-reading-link\" href=\"https:\/\/www.sarlbml.fr\/sarlbml\/location-de-materiel\/location-tronconneuse\/\"><span>Lire la suite<\/span><i class=\"crycon-right-dir\"><\/i><\/a> <\/p>\n","protected":false},"author":1,"featured_media":0,"parent":469,"menu_order":0,"comment_status":"closed","ping_status":"open","template":"","meta":{"footnotes":""},"class_list":["post-561","page","type-page","status-publish","hentry"],"_links":{"self":[{"href":"https:\/\/www.sarlbml.fr\/sarlbml\/wp-json\/wp\/v2\/pages\/561","targetHints":{"allow":["GET"]}}],"collection":[{"href":"https:\/\/www.sarlbml.fr\/sarlbml\/wp-json\/wp\/v2\/pages"}],"about":[{"href":"https:\/\/www.sarlbml.fr\/sarlbml\/wp-json\/wp\/v2\/types\/page"}],"author":[{"embeddable":true,"href":"https:\/\/www.sarlbml.fr\/sarlbml\/wp-json\/wp\/v2\/users\/1"}],"replies":[{"embeddable":true,"href":"https:\/\/www.sarlbml.fr\/sarlbml\/wp-json\/wp\/v2\/comments?post=561"}],"version-history":[{"count":5,"href":"https:\/\/www.sarlbml.fr\/sarlbml\/wp-json\/wp\/v2\/pages\/561\/revisions"}],"predecessor-version":[{"id":1556,"href":"https:\/\/www.sarlbml.fr\/sarlbml\/wp-json\/wp\/v2\/pages\/561\/revisions\/1556"}],"up":[{"embeddable":true,"href":"https:\/\/www.sarlbml.fr\/sarlbml\/wp-json\/wp\/v2\/pages\/469"}],"wp:attachment":[{"href":"https:\/\/www.sarlbml.fr\/sarlbml\/wp-json\/wp\/v2\/media?parent=561"}],"curies":[{"name":"wp","href":"https:\/\/api.w.org\/{rel}","templated":true}]}}