{"id":532,"date":"2015-05-27T17:27:49","date_gmt":"2015-05-27T16:27:49","guid":{"rendered":"http:\/\/sarlbmlfzd.cluster011.ovh.net\/sarlbml\/?page_id=532"},"modified":"2019-03-27T14:09:52","modified_gmt":"2019-03-27T13:09:52","slug":"catalogue-echo","status":"publish","type":"page","link":"https:\/\/www.sarlbml.fr\/sarlbml\/catalogue\/catalogue-echo\/","title":{"rendered":"Catalogue Echo"},"content":{"rendered":"<p><img loading=\"lazy\" decoding=\"async\" class=\"alignnone wp-image-10\" src=\"https:\/\/www.sarlbml.fr\/sarlbml\/wp-content\/uploads\/2015\/05\/logo_echo.gif\" alt=\"logo_echo\" width=\"120\" height=\"26\" \/><\/p>\n<p><img loading=\"lazy\" decoding=\"async\" class=\"aligncenter size-full wp-image-1216\" src=\"https:\/\/www.sarlbml.fr\/sarlbml\/wp-content\/uploads\/2015\/05\/ECHO_garantie_5_ANS-RED5.jpg\" alt=\"ECHO_garantie_5_ANS-RED5\" width=\"857\" height=\"245\" srcset=\"https:\/\/www.sarlbml.fr\/sarlbml\/wp-content\/uploads\/2015\/05\/ECHO_garantie_5_ANS-RED5.jpg 857w, https:\/\/www.sarlbml.fr\/sarlbml\/wp-content\/uploads\/2015\/05\/ECHO_garantie_5_ANS-RED5-600x172.jpg 600w, https:\/\/www.sarlbml.fr\/sarlbml\/wp-content\/uploads\/2015\/05\/ECHO_garantie_5_ANS-RED5-300x86.jpg 300w, https:\/\/www.sarlbml.fr\/sarlbml\/wp-content\/uploads\/2015\/05\/ECHO_garantie_5_ANS-RED5-768x220.jpg 768w, https:\/\/www.sarlbml.fr\/sarlbml\/wp-content\/uploads\/2015\/05\/ECHO_garantie_5_ANS-RED5-250x71.jpg 250w, https:\/\/www.sarlbml.fr\/sarlbml\/wp-content\/uploads\/2015\/05\/ECHO_garantie_5_ANS-RED5-150x43.jpg 150w\" sizes=\"auto, (max-width: 857px) 100vw, 857px\" \/><\/p>\n<div id=\"tablepress-4-scroll-wrapper\" class=\"tablepress-scroll-wrapper\">\n\n<table id=\"tablepress-4\" class=\"tablepress tablepress-id-4 tablepress-responsive\">\n<tbody>\n<tr class=\"row-1\">\n\t<td class=\"column-1\"><div class=\"wp-block-image\"><figure class=\"aligncenter\"><a href=\"https:\/\/www.sarlbml.fr\/sarlbml\/?p=389\"><img loading=\"lazy\" decoding=\"async\" class=\"aligncenter size-full wp-image-162\" src=\"https:\/\/www.sarlbml.fr\/sarlbml\/wp-content\/uploads\/2015\/05\/cs2600es.jpg\" alt=\"\" width=\"200\" height=\"119\" srcset=\"https:\/\/www.sarlbml.fr\/sarlbml\/wp-content\/uploads\/2015\/05\/cs2600es.jpg 400w, https:\/\/www.sarlbml.fr\/sarlbml\/wp-content\/uploads\/2015\/05\/cs2600es-300x179.jpg 300w, https:\/\/www.sarlbml.fr\/sarlbml\/wp-content\/uploads\/2015\/05\/cs2600es-250x150.jpg 250w, https:\/\/www.sarlbml.fr\/sarlbml\/wp-content\/uploads\/2015\/05\/cs2600es-150x90.jpg 150w\" sizes=\"auto, (max-width: 200px) 100vw, 200px\" \/><\/a><\/figure><\/div><p style=\"text-align: center;\"><a href=\"https:\/\/www.sarlbml.fr\/sarlbml\/?p=389\">Elageuses<\/a><\/p><\/td><td class=\"column-2\"><div class=\"wp-block-image\"><figure class=\"aligncenter\"><a href=\"https:\/\/www.sarlbml.fr\/sarlbml\/?p=396\"><img loading=\"lazy\" decoding=\"async\" class=\"aligncenter size-full wp-image-163\" src=\"https:\/\/www.sarlbml.fr\/sarlbml\/wp-content\/uploads\/2015\/05\/cs5100.jpg\" alt=\"\" width=\"200\" height=\"115\" srcset=\"https:\/\/www.sarlbml.fr\/sarlbml\/wp-content\/uploads\/2015\/05\/cs5100.jpg 400w, https:\/\/www.sarlbml.fr\/sarlbml\/wp-content\/uploads\/2015\/05\/cs5100-300x173.jpg 300w, https:\/\/www.sarlbml.fr\/sarlbml\/wp-content\/uploads\/2015\/05\/cs5100-250x144.jpg 250w, https:\/\/www.sarlbml.fr\/sarlbml\/wp-content\/uploads\/2015\/05\/cs5100-150x86.jpg 150w\" sizes=\"auto, (max-width: 200px) 100vw, 200px\" \/><\/a><\/figure><\/div><p style=\"text-align: center;\"><a href=\"https:\/\/www.sarlbml.fr\/sarlbml\/?p=396\">Tron\u00e7onneuses<\/a><\/p><\/td><td class=\"column-3\">&nbsp;<div class=\"wp-block-image\"><figure class=\"aligncenter\"><a href=\"https:\/\/www.sarlbml.fr\/sarlbml\/?p=408\"><img loading=\"lazy\" decoding=\"async\" class=\"aligncenter size-full wp-image-181\" src=\"https:\/\/www.sarlbml.fr\/sarlbml\/wp-content\/uploads\/2015\/05\/ppf2100.jpg\" alt=\"\" width=\"179\" height=\"95\" srcset=\"https:\/\/www.sarlbml.fr\/sarlbml\/wp-content\/uploads\/2015\/05\/ppf2100.jpg 179w, https:\/\/www.sarlbml.fr\/sarlbml\/wp-content\/uploads\/2015\/05\/ppf2100-150x80.jpg 150w\" sizes=\"auto, (max-width: 179px) 100vw, 179px\" \/><\/a><\/figure><\/div><p style=\"text-align: center;\"><a href=\"https:\/\/www.sarlbml.fr\/sarlbml\/?p=408\">Perches \u00e9lagueuses<\/a><\/p><\/td>\n<\/tr>\n<tr class=\"row-2\">\n\t<td class=\"column-1\"><div class=\"wp-block-image\"><figure class=\"aligncenter\"><a href=\"https:\/\/www.sarlbml.fr\/sarlbml\/?p=412\"><img loading=\"lazy\" decoding=\"async\" class=\"aligncenter size-full wp-image-182\" src=\"https:\/\/www.sarlbml.fr\/sarlbml\/wp-content\/uploads\/2015\/05\/srm260u.jpg\" alt=\"\" width=\"125\" height=\"200\" srcset=\"https:\/\/www.sarlbml.fr\/sarlbml\/wp-content\/uploads\/2015\/05\/srm260u.jpg 150w, https:\/\/www.sarlbml.fr\/sarlbml\/wp-content\/uploads\/2015\/05\/srm260u-94x150.jpg 94w\" sizes=\"auto, (max-width: 125px) 100vw, 125px\" \/><\/a><\/figure><\/div><p style=\"text-align: center;\"><a href=\"https:\/\/www.sarlbml.fr\/sarlbml\/?p=412\">D\u00e9broussailleuses port\u00e9es 2 temps<\/a><\/p><\/td><td class=\"column-2\">&nbsp;<br \/>\n&nbsp;<div class=\"wp-block-image\"><figure class=\"aligncenter\"><a href=\"https:\/\/www.sarlbml.fr\/sarlbml\/?p=428\"><img loading=\"lazy\" decoding=\"async\" class=\"aligncenter size-full wp-image-168\" src=\"https:\/\/www.sarlbml.fr\/sarlbml\/wp-content\/uploads\/2015\/05\/hc160.jpg\" alt=\"\" width=\"200\" height=\"106\" srcset=\"https:\/\/www.sarlbml.fr\/sarlbml\/wp-content\/uploads\/2015\/05\/hc160.jpg 250w, https:\/\/www.sarlbml.fr\/sarlbml\/wp-content\/uploads\/2015\/05\/hc160-150x80.jpg 150w\" sizes=\"auto, (max-width: 200px) 100vw, 200px\" \/><\/a><\/figure><\/div><p style=\"text-align: center;\"><a href=\"https:\/\/www.sarlbml.fr\/sarlbml\/?p=428\">Taille-haies 2 temps<\/a><\/p><\/td><td class=\"column-3\">&nbsp;<br \/>\n&nbsp;<div class=\"wp-block-image\"><figure class=\"aligncenter\"><a href=\"https:\/\/www.sarlbml.fr\/sarlbml\/?p=442\"><img loading=\"lazy\" decoding=\"async\" class=\"aligncenter size-full wp-image-180\" src=\"https:\/\/www.sarlbml.fr\/sarlbml\/wp-content\/uploads\/2015\/05\/pb255es.jpg\" alt=\"\" width=\"161\" height=\"95\" srcset=\"https:\/\/www.sarlbml.fr\/sarlbml\/wp-content\/uploads\/2015\/05\/pb255es.jpg 161w, https:\/\/www.sarlbml.fr\/sarlbml\/wp-content\/uploads\/2015\/05\/pb255es-150x89.jpg 150w\" sizes=\"auto, (max-width: 161px) 100vw, 161px\" \/><\/a><\/figure><\/div><p style=\"text-align: center;\"><a href=\"https:\/\/www.sarlbml.fr\/sarlbml\/?p=442\">Souffleurs Balayeurs<\/a><\/p><\/td>\n<\/tr>\n<\/tbody>\n<\/table>\n\n<\/div><!-- #tablepress-4 from cache -->\n<p>Photos non contractuelles. Les descriptions et caract\u00e9ristiques techniques sont fournies \u00e0 titre indicatif et peuvent subir des modifications sans pr\u00e9avis.<\/p>\n","protected":false},"excerpt":{"rendered":"<p>Photos non contractuelles. Les descriptions et caract\u00e9ristiques techniques sont fournies \u00e0 titre indicatif et peuvent subir des modifications sans pr\u00e9avis.<\/p>\n<p> <a class=\"continue-reading-link\" href=\"https:\/\/www.sarlbml.fr\/sarlbml\/catalogue\/catalogue-echo\/\"><span>Lire la suite<\/span><i class=\"crycon-right-dir\"><\/i><\/a> <\/p>\n","protected":false},"author":1,"featured_media":0,"parent":160,"menu_order":0,"comment_status":"closed","ping_status":"open","template":"","meta":{"footnotes":""},"class_list":["post-532","page","type-page","status-publish","hentry"],"_links":{"self":[{"href":"https:\/\/www.sarlbml.fr\/sarlbml\/wp-json\/wp\/v2\/pages\/532","targetHints":{"allow":["GET"]}}],"collection":[{"href":"https:\/\/www.sarlbml.fr\/sarlbml\/wp-json\/wp\/v2\/pages"}],"about":[{"href":"https:\/\/www.sarlbml.fr\/sarlbml\/wp-json\/wp\/v2\/types\/page"}],"author":[{"embeddable":true,"href":"https:\/\/www.sarlbml.fr\/sarlbml\/wp-json\/wp\/v2\/users\/1"}],"replies":[{"embeddable":true,"href":"https:\/\/www.sarlbml.fr\/sarlbml\/wp-json\/wp\/v2\/comments?post=532"}],"version-history":[{"count":7,"href":"https:\/\/www.sarlbml.fr\/sarlbml\/wp-json\/wp\/v2\/pages\/532\/revisions"}],"predecessor-version":[{"id":2283,"href":"https:\/\/www.sarlbml.fr\/sarlbml\/wp-json\/wp\/v2\/pages\/532\/revisions\/2283"}],"up":[{"embeddable":true,"href":"https:\/\/www.sarlbml.fr\/sarlbml\/wp-json\/wp\/v2\/pages\/160"}],"wp:attachment":[{"href":"https:\/\/www.sarlbml.fr\/sarlbml\/wp-json\/wp\/v2\/media?parent=532"}],"curies":[{"name":"wp","href":"https:\/\/api.w.org\/{rel}","templated":true}]}}