{"id":53,"date":"2015-05-26T16:25:54","date_gmt":"2015-05-26T15:25:54","guid":{"rendered":"http:\/\/sarlbmlfzd.cluster011.ovh.net\/sarlbml\/?page_id=53"},"modified":"2019-02-12T16:59:57","modified_gmt":"2019-02-12T15:59:57","slug":"la-tonte-mulching","status":"publish","type":"page","link":"https:\/\/www.sarlbml.fr\/sarlbml\/guides\/comment-choisir-votre-tondeuse-a-gazon-honda\/la-tonte-mulching\/","title":{"rendered":"La tonte Mulching"},"content":{"rendered":"<p><strong>Qu&rsquo;est ce que le Mulching ?<\/strong><br \/>\nL&rsquo;association Tondre et Nourrir c&rsquo;est \u00e0 dire \u00a0\u00bb Le Mulching \u00a0\u00bb nous vient des Etats-Unis et cette technique est principalement utilis\u00e9e pour l&rsquo;entretien des espaces verts et des golfs. <img loading=\"lazy\" decoding=\"async\" class=\" wp-image-48 alignleft\" src=\"https:\/\/www.sarlbml.fr\/sarlbml\/wp-content\/uploads\/2015\/05\/mulching1.jpg\" alt=\"mulching1\" width=\"250\" height=\"110\" srcset=\"https:\/\/www.sarlbml.fr\/sarlbml\/wp-content\/uploads\/2015\/05\/mulching1.jpg 500w, https:\/\/www.sarlbml.fr\/sarlbml\/wp-content\/uploads\/2015\/05\/mulching1-300x132.jpg 300w, https:\/\/www.sarlbml.fr\/sarlbml\/wp-content\/uploads\/2015\/05\/mulching1-250x110.jpg 250w, https:\/\/www.sarlbml.fr\/sarlbml\/wp-content\/uploads\/2015\/05\/mulching1-150x66.jpg 150w\" sizes=\"auto, (max-width: 250px) 100vw, 250px\" \/>Le Mulching est&nbsp;une technique de tonte qui consiste \u00e0 hacher tr\u00e8s finement les brins d&rsquo;herbe coup\u00e9s avant qu&rsquo;ils ne se d\u00e9posent sur le sol. Ces fines particules d&rsquo;herbe sont un engrais d&rsquo;une richesse incomparable.<br \/>\nLa r\u00e9partition de l&rsquo;herbe coup\u00e9e, rigoureusement uniforme et d&rsquo;une grande finesse, \u00e9vite absolument toute&nbsp;mousse et formation de moisissure. L&rsquo;herbe coup\u00e9e devient compost et les nutriments peuvent \u00eatre absorb\u00e9s directement par les racines de l&rsquo;herbe.<br \/>\nLa solution Honda pour le Mulching&#8230;<br \/>\nCette technique de tonte est possible sur tous nos mod\u00e8les de tondeuse (\u00e0 l&rsquo;exclusion des gammes \u00e9lectriques) gr\u00e2ce au kit Mulching Honda qui est compos\u00e9 d&rsquo;un jeu de lames et d&rsquo;un obturateur de canal d&rsquo;\u00e9jection du carter de coupe. (voir ci-dessous)<\/p>\n<p style=\"text-align: center;\">&lt;<img loading=\"lazy\" decoding=\"async\" class=\" wp-image-50 alignnone\" src=\"https:\/\/www.sarlbml.fr\/sarlbml\/wp-content\/uploads\/2015\/05\/mulching3.jpg\" alt=\"mulching3\" width=\"210\" height=\"164\" srcset=\"https:\/\/www.sarlbml.fr\/sarlbml\/wp-content\/uploads\/2015\/05\/mulching3.jpg 200w, https:\/\/www.sarlbml.fr\/sarlbml\/wp-content\/uploads\/2015\/05\/mulching3-192x150.jpg 192w, https:\/\/www.sarlbml.fr\/sarlbml\/wp-content\/uploads\/2015\/05\/mulching3-150x117.jpg 150w\" sizes=\"auto, (max-width: 210px) 100vw, 210px\" \/>&nbsp;<img loading=\"lazy\" decoding=\"async\" class=\" size-full wp-image-49 alignnone\" src=\"https:\/\/www.sarlbml.fr\/sarlbml\/wp-content\/uploads\/2015\/05\/mulching2.jpg\" alt=\"mulching2\" width=\"200\" height=\"165\" srcset=\"https:\/\/www.sarlbml.fr\/sarlbml\/wp-content\/uploads\/2015\/05\/mulching2.jpg 200w, https:\/\/www.sarlbml.fr\/sarlbml\/wp-content\/uploads\/2015\/05\/mulching2-182x150.jpg 182w, https:\/\/www.sarlbml.fr\/sarlbml\/wp-content\/uploads\/2015\/05\/mulching2-150x124.jpg 150w\" sizes=\"auto, (max-width: 200px) 100vw, 200px\" \/><\/p>\n<p><strong>Mulching, Quand et Comment ?<\/strong><br \/>\nL&rsquo;id\u00e9al est une tonte Mulching au moins une fois par semaine voire 2 fois par semaine en pleine saison. Il convient avant tout que la hauteur du gazon n&rsquo;exc\u00e8de pas 8 cm et que vous le raccourcissiez de 3 cm. La tonte Mulching est recommand\u00e9e sur l&rsquo;herbe s\u00e8che. Les experts recommandent une tonte Mulching apr\u00e8s la premi\u00e8re tonte de la saison et juste avant votre d\u00e9part en cong\u00e9s. A ce moment pr\u00e9cis vous r\u00e9glez la hauteur de coupe \u00e0 environ 5 cm, ainsi vous aurez la certitude que l&rsquo;herbe ne s\u00e9chera pas trop vite et que la fine couche de brins d&rsquo;herbe coup\u00e9s, le Mulching, prot\u00e8gera votre gazon. A votre retour de vacances, tondez avec le sac de ramassage.<\/p>\n<p><strong>Exclusivit\u00e9 Honda : le mulching variable<\/strong><br \/>\nVous \u00eates int\u00e9ress\u00e9 par le mulching, mais vous trouvez la technique contraignante ? La nouvelle tondeuse HRX 53 est faite pour vous. Son syst\u00e8me exclusif de mulching variable vous permet , \u00e0 l&rsquo;aide d&rsquo;une simple manette et sans aucun montage ou changement de lame, de pratiquer toute l&rsquo;ann\u00e9e un mulching sur mesure pour votre pelouse : celui qui est adapt\u00e9 \u00e0 sa hauteur et aux conditions m\u00e9t\u00e9o (herbe s\u00e8che ou humide).<\/p>\n<p style=\"text-align: center;\"><img loading=\"lazy\" decoding=\"async\" class=\"alignnone size-full wp-image-46\" src=\"https:\/\/www.sarlbml.fr\/sarlbml\/wp-content\/uploads\/2015\/05\/demoh05p19_1.jpg\" alt=\"demoh05p19_1\" width=\"290\" height=\"200\" srcset=\"https:\/\/www.sarlbml.fr\/sarlbml\/wp-content\/uploads\/2015\/05\/demoh05p19_1.jpg 290w, https:\/\/www.sarlbml.fr\/sarlbml\/wp-content\/uploads\/2015\/05\/demoh05p19_1-218x150.jpg 218w, https:\/\/www.sarlbml.fr\/sarlbml\/wp-content\/uploads\/2015\/05\/demoh05p19_1-150x103.jpg 150w\" sizes=\"auto, (max-width: 290px) 100vw, 290px\" \/>&nbsp;<img loading=\"lazy\" decoding=\"async\" class=\"alignnone size-full wp-image-47\" src=\"https:\/\/www.sarlbml.fr\/sarlbml\/wp-content\/uploads\/2015\/05\/demoh05p19_2.jpg\" alt=\"demoh05p19_2\" width=\"290\" height=\"200\" srcset=\"https:\/\/www.sarlbml.fr\/sarlbml\/wp-content\/uploads\/2015\/05\/demoh05p19_2.jpg 290w, https:\/\/www.sarlbml.fr\/sarlbml\/wp-content\/uploads\/2015\/05\/demoh05p19_2-218x150.jpg 218w, https:\/\/www.sarlbml.fr\/sarlbml\/wp-content\/uploads\/2015\/05\/demoh05p19_2-150x103.jpg 150w\" sizes=\"auto, (max-width: 290px) 100vw, 290px\" \/><\/p>\n<p>&#8211; Toutes les conditions sont r\u00e9unies pour mulcher ? Positionnez le s\u00e9lecteur sur \u00ab\u00a0100% mulching\u00a0\u00bb.<br \/>\n&#8211; Votre herbe est un peu trop haute pour mulcher, mais vous n&rsquo;avez pas envie de passer la moiti\u00e9 de votre temps \u00e0 vider le sac ? Choisissez un r\u00e9glage interm\u00e9diaire qui vous permettra de mulcher partiellement. Ainsi, vous r\u00e9duirez consid\u00e9rablement le volume \u00e0 ramasser, sans aucun bourrage.<br \/>\n&#8211; Vous revenez de vacances et l&rsquo;herbe est tr\u00e8s haute ? Positionnez le s\u00e9lecteur sur \u00ab\u00a0100% ramassage\u00a0\u00bb. Une fois bien raccourcie, votre pelouse sera pr\u00eate pour une tonte mulching la semaine suivante !<\/p>\n","protected":false},"excerpt":{"rendered":"<p>Qu&rsquo;est ce que le Mulching ? L&rsquo;association Tondre et Nourrir c&rsquo;est \u00e0 dire \u00a0\u00bb Le Mulching \u00a0\u00bb nous vient des Etats-Unis et cette technique est principalement utilis\u00e9e pour l&rsquo;entretien des espaces verts et des golfs. Le Mulching est&nbsp;une technique de tonte qui consiste \u00e0 hacher tr\u00e8s finement les brins d&rsquo;herbe\u2026<\/p>\n<p> <a class=\"continue-reading-link\" href=\"https:\/\/www.sarlbml.fr\/sarlbml\/guides\/comment-choisir-votre-tondeuse-a-gazon-honda\/la-tonte-mulching\/\"><span>Lire la suite<\/span><i class=\"crycon-right-dir\"><\/i><\/a> <\/p>\n","protected":false},"author":1,"featured_media":0,"parent":544,"menu_order":3,"comment_status":"closed","ping_status":"open","template":"","meta":{"footnotes":""},"class_list":["post-53","page","type-page","status-publish","hentry"],"_links":{"self":[{"href":"https:\/\/www.sarlbml.fr\/sarlbml\/wp-json\/wp\/v2\/pages\/53","targetHints":{"allow":["GET"]}}],"collection":[{"href":"https:\/\/www.sarlbml.fr\/sarlbml\/wp-json\/wp\/v2\/pages"}],"about":[{"href":"https:\/\/www.sarlbml.fr\/sarlbml\/wp-json\/wp\/v2\/types\/page"}],"author":[{"embeddable":true,"href":"https:\/\/www.sarlbml.fr\/sarlbml\/wp-json\/wp\/v2\/users\/1"}],"replies":[{"embeddable":true,"href":"https:\/\/www.sarlbml.fr\/sarlbml\/wp-json\/wp\/v2\/comments?post=53"}],"version-history":[{"count":4,"href":"https:\/\/www.sarlbml.fr\/sarlbml\/wp-json\/wp\/v2\/pages\/53\/revisions"}],"predecessor-version":[{"id":1617,"href":"https:\/\/www.sarlbml.fr\/sarlbml\/wp-json\/wp\/v2\/pages\/53\/revisions\/1617"}],"up":[{"embeddable":true,"href":"https:\/\/www.sarlbml.fr\/sarlbml\/wp-json\/wp\/v2\/pages\/544"}],"wp:attachment":[{"href":"https:\/\/www.sarlbml.fr\/sarlbml\/wp-json\/wp\/v2\/media?parent=53"}],"curies":[{"name":"wp","href":"https:\/\/api.w.org\/{rel}","templated":true}]}}