{"id":526,"date":"2015-05-27T17:26:35","date_gmt":"2015-05-27T16:26:35","guid":{"rendered":"http:\/\/sarlbmlfzd.cluster011.ovh.net\/sarlbml\/?page_id=526"},"modified":"2019-03-27T14:08:57","modified_gmt":"2019-03-27T13:08:57","slug":"catalogue-honda","status":"publish","type":"page","link":"https:\/\/www.sarlbml.fr\/sarlbml\/catalogue\/catalogue-honda\/","title":{"rendered":"Catalogue Honda"},"content":{"rendered":"<p><img loading=\"lazy\" decoding=\"async\" class=\"alignnone wp-image-11\" src=\"https:\/\/www.sarlbml.fr\/sarlbml\/wp-content\/uploads\/2015\/05\/logo_honda-pe.jpg\" alt=\"logo_honda-pe\" width=\"120\" height=\"26\" srcset=\"https:\/\/www.sarlbml.fr\/sarlbml\/wp-content\/uploads\/2015\/05\/logo_honda-pe.jpg 390w, https:\/\/www.sarlbml.fr\/sarlbml\/wp-content\/uploads\/2015\/05\/logo_honda-pe-300x65.jpg 300w, https:\/\/www.sarlbml.fr\/sarlbml\/wp-content\/uploads\/2015\/05\/logo_honda-pe-250x54.jpg 250w, https:\/\/www.sarlbml.fr\/sarlbml\/wp-content\/uploads\/2015\/05\/logo_honda-pe-150x33.jpg 150w\" sizes=\"auto, (max-width: 120px) 100vw, 120px\" \/><\/p>\n<div id=\"tablepress-1-scroll-wrapper\" class=\"tablepress-scroll-wrapper\">\n\n<table id=\"tablepress-1\" class=\"tablepress tablepress-id-1 tablepress-responsive\">\n<tbody>\n<tr class=\"row-1\">\n\t<td class=\"column-1\"><div class=\"wp-block-image\"><figure class=\"aligncenter\"><a href=\"https:\/\/www.sarlbml.fr\/sarlbml\/?p=203\"><img loading=\"lazy\" decoding=\"async\" class=\"aligncenter size-full wp-image-173\" src=\"https:\/\/www.sarlbml.fr\/sarlbml\/wp-content\/uploads\/2015\/05\/hrd536ctxe.jpg\" alt=\"\" width=\"142\" height=\"150\" srcset=\"https:\/\/www.sarlbml.fr\/sarlbml\/wp-content\/uploads\/2015\/05\/hrd536ctxe.jpg 142w, https:\/\/www.sarlbml.fr\/sarlbml\/wp-content\/uploads\/2015\/05\/hrd536ctxe-141x150.jpg 141w\" sizes=\"auto, (max-width: 142px) 100vw, 142px\" \/><\/a><\/figure><\/div><p style=\"text-align: center;\"><a href=\"https:\/\/www.sarlbml.fr\/sarlbml\/?p=203\">Tondeuses thermiques et \u00e9lectriques<\/a><\/p><\/td><td class=\"column-2\"><div class=\"wp-block-image\"><figure class=\"aligncenter\"><a href=\"https:\/\/www.sarlbml.fr\/sarlbml\/?p=239\"><img loading=\"lazy\" decoding=\"async\" class=\"aligncenter size-full wp-image-170\" src=\"https:\/\/www.sarlbml.fr\/sarlbml\/wp-content\/uploads\/2015\/05\/hf2417.jpg\" alt=\"\" width=\"194\" height=\"150\" srcset=\"https:\/\/www.sarlbml.fr\/sarlbml\/wp-content\/uploads\/2015\/05\/hf2417.jpg 447w, https:\/\/www.sarlbml.fr\/sarlbml\/wp-content\/uploads\/2015\/05\/hf2417-300x232.jpg 300w, https:\/\/www.sarlbml.fr\/sarlbml\/wp-content\/uploads\/2015\/05\/hf2417-194x150.jpg 194w, https:\/\/www.sarlbml.fr\/sarlbml\/wp-content\/uploads\/2015\/05\/hf2417-150x116.jpg 150w, https:\/\/www.sarlbml.fr\/sarlbml\/wp-content\/uploads\/2015\/05\/hf2417-400x311.jpg 400w\" sizes=\"auto, (max-width: 194px) 100vw, 194px\" \/><\/a><\/figure><\/div><p style=\"text-align: center;\"><a href=\"https:\/\/www.sarlbml.fr\/sarlbml\/?p=239\">Tondeuses autoport\u00e9es<\/a><\/p><\/td><td class=\"column-3\"><div class=\"wp-block-image\"><figure class=\"aligncenter\"><a href=\"https:\/\/www.sarlbml.fr\/sarlbml\/?p=246\"><img loading=\"lazy\" decoding=\"async\" class=\"aligncenter size-thumbnail wp-image-184\" src=\"https:\/\/www.sarlbml.fr\/sarlbml\/wp-content\/uploads\/2015\/05\/um536ebe.png\" alt=\"\" width=\"150\" height=\"150\" \/><\/a><\/figure><\/div><p style=\"text-align: center;\"><a href=\"https:\/\/www.sarlbml.fr\/sarlbml\/?p=246\">D\u00e9brousailleuses \u00e0 roues<\/a><\/p><\/td>\n<\/tr>\n<tr class=\"row-2\">\n\t<td class=\"column-1\">&nbsp;<div class=\"wp-block-image\"><figure class=\"aligncenter\"><a href=\"https:\/\/www.sarlbml.fr\/sarlbml\/?p=262\"><img loading=\"lazy\" decoding=\"async\" class=\"aligncenter size-thumbnail wp-image-165\" src=\"https:\/\/www.sarlbml.fr\/sarlbml\/wp-content\/uploads\/2015\/05\/f560_2015.png\" alt=\"\" width=\"150\" height=\"150\" \/><\/a><\/figure><\/div><p style=\"text-align: center;\"><a href=\"https:\/\/www.sarlbml.fr\/sarlbml\/?p=262\">Motoculteurs et Motobineuses<\/a><\/p><\/td><td class=\"column-2\">&nbsp;<div class=\"wp-block-image\"><figure class=\"aligncenter\"><a href=\"https:\/\/www.sarlbml.fr\/sarlbml\/?p=279\"><img loading=\"lazy\" decoding=\"async\" class=\"aligncenter size-full wp-image-172\" src=\"https:\/\/www.sarlbml.fr\/sarlbml\/wp-content\/uploads\/2015\/05\/hhh25d60.jpg\" alt=\"\" width=\"130\" height=\"150\" srcset=\"https:\/\/www.sarlbml.fr\/sarlbml\/wp-content\/uploads\/2015\/05\/hhh25d60.jpg 531w, https:\/\/www.sarlbml.fr\/sarlbml\/wp-content\/uploads\/2015\/05\/hhh25d60-260x300.jpg 260w, https:\/\/www.sarlbml.fr\/sarlbml\/wp-content\/uploads\/2015\/05\/hhh25d60-130x150.jpg 130w\" sizes=\"auto, (max-width: 130px) 100vw, 130px\" \/><\/a><\/figure><\/div><p style=\"text-align: center;\"><a href=\"https:\/\/www.sarlbml.fr\/sarlbml\/?p=279\">Taille-haies 4 temps<\/a><\/p><\/td><td class=\"column-3\"><div class=\"wp-block-image\"><figure class=\"aligncenter\"><a href=\"https:\/\/www.sarlbml.fr\/sarlbml\/?p=284\"><img loading=\"lazy\" decoding=\"async\" class=\"aligncenter size-full wp-image-185\" src=\"https:\/\/www.sarlbml.fr\/sarlbml\/wp-content\/uploads\/2015\/05\/umk425eue_2015.png\" alt=\"\" width=\"179\" height=\"150\" \/><\/a><\/figure><\/div><p style=\"text-align: center;\"><a href=\"https:\/\/www.sarlbml.fr\/sarlbml\/?p=284\">D\u00e9brousailleuses port\u00e9es 4 temps<\/a><\/p><\/td>\n<\/tr>\n<tr class=\"row-3\">\n\t<td class=\"column-1\"><div class=\"wp-block-image\"><figure class=\"aligncenter\"><a href=\"https:\/\/www.sarlbml.fr\/sarlbml\/?p=292\"><img loading=\"lazy\" decoding=\"async\" class=\"aligncenter size-full wp-image-164\" src=\"https:\/\/www.sarlbml.fr\/sarlbml\/wp-content\/uploads\/2015\/05\/eu10i.png\" alt=\"\" width=\"155\" height=\"150\" \/><\/a><\/figure><\/div><p style=\"text-align: center;\"><a href=\"https:\/\/www.sarlbml.fr\/sarlbml\/?p=292\">Groupes \u00e9lectrog\u00e8nes<\/a><\/p><\/td><td class=\"column-2\"><div class=\"wp-block-image\"><figure class=\"aligncenter\"><a href=\"https:\/\/www.sarlbml.fr\/sarlbml\/?p=301\"><img loading=\"lazy\" decoding=\"async\" class=\"aligncenter size-full wp-image-187\" src=\"https:\/\/www.sarlbml.fr\/sarlbml\/wp-content\/uploads\/2015\/05\/wt30x.jpg\" alt=\"\" width=\"165\" height=\"150\" srcset=\"https:\/\/www.sarlbml.fr\/sarlbml\/wp-content\/uploads\/2015\/05\/wt30x.jpg 349w, https:\/\/www.sarlbml.fr\/sarlbml\/wp-content\/uploads\/2015\/05\/wt30x-300x272.jpg 300w, https:\/\/www.sarlbml.fr\/sarlbml\/wp-content\/uploads\/2015\/05\/wt30x-165x150.jpg 165w, https:\/\/www.sarlbml.fr\/sarlbml\/wp-content\/uploads\/2015\/05\/wt30x-150x136.jpg 150w\" sizes=\"auto, (max-width: 165px) 100vw, 165px\" \/><\/a><\/figure><\/div><p style=\"text-align: center;\"><a href=\"https:\/\/www.sarlbml.fr\/sarlbml\/?p=301\">Pompes \u00e0 eaux<\/a><\/p><\/td><td class=\"column-3\"><div class=\"wp-block-image\"><figure class=\"aligncenter\"><a href=\"https:\/\/www.sarlbml.fr\/sarlbml\/?p=309\"><img loading=\"lazy\" decoding=\"async\" class=\"aligncenter size-full wp-image-186\" src=\"https:\/\/www.sarlbml.fr\/sarlbml\/wp-content\/uploads\/2015\/05\/wjr2525.jpg\" alt=\"\" width=\"86\" height=\"150\" srcset=\"https:\/\/www.sarlbml.fr\/sarlbml\/wp-content\/uploads\/2015\/05\/wjr2525.jpg 237w, https:\/\/www.sarlbml.fr\/sarlbml\/wp-content\/uploads\/2015\/05\/wjr2525-173x300.jpg 173w\" sizes=\"auto, (max-width: 86px) 100vw, 86px\" \/><\/a><\/figure><\/div><p style=\"text-align: center;\"><a href=\"https:\/\/www.sarlbml.fr\/sarlbml\/?p=309\">Pulv\u00e9risateurs 4 temps<\/a><\/p><\/td>\n<\/tr>\n<tr class=\"row-4\">\n\t<td class=\"column-1\"><div class=\"wp-block-image\"><figure class=\"aligncenter\"><a href=\"https:\/\/www.sarlbml.fr\/sarlbml\/?p=1019\"><img loading=\"lazy\" decoding=\"async\" class=\"aligncenter size-full wp-image-1020\" src=\"https:\/\/www.sarlbml.fr\/sarlbml\/wp-content\/uploads\/2015\/06\/miimo520.png\" alt=\"\" width=\"150\" height=\"150\" srcset=\"https:\/\/www.sarlbml.fr\/sarlbml\/wp-content\/uploads\/2015\/06\/miimo520.png 200w, https:\/\/www.sarlbml.fr\/sarlbml\/wp-content\/uploads\/2015\/06\/miimo520-100x100.png 100w, https:\/\/www.sarlbml.fr\/sarlbml\/wp-content\/uploads\/2015\/06\/miimo520-150x150.png 150w\" sizes=\"auto, (max-width: 150px) 100vw, 150px\" \/><\/a><\/figure><\/div><p style=\"text-align: center;\"><a href=\"https:\/\/www.sarlbml.fr\/sarlbml\/?p=1019\">Tondeuses robots<\/a><\/p><\/td><td class=\"column-2\"><div class=\"wp-block-image\"><figure class=\"aligncenter\"><a href=\"https:\/\/www.sarlbml.fr\/sarlbml\/?p=316\"><img loading=\"lazy\" decoding=\"async\" class=\"aligncenter size-full wp-image-171\" src=\"https:\/\/www.sarlbml.fr\/sarlbml\/wp-content\/uploads\/2015\/05\/hhb25.jpg\" alt=\"\" width=\"150\" height=\"170\" srcset=\"https:\/\/www.sarlbml.fr\/sarlbml\/wp-content\/uploads\/2015\/05\/hhb25.jpg 447w, https:\/\/www.sarlbml.fr\/sarlbml\/wp-content\/uploads\/2015\/05\/hhb25-264x300.jpg 264w, https:\/\/www.sarlbml.fr\/sarlbml\/wp-content\/uploads\/2015\/05\/hhb25-132x150.jpg 132w\" sizes=\"auto, (max-width: 150px) 100vw, 150px\" \/><\/a><\/figure><\/div><p style=\"text-align: center;\"><a href=\"https:\/\/www.sarlbml.fr\/sarlbml\/?p=316\">Souffleurs 4 temps<\/a><\/p><\/td><td class=\"column-3\"><\/td>\n<\/tr>\n<\/tbody>\n<\/table>\n\n<\/div><!-- #tablepress-1 from cache -->\n<p>Photos non contractuelles. Les descriptions et caract\u00e9ristiques techniques sont fournies \u00e0 titre indicatif et peuvent subir des modifications sans pr\u00e9avis.<\/p>\n","protected":false},"excerpt":{"rendered":"<p>Photos non contractuelles. Les descriptions et caract\u00e9ristiques techniques sont fournies \u00e0 titre indicatif et peuvent subir des modifications sans pr\u00e9avis.<\/p>\n<p> <a class=\"continue-reading-link\" href=\"https:\/\/www.sarlbml.fr\/sarlbml\/catalogue\/catalogue-honda\/\"><span>Lire la suite<\/span><i class=\"crycon-right-dir\"><\/i><\/a> <\/p>\n","protected":false},"author":1,"featured_media":0,"parent":160,"menu_order":0,"comment_status":"closed","ping_status":"open","template":"","meta":{"footnotes":""},"class_list":["post-526","page","type-page","status-publish","hentry"],"_links":{"self":[{"href":"https:\/\/www.sarlbml.fr\/sarlbml\/wp-json\/wp\/v2\/pages\/526","targetHints":{"allow":["GET"]}}],"collection":[{"href":"https:\/\/www.sarlbml.fr\/sarlbml\/wp-json\/wp\/v2\/pages"}],"about":[{"href":"https:\/\/www.sarlbml.fr\/sarlbml\/wp-json\/wp\/v2\/types\/page"}],"author":[{"embeddable":true,"href":"https:\/\/www.sarlbml.fr\/sarlbml\/wp-json\/wp\/v2\/users\/1"}],"replies":[{"embeddable":true,"href":"https:\/\/www.sarlbml.fr\/sarlbml\/wp-json\/wp\/v2\/comments?post=526"}],"version-history":[{"count":4,"href":"https:\/\/www.sarlbml.fr\/sarlbml\/wp-json\/wp\/v2\/pages\/526\/revisions"}],"predecessor-version":[{"id":2282,"href":"https:\/\/www.sarlbml.fr\/sarlbml\/wp-json\/wp\/v2\/pages\/526\/revisions\/2282"}],"up":[{"embeddable":true,"href":"https:\/\/www.sarlbml.fr\/sarlbml\/wp-json\/wp\/v2\/pages\/160"}],"wp:attachment":[{"href":"https:\/\/www.sarlbml.fr\/sarlbml\/wp-json\/wp\/v2\/media?parent=526"}],"curies":[{"name":"wp","href":"https:\/\/api.w.org\/{rel}","templated":true}]}}