{"id":521,"date":"2015-05-27T17:05:30","date_gmt":"2015-05-27T16:05:30","guid":{"rendered":"http:\/\/sarlbmlfzd.cluster011.ovh.net\/sarlbml\/?page_id=521"},"modified":"2019-02-12T15:43:34","modified_gmt":"2019-02-12T14:43:34","slug":"location-de-mini-pelle","status":"publish","type":"page","link":"https:\/\/www.sarlbml.fr\/sarlbml\/location-de-materiel\/location-de-mini-pelle\/","title":{"rendered":"Location de mini-pelles"},"content":{"rendered":"<p>Bouchaud Motoculture Loisirs met \u00e0 votre disposition deux mini-pelles 1.7T et 2.7T pour particuliers et professionnels.<\/p>\n<p><img loading=\"lazy\" decoding=\"async\" class=\"alignleft wp-image-1195\" src=\"https:\/\/www.sarlbml.fr\/sarlbml\/wp-content\/uploads\/2016\/04\/mini-pelle-kubota-u17-3-alpha.jpg\" alt=\"mini-pelle-kubota-u17-3-alpha\" width=\"427\" height=\"471\" srcset=\"https:\/\/www.sarlbml.fr\/sarlbml\/wp-content\/uploads\/2016\/04\/mini-pelle-kubota-u17-3-alpha.jpg 480w, https:\/\/www.sarlbml.fr\/sarlbml\/wp-content\/uploads\/2016\/04\/mini-pelle-kubota-u17-3-alpha-272x300.jpg 272w, https:\/\/www.sarlbml.fr\/sarlbml\/wp-content\/uploads\/2016\/04\/mini-pelle-kubota-u17-3-alpha-136x150.jpg 136w\" sizes=\"auto, (max-width: 427px) 100vw, 427px\" \/><\/p>\n<p>Caract\u00e9ristiques :<br \/>\n\u2022Mini-pelle KUBOTA<br \/>\n\u20221,7 tonnes<br \/>\n\u2022\u00c9quip\u00e9e 3 godets<br \/>\n\u2022Largeur de passage 1 m\u00e8tre<\/p>\n<p>Remorque fournie ou possibilit\u00e9 de livraison*.<\/p>\n<p>La location se fait :<br \/>\n&#8211; \u00e0 la demi-journ\u00e9e<br \/>\n&#8211;&nbsp;\u00e0 la journ\u00e9e<br \/>\n&#8211; au week end<br \/>\n&#8211; \u00e0 la semaine ou plus<\/p>\n<p>&nbsp;<\/p>\n<p>&nbsp;<\/p>\n<p>&nbsp;<\/p>\n<hr>\n<p><img loading=\"lazy\" decoding=\"async\" class=\"alignleft size-full wp-image-1461\" src=\"https:\/\/www.sarlbml.fr\/sarlbml\/wp-content\/uploads\/2017\/01\/mini-pelle-ihimer-27v4-canopy.jpg\" alt=\"\" width=\"427\" height=\"433\" srcset=\"https:\/\/www.sarlbml.fr\/sarlbml\/wp-content\/uploads\/2017\/01\/mini-pelle-ihimer-27v4-canopy.jpg 427w, https:\/\/www.sarlbml.fr\/sarlbml\/wp-content\/uploads\/2017\/01\/mini-pelle-ihimer-27v4-canopy-100x100.jpg 100w, https:\/\/www.sarlbml.fr\/sarlbml\/wp-content\/uploads\/2017\/01\/mini-pelle-ihimer-27v4-canopy-296x300.jpg 296w, https:\/\/www.sarlbml.fr\/sarlbml\/wp-content\/uploads\/2017\/01\/mini-pelle-ihimer-27v4-canopy-148x150.jpg 148w\" sizes=\"auto, (max-width: 427px) 100vw, 427px\" \/>Caract\u00e9ristiques :<br \/>\n\u2022Mini-pelle IMER<br \/>\n\u20222,7 tonnes<br \/>\n\u2022\u00c9quip\u00e9e 3 godets<br \/>\n\u2022Largeur de passage 1.55 m\u00e8tres<\/p>\n<p>Remorque fournie ou possibilit\u00e9 de livraison*.<\/p>\n<p>La location se fait :<br \/>\n&#8211; \u00e0 la demi-journ\u00e9e<br \/>\n&#8211;&nbsp;\u00e0 la journ\u00e9e<br \/>\n&#8211; au week end<br \/>\n&#8211; \u00e0 la semaine ou plus<\/p>\n<p>&nbsp;<\/p>\n<p>&nbsp;<\/p>\n<p>&nbsp;<\/p>\n<p style=\"text-align: center;\"><strong>Pour faire une demande de location, contactez-nous :<\/strong><br \/>\n<strong> &#8211; Par t\u00e9l\u00e9phone : 02 40 31 21 45<\/strong><br \/>\n<strong> &#8211; Par e-mail : magasinbml@orange.fr<\/strong><\/p>\n<p>&nbsp;<\/p>\n<h6>*Modalit\u00e9s en magasin<br \/>\nphotos non-contractuelles<\/h6>\n","protected":false},"excerpt":{"rendered":"<p>Bouchaud Motoculture Loisirs met \u00e0 votre disposition deux mini-pelles 1.7T et 2.7T pour particuliers et professionnels. Caract\u00e9ristiques : \u2022Mini-pelle KUBOTA \u20221,7 tonnes \u2022\u00c9quip\u00e9e 3 godets \u2022Largeur de passage 1 m\u00e8tre Remorque fournie ou possibilit\u00e9 de livraison*. La location se fait : &#8211; \u00e0 la demi-journ\u00e9e &#8211;&nbsp;\u00e0 la journ\u00e9e &#8211; au\u2026<\/p>\n<p> <a class=\"continue-reading-link\" href=\"https:\/\/www.sarlbml.fr\/sarlbml\/location-de-materiel\/location-de-mini-pelle\/\"><span>Lire la suite<\/span><i class=\"crycon-right-dir\"><\/i><\/a> <\/p>\n","protected":false},"author":1,"featured_media":0,"parent":469,"menu_order":0,"comment_status":"closed","ping_status":"open","template":"","meta":{"footnotes":""},"class_list":["post-521","page","type-page","status-publish","hentry"],"_links":{"self":[{"href":"https:\/\/www.sarlbml.fr\/sarlbml\/wp-json\/wp\/v2\/pages\/521","targetHints":{"allow":["GET"]}}],"collection":[{"href":"https:\/\/www.sarlbml.fr\/sarlbml\/wp-json\/wp\/v2\/pages"}],"about":[{"href":"https:\/\/www.sarlbml.fr\/sarlbml\/wp-json\/wp\/v2\/types\/page"}],"author":[{"embeddable":true,"href":"https:\/\/www.sarlbml.fr\/sarlbml\/wp-json\/wp\/v2\/users\/1"}],"replies":[{"embeddable":true,"href":"https:\/\/www.sarlbml.fr\/sarlbml\/wp-json\/wp\/v2\/comments?post=521"}],"version-history":[{"count":10,"href":"https:\/\/www.sarlbml.fr\/sarlbml\/wp-json\/wp\/v2\/pages\/521\/revisions"}],"predecessor-version":[{"id":1553,"href":"https:\/\/www.sarlbml.fr\/sarlbml\/wp-json\/wp\/v2\/pages\/521\/revisions\/1553"}],"up":[{"embeddable":true,"href":"https:\/\/www.sarlbml.fr\/sarlbml\/wp-json\/wp\/v2\/pages\/469"}],"wp:attachment":[{"href":"https:\/\/www.sarlbml.fr\/sarlbml\/wp-json\/wp\/v2\/media?parent=521"}],"curies":[{"name":"wp","href":"https:\/\/api.w.org\/{rel}","templated":true}]}}