{"id":43,"date":"2015-05-26T16:21:28","date_gmt":"2015-05-26T15:21:28","guid":{"rendered":"http:\/\/sarlbmlfzd.cluster011.ovh.net\/sarlbml\/?page_id=43"},"modified":"2015-05-27T17:49:38","modified_gmt":"2015-05-27T16:49:38","slug":"a-chaque-jardin-sa-juste-technique","status":"publish","type":"page","link":"https:\/\/www.sarlbml.fr\/sarlbml\/guides\/comment-choisir-votre-tondeuse-a-gazon-honda\/a-chaque-jardin-sa-juste-technique\/","title":{"rendered":"A chaque jardin, sa juste technique"},"content":{"rendered":"<p><strong>Vous avez une petite pelouse \u00e0 tondre ?<\/strong><br \/>\nAlors, nous vous recommandons une tondeuse \u00e9lectrique \u00e0 choisir parmi les mod\u00e8les de notre gamme. Silencieuse, n&rsquo;exigeant que tr\u00e8s peu d&rsquo;entretien, d&rsquo;une largeur de 33 \u00e0 42 cm et jusqu&rsquo;\u00e0 1600 W de puissance.<\/p>\n<p><strong>Votre pelouse est vaste et la surface du terrain in\u00e9gale ?<\/strong><br \/>\nLes tondeuses thermiques Honda sont id\u00e9ales. Anim\u00e9es par de puissants mais n\u00e9anmoins silencieux moteurs Honda 4-temps, qui d\u00e9marrent facilement \u00e0 chaud comme \u00e0 froid, leur ch\u00e2ssis est particuli\u00e8rement robuste et chaque tondeuse Honda dispose d&rsquo;un syst\u00e8me de coupe tr\u00e8s pr\u00e9cis.<br \/>\nLes formes a\u00e9rodynamiques du carter de la tondeuse garantissent un ramassage optimal de l&rsquo;herbe coup\u00e9e dans le sac. Avec leur largeur de coupe de 42 \u00e0 53 cm, ces tondeuses sont tout simplement parfaites pour toutes les surfaces de tonte. Pour les professionnels, elles sont \u00e9galement disponibles avec un ch\u00e2ssis en aluminium renforc\u00e9.<\/p>\n<p><strong>Vous ne voulez plus ramasser et vider le sac de ramassage ?<\/strong><br \/>\nC&rsquo;est pour r\u00e9pondre \u00e0 votre souhait que Honda a d\u00e9velopp\u00e9 une tondeuse \u00e0 \u00e9jection lat\u00e9rale, la HRS536CSDEA, cette tondeuse d&rsquo;une largeur de coupe de 53 cm, peut, si vous le souhaitez, en fermant le clapet d&rsquo;\u00e9jection lat\u00e9rale, se tranformer en tondeuse Mulching.<\/p>\n","protected":false},"excerpt":{"rendered":"<p>Vous avez une petite pelouse \u00e0 tondre ? Alors, nous vous recommandons une tondeuse \u00e9lectrique \u00e0 choisir parmi les mod\u00e8les de notre gamme. Silencieuse, n&rsquo;exigeant que tr\u00e8s peu d&rsquo;entretien, d&rsquo;une largeur de 33 \u00e0 42 cm et jusqu&rsquo;\u00e0 1600 W de puissance. Votre pelouse est vaste et la surface du\u2026<\/p>\n<p> <a class=\"continue-reading-link\" href=\"https:\/\/www.sarlbml.fr\/sarlbml\/guides\/comment-choisir-votre-tondeuse-a-gazon-honda\/a-chaque-jardin-sa-juste-technique\/\"><span>Lire la suite<\/span><i class=\"crycon-right-dir\"><\/i><\/a> <\/p>\n","protected":false},"author":1,"featured_media":0,"parent":544,"menu_order":2,"comment_status":"closed","ping_status":"open","template":"","meta":{"footnotes":""},"class_list":["post-43","page","type-page","status-publish","hentry"],"_links":{"self":[{"href":"https:\/\/www.sarlbml.fr\/sarlbml\/wp-json\/wp\/v2\/pages\/43","targetHints":{"allow":["GET"]}}],"collection":[{"href":"https:\/\/www.sarlbml.fr\/sarlbml\/wp-json\/wp\/v2\/pages"}],"about":[{"href":"https:\/\/www.sarlbml.fr\/sarlbml\/wp-json\/wp\/v2\/types\/page"}],"author":[{"embeddable":true,"href":"https:\/\/www.sarlbml.fr\/sarlbml\/wp-json\/wp\/v2\/users\/1"}],"replies":[{"embeddable":true,"href":"https:\/\/www.sarlbml.fr\/sarlbml\/wp-json\/wp\/v2\/comments?post=43"}],"version-history":[{"count":2,"href":"https:\/\/www.sarlbml.fr\/sarlbml\/wp-json\/wp\/v2\/pages\/43\/revisions"}],"predecessor-version":[{"id":45,"href":"https:\/\/www.sarlbml.fr\/sarlbml\/wp-json\/wp\/v2\/pages\/43\/revisions\/45"}],"up":[{"embeddable":true,"href":"https:\/\/www.sarlbml.fr\/sarlbml\/wp-json\/wp\/v2\/pages\/544"}],"wp:attachment":[{"href":"https:\/\/www.sarlbml.fr\/sarlbml\/wp-json\/wp\/v2\/media?parent=43"}],"curies":[{"name":"wp","href":"https:\/\/api.w.org\/{rel}","templated":true}]}}